{"id":4340,"date":"2025-03-19T18:51:06","date_gmt":"2025-03-19T17:51:06","guid":{"rendered":"https:\/\/vilo-cooler.com\/politika-zasebnosti\/"},"modified":"2025-03-19T18:56:13","modified_gmt":"2025-03-19T17:56:13","slug":"politika-zasebnosti","status":"publish","type":"page","link":"https:\/\/www.veolyss.com\/sl\/politika-zasebnosti\/","title":{"rendered":"Politika zasebnosti"},"content":{"rendered":"\n<h2 class=\"wp-block-heading\">Zbrani podatki<\/h2>\n\n<p>Zbiramo naslednje podatke:<\/p>\n\n<ul class=\"wp-block-list\">\n<li>Priimek \/ ime<\/li>\n\n\n\n<li>E-po\u0161tni naslov<\/li>\n\n\n\n<li>Telefon<\/li>\n\n\n\n<li>Naslov<\/li>\n\n\n\n<li>Podro\u010dje dejavnosti<\/li>\n\n\n\n<li>Naslov IP<\/li>\n\n\n\n<li>Pi\u0161kotki in podatki o brskanju<\/li>\n<\/ul>\n\n<h2 class=\"wp-block-heading\">Namen zbiranja<\/h2>\n\n<p>Va\u0161i podatki se uporabljajo za :<\/p>\n\n<ul class=\"wp-block-list\">\n<li>Upravljanje zahtevkov prek kontaktnega obrazca<\/li>\n\n\n\n<li>Izbolj\u0161ajte uporabni\u0161ko izku\u0161njo in analizirajte promet<\/li>\n\n\n\n<li>po\u0161iljanje novic (z va\u0161o privolitvijo).<\/li>\n<\/ul>\n\n<h2 class=\"wp-block-heading\">Souporaba podatkov<\/h2>\n\n<p>Va\u0161i podatki ne bodo prodani. Lahko se delijo s ponudniki tehni\u010dnih storitev za pravilno delovanje spletnega mesta. <\/p>\n\n<h2 class=\"wp-block-heading\">Va\u0161e pravice<\/h2>\n\n<p>V skladu z direktivo RGPD imate naslednje pravice:<\/p>\n\n<ul class=\"wp-block-list\">\n<li>Dostop, popravek in izbris va\u0161ih podatkov<\/li>\n\n\n\n<li>Nasprotovanje obdelavi va\u0161ih podatkov<\/li>\n\n\n\n<li>Prenosljivost va\u0161ih podatkov<\/li>\n\n\n\n<li>Umik soglasja<\/li>\n<\/ul>\n\n<p>\u010ce \u017eelite uveljavljati svoje pravice, nam pi\u0161ite na contact@vilo-cooler.com.<\/p>\n","protected":false},"excerpt":{"rendered":"<p>Zbrani podatki Zbiramo naslednje podatke: Namen zbiranja Va\u0161i podatki se uporabljajo za : Souporaba podatkov Va\u0161i podatki ne bodo prodani. Lahko se delijo s ponudniki tehni\u010dnih storitev za pravilno delovanje spletnega mesta. Va\u0161e pravice V skladu z direktivo RGPD imate naslednje pravice: \u010ce \u017eelite uveljavljati svoje pravice, nam pi\u0161ite na contact@vilo-cooler.com.<\/p>\n","protected":false},"author":1,"featured_media":0,"parent":0,"menu_order":0,"comment_status":"closed","ping_status":"closed","template":"","meta":{"_seopress_robots_primary_cat":"","_seopress_titles_title":"Politika zasebnosti vilo-cooler.com","_seopress_titles_desc":"celotno besedilo pravilnika o zasebnosti vilo-cooler.com","_seopress_robots_index":"da","footnotes":""},"class_list":["post-4340","page","type-page","status-publish"],"_links":{"self":[{"href":"https:\/\/www.veolyss.com\/sl\/wp-json\/wp\/v2\/pages\/4340","targetHints":{"allow":["GET"]}}],"collection":[{"href":"https:\/\/www.veolyss.com\/sl\/wp-json\/wp\/v2\/pages"}],"about":[{"href":"https:\/\/www.veolyss.com\/sl\/wp-json\/wp\/v2\/types\/page"}],"author":[{"embeddable":true,"href":"https:\/\/www.veolyss.com\/sl\/wp-json\/wp\/v2\/users\/1"}],"replies":[{"embeddable":true,"href":"https:\/\/www.veolyss.com\/sl\/wp-json\/wp\/v2\/comments?post=4340"}],"version-history":[{"count":1,"href":"https:\/\/www.veolyss.com\/sl\/wp-json\/wp\/v2\/pages\/4340\/revisions"}],"predecessor-version":[{"id":4343,"href":"https:\/\/www.veolyss.com\/sl\/wp-json\/wp\/v2\/pages\/4340\/revisions\/4343"}],"wp:attachment":[{"href":"https:\/\/www.veolyss.com\/sl\/wp-json\/wp\/v2\/media?parent=4340"}],"curies":[{"name":"wp","href":"https:\/\/api.w.org\/{rel}","templated":true}]}}