{"id":4328,"date":"2025-03-19T18:47:11","date_gmt":"2025-03-19T17:47:11","guid":{"rendered":"https:\/\/vilo-cooler.com\/pravne-informacije\/"},"modified":"2025-03-19T18:56:12","modified_gmt":"2025-03-19T17:56:12","slug":"pravne-informacije","status":"publish","type":"page","link":"https:\/\/www.veolyss.com\/sl\/pravne-informacije\/","title":{"rendered":"Pravne informacije"},"content":{"rendered":"\n<h2 class=\"wp-block-heading\">Urednik spletnega mesta<\/h2>\n\n<ul class=\"wp-block-list\">\n<li>Ime podjetja: OBERA<\/li>\n\n\n\n<li>Naslov: 16 Rue de la Batterie, 67118 GEISPOLSHEIM<\/li>\n\n\n\n<li>E-naslov: contact@obera.fr<\/li>\n\n\n\n<li>Telefon: 03.67.10.66.75<\/li>\n\n\n\n<li>\u0160tevilka SIRET: 832 913 487 00027<\/li>\n<\/ul>\n\n<h2 class=\"wp-block-heading\">Gostitelj spletnega mesta<\/h2>\n\n<ul class=\"wp-block-list\">\n<li>Ime gostitelja: o2switch SAS s kapitalom 100.000 EUR<\/li>\n\n\n\n<li>Naslov: Chemin des Pardiaux, 63000 Clermont-Ferrand<\/li>\n\n\n\n<li>SIRET: 510 909 807 00032 RCS Clermont Ferrand<\/li>\n<\/ul>\n\n<h2 class=\"wp-block-heading\">Intelektualna lastnina<\/h2>\n\n<p>Vsa vsebina (besedilo, slike, logotipi) je za\u0161\u010ditena z zakonom o intelektualni lastnini. Brez predhodnega dovoljenja je razmno\u017eevanje prepovedano. <\/p>\n\n<h2 class=\"wp-block-heading\">Odgovornost<\/h2>\n\n<p>Urednik spletnega mesta ne more biti odgovoren za morebitne napake ali opustitve na spletnem mestu.<\/p>\n","protected":false},"excerpt":{"rendered":"<p>Urednik spletnega mesta Gostitelj spletnega mesta Intelektualna lastnina Vsa vsebina (besedilo, slike, logotipi) je za\u0161\u010ditena z zakonom o intelektualni lastnini. Brez predhodnega dovoljenja je razmno\u017eevanje prepovedano. Odgovornost Urednik spletnega mesta ne more biti odgovoren za morebitne napake ali opustitve na spletnem mestu.<\/p>\n","protected":false},"author":1,"featured_media":0,"parent":0,"menu_order":0,"comment_status":"closed","ping_status":"closed","template":"","meta":{"_seopress_robots_primary_cat":"","_seopress_titles_title":"Pravne informacije za Vilo Cooler","_seopress_titles_desc":"pravne informacije za spletno mesto vilo-cooler.com","_seopress_robots_index":"","footnotes":""},"class_list":["post-4328","page","type-page","status-publish"],"_links":{"self":[{"href":"https:\/\/www.veolyss.com\/sl\/wp-json\/wp\/v2\/pages\/4328","targetHints":{"allow":["GET"]}}],"collection":[{"href":"https:\/\/www.veolyss.com\/sl\/wp-json\/wp\/v2\/pages"}],"about":[{"href":"https:\/\/www.veolyss.com\/sl\/wp-json\/wp\/v2\/types\/page"}],"author":[{"embeddable":true,"href":"https:\/\/www.veolyss.com\/sl\/wp-json\/wp\/v2\/users\/1"}],"replies":[{"embeddable":true,"href":"https:\/\/www.veolyss.com\/sl\/wp-json\/wp\/v2\/comments?post=4328"}],"version-history":[{"count":1,"href":"https:\/\/www.veolyss.com\/sl\/wp-json\/wp\/v2\/pages\/4328\/revisions"}],"predecessor-version":[{"id":4329,"href":"https:\/\/www.veolyss.com\/sl\/wp-json\/wp\/v2\/pages\/4328\/revisions\/4329"}],"wp:attachment":[{"href":"https:\/\/www.veolyss.com\/sl\/wp-json\/wp\/v2\/media?parent=4328"}],"curies":[{"name":"wp","href":"https:\/\/api.w.org\/{rel}","templated":true}]}}