{"id":2762,"date":"2022-05-10T20:33:20","date_gmt":"2022-05-10T18:33:20","guid":{"rendered":"https:\/\/vilo-cooler.com\/nasi-nasveti\/"},"modified":"2025-08-21T09:45:44","modified_gmt":"2025-08-21T07:45:44","slug":"nasi-nasveti","status":"publish","type":"page","link":"https:\/\/www.veolyss.com\/sl\/nasi-nasveti\/","title":{"rendered":"Na\u0161i nasveti"},"content":{"rendered":"\n<p><br\/><br\/>Dobrodo\u0161li v <strong><mark style=\"background-color:rgba(0, 0, 0, 0)\" class=\"has-inline-color has-contrast-color\">VEOLYSS Cooler<\/mark><\/strong><strong>specialist za zra\u010dne hladilnike za podjetja<\/strong>. Tu z vami delimo nasvete, strokovno znanje in inovativne re\u0161itve za izbolj\u0161anje udobja v va\u0161ih profesionalnih prostorih. Svojim ekipam in strankam ponudite <strong>hladno in prijetno okolje<\/strong> tudi v najbolj vro\u010dih obdobjih!  <\/p>\n\n<div class=\"gb-grid-wrapper gb-grid-wrapper-07af4c16 gb-query-loop-wrapper\">\n<div class=\"gb-grid-column gb-grid-column-2e3a1acf gb-query-loop-item post-4191 post type-post status-publish format-standard has-post-thumbnail hentry category-non-classifiee\"><article class=\"gb-container gb-container-2e3a1acf\"><div class=\"gb-inside-container\">\n<figure class=\"gb-block-image gb-block-image-06177060\"><a href=\"https:\/\/www.veolyss.com\/sl\/industrijski-hladilniki-zraka-izbira-pravega-za-nadzor-temperature-v-delavnici\/\"><img loading=\"lazy\" decoding=\"async\" width=\"300\" height=\"195\" src=\"https:\/\/www.veolyss.com\/wp-content\/uploads\/2025\/01\/entrepot-1-300x195.png\" class=\"gb-image-06177060\" alt=\"entrep\u00f4t\" srcset=\"https:\/\/www.veolyss.com\/wp-content\/uploads\/2025\/01\/entrepot-1-300x195.png 300w, https:\/\/www.veolyss.com\/wp-content\/uploads\/2025\/01\/entrepot-1-1024x667.png 1024w, https:\/\/www.veolyss.com\/wp-content\/uploads\/2025\/01\/entrepot-1-768x500.png 768w, https:\/\/www.veolyss.com\/wp-content\/uploads\/2025\/01\/entrepot-1.png 1229w\" sizes=\"auto, (max-width: 300px) 100vw, 300px\" \/><\/a><\/figure>\n\n<h2 class=\"gb-headline gb-headline-d979bae1 gb-headline-text\"><a href=\"https:\/\/www.veolyss.com\/sl\/industrijski-hladilniki-zraka-izbira-pravega-za-nadzor-temperature-v-delavnici\/\">Industrijski hladilniki zraka: izbira pravega za nadzor temperature v delavnici<\/a><\/h2>\n\n<div class=\"gb-headline gb-headline-5c371095 gb-headline-text\">Ali se pri va\u0161ih industrijskih procesih kopi\u010di toplota? Klimatska naprava je nujna za vzdr\u017eevanje prijetne temperature v poslovnih prostorih. Industrijski hladilnik zraka, znan tudi kot adiabatni hladilnik, je u\u010dinkovita in ekonomi\u010dna re\u0161itev. Je enostaven za namestitev, mobilen, energetsko u\u010dinkovit in preprost za vzdr\u017eevanje, zato ponuja visoko zmogljivo alternativo tradicionalnim klimatskim napravam. Z uporabo na\u010dela izhlapevanja vode ta sistem ustvarja sve\u017e in zdrav zrak, ki je idealen za va\u0161o delavnico.    <\/div>\n<\/div><\/article><\/div>\n\n<div class=\"gb-grid-column gb-grid-column-2e3a1acf gb-query-loop-item post-2938 post type-post status-publish format-standard has-post-thumbnail hentry category-non-classifiee\"><article class=\"gb-container gb-container-2e3a1acf\"><div class=\"gb-inside-container\">\n<figure class=\"gb-block-image gb-block-image-06177060\"><a href=\"https:\/\/www.veolyss.com\/sl\/metode-za-dolocanje-stopnje-pretoka-zraka-v-industrijskem-zracnem-hladilniku\/\"><img loading=\"lazy\" decoding=\"async\" width=\"300\" height=\"198\" src=\"https:\/\/www.veolyss.com\/wp-content\/uploads\/2025\/01\/Banniere-debit-air-1-300x198.png\" class=\"gb-image-06177060\" alt=\"manom\u00e8tre\" srcset=\"https:\/\/www.veolyss.com\/wp-content\/uploads\/2025\/01\/Banniere-debit-air-1-300x198.png 300w, https:\/\/www.veolyss.com\/wp-content\/uploads\/2025\/01\/Banniere-debit-air-1-1024x676.png 1024w, https:\/\/www.veolyss.com\/wp-content\/uploads\/2025\/01\/Banniere-debit-air-1-768x507.png 768w, https:\/\/www.veolyss.com\/wp-content\/uploads\/2025\/01\/Banniere-debit-air-1.png 1212w\" sizes=\"auto, (max-width: 300px) 100vw, 300px\" \/><\/a><\/figure>\n\n<h2 class=\"gb-headline gb-headline-d979bae1 gb-headline-text\"><a href=\"https:\/\/www.veolyss.com\/sl\/metode-za-dolocanje-stopnje-pretoka-zraka-v-industrijskem-zracnem-hladilniku\/\">Metode za dolo\u010danje stopnje pretoka zraka v industrijskem zra\u010dnem hladilniku<\/a><\/h2>\n\n<div class=\"gb-headline gb-headline-5c371095 gb-headline-text\">\u010ce morate zni\u017eati temperaturo v skladi\u0161\u010du, delavnici, tovarni ali poslovnih prostorih, bodisi v restavraciji, gospodarskem poslopju ali servisni delavnici, ima Vilo za vas stro\u0161kovno u\u010dinkovito re\u0161itev. Na\u0161i adiabatni hladilniki ustvarjajo stalen pretok hladnega zraka, pri \u010demer se temperatura v primerjavi z vhodnim zrakom zni\u017ea za 4 \u00b0C do 12 \u00b0C. <\/div>\n<\/div><\/article><\/div>\n\n<div class=\"gb-grid-column gb-grid-column-2e3a1acf gb-query-loop-item post-2989 post type-post status-publish format-standard has-post-thumbnail hentry category-non-classifiee\"><article class=\"gb-container gb-container-2e3a1acf\"><div class=\"gb-inside-container\">\n<figure class=\"gb-block-image gb-block-image-06177060\"><a href=\"https:\/\/www.veolyss.com\/sl\/mobilni-adiabatni-hladilnik-idealna-resitev-za-hlajenje-v-sili-in-zacasne-potrebe\/\"><img loading=\"lazy\" decoding=\"async\" width=\"300\" height=\"209\" src=\"https:\/\/www.veolyss.com\/wp-content\/uploads\/2025\/01\/Banniere-solution-300x209.jpg\" class=\"gb-image-06177060\" alt=\"\" srcset=\"https:\/\/www.veolyss.com\/wp-content\/uploads\/2025\/01\/Banniere-solution-300x209.jpg 300w, https:\/\/www.veolyss.com\/wp-content\/uploads\/2025\/01\/Banniere-solution-1024x712.jpg 1024w, https:\/\/www.veolyss.com\/wp-content\/uploads\/2025\/01\/Banniere-solution-768x534.jpg 768w, https:\/\/www.veolyss.com\/wp-content\/uploads\/2025\/01\/Banniere-solution-1536x1068.jpg 1536w, https:\/\/www.veolyss.com\/wp-content\/uploads\/2025\/01\/Banniere-solution-2048x1423.jpg 2048w\" sizes=\"auto, (max-width: 300px) 100vw, 300px\" \/><\/a><\/figure>\n\n<h2 class=\"gb-headline gb-headline-d979bae1 gb-headline-text\"><a href=\"https:\/\/www.veolyss.com\/sl\/mobilni-adiabatni-hladilnik-idealna-resitev-za-hlajenje-v-sili-in-zacasne-potrebe\/\">Mobilni adiabatni hladilnik, idealna re\u0161itev za hlajenje v sili in za\u010dasne potrebe<\/a><\/h2>\n\n<div class=\"gb-headline gb-headline-5c371095 gb-headline-text\">Ti nenadni dogodki lahko zasi\u010dijo obi\u010dajne hladilne sisteme na lokaciji in povzro\u010dijo kriti\u010dne razmere, ki zahtevajo hitro posredovanje. Delavcem se zmanj\u0161a produktivnost, ogro\u017eeno pa je tudi njihovo zdravje (te\u017eko dihanje, poslab\u0161ani delovni pogoji).   <\/div>\n<\/div><\/article><\/div>\n\n<div class=\"gb-grid-column gb-grid-column-2e3a1acf gb-query-loop-item post-3016 post type-post status-publish format-standard has-post-thumbnail hentry category-non-classifiee\"><article class=\"gb-container gb-container-2e3a1acf\"><div class=\"gb-inside-container\">\n<figure class=\"gb-block-image gb-block-image-06177060\"><a href=\"https:\/\/www.veolyss.com\/sl\/vilo-v-sportni-dvorani-namesti-uparjalni-hladilnik-zraka\/\"><img loading=\"lazy\" decoding=\"async\" width=\"300\" height=\"200\" src=\"https:\/\/www.veolyss.com\/wp-content\/uploads\/2025\/01\/salle-de-sport-1-300x200.jpg\" class=\"gb-image-06177060\" alt=\"salle de sport avec diverses machines comme des v\u00e9los ou des poids\" srcset=\"https:\/\/www.veolyss.com\/wp-content\/uploads\/2025\/01\/salle-de-sport-1-300x200.jpg 300w, https:\/\/www.veolyss.com\/wp-content\/uploads\/2025\/01\/salle-de-sport-1-1024x683.jpg 1024w, https:\/\/www.veolyss.com\/wp-content\/uploads\/2025\/01\/salle-de-sport-1-768x512.jpg 768w, https:\/\/www.veolyss.com\/wp-content\/uploads\/2025\/01\/salle-de-sport-1-1536x1024.jpg 1536w, https:\/\/www.veolyss.com\/wp-content\/uploads\/2025\/01\/salle-de-sport-1-2048x1366.jpg 2048w\" sizes=\"auto, (max-width: 300px) 100vw, 300px\" \/><\/a><\/figure>\n\n<h2 class=\"gb-headline gb-headline-d979bae1 gb-headline-text\"><a href=\"https:\/\/www.veolyss.com\/sl\/vilo-v-sportni-dvorani-namesti-uparjalni-hladilnik-zraka\/\">VILO v \u0161portni dvorani namesti uparjalni hladilnik zraka<\/a><\/h2>\n\n<div class=\"gb-headline gb-headline-5c371095 gb-headline-text\">Zaradi lokacije neposredno pod streho objekta je bila vro\u010dina \u0161e posebej mo\u010dna, saj je v \u0161portni dvorani dosegla do 30 stopinj. Z namestitvijo na\u0161ega sistema VL-220 se je temperatura zmanj\u0161ala za ve\u010d kot 5 stopinj. <\/div>\n<\/div><\/article><\/div>\n\n<div class=\"gb-grid-column gb-grid-column-2e3a1acf gb-query-loop-item post-3078 post type-post status-publish format-standard has-post-thumbnail hentry category-non-classifiee\"><article class=\"gb-container gb-container-2e3a1acf\"><div class=\"gb-inside-container\">\n<figure class=\"gb-block-image gb-block-image-06177060\"><a href=\"https:\/\/www.veolyss.com\/sl\/vse-kar-morate-vedeti-o-industrijskih-adiabatskih-hladilnikih\/\"><img loading=\"lazy\" decoding=\"async\" width=\"300\" height=\"200\" src=\"https:\/\/www.veolyss.com\/wp-content\/uploads\/2025\/01\/Banniere-nature-300x200.jpg\" class=\"gb-image-06177060\" alt=\"\" srcset=\"https:\/\/www.veolyss.com\/wp-content\/uploads\/2025\/01\/Banniere-nature-300x200.jpg 300w, https:\/\/www.veolyss.com\/wp-content\/uploads\/2025\/01\/Banniere-nature-1024x683.jpg 1024w, https:\/\/www.veolyss.com\/wp-content\/uploads\/2025\/01\/Banniere-nature-768x512.jpg 768w, https:\/\/www.veolyss.com\/wp-content\/uploads\/2025\/01\/Banniere-nature-1536x1024.jpg 1536w, https:\/\/www.veolyss.com\/wp-content\/uploads\/2025\/01\/Banniere-nature-2048x1365.jpg 2048w\" sizes=\"auto, (max-width: 300px) 100vw, 300px\" \/><\/a><\/figure>\n\n<h2 class=\"gb-headline gb-headline-d979bae1 gb-headline-text\"><a href=\"https:\/\/www.veolyss.com\/sl\/vse-kar-morate-vedeti-o-industrijskih-adiabatskih-hladilnikih\/\">Vse, kar morate vedeti o industrijskih adiabatskih hladilnikih<\/a><\/h2>\n\n<div class=\"gb-headline gb-headline-5c371095 gb-headline-text\">Adiabatni industrijski hladilnik je visoko zmogljiva re\u0161itev za hlajenje in klimatizacijo industrijskih prostorov. Njegovo delovanje temelji na preprostem mehanizmu: izhlapevanju vode. <\/div>\n<\/div><\/article><\/div>\n\n<div class=\"gb-grid-column gb-grid-column-2e3a1acf gb-query-loop-item post-3122 post type-post status-publish format-standard has-post-thumbnail hentry category-non-classifiee\"><article class=\"gb-container gb-container-2e3a1acf\"><div class=\"gb-inside-container\">\n<figure class=\"gb-block-image gb-block-image-06177060\"><a href=\"https:\/\/www.veolyss.com\/sl\/pogosta-vprasanja-o-adiabatskih-zracnih-hladilnikih\/\"><img loading=\"lazy\" decoding=\"async\" width=\"300\" height=\"200\" src=\"https:\/\/www.veolyss.com\/wp-content\/uploads\/2025\/01\/Banniere-FAQ-300x200.jpg\" class=\"gb-image-06177060\" alt=\"\" srcset=\"https:\/\/www.veolyss.com\/wp-content\/uploads\/2025\/01\/Banniere-FAQ-300x200.jpg 300w, https:\/\/www.veolyss.com\/wp-content\/uploads\/2025\/01\/Banniere-FAQ-1024x684.jpg 1024w, https:\/\/www.veolyss.com\/wp-content\/uploads\/2025\/01\/Banniere-FAQ-768x513.jpg 768w, https:\/\/www.veolyss.com\/wp-content\/uploads\/2025\/01\/Banniere-FAQ-1536x1025.jpg 1536w, https:\/\/www.veolyss.com\/wp-content\/uploads\/2025\/01\/Banniere-FAQ-2048x1367.jpg 2048w\" sizes=\"auto, (max-width: 300px) 100vw, 300px\" \/><\/a><\/figure>\n\n<h2 class=\"gb-headline gb-headline-d979bae1 gb-headline-text\"><a href=\"https:\/\/www.veolyss.com\/sl\/pogosta-vprasanja-o-adiabatskih-zracnih-hladilnikih\/\">Pogosta vpra\u0161anja o adiabatskih zra\u010dnih hladilnikih<\/a><\/h2>\n\n<div class=\"gb-headline gb-headline-5c371095 gb-headline-text\">Ne, ravno nasprotno! To vpra\u0161anje pogosto temelji na napa\u010dnem prepri\u010danju, da rahlo pove\u010danje vla\u017enosti, ki ga povzro\u010dajo uparjalni hladilniki, spodbuja rast virusov, bakterij in plesni. Vendar so vsi osve\u017eilci zraka VILO opremljeni z UV-\u017earnico, ki zrak o\u010disti tako, da odstrani delce, ki lahko \u0161irijo patogene organizme.  <\/div>\n<\/div><\/article><\/div>\n\n<div class=\"gb-grid-column gb-grid-column-2e3a1acf gb-query-loop-item post-3159 post type-post status-publish format-standard has-post-thumbnail hentry category-non-classifiee\"><article class=\"gb-container gb-container-2e3a1acf\"><div class=\"gb-inside-container\">\n<figure class=\"gb-block-image gb-block-image-06177060\"><a href=\"https:\/\/www.veolyss.com\/sl\/mobilni-adiabatni-hladilniki-zraka-prilagodljiva-in-ucinkovita-resitev-za-industrijo\/\"><img loading=\"lazy\" decoding=\"async\" width=\"300\" height=\"200\" src=\"https:\/\/www.veolyss.com\/wp-content\/uploads\/2025\/01\/Banniere-industrie-300x200.jpg\" class=\"gb-image-06177060\" alt=\"\" srcset=\"https:\/\/www.veolyss.com\/wp-content\/uploads\/2025\/01\/Banniere-industrie-300x200.jpg 300w, https:\/\/www.veolyss.com\/wp-content\/uploads\/2025\/01\/Banniere-industrie-1024x683.jpg 1024w, https:\/\/www.veolyss.com\/wp-content\/uploads\/2025\/01\/Banniere-industrie-768x512.jpg 768w, https:\/\/www.veolyss.com\/wp-content\/uploads\/2025\/01\/Banniere-industrie-1536x1024.jpg 1536w, https:\/\/www.veolyss.com\/wp-content\/uploads\/2025\/01\/Banniere-industrie-2048x1365.jpg 2048w\" sizes=\"auto, (max-width: 300px) 100vw, 300px\" \/><\/a><\/figure>\n\n<h2 class=\"gb-headline gb-headline-d979bae1 gb-headline-text\"><a href=\"https:\/\/www.veolyss.com\/sl\/mobilni-adiabatni-hladilniki-zraka-prilagodljiva-in-ucinkovita-resitev-za-industrijo\/\">Mobilni adiabatni hladilniki zraka: prilagodljiva in u\u010dinkovita re\u0161itev za industrijo<\/a><\/h2>\n\n<div class=\"gb-headline gb-headline-5c371095 gb-headline-text\">Bistvo delovanja mobilnega uparjalnega hladilnika je prilagodljivost. Zaradi svoje mobilnosti ga je mogo\u010de prilagoditi \u0161tevilnim situacijam, v katerih je hlajenje delovnega okolja bistvenega pomena. Ta prilagodljivost se ka\u017ee tako prostorsko kot \u010dasovno.  <\/div>\n<\/div><\/article><\/div>\n\n<div class=\"gb-grid-column gb-grid-column-2e3a1acf gb-query-loop-item post-3182 post type-post status-publish format-standard has-post-thumbnail hentry category-non-classifiee\"><article class=\"gb-container gb-container-2e3a1acf\"><div class=\"gb-inside-container\">\n<figure class=\"gb-block-image gb-block-image-06177060\"><a href=\"https:\/\/www.veolyss.com\/sl\/prakticni-vodnik-vse-kar-morate-vedeti-za-vzdrzevanje-industrijskega-hladilnika\/\"><img loading=\"lazy\" decoding=\"async\" width=\"300\" height=\"200\" src=\"https:\/\/www.veolyss.com\/wp-content\/uploads\/2025\/01\/Banniere-nettoyage-300x200.jpg\" class=\"gb-image-06177060\" alt=\"\" srcset=\"https:\/\/www.veolyss.com\/wp-content\/uploads\/2025\/01\/Banniere-nettoyage-300x200.jpg 300w, https:\/\/www.veolyss.com\/wp-content\/uploads\/2025\/01\/Banniere-nettoyage-1024x683.jpg 1024w, https:\/\/www.veolyss.com\/wp-content\/uploads\/2025\/01\/Banniere-nettoyage-768x512.jpg 768w, https:\/\/www.veolyss.com\/wp-content\/uploads\/2025\/01\/Banniere-nettoyage-1536x1024.jpg 1536w, https:\/\/www.veolyss.com\/wp-content\/uploads\/2025\/01\/Banniere-nettoyage-2048x1365.jpg 2048w\" sizes=\"auto, (max-width: 300px) 100vw, 300px\" \/><\/a><\/figure>\n\n<h2 class=\"gb-headline gb-headline-d979bae1 gb-headline-text\"><a href=\"https:\/\/www.veolyss.com\/sl\/prakticni-vodnik-vse-kar-morate-vedeti-za-vzdrzevanje-industrijskega-hladilnika\/\">Prakti\u010dni vodnik: Vse, kar morate vedeti za vzdr\u017eevanje industrijskega hladilnika<\/a><\/h2>\n\n<div class=\"gb-headline gb-headline-5c371095 gb-headline-text\">\u017delite svoje zaposlene za\u0161\u010dititi pred vro\u010dinskim stresom? Izparilni hladilnik je zanesljiva re\u0161itev za zni\u017eanje temperature v skladi\u0161\u010du ali poslovnih prostorih. Z rednim vzdr\u017eevanjem lahko ta oprema deluje s polno u\u010dinkovitostjo ve\u010d let.  <\/div>\n<\/div><\/article><\/div>\n\n<div class=\"gb-grid-column gb-grid-column-2e3a1acf gb-query-loop-item post-3229 post type-post status-publish format-standard has-post-thumbnail hentry category-non-classifiee\"><article class=\"gb-container gb-container-2e3a1acf\"><div class=\"gb-inside-container\">\n<figure class=\"gb-block-image gb-block-image-06177060\"><a href=\"https:\/\/www.veolyss.com\/sl\/kaksna-je-razlika-med-hladilnikom-in-klimatsko-napravo\/\"><img loading=\"lazy\" decoding=\"async\" width=\"300\" height=\"190\" src=\"https:\/\/www.veolyss.com\/wp-content\/uploads\/2025\/01\/Banniere-RAF-VS-clim-300x190.png\" class=\"gb-image-06177060\" alt=\"\" srcset=\"https:\/\/www.veolyss.com\/wp-content\/uploads\/2025\/01\/Banniere-RAF-VS-clim-300x190.png 300w, https:\/\/www.veolyss.com\/wp-content\/uploads\/2025\/01\/Banniere-RAF-VS-clim-1024x649.png 1024w, https:\/\/www.veolyss.com\/wp-content\/uploads\/2025\/01\/Banniere-RAF-VS-clim-768x487.png 768w, https:\/\/www.veolyss.com\/wp-content\/uploads\/2025\/01\/Banniere-RAF-VS-clim-1536x974.png 1536w, https:\/\/www.veolyss.com\/wp-content\/uploads\/2025\/01\/Banniere-RAF-VS-clim-2048x1298.png 2048w\" sizes=\"auto, (max-width: 300px) 100vw, 300px\" \/><\/a><\/figure>\n\n<h2 class=\"gb-headline gb-headline-d979bae1 gb-headline-text\"><a href=\"https:\/\/www.veolyss.com\/sl\/kaksna-je-razlika-med-hladilnikom-in-klimatsko-napravo\/\">Kak\u0161na je razlika med hladilnikom in klimatsko napravo?<\/a><\/h2>\n\n<div class=\"gb-headline gb-headline-5c371095 gb-headline-text\">Klimatske naprave ali industrijski hladilniki? \u010ceprav imata enako funkcijo hlajenja zraka, se glede ekolo\u0161kega in gospodarskega u\u010dinka precej razlikujeta. Klimatske naprave uporabljajo strupena hladilna sredstva, hladilniki pa le vodo.    <\/div>\n<\/div><\/article><\/div>\n<\/div>\n\n<div class=\"gb-container gb-container-ca04b990 gb-query-loop-pagination\">\n\n\n<span class=\"gb-button gb-button-f3326592 gb-button-text page-numbers gb-block-is-current\" aria-current=\"page\">1<\/span><a class=\"gb-button gb-button-f3326592 gb-button-text page-numbers\" href=\"?query-7097c1ff-page=2\">2<\/a>\n\n<a class=\"gb-button gb-button-86469464 gb-button-text\" href=\"\/sl\/wp-json\/wp\/v2\/pages\/2762?query-7097c1ff-page=2\">Naslednji<\/a>\n<\/div>\n","protected":false},"excerpt":{"rendered":"<p>Dobrodo\u0161li v VEOLYSS Coolerspecialist za zra\u010dne hladilnike za podjetja. Tu z vami delimo nasvete, strokovno znanje in inovativne re\u0161itve za izbolj\u0161anje udobja v va\u0161ih profesionalnih prostorih. Svojim ekipam in strankam ponudite hladno in prijetno okolje tudi v najbolj vro\u010dih obdobjih!<\/p>\n","protected":false},"author":2,"featured_media":0,"parent":0,"menu_order":0,"comment_status":"closed","ping_status":"closed","template":"","meta":{"_seopress_robots_primary_cat":"","_seopress_titles_title":"Blog - Hladilnik VEOLYSS","_seopress_titles_desc":"Odkrijte blog VEOLYSS Cooler, strokovnjaka za zra\u010dne hladilnike za podjetja. Nasveti, re\u0161itve in inovacije za optimalno udobje pri delu. ","_seopress_robots_index":"","footnotes":""},"class_list":["post-2762","page","type-page","status-publish"],"_links":{"self":[{"href":"https:\/\/www.veolyss.com\/sl\/wp-json\/wp\/v2\/pages\/2762","targetHints":{"allow":["GET"]}}],"collection":[{"href":"https:\/\/www.veolyss.com\/sl\/wp-json\/wp\/v2\/pages"}],"about":[{"href":"https:\/\/www.veolyss.com\/sl\/wp-json\/wp\/v2\/types\/page"}],"author":[{"embeddable":true,"href":"https:\/\/www.veolyss.com\/sl\/wp-json\/wp\/v2\/users\/2"}],"replies":[{"embeddable":true,"href":"https:\/\/www.veolyss.com\/sl\/wp-json\/wp\/v2\/comments?post=2762"}],"version-history":[{"count":2,"href":"https:\/\/www.veolyss.com\/sl\/wp-json\/wp\/v2\/pages\/2762\/revisions"}],"predecessor-version":[{"id":4626,"href":"https:\/\/www.veolyss.com\/sl\/wp-json\/wp\/v2\/pages\/2762\/revisions\/4626"}],"wp:attachment":[{"href":"https:\/\/www.veolyss.com\/sl\/wp-json\/wp\/v2\/media?parent=2762"}],"curies":[{"name":"wp","href":"https:\/\/api.w.org\/{rel}","templated":true}]}}