{"id":2466,"date":"2025-02-02T19:30:33","date_gmt":"2025-02-02T18:30:33","guid":{"rendered":"https:\/\/vilo-cooler.com\/raziscite-naso-ponudbo-industrijskih-hladilnikov-zraka\/"},"modified":"2025-09-17T08:45:24","modified_gmt":"2025-09-17T06:45:24","slug":"raziscite-naso-ponudbo-industrijskih-hladilnikov-zraka","status":"publish","type":"page","link":"https:\/\/www.veolyss.com\/sl\/raziscite-naso-ponudbo-industrijskih-hladilnikov-zraka\/","title":{"rendered":"Razi\u0161\u010dite na\u0161o ponudbo industrijskih hladilnikov zraka"},"content":{"rendered":"\n<p><br>Dobrodo\u0161li v na\u0161i ponudbi adiabatskih hladilnikov zraka, posebej zasnovanih za optimizacijo udobja v industrijskih okoljih. Te okolju prijazne in stro\u0161kovno u\u010dinkovite enote zdru\u017eujejo u\u010dinkovitost, prakti\u010dnost in zmogljivost, vsaka pa ponuja edinstvene funkcije, prilagojene va\u0161im potrebam. <\/p>\n\n\n\n<h2 class=\"wp-block-heading\"><mark style=\"background-color:rgba(0, 0, 0, 0)\" class=\"has-inline-color has-accent-2-color\">Zakaj izbrati na\u0161e osve\u017eilce zraka VEOLYSS?<\/mark><\/h2>\n\n\n\n<div class=\"wp-block-columns is-layout-flex wp-container-core-columns-is-layout-9d6595d7 wp-block-columns-is-layout-flex\">\n<div class=\"wp-block-column is-layout-flow wp-block-column-is-layout-flow\" style=\"flex-basis:66.66%\">\n<ul class=\"wp-block-list\">\n<li>Tehnolo\u0161ka inovacija, ki temelji na naravnem na\u010delu izhlapevanja vode.<\/li>\n\n\n\n<li>Obratovalni stro\u0161ki so do 15-krat ni\u017eji kot pri klimatizaciji.<\/li>\n\n\n\n<li>Celotna ponudba, zasnovana za izpolnjevanje vseh va\u0161ih potreb in zahtev.<\/li>\n\n\n\n<li>Zelo majhen oglji\u010dni odtis (brez hladilnega sredstva) in brez odvajanja toplega zraka, kar prepre\u010duje u\u010dinek &#8220;toplotnega otoka&#8221;.<\/li>\n\n\n\n<li>Prakti\u010dna, prilagodljiva in mobilna re\u0161itev &#8220;Plug and Play&#8221;.<\/li>\n\n\n\n<li>Hitro in stro\u0161kovno u\u010dinkovito vzdr\u017eevanje.<\/li>\n<\/ul>\n<\/div>\n\n\n\n<div class=\"wp-block-column is-layout-flow wp-block-column-is-layout-flow\" style=\"flex-basis:33.33%\"><div class=\"wp-block-image\">\n<figure class=\"aligncenter size-full\"><img alt=\"\" loading=\"lazy\" decoding=\"async\" width=\"1200\" height=\"241\" src=\"https:\/\/www.veolyss.com\/wp-content\/uploads\/2025\/08\/cropped-Logo-VEOLYSS.png\" alt=\"\" class=\"wp-image-4424\" srcset=\"https:\/\/www.veolyss.com\/wp-content\/uploads\/2025\/08\/cropped-Logo-VEOLYSS.png 1200w, https:\/\/www.veolyss.com\/wp-content\/uploads\/2025\/08\/cropped-Logo-VEOLYSS-300x60.png 300w, https:\/\/www.veolyss.com\/wp-content\/uploads\/2025\/08\/cropped-Logo-VEOLYSS-1024x206.png 1024w, https:\/\/www.veolyss.com\/wp-content\/uploads\/2025\/08\/cropped-Logo-VEOLYSS-768x154.png 768w\" sizes=\"auto, (max-width: 1200px) 100vw, 1200px\" \/><\/figure>\n<\/div><\/div>\n<\/div>\n\n\n\n<h2 class=\"wp-block-heading\"><mark style=\"background-color:rgba(0, 0, 0, 0)\" class=\"has-inline-color has-contrast-2-color\">Odkrijte na\u0161o ponudbo mobilnih uparjalnih hladilnikov zraka: serija VL<\/mark><\/h2>\n\n\n\n<p>Na\u0161i uparjalni hladilniki zraka VL so opremljeni s kole\u0161\u010dki, ki omogo\u010dajo enostavno mobilnost brez napora v industrijskih okoljih. Izparno hlajenje je u\u010dinkovita re\u0161itev za optimizacijo va\u0161e proizvodnje. Na nadzorni plo\u0161\u010di lahko prilagodite mo\u010d, usmerite pihanje in vodo obdelate z ionizatorjem.  <\/p>\n\n\n\n<div class=\"wp-block-group\"><div class=\"wp-block-group__inner-container is-layout-constrained wp-block-group-is-layout-constrained\"><div class=\"wp-block-image\">\n<figure class=\"alignleft size-full is-resized\"><img alt=\"\" loading=\"lazy\" decoding=\"async\" width=\"1200\" height=\"1200\" src=\"https:\/\/www.veolyss.com\/wp-content\/uploads\/2025\/08\/Image-site-VL-50.png\" alt=\"\" class=\"wp-image-4680\" style=\"aspect-ratio:2\/3;object-fit:cover;width:250px\" srcset=\"https:\/\/www.veolyss.com\/wp-content\/uploads\/2025\/08\/Image-site-VL-50.png 1200w, https:\/\/www.veolyss.com\/wp-content\/uploads\/2025\/08\/Image-site-VL-50-300x300.png 300w, https:\/\/www.veolyss.com\/wp-content\/uploads\/2025\/08\/Image-site-VL-50-1024x1024.png 1024w, https:\/\/www.veolyss.com\/wp-content\/uploads\/2025\/08\/Image-site-VL-50-150x150.png 150w, https:\/\/www.veolyss.com\/wp-content\/uploads\/2025\/08\/Image-site-VL-50-768x768.png 768w\" sizes=\"auto, (max-width: 1200px) 100vw, 1200px\" \/><\/figure>\n<\/div>\n\n\n<h3 class=\"wp-block-heading\"><mark style=\"background-color:rgba(0, 0, 0, 0)\" class=\"has-inline-color has-contrast-color\">VL 50<\/mark><\/h3>\n\n\n\n<p>Izparni hladilnik zraka <strong>VL 50<\/strong> je najbolj kompaktna enota v ponudbi, zasnovana za industrijska okolja. Tehta <strong>43 kg<\/strong> in meri <strong>925 x 580 x 1440 mm<\/strong> ter zdru\u017euje robustnost in mobilnost, zaradi vgrajenih kolesc pa jo je enostavno namestiti v razli\u010dne prostore. <\/p>\n\n\n\n<p>S pretokom zraka <strong>12.000 m\u00b3\/h<\/strong> in prostornino vode <strong>70 L<\/strong> VL 50 zagotavlja hitro in u\u010dinkovito hlajenje, pri \u010demer porabi med <strong>8 in 10 L vode<\/strong> na uro. Z njim je mogo\u010de obdelati povr\u0161ine do <strong>150 m\u00b2<\/strong>, kar zagotavlja prijetno delovno okolje. <\/p>\n\n\n\n<p>Najvi\u0161ja raven hrupa <strong>63 dB<\/strong> zagotavlja diskretno delovanje in zaposlenim omogo\u010da u\u010dinkovitej\u0161o koncentracijo. VL 50 je u\u010dinkovita in kompaktna re\u0161itev za izbolj\u0161anje udobja in produktivnosti v va\u0161em podjetju. <\/p>\n\n\n\n<div class=\"wp-block-buttons is-content-justification-center is-layout-flex wp-container-core-buttons-is-layout-16018d1d wp-block-buttons-is-layout-flex\">\n<div class=\"wp-block-button\"><a class=\"wp-block-button__link has-base-color has-accent-2-background-color has-text-color has-background has-link-color wp-element-button\" href=\"http:\/\/www.veolyss.com\/wp-content\/uploads\/2025\/08\/EN-Brochures-VL-VEOLYSS-1.pdf\" target=\"_blank\" rel=\"noopener\">Izvedite ve\u010d<\/a><\/div>\n<\/div>\n<\/div><\/div>\n\n\n\n<div class=\"wp-block-group\"><div class=\"wp-block-group__inner-container is-layout-constrained wp-block-group-is-layout-constrained\"><div class=\"wp-block-image\">\n<figure class=\"alignleft size-full is-resized\"><img alt=\"\" decoding=\"async\" src=\"https:\/\/www.veolyss.com\/wp-content\/uploads\/2025\/02\/VL-120-1-1.png\" alt=\"\" class=\"wp-image-3868\" style=\"aspect-ratio:2\/3;object-fit:cover;width:250px\"\/><\/figure>\n<\/div>\n\n\n<h3 class=\"wp-block-heading\"><mark style=\"background-color:rgba(0, 0, 0, 0)\" class=\"has-inline-color has-accent-2-color\">VL 120<\/mark><\/h3>\n\n\n\n<p>Izparni hladilnik zraka <strong>VL 120<\/strong> je zasnovan za industrijska okolja, saj ponuja mo\u010d in u\u010dinkovitost. Tehta <strong>43 kg<\/strong> in meri<strong> 1120 x 640 x 1600 mm<\/strong>, zaradi kolesc pa ga je enostavno premikati. <\/p>\n\n\n\n<p>S pretokom zraka <strong>22.000 m\u00b3\/h<\/strong> in prostornino vode <strong>130 litrov<\/strong> VL 120 zagotavlja optimalno hlajenje ob porabi od <strong>10 do 15 litrov vode na uro<\/strong>. Z njim je mogo\u010de obdelati povr\u0161ine do <strong>250 m\u00b2, kar<\/strong> zagotavlja prijetno delovno okolje. <\/p>\n\n\n\n<p>Z najve\u010djo ravnjo hrupa <strong>63 dB<\/strong> deluje razmeroma tiho, kar zaposlenim omogo\u010da, da ostanejo osredoto\u010deni. VL 120 je zmogljiva re\u0161itev za izbolj\u0161anje udobja in produktivnosti v va\u0161em podjetju. <\/p>\n\n\n\n<div class=\"wp-block-buttons is-content-justification-center is-layout-flex wp-container-core-buttons-is-layout-16018d1d wp-block-buttons-is-layout-flex\">\n<div class=\"wp-block-button\"><a class=\"wp-block-button__link has-base-color has-accent-2-background-color has-text-color has-background has-link-color wp-element-button\" href=\"http:\/\/www.veolyss.com\/wp-content\/uploads\/2025\/08\/EN-Brochures-VL-VEOLYSS-1.pdf\" target=\"_blank\" rel=\"noopener\">Izvedite ve\u010d<\/a><\/div>\n<\/div>\n<\/div><\/div>\n\n\n\n<div class=\"wp-block-group\"><div class=\"wp-block-group__inner-container is-layout-constrained wp-block-group-is-layout-constrained\"><div class=\"wp-block-image\">\n<figure class=\"alignleft size-full is-resized\"><img alt=\"rafraichisseur d&#039;air adiabatique VL 220\" loading=\"lazy\" decoding=\"async\" width=\"704\" height=\"838\" src=\"https:\/\/www.veolyss.com\/wp-content\/uploads\/2025\/02\/VL-220-1-1.png\" alt=\"\" class=\"wp-image-4019\" style=\"aspect-ratio:2\/3;object-fit:cover;width:250px\" srcset=\"https:\/\/www.veolyss.com\/wp-content\/uploads\/2025\/02\/VL-220-1-1.png 704w, https:\/\/www.veolyss.com\/wp-content\/uploads\/2025\/02\/VL-220-1-1-252x300.png 252w\" sizes=\"auto, (max-width: 704px) 100vw, 704px\" \/><\/figure>\n<\/div>\n\n\n<h3 class=\"wp-block-heading\"><mark style=\"background-color:rgba(0, 0, 0, 0)\" class=\"has-inline-color has-contrast-color\">VL 220<\/mark><\/h3>\n\n\n\n<p>Izparni hladilnik zraka <strong>VL 220<\/strong> je zasnovan za industrijska okolja, saj zdru\u017euje zmogljivost in prakti\u010dnost. Tehta <strong>50 kg<\/strong> in meri <strong>1120 x 640 x 1600 mm<\/strong>, zaradi kolesc pa ga je enostavno premikati. <\/p>\n\n\n\n<p>S pretokom zraka <strong>22.000 m\u00b3\/h<\/strong> in prostornino vode <strong>130 litrov<\/strong> VL 220 zagotavlja u\u010dinkovito hlajenje s porabo vode od <strong>10 do 15 litrov<\/strong>. Obdeluje povr\u0161ine do <strong>250 m\u00b2 in<\/strong> zagotavlja prijetno delovno okolje. <\/p>\n\n\n\n<p>Najvi\u0161ja raven hrupa <strong>68 dB<\/strong> zagotavlja razmeroma tiho delovanje, kar zaposlenim omogo\u010da u\u010dinkovitej\u0161o koncentracijo. Skratka, VL 220 je visoko zmogljiva re\u0161itev za izbolj\u0161anje udobja in produktivnosti v va\u0161em podjetju. <\/p>\n\n\n\n<div class=\"wp-block-buttons is-content-justification-center is-layout-flex wp-container-core-buttons-is-layout-16018d1d wp-block-buttons-is-layout-flex\">\n<div class=\"wp-block-button\"><a class=\"wp-block-button__link has-base-color has-accent-2-background-color has-text-color has-background has-link-color wp-element-button\" href=\"http:\/\/www.veolyss.com\/wp-content\/uploads\/2025\/08\/EN-Brochures-VL-VEOLYSS-1.pdf\" target=\"_blank\" rel=\"noopener\">Izvedite ve\u010d<\/a><\/div>\n<\/div>\n<\/div><\/div>\n\n\n\n<div class=\"wp-block-group\"><div class=\"wp-block-group__inner-container is-layout-constrained wp-block-group-is-layout-constrained\"><div class=\"wp-block-image\">\n<figure class=\"alignleft size-full is-resized\"><img alt=\"rafraichisseur d&#039;air adiabatique VL 300\" loading=\"lazy\" decoding=\"async\" width=\"840\" height=\"911\" src=\"https:\/\/www.veolyss.com\/wp-content\/uploads\/2025\/02\/VL-300-1-2.png\" alt=\"\" class=\"wp-image-3986\" style=\"aspect-ratio:2\/3;object-fit:cover;width:250px\" srcset=\"https:\/\/www.veolyss.com\/wp-content\/uploads\/2025\/02\/VL-300-1-2.png 840w, https:\/\/www.veolyss.com\/wp-content\/uploads\/2025\/02\/VL-300-1-2-277x300.png 277w, https:\/\/www.veolyss.com\/wp-content\/uploads\/2025\/02\/VL-300-1-2-768x833.png 768w\" sizes=\"auto, (max-width: 840px) 100vw, 840px\" \/><\/figure>\n<\/div>\n\n\n<h3 class=\"wp-block-heading\"><mark style=\"background-color:rgba(0, 0, 0, 0)\" class=\"has-inline-color has-accent-2-color\">VL 300<\/mark><\/h3>\n\n\n\n<p>Izparilni hladilnik zraka <strong>VL 300<\/strong> je najve\u010dji v ponudbi in je zasnovan za najzahtevnej\u0161e industrijske potrebe. Tehta le <strong>110 kg<\/strong> in meri <strong>1565 x 725 x 1760 mm<\/strong> ter zagotavlja izjemno zmogljivost, hkrati pa je zaradi kolesc mobilen. <\/p>\n\n\n\n<p>VL 300 s pretokom zraka <strong>30.000 m\u00b3\/h<\/strong> in prostornino vode <strong>280 litrov<\/strong> zagotavlja u\u010dinkovito hlajenje, saj porabi med <strong>20 in 30 litri vode na uro<\/strong>. Z njim je mogo\u010de obdelati povr\u0161ine do <strong>400 m\u00b2, kar<\/strong> zagotavlja optimalno delovno okolje. <\/p>\n\n\n\n<p>Njegova najvi\u0161ja raven hrupa <strong>70 dB<\/strong> zagotavlja razmeroma diskretno delovanje, kar zaposlenim olaj\u0161a koncentracijo. Skratka, VL 300 je zmogljiva in u\u010dinkovita re\u0161itev za izbolj\u0161anje udobja in produktivnosti v va\u0161em podjetju. <\/p>\n\n\n\n<div class=\"wp-block-buttons is-content-justification-center is-layout-flex wp-container-core-buttons-is-layout-16018d1d wp-block-buttons-is-layout-flex\">\n<div class=\"wp-block-button is-style-fill\"><a class=\"wp-block-button__link has-base-color has-accent-2-background-color has-text-color has-background has-link-color wp-element-button\" href=\"http:\/\/www.veolyss.com\/wp-content\/uploads\/2025\/08\/EN-Brochures-VL-VEOLYSS-1.pdf\" target=\"_blank\" rel=\"noopener\">Izvedite ve\u010d<\/a><\/div>\n<\/div>\n<\/div><\/div>\n\n\n\n<p><strong>Zbirna preglednica funkcij po modelih :<\/strong><\/p>\n\n\n\n<figure class=\"wp-block-table is-style-regular\"><table class=\"has-base-background-color has-background has-fixed-layout\"><tbody><tr><td class=\"has-text-align-center\" data-align=\"center\"><strong>Model<\/strong><\/td><td class=\"has-text-align-center\" data-align=\"center\"><strong>Te\u017ea<\/strong> (kg)<\/td><td class=\"has-text-align-center\" data-align=\"center\"><strong>Dimenzije <\/strong>(\u0160xLxV)<\/td><td class=\"has-text-align-center\" data-align=\"center\"><strong>Stopnja pretoka zraka<\/strong> (m\u00b3\/h)<\/td><td class=\"has-text-align-center\" data-align=\"center\"><strong>Kapaciteta vode<\/strong> (L)<\/td><td class=\"has-text-align-center\" data-align=\"center\"><strong>Najve\u010dja raven hrupa<\/strong>(dB)<\/td><\/tr><tr><td class=\"has-text-align-center\" data-align=\"center\"><strong><mark style=\"background-color:rgba(0, 0, 0, 0)\" class=\"has-inline-color has-contrast-color\">VL 50<\/mark><\/strong><\/td><td class=\"has-text-align-center\" data-align=\"center\"><mark style=\"background-color:rgba(0, 0, 0, 0)\" class=\"has-inline-color has-contrast-color\">16<\/mark><\/td><td class=\"has-text-align-center\" data-align=\"center\"><mark style=\"background-color:rgba(0, 0, 0, 0)\" class=\"has-inline-color has-contrast-color\">664 x 433 x 1183<\/mark><\/td><td class=\"has-text-align-center\" data-align=\"center\"><mark style=\"background-color:rgba(0, 0, 0, 0)\" class=\"has-inline-color has-contrast-color\">5 000<\/mark><\/td><td class=\"has-text-align-center\" data-align=\"center\"><mark style=\"background-color:rgba(0, 0, 0, 0)\" class=\"has-inline-color has-contrast-color\">90<\/mark><\/td><td class=\"has-text-align-center\" data-align=\"center\"><mark style=\"background-color:rgba(0, 0, 0, 0)\" class=\"has-inline-color has-contrast-color\">63<\/mark><\/td><\/tr><tr><td class=\"has-text-align-center\" data-align=\"center\"><strong>VL 120<\/strong><\/td><td class=\"has-text-align-center\" data-align=\"center\">43<\/td><td class=\"has-text-align-center\" data-align=\"center\">925 x 580 x 1440 mm<\/td><td class=\"has-text-align-center\" data-align=\"center\">12 000<\/td><td class=\"has-text-align-center\" data-align=\"center\">70<\/td><td class=\"has-text-align-center\" data-align=\"center\">63<\/td><\/tr><tr><td class=\"has-text-align-center\" data-align=\"center\"><strong><mark style=\"background-color:rgba(0, 0, 0, 0)\" class=\"has-inline-color has-contrast-color\">VL 220<\/mark><\/strong><\/td><td class=\"has-text-align-center\" data-align=\"center\"><mark style=\"background-color:rgba(0, 0, 0, 0)\" class=\"has-inline-color has-contrast-color\">50<\/mark><\/td><td class=\"has-text-align-center\" data-align=\"center\"><mark style=\"background-color:rgba(0, 0, 0, 0)\" class=\"has-inline-color has-contrast-color\">1120 x 640 x 1600<\/mark><\/td><td class=\"has-text-align-center\" data-align=\"center\"><mark style=\"background-color:rgba(0, 0, 0, 0)\" class=\"has-inline-color has-contrast-color\">22 000<\/mark><\/td><td class=\"has-text-align-center\" data-align=\"center\"><mark style=\"background-color:rgba(0, 0, 0, 0)\" class=\"has-inline-color has-contrast-color\">130<\/mark><\/td><td class=\"has-text-align-center\" data-align=\"center\"><mark style=\"background-color:rgba(0, 0, 0, 0)\" class=\"has-inline-color has-contrast-color\">68<\/mark><\/td><\/tr><tr><td class=\"has-text-align-center\" data-align=\"center\"><strong>VL 300<\/strong><\/td><td class=\"has-text-align-center\" data-align=\"center\">110<\/td><td class=\"has-text-align-center\" data-align=\"center\">1565 x 725 x 1760<\/td><td class=\"has-text-align-center\" data-align=\"center\">30 000<\/td><td class=\"has-text-align-center\" data-align=\"center\">280<\/td><td class=\"has-text-align-center\" data-align=\"center\">70<\/td><\/tr><\/tbody><\/table><\/figure>\n\n\n\n<p><\/p>\n\n\n\n<h2 class=\"wp-block-heading\"><mark style=\"background-color:rgba(0, 0, 0, 0)\" class=\"has-inline-color has-contrast-2-color\">Kaj je industrijski hladilnik zraka?<\/mark><\/h2>\n\n\n\n<p>Hladilnik zraka je uparjalni klimatski sistem. Zaradi visoke zmogljivosti lahko na\u0161e enote zmanj\u0161ajo temperaturo v poslovnih prostorih, ki jih je pogosto te\u017eko klimatizirati, s polmerom delovanja do 400 m\u00b2 na enoto. <\/p>\n\n\n\n<p>Hladilniki zraka <strong><mark style=\"background-color:rgba(0, 0, 0, 0)\" class=\"has-inline-color has-contrast-color\">VEOLYSS <\/mark><\/strong>so mobilne naprave, ki jih je mogo\u010de enostavno vklju\u010diti v proizvodne, skladi\u0161\u010dne ali sprejemne prostore. Enostavne so za uporabo, opremljene so z daljinskim upravljalnikom ali aplikacijo za upravljanje. VEOLYSS <strong><mark style=\"background-color:rgba(0, 0, 0, 0)\" class=\"has-inline-color has-accent-color\">VEOLYSS <\/mark><\/strong>lahko delujejo v na\u010dinu prostega hlajenja (en ventilator) ali hlajenja.  <\/p>\n\n\n\n<h2 class=\"wp-block-heading\"><mark style=\"background-color:rgba(0, 0, 0, 0)\" class=\"has-inline-color has-contrast-2-color\">Kako izbrati pravi adiabatni hladilnik zraka?<\/mark><\/h2>\n\n\n\n<div class=\"wp-block-columns is-layout-flex wp-container-core-columns-is-layout-9d6595d7 wp-block-columns-is-layout-flex\">\n<div class=\"wp-block-column is-layout-flow wp-block-column-is-layout-flow\" style=\"flex-basis:66.66%\">\n<p>Izbira adiabatnega hladilnika zraka je odvisna od velikosti prostora, ki ga je treba hladiti, in zahtev po hlajenju. Ve\u010dji kot je prostor in vi\u0161je kot so temperature, ve\u010dji je potreben pretok zraka. <\/p>\n\n\n\n<p>Klju\u010dni dejavnik je tudi prezra\u010devanje prostora. Da bi zagotovili pravilno delovanje naprav, je nujno, da je prostor suh in dobro prezra\u010den. Hladilniki zraka <strong><mark style=\"background-color:rgba(0, 0, 0, 0)\" class=\"has-inline-color has-contrast-color\">VEOLYSS <\/mark><\/strong>hladilniki zraka so zasnovani za zunanjo uporabo. Pomembno je, da se prostor stalno prezra\u010duje, da se odstrani vla\u017een zrak in vnese topel, suh zrak.   <\/p>\n\n\n\n<p>Na\u0161i osve\u017eilci zraka lahko nekoliko pove\u010dajo relativno vla\u017enost (od 5 do 10 %) v prostoru, hkrati pa zni\u017eajo temperaturo, s \u010dimer spodbujajo dobro po\u010dutje in izbolj\u0161ajo delovne pogoje, ne da bi \u0161kodovali blagu ali opremi.<\/p>\n<\/div>\n\n\n\n<div class=\"wp-block-column is-layout-flow wp-block-column-is-layout-flow\" style=\"flex-basis:33.33%\"><div class=\"wp-block-image\">\n<figure class=\"alignright size-large is-resized\"><img alt=\"\" loading=\"lazy\" decoding=\"async\" width=\"1024\" height=\"1024\" src=\"https:\/\/www.veolyss.com\/wp-content\/uploads\/2025\/02\/Image-choix-RAF-VILO-1024x1024.png\" alt=\"\" class=\"wp-image-2449\" style=\"width:294px;height:auto\" srcset=\"https:\/\/www.veolyss.com\/wp-content\/uploads\/2025\/02\/Image-choix-RAF-VILO-1024x1024.png 1024w, https:\/\/www.veolyss.com\/wp-content\/uploads\/2025\/02\/Image-choix-RAF-VILO-300x300.png 300w, https:\/\/www.veolyss.com\/wp-content\/uploads\/2025\/02\/Image-choix-RAF-VILO-150x150.png 150w, https:\/\/www.veolyss.com\/wp-content\/uploads\/2025\/02\/Image-choix-RAF-VILO-768x768.png 768w, https:\/\/www.veolyss.com\/wp-content\/uploads\/2025\/02\/Image-choix-RAF-VILO-400x400.png 400w, https:\/\/www.veolyss.com\/wp-content\/uploads\/2025\/02\/Image-choix-RAF-VILO-600x600.png 600w, https:\/\/www.veolyss.com\/wp-content\/uploads\/2025\/02\/Image-choix-RAF-VILO.png 1200w\" sizes=\"auto, (max-width: 1024px) 100vw, 1024px\" \/><\/figure>\n<\/div><\/div>\n<\/div>\n\n\n\n<h2 class=\"wp-block-heading\"><mark style=\"background-color:rgba(0, 0, 0, 0)\" class=\"has-inline-color has-contrast-2-color\">Kak\u0161na je razlika med hladilnikom zraka in klimatsko napravo?<\/mark><\/h2>\n\n\n\n<p>Za razliko od klimatskih naprav hladilniki zraka ne uporabljajo \u0161kodljivega hladilnega plina. Porabi desetkrat manj elektri\u010dne energije kot klimatska naprava, obe napravi pa zahtevata razli\u010dno raven vzdr\u017eevanja. <br>V nasprotju s klimatskimi napravami so pri hladilnikih vrata in okna v prostoru odprta. Na\u0161i hladilniki so idealni za poslovne prostore, hangarje in odprte logisti\u010dne hale. Adiabatski hladilnik zraka <strong><mark style=\"background-color:rgba(0, 0, 0, 0)\" class=\"has-inline-color has-contrast-color\">VEOLYSS <\/mark><\/strong>adiabatni hladilnik zraka ne izsu\u0161uje okoli\u0161kega zraka in ohranja naravno raven vla\u017enosti. V prostor dovaja zrak s temperaturo, ki je od 3 do 12 \u00b0C ni\u017eja od temperature zunanjega zraka.   <\/p>\n\n\n\n<p><\/p>\n","protected":false},"excerpt":{"rendered":"<p>Dobrodo\u0161li v na\u0161i ponudbi adiabatskih hladilnikov zraka, posebej zasnovanih za optimizacijo udobja v industrijskih okoljih. Te okolju prijazne in stro\u0161kovno u\u010dinkovite enote zdru\u017eujejo u\u010dinkovitost, prakti\u010dnost in zmogljivost, vsaka pa ponuja edinstvene funkcije, prilagojene va\u0161im potrebam. Zakaj izbrati na\u0161e osve\u017eilce zraka VEOLYSS? Odkrijte na\u0161o ponudbo mobilnih uparjalnih hladilnikov zraka: serija VL Na\u0161i uparjalni hladilniki zraka VL &#8230; <a title=\"Razi\u0161\u010dite na\u0161o ponudbo industrijskih hladilnikov zraka\" class=\"read-more\" href=\"https:\/\/www.veolyss.com\/sl\/raziscite-naso-ponudbo-industrijskih-hladilnikov-zraka\/\" aria-label=\"Read more about Razi\u0161\u010dite na\u0161o ponudbo industrijskih hladilnikov zraka\">Read more<\/a><\/p>\n","protected":false},"author":2,"featured_media":0,"parent":0,"menu_order":0,"comment_status":"closed","ping_status":"closed","template":"","meta":{"_seopress_robots_primary_cat":"","_seopress_titles_title":"","_seopress_titles_desc":"","_seopress_robots_index":"","footnotes":""},"class_list":["post-2466","page","type-page","status-publish"],"_links":{"self":[{"href":"https:\/\/www.veolyss.com\/sl\/wp-json\/wp\/v2\/pages\/2466","targetHints":{"allow":["GET"]}}],"collection":[{"href":"https:\/\/www.veolyss.com\/sl\/wp-json\/wp\/v2\/pages"}],"about":[{"href":"https:\/\/www.veolyss.com\/sl\/wp-json\/wp\/v2\/types\/page"}],"author":[{"embeddable":true,"href":"https:\/\/www.veolyss.com\/sl\/wp-json\/wp\/v2\/users\/2"}],"replies":[{"embeddable":true,"href":"https:\/\/www.veolyss.com\/sl\/wp-json\/wp\/v2\/comments?post=2466"}],"version-history":[{"count":17,"href":"https:\/\/www.veolyss.com\/sl\/wp-json\/wp\/v2\/pages\/2466\/revisions"}],"predecessor-version":[{"id":5035,"href":"https:\/\/www.veolyss.com\/sl\/wp-json\/wp\/v2\/pages\/2466\/revisions\/5035"}],"wp:attachment":[{"href":"https:\/\/www.veolyss.com\/sl\/wp-json\/wp\/v2\/media?parent=2466"}],"curies":[{"name":"wp","href":"https:\/\/api.w.org\/{rel}","templated":true}]}}