{"id":4349,"date":"2025-03-19T18:51:06","date_gmt":"2025-03-19T17:51:06","guid":{"rendered":"https:\/\/vilo-cooler.com\/politica-de-privacidade\/"},"modified":"2025-03-19T18:56:13","modified_gmt":"2025-03-19T17:56:13","slug":"politica-de-privacidade","status":"publish","type":"page","link":"https:\/\/www.veolyss.com\/pt-pt\/politica-de-privacidade\/","title":{"rendered":"Pol\u00edtica de privacidade"},"content":{"rendered":"\n<h2 class=\"wp-block-heading\">Dados recolhidos<\/h2>\n\n<p>Recolhemos os seguintes dados:<\/p>\n\n<ul class=\"wp-block-list\">\n<li>Nome\/ Nome pr\u00f3prio<\/li>\n\n\n\n<li>Endere\u00e7o de correio eletr\u00f3nico<\/li>\n\n\n\n<li>Telefone<\/li>\n\n\n\n<li>Endere\u00e7o<\/li>\n\n\n\n<li>Dom\u00ednio de atividade<\/li>\n\n\n\n<li>Endere\u00e7o IP<\/li>\n\n\n\n<li>Cookies e dados de navega\u00e7\u00e3o<\/li>\n<\/ul>\n\n<h2 class=\"wp-block-heading\">Objetivo da recolha<\/h2>\n\n<p>Os teus dados s\u00e3o utilizados para :<\/p>\n\n<ul class=\"wp-block-list\">\n<li>Gerir os teus pedidos atrav\u00e9s do formul\u00e1rio de contacto<\/li>\n\n\n\n<li>Melhora a experi\u00eancia do utilizador e analisa o tr\u00e1fego<\/li>\n\n\n\n<li>Enviar-te boletins informativos (com o teu consentimento)<\/li>\n<\/ul>\n\n<h2 class=\"wp-block-heading\">Partilha de dados<\/h2>\n\n<p>Os teus dados n\u00e3o ser\u00e3o vendidos. Podem ser partilhados com prestadores de servi\u00e7os t\u00e9cnicos para o bom funcionamento do s\u00edtio. <\/p>\n\n<h2 class=\"wp-block-heading\">Os teus direitos<\/h2>\n\n<p>De acordo com o RGPD, tens os seguintes direitos:<\/p>\n\n<ul class=\"wp-block-list\">\n<li>Acesso, retifica\u00e7\u00e3o e elimina\u00e7\u00e3o dos teus dados<\/li>\n\n\n\n<li>Oposi\u00e7\u00e3o ao tratamento dos teus dados<\/li>\n\n\n\n<li>Portabilidade dos teus dados<\/li>\n\n\n\n<li>Retirar o teu consentimento<\/li>\n<\/ul>\n\n<p>Para exerceres os teus direitos, contacta-nos atrav\u00e9s do endere\u00e7o contact@vilo-cooler.com<\/p>\n","protected":false},"excerpt":{"rendered":"<p>Dados recolhidos Recolhemos os seguintes dados: Objetivo da recolha Os teus dados s\u00e3o utilizados para : Partilha de dados Os teus dados n\u00e3o ser\u00e3o vendidos. Podem ser partilhados com prestadores de servi\u00e7os t\u00e9cnicos para o bom funcionamento do s\u00edtio. Os teus direitos De acordo com o RGPD, tens os seguintes direitos: Para exerceres os teus &#8230; <a title=\"Pol\u00edtica de privacidade\" class=\"read-more\" href=\"https:\/\/www.veolyss.com\/pt-pt\/politica-de-privacidade\/\" aria-label=\"Leia mais sobre Pol\u00edtica de privacidade\">Ler mais<\/a><\/p>\n","protected":false},"author":1,"featured_media":0,"parent":0,"menu_order":0,"comment_status":"closed","ping_status":"closed","template":"","meta":{"_seopress_robots_primary_cat":"","_seopress_titles_title":"pol\u00edtica de privacidade do vilo-cooler.com","_seopress_titles_desc":"o texto completo da pol\u00edtica de privacidade do vilo-cooler.com","_seopress_robots_index":"sim","footnotes":""},"class_list":["post-4349","page","type-page","status-publish"],"_links":{"self":[{"href":"https:\/\/www.veolyss.com\/pt-pt\/wp-json\/wp\/v2\/pages\/4349","targetHints":{"allow":["GET"]}}],"collection":[{"href":"https:\/\/www.veolyss.com\/pt-pt\/wp-json\/wp\/v2\/pages"}],"about":[{"href":"https:\/\/www.veolyss.com\/pt-pt\/wp-json\/wp\/v2\/types\/page"}],"author":[{"embeddable":true,"href":"https:\/\/www.veolyss.com\/pt-pt\/wp-json\/wp\/v2\/users\/1"}],"replies":[{"embeddable":true,"href":"https:\/\/www.veolyss.com\/pt-pt\/wp-json\/wp\/v2\/comments?post=4349"}],"version-history":[{"count":1,"href":"https:\/\/www.veolyss.com\/pt-pt\/wp-json\/wp\/v2\/pages\/4349\/revisions"}],"predecessor-version":[{"id":4351,"href":"https:\/\/www.veolyss.com\/pt-pt\/wp-json\/wp\/v2\/pages\/4349\/revisions\/4351"}],"wp:attachment":[{"href":"https:\/\/www.veolyss.com\/pt-pt\/wp-json\/wp\/v2\/media?parent=4349"}],"curies":[{"name":"wp","href":"https:\/\/api.w.org\/{rel}","templated":true}]}}