{"id":4332,"date":"2025-03-19T18:47:11","date_gmt":"2025-03-19T17:47:11","guid":{"rendered":"https:\/\/vilo-cooler.com\/informacao-juridica\/"},"modified":"2025-03-19T18:56:12","modified_gmt":"2025-03-19T17:56:12","slug":"informacao-juridica","status":"publish","type":"page","link":"https:\/\/www.veolyss.com\/pt-pt\/informacao-juridica\/","title":{"rendered":"Informa\u00e7\u00e3o jur\u00eddica"},"content":{"rendered":"\n<h2 class=\"wp-block-heading\">Editor do s\u00edtio Web<\/h2>\n\n<ul class=\"wp-block-list\">\n<li>Nome da empresa: OBERA<\/li>\n\n\n\n<li>Endere\u00e7o: 16 Rue de la Batterie, 67118 GEISPOLSHEIM<\/li>\n\n\n\n<li>Email : contact@obera.fr<\/li>\n\n\n\n<li>Telefone: 03.67.10.66.75<\/li>\n\n\n\n<li>N\u00famero SIRET: 832 913 487 00027<\/li>\n<\/ul>\n\n<h2 class=\"wp-block-heading\">Anfitri\u00e3o do s\u00edtio<\/h2>\n\n<ul class=\"wp-block-list\">\n<li>Nome do anfitri\u00e3o: o2switch SAS com um capital de 100 000 euros<\/li>\n\n\n\n<li>Endere\u00e7o: Chemin des Pardiaux, 63000 Clermont-Ferrand<\/li>\n\n\n\n<li>SIRET: 510 909 807 00032 RCS Clermont Ferrand<\/li>\n<\/ul>\n\n<h2 class=\"wp-block-heading\">Propriedade intelectual<\/h2>\n\n<p>Todos os conte\u00fados (textos, imagens, log\u00f3tipos) est\u00e3o protegidos pelo direito de propriedade intelectual. A sua reprodu\u00e7\u00e3o \u00e9 proibida sem autoriza\u00e7\u00e3o pr\u00e9via. <\/p>\n\n<h2 class=\"wp-block-heading\">Responsabilidade civil<\/h2>\n\n<p>O editor do s\u00edtio n\u00e3o pode ser responsabilizado por quaisquer erros ou omiss\u00f5es no s\u00edtio.<\/p>\n","protected":false},"excerpt":{"rendered":"<p>Editor do s\u00edtio Web Anfitri\u00e3o do s\u00edtio Propriedade intelectual Todos os conte\u00fados (textos, imagens, log\u00f3tipos) est\u00e3o protegidos pelo direito de propriedade intelectual. A sua reprodu\u00e7\u00e3o \u00e9 proibida sem autoriza\u00e7\u00e3o pr\u00e9via. Responsabilidade civil O editor do s\u00edtio n\u00e3o pode ser responsabilizado por quaisquer erros ou omiss\u00f5es no s\u00edtio.<\/p>\n","protected":false},"author":1,"featured_media":0,"parent":0,"menu_order":0,"comment_status":"closed","ping_status":"closed","template":"","meta":{"_seopress_robots_primary_cat":"","_seopress_titles_title":"Informa\u00e7\u00e3o legal para Vilo Cooler","_seopress_titles_desc":"informa\u00e7\u00f5es legais para o s\u00edtio web vilo-cooler.com","_seopress_robots_index":"","footnotes":""},"class_list":["post-4332","page","type-page","status-publish"],"_links":{"self":[{"href":"https:\/\/www.veolyss.com\/pt-pt\/wp-json\/wp\/v2\/pages\/4332","targetHints":{"allow":["GET"]}}],"collection":[{"href":"https:\/\/www.veolyss.com\/pt-pt\/wp-json\/wp\/v2\/pages"}],"about":[{"href":"https:\/\/www.veolyss.com\/pt-pt\/wp-json\/wp\/v2\/types\/page"}],"author":[{"embeddable":true,"href":"https:\/\/www.veolyss.com\/pt-pt\/wp-json\/wp\/v2\/users\/1"}],"replies":[{"embeddable":true,"href":"https:\/\/www.veolyss.com\/pt-pt\/wp-json\/wp\/v2\/comments?post=4332"}],"version-history":[{"count":1,"href":"https:\/\/www.veolyss.com\/pt-pt\/wp-json\/wp\/v2\/pages\/4332\/revisions"}],"predecessor-version":[{"id":4333,"href":"https:\/\/www.veolyss.com\/pt-pt\/wp-json\/wp\/v2\/pages\/4332\/revisions\/4333"}],"wp:attachment":[{"href":"https:\/\/www.veolyss.com\/pt-pt\/wp-json\/wp\/v2\/media?parent=4332"}],"curies":[{"name":"wp","href":"https:\/\/api.w.org\/{rel}","templated":true}]}}