{"id":2771,"date":"2022-05-10T20:33:20","date_gmt":"2022-05-10T18:33:20","guid":{"rendered":"https:\/\/vilo-cooler.com\/os-nossos-conselhos\/"},"modified":"2025-08-21T09:45:44","modified_gmt":"2025-08-21T07:45:44","slug":"os-nossos-conselhos","status":"publish","type":"page","link":"https:\/\/www.veolyss.com\/pt-pt\/os-nossos-conselhos\/","title":{"rendered":"Os nossos conselhos"},"content":{"rendered":"\n<p><br\/><br\/>Bem-vindo ao <strong><mark style=\"background-color:rgba(0, 0, 0, 0)\" class=\"has-inline-color has-contrast-color\">VEOLYSS Cooler<\/mark><\/strong>o <strong>especialista em refrigeradores de ar para empresas<\/strong>. Aqui, partilhamos os nossos conselhos, conhecimentos e solu\u00e7\u00f5es inovadoras para melhorar o conforto dos teus espa\u00e7os profissionais. <strong>Mant\u00e9m<\/strong> as tuas equipas e clientes num <strong>ambiente fresco e agrad\u00e1vel<\/strong>, mesmo com o tempo mais quente!<\/p>\n\n<div class=\"gb-grid-wrapper gb-grid-wrapper-07af4c16 gb-query-loop-wrapper\">\n<div class=\"gb-grid-column gb-grid-column-2e3a1acf gb-query-loop-item post-2882 post type-post status-publish format-standard has-post-thumbnail hentry category-sem-categoria\"><article class=\"gb-container gb-container-2e3a1acf\"><div class=\"gb-inside-container\">\n<figure class=\"gb-block-image gb-block-image-06177060\"><a href=\"https:\/\/www.veolyss.com\/pt-pt\/refrigeradores-de-ar-industriais-escolher-o-mais-adequado-para-controlar-a-temperatura-na-tua-oficina\/\"><img loading=\"lazy\" decoding=\"async\" width=\"300\" height=\"195\" src=\"https:\/\/www.veolyss.com\/wp-content\/uploads\/2025\/01\/entrepot-1-300x195.png\" class=\"gb-image-06177060\" alt=\"entrep\u00f4t\" srcset=\"https:\/\/www.veolyss.com\/wp-content\/uploads\/2025\/01\/entrepot-1-300x195.png 300w, https:\/\/www.veolyss.com\/wp-content\/uploads\/2025\/01\/entrepot-1-1024x667.png 1024w, https:\/\/www.veolyss.com\/wp-content\/uploads\/2025\/01\/entrepot-1-768x500.png 768w, https:\/\/www.veolyss.com\/wp-content\/uploads\/2025\/01\/entrepot-1.png 1229w\" sizes=\"auto, (max-width: 300px) 100vw, 300px\" \/><\/a><\/figure>\n\n<h2 class=\"gb-headline gb-headline-d979bae1 gb-headline-text\"><a href=\"https:\/\/www.veolyss.com\/pt-pt\/refrigeradores-de-ar-industriais-escolher-o-mais-adequado-para-controlar-a-temperatura-na-tua-oficina\/\">Refrigeradores de ar industriais: escolher o mais adequado para controlar a temperatura na tua oficina<\/a><\/h2>\n\n<div class=\"gb-headline gb-headline-5c371095 gb-headline-text\">Os teus processos industriais provocam a acumula\u00e7\u00e3o de calor? O ar condicionado torna-se essencial para manter uma temperatura interior confort\u00e1vel nas instala\u00e7\u00f5es da tua empresa. O refrigerador de ar industrial, tamb\u00e9m conhecido como refrigerador adiab\u00e1tico, \u00e9 uma solu\u00e7\u00e3o eficaz e econ\u00f3mica. F\u00e1cil de instalar, m\u00f3vel, energeticamente eficiente e de manuten\u00e7\u00e3o simples, oferece uma alternativa de elevado desempenho aos aparelhos de ar condicionado tradicionais. Utilizando o princ\u00edpio da evapora\u00e7\u00e3o da \u00e1gua, este sistema gera ar fresco e saud\u00e1vel, ideal para a tua oficina.    <\/div>\n<\/div><\/article><\/div>\n\n<div class=\"gb-grid-column gb-grid-column-2e3a1acf gb-query-loop-item post-2899 post type-post status-publish format-standard has-post-thumbnail hentry category-sem-categoria\"><article class=\"gb-container gb-container-2e3a1acf\"><div class=\"gb-inside-container\">\n<figure class=\"gb-block-image gb-block-image-06177060\"><a href=\"https:\/\/www.veolyss.com\/pt-pt\/metodos-para-determinar-o-caudal-de-ar-de-um-refrigerador-de-ar-industrial\/\"><img loading=\"lazy\" decoding=\"async\" width=\"300\" height=\"198\" src=\"https:\/\/www.veolyss.com\/wp-content\/uploads\/2025\/01\/Banniere-debit-air-1-300x198.png\" class=\"gb-image-06177060\" alt=\"manom\u00e8tre\" srcset=\"https:\/\/www.veolyss.com\/wp-content\/uploads\/2025\/01\/Banniere-debit-air-1-300x198.png 300w, https:\/\/www.veolyss.com\/wp-content\/uploads\/2025\/01\/Banniere-debit-air-1-1024x676.png 1024w, https:\/\/www.veolyss.com\/wp-content\/uploads\/2025\/01\/Banniere-debit-air-1-768x507.png 768w, https:\/\/www.veolyss.com\/wp-content\/uploads\/2025\/01\/Banniere-debit-air-1.png 1212w\" sizes=\"auto, (max-width: 300px) 100vw, 300px\" \/><\/a><\/figure>\n\n<h2 class=\"gb-headline gb-headline-d979bae1 gb-headline-text\"><a href=\"https:\/\/www.veolyss.com\/pt-pt\/metodos-para-determinar-o-caudal-de-ar-de-um-refrigerador-de-ar-industrial\/\">M\u00e9todos para determinar o caudal de ar de um refrigerador de ar industrial<\/a><\/h2>\n\n<div class=\"gb-headline gb-headline-5c371095 gb-headline-text\">Se precisar de baixar a temperatura num armaz\u00e9m, oficina, f\u00e1brica ou estabelecimento comercial, seja para um restaurante, edif\u00edcio agr\u00edcola ou oficina, a Vilo tem a solu\u00e7\u00e3o econ\u00f3mica para si. Os nossos refrigeradores adiab\u00e1ticos geram um fluxo constante de ar frio, com uma redu\u00e7\u00e3o de temperatura de 4\u00b0C a 12\u00b0C em compara\u00e7\u00e3o com o ar de entrada. <\/div>\n<\/div><\/article><\/div>\n\n<div class=\"gb-grid-column gb-grid-column-2e3a1acf gb-query-loop-item post-3002 post type-post status-publish format-standard has-post-thumbnail hentry category-sem-categoria\"><article class=\"gb-container gb-container-2e3a1acf\"><div class=\"gb-inside-container\">\n<figure class=\"gb-block-image gb-block-image-06177060\"><a href=\"https:\/\/www.veolyss.com\/pt-pt\/o-arrefecedor-adiabatico-movel-uma-solucao-ideal-para-arrefecimento-de-emergencia-e-necessidades-temporarias\/\"><img loading=\"lazy\" decoding=\"async\" width=\"300\" height=\"209\" src=\"https:\/\/www.veolyss.com\/wp-content\/uploads\/2025\/01\/Banniere-solution-300x209.jpg\" class=\"gb-image-06177060\" alt=\"\" srcset=\"https:\/\/www.veolyss.com\/wp-content\/uploads\/2025\/01\/Banniere-solution-300x209.jpg 300w, https:\/\/www.veolyss.com\/wp-content\/uploads\/2025\/01\/Banniere-solution-1024x712.jpg 1024w, https:\/\/www.veolyss.com\/wp-content\/uploads\/2025\/01\/Banniere-solution-768x534.jpg 768w, https:\/\/www.veolyss.com\/wp-content\/uploads\/2025\/01\/Banniere-solution-1536x1068.jpg 1536w, https:\/\/www.veolyss.com\/wp-content\/uploads\/2025\/01\/Banniere-solution-2048x1423.jpg 2048w\" sizes=\"auto, (max-width: 300px) 100vw, 300px\" \/><\/a><\/figure>\n\n<h2 class=\"gb-headline gb-headline-d979bae1 gb-headline-text\"><a href=\"https:\/\/www.veolyss.com\/pt-pt\/o-arrefecedor-adiabatico-movel-uma-solucao-ideal-para-arrefecimento-de-emergencia-e-necessidades-temporarias\/\">O arrefecedor adiab\u00e1tico m\u00f3vel, uma solu\u00e7\u00e3o ideal para arrefecimento de emerg\u00eancia e necessidades tempor\u00e1rias<\/a><\/h2>\n\n<div class=\"gb-headline gb-headline-5c371095 gb-headline-text\">Estes epis\u00f3dios s\u00fabitos podem saturar os sistemas de arrefecimento habituais de um estaleiro, criando situa\u00e7\u00f5es cr\u00edticas que exigem uma interven\u00e7\u00e3o r\u00e1pida. Os trabalhadores sofrem uma quebra de produtividade e a sua sa\u00fade \u00e9 posta em risco (ar dif\u00edcil de respirar, condi\u00e7\u00f5es de trabalho deterioradas).   <\/div>\n<\/div><\/article><\/div>\n\n<div class=\"gb-grid-column gb-grid-column-2e3a1acf gb-query-loop-item post-3034 post type-post status-publish format-standard has-post-thumbnail hentry category-sem-categoria\"><article class=\"gb-container gb-container-2e3a1acf\"><div class=\"gb-inside-container\">\n<figure class=\"gb-block-image gb-block-image-06177060\"><a href=\"https:\/\/www.veolyss.com\/pt-pt\/a-vilo-instala-um-refrigerador-de-ar-evaporativo-num-pavilhao-desportivo\/\"><img loading=\"lazy\" decoding=\"async\" width=\"300\" height=\"200\" src=\"https:\/\/www.veolyss.com\/wp-content\/uploads\/2025\/01\/salle-de-sport-1-300x200.jpg\" class=\"gb-image-06177060\" alt=\"salle de sport avec diverses machines comme des v\u00e9los ou des poids\" srcset=\"https:\/\/www.veolyss.com\/wp-content\/uploads\/2025\/01\/salle-de-sport-1-300x200.jpg 300w, https:\/\/www.veolyss.com\/wp-content\/uploads\/2025\/01\/salle-de-sport-1-1024x683.jpg 1024w, https:\/\/www.veolyss.com\/wp-content\/uploads\/2025\/01\/salle-de-sport-1-768x512.jpg 768w, https:\/\/www.veolyss.com\/wp-content\/uploads\/2025\/01\/salle-de-sport-1-1536x1024.jpg 1536w, https:\/\/www.veolyss.com\/wp-content\/uploads\/2025\/01\/salle-de-sport-1-2048x1366.jpg 2048w\" sizes=\"auto, (max-width: 300px) 100vw, 300px\" \/><\/a><\/figure>\n\n<h2 class=\"gb-headline gb-headline-d979bae1 gb-headline-text\"><a href=\"https:\/\/www.veolyss.com\/pt-pt\/a-vilo-instala-um-refrigerador-de-ar-evaporativo-num-pavilhao-desportivo\/\">A VILO instala um refrigerador de ar evaporativo num pavilh\u00e3o desportivo<\/a><\/h2>\n\n<div class=\"gb-headline gb-headline-5c371095 gb-headline-text\">Devido \u00e0 sua localiza\u00e7\u00e3o diretamente sob o telhado do estabelecimento, o calor era particularmente intenso, atingindo at\u00e9 30 graus no pavilh\u00e3o desportivo. A instala\u00e7\u00e3o do nosso VL-220 reduziu a temperatura em mais de 5 graus. <\/div>\n<\/div><\/article><\/div>\n\n<div class=\"gb-grid-column gb-grid-column-2e3a1acf gb-query-loop-item post-3047 post type-post status-publish format-standard has-post-thumbnail hentry category-sem-categoria\"><article class=\"gb-container gb-container-2e3a1acf\"><div class=\"gb-inside-container\">\n<figure class=\"gb-block-image gb-block-image-06177060\"><a href=\"https:\/\/www.veolyss.com\/pt-pt\/tudo-o-que-precisas-de-saber-sobre-os-refrigeradores-adiabaticos-industriais\/\"><img loading=\"lazy\" decoding=\"async\" width=\"300\" height=\"200\" src=\"https:\/\/www.veolyss.com\/wp-content\/uploads\/2025\/01\/Banniere-nature-300x200.jpg\" class=\"gb-image-06177060\" alt=\"\" srcset=\"https:\/\/www.veolyss.com\/wp-content\/uploads\/2025\/01\/Banniere-nature-300x200.jpg 300w, https:\/\/www.veolyss.com\/wp-content\/uploads\/2025\/01\/Banniere-nature-1024x683.jpg 1024w, https:\/\/www.veolyss.com\/wp-content\/uploads\/2025\/01\/Banniere-nature-768x512.jpg 768w, https:\/\/www.veolyss.com\/wp-content\/uploads\/2025\/01\/Banniere-nature-1536x1024.jpg 1536w, https:\/\/www.veolyss.com\/wp-content\/uploads\/2025\/01\/Banniere-nature-2048x1365.jpg 2048w\" sizes=\"auto, (max-width: 300px) 100vw, 300px\" \/><\/a><\/figure>\n\n<h2 class=\"gb-headline gb-headline-d979bae1 gb-headline-text\"><a href=\"https:\/\/www.veolyss.com\/pt-pt\/tudo-o-que-precisas-de-saber-sobre-os-refrigeradores-adiabaticos-industriais\/\">Tudo o que precisas de saber sobre os refrigeradores adiab\u00e1ticos industriais<\/a><\/h2>\n\n<div class=\"gb-headline gb-headline-5c371095 gb-headline-text\">O refrigerador industrial adiab\u00e1tico \u00e9 uma solu\u00e7\u00e3o de alto desempenho para arrefecer e climatizar espa\u00e7os industriais. O seu funcionamento baseia-se num mecanismo simples: a evapora\u00e7\u00e3o da \u00e1gua. <\/div>\n<\/div><\/article><\/div>\n\n<div class=\"gb-grid-column gb-grid-column-2e3a1acf gb-query-loop-item post-3143 post type-post status-publish format-standard has-post-thumbnail hentry category-sem-categoria\"><article class=\"gb-container gb-container-2e3a1acf\"><div class=\"gb-inside-container\">\n<figure class=\"gb-block-image gb-block-image-06177060\"><a href=\"https:\/\/www.veolyss.com\/pt-pt\/faq-sobre-refrigeradores-de-ar-adiabaticos\/\"><img loading=\"lazy\" decoding=\"async\" width=\"300\" height=\"200\" src=\"https:\/\/www.veolyss.com\/wp-content\/uploads\/2025\/01\/Banniere-FAQ-300x200.jpg\" class=\"gb-image-06177060\" alt=\"\" srcset=\"https:\/\/www.veolyss.com\/wp-content\/uploads\/2025\/01\/Banniere-FAQ-300x200.jpg 300w, https:\/\/www.veolyss.com\/wp-content\/uploads\/2025\/01\/Banniere-FAQ-1024x684.jpg 1024w, https:\/\/www.veolyss.com\/wp-content\/uploads\/2025\/01\/Banniere-FAQ-768x513.jpg 768w, https:\/\/www.veolyss.com\/wp-content\/uploads\/2025\/01\/Banniere-FAQ-1536x1025.jpg 1536w, https:\/\/www.veolyss.com\/wp-content\/uploads\/2025\/01\/Banniere-FAQ-2048x1367.jpg 2048w\" sizes=\"auto, (max-width: 300px) 100vw, 300px\" \/><\/a><\/figure>\n\n<h2 class=\"gb-headline gb-headline-d979bae1 gb-headline-text\"><a href=\"https:\/\/www.veolyss.com\/pt-pt\/faq-sobre-refrigeradores-de-ar-adiabaticos\/\">FAQ sobre refrigeradores de ar adiab\u00e1ticos<\/a><\/h2>\n\n<div class=\"gb-headline gb-headline-5c371095 gb-headline-text\">N\u00e3o, muito pelo contr\u00e1rio! Esta quest\u00e3o baseia-se frequentemente na ideia errada de que o ligeiro aumento da humidade causado pelos refrigeradores evaporativos encorajaria o crescimento de v\u00edrus, bact\u00e9rias e bolor. No entanto, todos os ambientadores VILO est\u00e3o equipados com uma l\u00e2mpada UV, que purifica o ar eliminando as part\u00edculas suscept\u00edveis de propagar agentes patog\u00e9nicos.  <\/div>\n<\/div><\/article><\/div>\n\n<div class=\"gb-grid-column gb-grid-column-2e3a1acf gb-query-loop-item post-3172 post type-post status-publish format-standard has-post-thumbnail hentry category-sem-categoria\"><article class=\"gb-container gb-container-2e3a1acf\"><div class=\"gb-inside-container\">\n<figure class=\"gb-block-image gb-block-image-06177060\"><a href=\"https:\/\/www.veolyss.com\/pt-pt\/refrigeradores-de-ar-adiabaticos-moveis-uma-solucao-flexivel-e-eficiente-para-a-industria\/\"><img loading=\"lazy\" decoding=\"async\" width=\"300\" height=\"200\" src=\"https:\/\/www.veolyss.com\/wp-content\/uploads\/2025\/01\/Banniere-industrie-300x200.jpg\" class=\"gb-image-06177060\" alt=\"\" srcset=\"https:\/\/www.veolyss.com\/wp-content\/uploads\/2025\/01\/Banniere-industrie-300x200.jpg 300w, https:\/\/www.veolyss.com\/wp-content\/uploads\/2025\/01\/Banniere-industrie-1024x683.jpg 1024w, https:\/\/www.veolyss.com\/wp-content\/uploads\/2025\/01\/Banniere-industrie-768x512.jpg 768w, https:\/\/www.veolyss.com\/wp-content\/uploads\/2025\/01\/Banniere-industrie-1536x1024.jpg 1536w, https:\/\/www.veolyss.com\/wp-content\/uploads\/2025\/01\/Banniere-industrie-2048x1365.jpg 2048w\" sizes=\"auto, (max-width: 300px) 100vw, 300px\" \/><\/a><\/figure>\n\n<h2 class=\"gb-headline gb-headline-d979bae1 gb-headline-text\"><a href=\"https:\/\/www.veolyss.com\/pt-pt\/refrigeradores-de-ar-adiabaticos-moveis-uma-solucao-flexivel-e-eficiente-para-a-industria\/\">Refrigeradores de ar adiab\u00e1ticos m\u00f3veis: uma solu\u00e7\u00e3o flex\u00edvel e eficiente para a ind\u00fastria<\/a><\/h2>\n\n<div class=\"gb-headline gb-headline-5c371095 gb-headline-text\">A flexibilidade est\u00e1 no centro do funcionamento de um refrigerador evaporativo m\u00f3vel. Gra\u00e7as \u00e0 sua mobilidade, pode ser adaptado a uma vasta gama de situa\u00e7\u00f5es em que o arrefecimento do ambiente de trabalho \u00e9 essencial. Esta flexibilidade manifesta-se tanto a n\u00edvel espacial como temporal.  <\/div>\n<\/div><\/article><\/div>\n\n<div class=\"gb-grid-column gb-grid-column-2e3a1acf gb-query-loop-item post-3210 post type-post status-publish format-standard has-post-thumbnail hentry category-sem-categoria\"><article class=\"gb-container gb-container-2e3a1acf\"><div class=\"gb-inside-container\">\n<figure class=\"gb-block-image gb-block-image-06177060\"><a href=\"https:\/\/www.veolyss.com\/pt-pt\/guia-pratico-tudo-o-que-precisas-de-saber-para-manter-um-refrigerador-industrial\/\"><img loading=\"lazy\" decoding=\"async\" width=\"300\" height=\"200\" src=\"https:\/\/www.veolyss.com\/wp-content\/uploads\/2025\/01\/Banniere-nettoyage-300x200.jpg\" class=\"gb-image-06177060\" alt=\"\" srcset=\"https:\/\/www.veolyss.com\/wp-content\/uploads\/2025\/01\/Banniere-nettoyage-300x200.jpg 300w, https:\/\/www.veolyss.com\/wp-content\/uploads\/2025\/01\/Banniere-nettoyage-1024x683.jpg 1024w, https:\/\/www.veolyss.com\/wp-content\/uploads\/2025\/01\/Banniere-nettoyage-768x512.jpg 768w, https:\/\/www.veolyss.com\/wp-content\/uploads\/2025\/01\/Banniere-nettoyage-1536x1024.jpg 1536w, https:\/\/www.veolyss.com\/wp-content\/uploads\/2025\/01\/Banniere-nettoyage-2048x1365.jpg 2048w\" sizes=\"auto, (max-width: 300px) 100vw, 300px\" \/><\/a><\/figure>\n\n<h2 class=\"gb-headline gb-headline-d979bae1 gb-headline-text\"><a href=\"https:\/\/www.veolyss.com\/pt-pt\/guia-pratico-tudo-o-que-precisas-de-saber-para-manter-um-refrigerador-industrial\/\">Guia pr\u00e1tico: Tudo o que precisas de saber para manter um refrigerador industrial<\/a><\/h2>\n\n<div class=\"gb-headline gb-headline-5c371095 gb-headline-text\">Queres proteger os teus empregados do stress t\u00e9rmico? Um refrigerador evaporativo \u00e9 uma solu\u00e7\u00e3o fi\u00e1vel para baixar a temperatura no seu armaz\u00e9m ou instala\u00e7\u00f5es comerciais. Com uma manuten\u00e7\u00e3o regular, este equipamento pode funcionar com toda a efici\u00eancia durante muitos anos.  <\/div>\n<\/div><\/article><\/div>\n\n<div class=\"gb-grid-column gb-grid-column-2e3a1acf gb-query-loop-item post-3247 post type-post status-publish format-standard has-post-thumbnail hentry category-sem-categoria\"><article class=\"gb-container gb-container-2e3a1acf\"><div class=\"gb-inside-container\">\n<figure class=\"gb-block-image gb-block-image-06177060\"><a href=\"https:\/\/www.veolyss.com\/pt-pt\/qual-e-a-diferenca-entre-uma-geleira-e-um-ar-condicionado\/\"><img loading=\"lazy\" decoding=\"async\" width=\"300\" height=\"190\" src=\"https:\/\/www.veolyss.com\/wp-content\/uploads\/2025\/01\/Banniere-RAF-VS-clim-300x190.png\" class=\"gb-image-06177060\" alt=\"\" srcset=\"https:\/\/www.veolyss.com\/wp-content\/uploads\/2025\/01\/Banniere-RAF-VS-clim-300x190.png 300w, https:\/\/www.veolyss.com\/wp-content\/uploads\/2025\/01\/Banniere-RAF-VS-clim-1024x649.png 1024w, https:\/\/www.veolyss.com\/wp-content\/uploads\/2025\/01\/Banniere-RAF-VS-clim-768x487.png 768w, https:\/\/www.veolyss.com\/wp-content\/uploads\/2025\/01\/Banniere-RAF-VS-clim-1536x974.png 1536w, https:\/\/www.veolyss.com\/wp-content\/uploads\/2025\/01\/Banniere-RAF-VS-clim-2048x1298.png 2048w\" sizes=\"auto, (max-width: 300px) 100vw, 300px\" \/><\/a><\/figure>\n\n<h2 class=\"gb-headline gb-headline-d979bae1 gb-headline-text\"><a href=\"https:\/\/www.veolyss.com\/pt-pt\/qual-e-a-diferenca-entre-uma-geleira-e-um-ar-condicionado\/\">Qual \u00e9 a diferen\u00e7a entre uma geleira e um ar condicionado?<\/a><\/h2>\n\n<div class=\"gb-headline gb-headline-5c371095 gb-headline-text\">Ar condicionado ou refrigeradores industriais? Embora partilhem a fun\u00e7\u00e3o de arrefecer o ar, as suas diferen\u00e7as s\u00e3o significativas em termos ecol\u00f3gicos e econ\u00f3micos. Os aparelhos de ar condicionado utilizam refrigerantes t\u00f3xicos, enquanto os refrigeradores utilizam apenas \u00e1gua.    <\/div>\n<\/div><\/article><\/div>\n<\/div>\n\n<div class=\"gb-container gb-container-ca04b990 gb-query-loop-pagination\">\n\n\n<span class=\"gb-button gb-button-f3326592 gb-button-text page-numbers gb-block-is-current\" aria-current=\"page\">1<\/span><a class=\"gb-button gb-button-f3326592 gb-button-text page-numbers\" href=\"?query-7097c1ff-page=2\">2<\/a>\n\n<a class=\"gb-button gb-button-86469464 gb-button-text\" href=\"\/pt-pt\/wp-json\/wp\/v2\/pages\/2771?query-7097c1ff-page=2\">Seguinte<\/a>\n<\/div>\n","protected":false},"excerpt":{"rendered":"<p>Bem-vindo ao VEOLYSS Coolero especialista em refrigeradores de ar para empresas. Aqui, partilhamos os nossos conselhos, conhecimentos e solu\u00e7\u00f5es inovadoras para melhorar o conforto dos teus espa\u00e7os profissionais. Mant\u00e9m as tuas equipas e clientes num ambiente fresco e agrad\u00e1vel, mesmo com o tempo mais quente!<\/p>\n","protected":false},"author":2,"featured_media":0,"parent":0,"menu_order":0,"comment_status":"closed","ping_status":"closed","template":"","meta":{"_seopress_robots_primary_cat":"","_seopress_titles_title":"Blogue - Refrigerador VEOLYSS","_seopress_titles_desc":"Descobre o blogue VEOLYSS Cooler, especialista em refrigeradores de ar para empresas. Conselhos, solu\u00e7\u00f5es e inova\u00e7\u00f5es para um conforto \u00f3timo no trabalho.","_seopress_robots_index":"","footnotes":""},"class_list":["post-2771","page","type-page","status-publish"],"_links":{"self":[{"href":"https:\/\/www.veolyss.com\/pt-pt\/wp-json\/wp\/v2\/pages\/2771","targetHints":{"allow":["GET"]}}],"collection":[{"href":"https:\/\/www.veolyss.com\/pt-pt\/wp-json\/wp\/v2\/pages"}],"about":[{"href":"https:\/\/www.veolyss.com\/pt-pt\/wp-json\/wp\/v2\/types\/page"}],"author":[{"embeddable":true,"href":"https:\/\/www.veolyss.com\/pt-pt\/wp-json\/wp\/v2\/users\/2"}],"replies":[{"embeddable":true,"href":"https:\/\/www.veolyss.com\/pt-pt\/wp-json\/wp\/v2\/comments?post=2771"}],"version-history":[{"count":2,"href":"https:\/\/www.veolyss.com\/pt-pt\/wp-json\/wp\/v2\/pages\/2771\/revisions"}],"predecessor-version":[{"id":4624,"href":"https:\/\/www.veolyss.com\/pt-pt\/wp-json\/wp\/v2\/pages\/2771\/revisions\/4624"}],"wp:attachment":[{"href":"https:\/\/www.veolyss.com\/pt-pt\/wp-json\/wp\/v2\/media?parent=2771"}],"curies":[{"name":"wp","href":"https:\/\/api.w.org\/{rel}","templated":true}]}}