{"id":2486,"date":"2025-02-02T19:30:33","date_gmt":"2025-02-02T18:30:33","guid":{"rendered":"https:\/\/vilo-cooler.com\/explora-a-nossa-gama-de-refrigeradores-de-ar-industriais\/"},"modified":"2025-09-17T08:42:08","modified_gmt":"2025-09-17T06:42:08","slug":"explora-a-nossa-gama-de-refrigeradores-de-ar-industriais","status":"publish","type":"page","link":"https:\/\/www.veolyss.com\/pt-pt\/explora-a-nossa-gama-de-refrigeradores-de-ar-industriais\/","title":{"rendered":"Explora a nossa gama de refrigeradores de ar industriais"},"content":{"rendered":"\n<p><br>Bem-vindo \u00e0 nossa sele\u00e7\u00e3o de refrigeradores de ar adiab\u00e1ticos, especialmente concebidos para otimizar o conforto em ambientes industriais. Estas unidades ecol\u00f3gicas e econ\u00f3micas combinam efici\u00eancia, praticidade e desempenho, cada uma oferecendo carater\u00edsticas \u00fanicas adaptadas \u00e0s suas necessidades. <\/p>\n\n\n\n<h2 class=\"wp-block-heading\"><mark style=\"background-color:rgba(0, 0, 0, 0)\" class=\"has-inline-color has-accent-2-color\">Porqu\u00ea escolher os nossos ambientadores VEOLYSS?<\/mark><\/h2>\n\n\n\n<div class=\"wp-block-columns is-layout-flex wp-container-core-columns-is-layout-9d6595d7 wp-block-columns-is-layout-flex\">\n<div class=\"wp-block-column is-layout-flow wp-block-column-is-layout-flow\" style=\"flex-basis:66.66%\">\n<ul class=\"wp-block-list\">\n<li>Uma inova\u00e7\u00e3o tecnol\u00f3gica baseada no princ\u00edpio natural da evapora\u00e7\u00e3o da \u00e1gua.<\/li>\n\n\n\n<li>Custos de funcionamento at\u00e9 15 vezes inferiores aos do ar condicionado.<\/li>\n\n\n\n<li>Uma gama completa concebida para responder a todas as tuas necessidades e exig\u00eancias.<\/li>\n\n\n\n<li>Uma pegada de carbono muito baixa (sem refrigerante) e sem descarga de ar quente, evitando assim o efeito de &#8220;ilha de calor&#8221;.<\/li>\n\n\n\n<li>Uma solu\u00e7\u00e3o pr\u00e1tica, adapt\u00e1vel e m\u00f3vel &#8220;Plug and Play&#8221;.<\/li>\n\n\n\n<li>Manuten\u00e7\u00e3o r\u00e1pida e econ\u00f3mica.<\/li>\n<\/ul>\n<\/div>\n\n\n\n<div class=\"wp-block-column is-layout-flow wp-block-column-is-layout-flow\" style=\"flex-basis:33.33%\"><div class=\"wp-block-image\">\n<figure class=\"aligncenter size-full\"><img alt=\"\" loading=\"lazy\" decoding=\"async\" width=\"1200\" height=\"241\" src=\"https:\/\/www.veolyss.com\/wp-content\/uploads\/2025\/08\/cropped-Logo-VEOLYSS.png\" alt=\"\" class=\"wp-image-4424\" srcset=\"https:\/\/www.veolyss.com\/wp-content\/uploads\/2025\/08\/cropped-Logo-VEOLYSS.png 1200w, https:\/\/www.veolyss.com\/wp-content\/uploads\/2025\/08\/cropped-Logo-VEOLYSS-300x60.png 300w, https:\/\/www.veolyss.com\/wp-content\/uploads\/2025\/08\/cropped-Logo-VEOLYSS-1024x206.png 1024w, https:\/\/www.veolyss.com\/wp-content\/uploads\/2025\/08\/cropped-Logo-VEOLYSS-768x154.png 768w\" sizes=\"auto, (max-width: 1200px) 100vw, 1200px\" \/><\/figure>\n<\/div><\/div>\n<\/div>\n\n\n\n<h2 class=\"wp-block-heading\"><mark style=\"background-color:rgba(0, 0, 0, 0)\" class=\"has-inline-color has-contrast-2-color\">Descobre a nossa gama de refrigeradores de ar evaporativos m\u00f3veis: a gama VL<\/mark><\/h2>\n\n\n\n<p>Os nossos refrigeradores de ar evaporativos VL est\u00e3o equipados com rod\u00edzios, oferecendo uma mobilidade f\u00e1cil e sem esfor\u00e7o em ambientes industriais. O arrefecimento evaporativo \u00e9 uma solu\u00e7\u00e3o eficaz para otimizar a sua produ\u00e7\u00e3o. Pode regular a pot\u00eancia, dirigir o jato e tratar a \u00e1gua com um ionizador, tudo atrav\u00e9s do painel de controlo.  <\/p>\n\n\n\n<div class=\"wp-block-group\"><div class=\"wp-block-group__inner-container is-layout-constrained wp-block-group-is-layout-constrained\"><div class=\"wp-block-image\">\n<figure class=\"alignleft size-full is-resized\"><img alt=\"\" loading=\"lazy\" decoding=\"async\" width=\"1200\" height=\"1200\" src=\"https:\/\/www.veolyss.com\/wp-content\/uploads\/2025\/08\/Image-site-VL-50.png\" alt=\"\" class=\"wp-image-4680\" style=\"aspect-ratio:2\/3;object-fit:cover;width:250px\" srcset=\"https:\/\/www.veolyss.com\/wp-content\/uploads\/2025\/08\/Image-site-VL-50.png 1200w, https:\/\/www.veolyss.com\/wp-content\/uploads\/2025\/08\/Image-site-VL-50-300x300.png 300w, https:\/\/www.veolyss.com\/wp-content\/uploads\/2025\/08\/Image-site-VL-50-1024x1024.png 1024w, https:\/\/www.veolyss.com\/wp-content\/uploads\/2025\/08\/Image-site-VL-50-150x150.png 150w, https:\/\/www.veolyss.com\/wp-content\/uploads\/2025\/08\/Image-site-VL-50-768x768.png 768w\" sizes=\"auto, (max-width: 1200px) 100vw, 1200px\" \/><\/figure>\n<\/div>\n\n\n<h3 class=\"wp-block-heading\"><mark style=\"background-color:rgba(0, 0, 0, 0)\" class=\"has-inline-color has-contrast-color\">VL 50<\/mark><\/h3>\n\n\n\n<p>O refrigerador de ar evaporativo <strong>VL 50<\/strong> \u00e9 a unidade mais compacta da gama, concebida para ambientes industriais. Pesando <strong>43 kg<\/strong> e medindo <strong>925 x 580 x 1440 mm<\/strong>, combina robustez e mobilidade, sendo f\u00e1cil de instalar em v\u00e1rios espa\u00e7os gra\u00e7as aos seus rod\u00edzios integrados. <\/p>\n\n\n\n<p>Com um caudal de ar de <strong>12.000 m\u00b3\/h<\/strong> e uma capacidade de \u00e1gua de <strong>70 L<\/strong>, o VL 50 proporciona um arrefecimento r\u00e1pido e eficiente, consumindo entre <strong>8 e 10 L de \u00e1gua<\/strong> por hora. Pode tratar superf\u00edcies de at\u00e9 <strong>150 m\u00b2<\/strong>, proporcionando um ambiente de trabalho agrad\u00e1vel. <\/p>\n\n\n\n<p>O seu n\u00edvel m\u00e1ximo de ru\u00eddo de <strong>63 dB<\/strong> garante um funcionamento discreto, ajudando os funcion\u00e1rios a concentrarem-se mais eficazmente. Em suma, o VL 50 \u00e9 uma solu\u00e7\u00e3o eficaz e compacta para melhorar o conforto e a produtividade na sua empresa. <\/p>\n\n\n\n<div class=\"wp-block-buttons is-content-justification-center is-layout-flex wp-container-core-buttons-is-layout-16018d1d wp-block-buttons-is-layout-flex\">\n<div class=\"wp-block-button\"><a class=\"wp-block-button__link has-base-color has-accent-2-background-color has-text-color has-background has-link-color wp-element-button\" href=\"http:\/\/www.veolyss.com\/wp-content\/uploads\/2025\/08\/EN-Brochures-VL-VEOLYSS-1.pdf\" target=\"_blank\" rel=\"noopener\">Descobre mais<\/a><\/div>\n<\/div>\n<\/div><\/div>\n\n\n\n<div class=\"wp-block-group\"><div class=\"wp-block-group__inner-container is-layout-constrained wp-block-group-is-layout-constrained\"><div class=\"wp-block-image\">\n<figure class=\"alignleft size-full is-resized\"><img alt=\"\" decoding=\"async\" src=\"https:\/\/www.veolyss.com\/wp-content\/uploads\/2025\/02\/VL-120-1-1.png\" alt=\"\" class=\"wp-image-3868\" style=\"aspect-ratio:2\/3;object-fit:cover;width:250px\"\/><\/figure>\n<\/div>\n\n\n<h3 class=\"wp-block-heading\"><mark style=\"background-color:rgba(0, 0, 0, 0)\" class=\"has-inline-color has-accent-2-color\">VL 120<\/mark><\/h3>\n\n\n\n<p>O refrigerador de ar evaporativo <strong>VL 120<\/strong> foi concebido para ambientes industriais, oferecendo pot\u00eancia e efici\u00eancia. Com um peso <strong>de 43 kg<\/strong> e medindo<strong> 1120 x 640 x 1600 mm<\/strong>, \u00e9 f\u00e1cil de deslocar gra\u00e7as aos seus rod\u00edzios. <\/p>\n\n\n\n<p>Com um caudal de ar de <strong>22.000 m\u00b3\/h<\/strong> e uma capacidade de \u00e1gua de <strong>130 litros<\/strong>, o VL 120 proporciona um arrefecimento \u00f3timo, consumindo <strong>entre 10 e 15 litros de \u00e1gua por hora<\/strong>. Pode tratar superf\u00edcies de at\u00e9 <strong>250 m\u00b2,<\/strong> garantindo um ambiente de trabalho agrad\u00e1vel. <\/p>\n\n\n\n<p>Com um n\u00edvel de ru\u00eddo m\u00e1ximo de <strong>63 dB<\/strong>, funciona de forma relativamente silenciosa, permitindo que os funcion\u00e1rios se mantenham concentrados. Em suma, o VL 120 \u00e9 uma solu\u00e7\u00e3o poderosa para melhorar o conforto e a produtividade na tua empresa. <\/p>\n\n\n\n<div class=\"wp-block-buttons is-content-justification-center is-layout-flex wp-container-core-buttons-is-layout-16018d1d wp-block-buttons-is-layout-flex\">\n<div class=\"wp-block-button\"><a class=\"wp-block-button__link has-base-color has-accent-2-background-color has-text-color has-background has-link-color wp-element-button\" href=\"http:\/\/www.veolyss.com\/wp-content\/uploads\/2025\/08\/EN-Brochures-VL-VEOLYSS-1.pdf\" target=\"_blank\" rel=\"noopener\">Descobre mais<\/a><\/div>\n<\/div>\n<\/div><\/div>\n\n\n\n<div class=\"wp-block-group\"><div class=\"wp-block-group__inner-container is-layout-constrained wp-block-group-is-layout-constrained\"><div class=\"wp-block-image\">\n<figure class=\"alignleft size-full is-resized\"><img alt=\"rafraichisseur d&#039;air adiabatique VL 220\" loading=\"lazy\" decoding=\"async\" width=\"704\" height=\"838\" src=\"https:\/\/www.veolyss.com\/wp-content\/uploads\/2025\/02\/VL-220-1-1.png\" alt=\"\" class=\"wp-image-4019\" style=\"aspect-ratio:2\/3;object-fit:cover;width:250px\" srcset=\"https:\/\/www.veolyss.com\/wp-content\/uploads\/2025\/02\/VL-220-1-1.png 704w, https:\/\/www.veolyss.com\/wp-content\/uploads\/2025\/02\/VL-220-1-1-252x300.png 252w\" sizes=\"auto, (max-width: 704px) 100vw, 704px\" \/><\/figure>\n<\/div>\n\n\n<h3 class=\"wp-block-heading\"><mark style=\"background-color:rgba(0, 0, 0, 0)\" class=\"has-inline-color has-contrast-color\">VL 220<\/mark><\/h3>\n\n\n\n<p>O refrigerador de ar evaporativo <strong>VL 220<\/strong> foi concebido para ambientes industriais, combinando desempenho e praticidade. Com um peso de <strong>50 kg<\/strong> e medindo <strong>1120 x 640 x 1600 mm<\/strong>, \u00e9 f\u00e1cil de deslocar gra\u00e7as aos seus rod\u00edzios. <\/p>\n\n\n\n<p>Com um caudal de ar de <strong>22.000 m\u00b3\/h<\/strong> e uma capacidade de \u00e1gua de <strong>130 litros<\/strong>, o VL 220 proporciona um arrefecimento eficiente com um consumo de \u00e1gua de <strong>10 a 15 litros<\/strong>. Consegue lidar com superf\u00edcies at\u00e9 <strong>250 m\u00b2,<\/strong> proporcionando um ambiente de trabalho agrad\u00e1vel. <\/p>\n\n\n\n<p>O seu n\u00edvel m\u00e1ximo de ru\u00eddo de <strong>68 dB<\/strong> garante um funcionamento relativamente silencioso, ajudando os funcion\u00e1rios a concentrarem-se mais eficazmente. Em suma, a VL 220 \u00e9 uma solu\u00e7\u00e3o de elevado desempenho para melhorar o conforto e a produtividade na sua empresa. <\/p>\n\n\n\n<div class=\"wp-block-buttons is-content-justification-center is-layout-flex wp-container-core-buttons-is-layout-16018d1d wp-block-buttons-is-layout-flex\">\n<div class=\"wp-block-button\"><a class=\"wp-block-button__link has-base-color has-accent-2-background-color has-text-color has-background has-link-color wp-element-button\" href=\"http:\/\/www.veolyss.com\/wp-content\/uploads\/2025\/08\/EN-Brochures-VL-VEOLYSS-1.pdf\" target=\"_blank\" rel=\"noopener\">Descobre mais<\/a><\/div>\n<\/div>\n<\/div><\/div>\n\n\n\n<div class=\"wp-block-group\"><div class=\"wp-block-group__inner-container is-layout-constrained wp-block-group-is-layout-constrained\"><div class=\"wp-block-image\">\n<figure class=\"alignleft size-full is-resized\"><img alt=\"rafraichisseur d&#039;air adiabatique VL 300\" loading=\"lazy\" decoding=\"async\" width=\"840\" height=\"911\" src=\"https:\/\/www.veolyss.com\/wp-content\/uploads\/2025\/02\/VL-300-1-2.png\" alt=\"\" class=\"wp-image-3986\" style=\"aspect-ratio:2\/3;object-fit:cover;width:250px\" srcset=\"https:\/\/www.veolyss.com\/wp-content\/uploads\/2025\/02\/VL-300-1-2.png 840w, https:\/\/www.veolyss.com\/wp-content\/uploads\/2025\/02\/VL-300-1-2-277x300.png 277w, https:\/\/www.veolyss.com\/wp-content\/uploads\/2025\/02\/VL-300-1-2-768x833.png 768w\" sizes=\"auto, (max-width: 840px) 100vw, 840px\" \/><\/figure>\n<\/div>\n\n\n<h3 class=\"wp-block-heading\"><mark style=\"background-color:rgba(0, 0, 0, 0)\" class=\"has-inline-color has-accent-2-color\">VL 300<\/mark><\/h3>\n\n\n\n<p>O refrigerador de ar evaporativo <strong>VL 300<\/strong> \u00e9 o maior da gama, concebido para as necessidades industriais mais exigentes. Pesando apenas <strong>110 kg<\/strong> e medindo <strong>1565 x 725 x 1760 mm<\/strong>, proporciona um desempenho excecional, mantendo-se m\u00f3vel gra\u00e7as aos seus rod\u00edzios. <\/p>\n\n\n\n<p>Com um caudal de ar de <strong>30.000 m\u00b3\/h<\/strong> e uma capacidade de \u00e1gua de <strong>280 L<\/strong>, o VL 300 proporciona um arrefecimento eficiente, consumindo <strong>entre 20 e 30 L de \u00e1gua por hora<\/strong>. Pode tratar superf\u00edcies de at\u00e9 <strong>400 m\u00b2,<\/strong> garantindo um ambiente de trabalho ideal. <\/p>\n\n\n\n<p>O seu n\u00edvel m\u00e1ximo de ru\u00eddo de <strong>70 dB<\/strong> garante um funcionamento relativamente discreto, facilitando a concentra\u00e7\u00e3o dos funcion\u00e1rios. Em suma, o VL 300 \u00e9 uma solu\u00e7\u00e3o potente e eficaz para melhorar o conforto e a produtividade da tua empresa. <\/p>\n\n\n\n<div class=\"wp-block-buttons is-content-justification-center is-layout-flex wp-container-core-buttons-is-layout-16018d1d wp-block-buttons-is-layout-flex\">\n<div class=\"wp-block-button is-style-fill\"><a class=\"wp-block-button__link has-base-color has-accent-2-background-color has-text-color has-background has-link-color wp-element-button\" href=\"http:\/\/www.veolyss.com\/wp-content\/uploads\/2025\/08\/EN-Brochures-VL-VEOLYSS-1.pdf\" target=\"_blank\" rel=\"noopener\">Descobre mais<\/a><\/div>\n<\/div>\n<\/div><\/div>\n\n\n\n<p><strong>Quadro recapitulativo das carater\u00edsticas por modelo :<\/strong><\/p>\n\n\n\n<figure class=\"wp-block-table is-style-regular\"><table class=\"has-base-background-color has-background has-fixed-layout\"><tbody><tr><td class=\"has-text-align-center\" data-align=\"center\"><strong>Modelo<\/strong><\/td><td class=\"has-text-align-center\" data-align=\"center\"><strong>Peso<\/strong> (kg)<\/td><td class=\"has-text-align-center\" data-align=\"center\"><strong>Dimens\u00f5es <\/strong>(LxLxA)<\/td><td class=\"has-text-align-center\" data-align=\"center\">Caudal <strong>de ar<\/strong> (m\u00b3\/h)<\/td><td class=\"has-text-align-center\" data-align=\"center\"><strong>Capacidade de \u00e1gua<\/strong> (L)<\/td><td class=\"has-text-align-center\" data-align=\"center\"><strong>N\u00edvel de ru\u00eddo m\u00e1ximo<\/strong>(dB)<\/td><\/tr><tr><td class=\"has-text-align-center\" data-align=\"center\"><strong><mark style=\"background-color:rgba(0, 0, 0, 0)\" class=\"has-inline-color has-contrast-color\">VL 50<\/mark><\/strong><\/td><td class=\"has-text-align-center\" data-align=\"center\"><mark style=\"background-color:rgba(0, 0, 0, 0)\" class=\"has-inline-color has-contrast-color\">16<\/mark><\/td><td class=\"has-text-align-center\" data-align=\"center\"><mark style=\"background-color:rgba(0, 0, 0, 0)\" class=\"has-inline-color has-contrast-color\">664 x 433 x 1183<\/mark><\/td><td class=\"has-text-align-center\" data-align=\"center\"><mark style=\"background-color:rgba(0, 0, 0, 0)\" class=\"has-inline-color has-contrast-color\">5 000<\/mark><\/td><td class=\"has-text-align-center\" data-align=\"center\"><mark style=\"background-color:rgba(0, 0, 0, 0)\" class=\"has-inline-color has-contrast-color\">90<\/mark><\/td><td class=\"has-text-align-center\" data-align=\"center\"><mark style=\"background-color:rgba(0, 0, 0, 0)\" class=\"has-inline-color has-contrast-color\">63<\/mark><\/td><\/tr><tr><td class=\"has-text-align-center\" data-align=\"center\"><strong>VL 120<\/strong><\/td><td class=\"has-text-align-center\" data-align=\"center\">43<\/td><td class=\"has-text-align-center\" data-align=\"center\">925 x 580 x 1440 mm<\/td><td class=\"has-text-align-center\" data-align=\"center\">12 000<\/td><td class=\"has-text-align-center\" data-align=\"center\">70<\/td><td class=\"has-text-align-center\" data-align=\"center\">63<\/td><\/tr><tr><td class=\"has-text-align-center\" data-align=\"center\"><strong><mark style=\"background-color:rgba(0, 0, 0, 0)\" class=\"has-inline-color has-contrast-color\">VL 220<\/mark><\/strong><\/td><td class=\"has-text-align-center\" data-align=\"center\"><mark style=\"background-color:rgba(0, 0, 0, 0)\" class=\"has-inline-color has-contrast-color\">50<\/mark><\/td><td class=\"has-text-align-center\" data-align=\"center\"><mark style=\"background-color:rgba(0, 0, 0, 0)\" class=\"has-inline-color has-contrast-color\">1120 x 640 x 1600<\/mark><\/td><td class=\"has-text-align-center\" data-align=\"center\"><mark style=\"background-color:rgba(0, 0, 0, 0)\" class=\"has-inline-color has-contrast-color\">22 000<\/mark><\/td><td class=\"has-text-align-center\" data-align=\"center\"><mark style=\"background-color:rgba(0, 0, 0, 0)\" class=\"has-inline-color has-contrast-color\">130<\/mark><\/td><td class=\"has-text-align-center\" data-align=\"center\"><mark style=\"background-color:rgba(0, 0, 0, 0)\" class=\"has-inline-color has-contrast-color\">68<\/mark><\/td><\/tr><tr><td class=\"has-text-align-center\" data-align=\"center\"><strong>VL 300<\/strong><\/td><td class=\"has-text-align-center\" data-align=\"center\">110<\/td><td class=\"has-text-align-center\" data-align=\"center\">1565 x 725 x 1760<\/td><td class=\"has-text-align-center\" data-align=\"center\">30 000<\/td><td class=\"has-text-align-center\" data-align=\"center\">280<\/td><td class=\"has-text-align-center\" data-align=\"center\">70<\/td><\/tr><\/tbody><\/table><\/figure>\n\n\n\n<p><\/p>\n\n\n\n<h2 class=\"wp-block-heading\"><mark style=\"background-color:rgba(0, 0, 0, 0)\" class=\"has-inline-color has-contrast-2-color\">O que \u00e9 um refrigerador de ar industrial?<\/mark><\/h2>\n\n\n\n<p>Um refrigerador de ar \u00e9 um sistema de ar condicionado evaporativo. Gra\u00e7as ao seu elevado rendimento, as nossas unidades podem reduzir a temperatura em locais comerciais frequentemente considerados dif\u00edceis de climatizar, com um raio de a\u00e7\u00e3o de at\u00e9 400 m\u00b2 por unidade. <\/p>\n\n\n\n<p>Refrigeradores de ar <strong><mark style=\"background-color:rgba(0, 0, 0, 0)\" class=\"has-inline-color has-contrast-color\">VEOLYSS <\/mark><\/strong>Os refrigeradores de ar s\u00e3o dispositivos m\u00f3veis que podem ser facilmente integrados em instala\u00e7\u00f5es de produ\u00e7\u00e3o, armazenamento ou rece\u00e7\u00e3o. F\u00e1ceis de utilizar, s\u00e3o fornecidos com um controlo remoto ou uma aplica\u00e7\u00e3o de gest\u00e3o. VEOLYSS <strong><mark style=\"background-color:rgba(0, 0, 0, 0)\" class=\"has-inline-color has-accent-color\">VEOLYSS <\/mark><\/strong>podem funcionar em modo de arrefecimento livre (ventilador \u00fanico) ou de arrefecimento.  <\/p>\n\n\n\n<h2 class=\"wp-block-heading\"><mark style=\"background-color:rgba(0, 0, 0, 0)\" class=\"has-inline-color has-contrast-2-color\">Como \u00e9 que escolho o arrefecedor de ar adiab\u00e1tico certo?<\/mark><\/h2>\n\n\n\n<div class=\"wp-block-columns is-layout-flex wp-container-core-columns-is-layout-9d6595d7 wp-block-columns-is-layout-flex\">\n<div class=\"wp-block-column is-layout-flow wp-block-column-is-layout-flow\" style=\"flex-basis:66.66%\">\n<p>A escolha de um refrigerador de ar adiab\u00e1tico depende do tamanho da sala a ser refrigerada e dos requisitos de refrigera\u00e7\u00e3o. Quanto maior for o espa\u00e7o e mais elevadas forem as temperaturas, maior ser\u00e1 o caudal de ar necess\u00e1rio. <\/p>\n\n\n\n<p>A ventila\u00e7\u00e3o do local \u00e9 tamb\u00e9m um fator essencial. Uma sala seca e bem ventilada \u00e9 essencial para garantir o bom funcionamento dos nossos aparelhos. Refrigeradores de ar <strong><mark style=\"background-color:rgba(0, 0, 0, 0)\" class=\"has-inline-color has-contrast-color\">OS REFRIGERADORES DE AR VEOLYSS <\/mark><\/strong>s\u00e3o concebidos para utiliza\u00e7\u00e3o no exterior. \u00c9 importante que a \u00e1rea seja continuamente ventilada para remover o ar h\u00famido e introduzir ar quente e seco.   <\/p>\n\n\n\n<p>Os nossos ambientadores podem aumentar ligeiramente a humidade relativa (de 5 a 10%) no teu espa\u00e7o e baixar a temperatura, promovendo o bem-estar e melhorando as condi\u00e7\u00f5es de trabalho sem danificar bens ou equipamentos.<\/p>\n<\/div>\n\n\n\n<div class=\"wp-block-column is-layout-flow wp-block-column-is-layout-flow\" style=\"flex-basis:33.33%\"><div class=\"wp-block-image\">\n<figure class=\"alignright size-large is-resized\"><img alt=\"\" loading=\"lazy\" decoding=\"async\" width=\"1024\" height=\"1024\" src=\"https:\/\/www.veolyss.com\/wp-content\/uploads\/2025\/02\/Image-choix-RAF-VILO-1024x1024.png\" alt=\"\" class=\"wp-image-2449\" style=\"width:294px;height:auto\" srcset=\"https:\/\/www.veolyss.com\/wp-content\/uploads\/2025\/02\/Image-choix-RAF-VILO-1024x1024.png 1024w, https:\/\/www.veolyss.com\/wp-content\/uploads\/2025\/02\/Image-choix-RAF-VILO-300x300.png 300w, https:\/\/www.veolyss.com\/wp-content\/uploads\/2025\/02\/Image-choix-RAF-VILO-150x150.png 150w, https:\/\/www.veolyss.com\/wp-content\/uploads\/2025\/02\/Image-choix-RAF-VILO-768x768.png 768w, https:\/\/www.veolyss.com\/wp-content\/uploads\/2025\/02\/Image-choix-RAF-VILO-400x400.png 400w, https:\/\/www.veolyss.com\/wp-content\/uploads\/2025\/02\/Image-choix-RAF-VILO-600x600.png 600w, https:\/\/www.veolyss.com\/wp-content\/uploads\/2025\/02\/Image-choix-RAF-VILO.png 1200w\" sizes=\"auto, (max-width: 1024px) 100vw, 1024px\" \/><\/figure>\n<\/div><\/div>\n<\/div>\n\n\n\n<h2 class=\"wp-block-heading\"><mark style=\"background-color:rgba(0, 0, 0, 0)\" class=\"has-inline-color has-contrast-2-color\">Qual \u00e9 a diferen\u00e7a entre um refrigerador de ar e um ar condicionado?<\/mark><\/h2>\n\n\n\n<p>Ao contr\u00e1rio dos aparelhos de ar condicionado, os refrigeradores de ar n\u00e3o utilizam g\u00e1s refrigerante nocivo. Consome dez vezes menos eletricidade do que um ar condicionado, e os dois aparelhos requerem n\u00edveis de manuten\u00e7\u00e3o diferentes. <br>Ao contr\u00e1rio dos aparelhos de ar condicionado, os refrigeradores mant\u00eam as portas e as janelas abertas na divis\u00e3o. Os nossos refrigeradores s\u00e3o ideais para instala\u00e7\u00f5es comerciais, hangares e pavilh\u00f5es log\u00edsticos abertos. Um refrigerador de ar adiab\u00e1tico <strong><mark style=\"background-color:rgba(0, 0, 0, 0)\" class=\"has-inline-color has-contrast-color\">VEOLYSS <\/mark><\/strong>n\u00e3o seca o ar ambiente e mant\u00e9m um n\u00edvel de humidade natural. Introduz ar na divis\u00e3o a uma temperatura 3 a 12\u00b0C inferior \u00e0 do ar exterior.   <\/p>\n\n\n\n<p><\/p>\n","protected":false},"excerpt":{"rendered":"<p>Bem-vindo \u00e0 nossa sele\u00e7\u00e3o de refrigeradores de ar adiab\u00e1ticos, especialmente concebidos para otimizar o conforto em ambientes industriais. Estas unidades ecol\u00f3gicas e econ\u00f3micas combinam efici\u00eancia, praticidade e desempenho, cada uma oferecendo carater\u00edsticas \u00fanicas adaptadas \u00e0s suas necessidades. Porqu\u00ea escolher os nossos ambientadores VEOLYSS? Descobre a nossa gama de refrigeradores de ar evaporativos m\u00f3veis: a gama &#8230; <a title=\"Explora a nossa gama de refrigeradores de ar industriais\" class=\"read-more\" href=\"https:\/\/www.veolyss.com\/pt-pt\/explora-a-nossa-gama-de-refrigeradores-de-ar-industriais\/\" aria-label=\"Leia mais sobre Explora a nossa gama de refrigeradores de ar industriais\">Ler mais<\/a><\/p>\n","protected":false},"author":2,"featured_media":0,"parent":0,"menu_order":0,"comment_status":"closed","ping_status":"closed","template":"","meta":{"_seopress_robots_primary_cat":"","_seopress_titles_title":"","_seopress_titles_desc":"","_seopress_robots_index":"","footnotes":""},"class_list":["post-2486","page","type-page","status-publish"],"_links":{"self":[{"href":"https:\/\/www.veolyss.com\/pt-pt\/wp-json\/wp\/v2\/pages\/2486","targetHints":{"allow":["GET"]}}],"collection":[{"href":"https:\/\/www.veolyss.com\/pt-pt\/wp-json\/wp\/v2\/pages"}],"about":[{"href":"https:\/\/www.veolyss.com\/pt-pt\/wp-json\/wp\/v2\/types\/page"}],"author":[{"embeddable":true,"href":"https:\/\/www.veolyss.com\/pt-pt\/wp-json\/wp\/v2\/users\/2"}],"replies":[{"embeddable":true,"href":"https:\/\/www.veolyss.com\/pt-pt\/wp-json\/wp\/v2\/comments?post=2486"}],"version-history":[{"count":16,"href":"https:\/\/www.veolyss.com\/pt-pt\/wp-json\/wp\/v2\/pages\/2486\/revisions"}],"predecessor-version":[{"id":5033,"href":"https:\/\/www.veolyss.com\/pt-pt\/wp-json\/wp\/v2\/pages\/2486\/revisions\/5033"}],"wp:attachment":[{"href":"https:\/\/www.veolyss.com\/pt-pt\/wp-json\/wp\/v2\/media?parent=2486"}],"curies":[{"name":"wp","href":"https:\/\/api.w.org\/{rel}","templated":true}]}}