{"id":4379,"date":"2025-03-19T18:55:26","date_gmt":"2025-03-19T17:55:26","guid":{"rendered":"https:\/\/vilo-cooler.com\/ogolne-warunki-sprzedazy-ows\/"},"modified":"2025-03-19T18:56:11","modified_gmt":"2025-03-19T17:56:11","slug":"ogolne-warunki-sprzedazy-ows","status":"publish","type":"page","link":"https:\/\/www.veolyss.com\/pl\/ogolne-warunki-sprzedazy-ows\/","title":{"rendered":"Og\u00f3lne warunki sprzeda\u017cy (OWS)"},"content":{"rendered":"\n<h2 class=\"wp-block-heading\">1. Wprowadzenie<\/h2>\n\n<p>Niniejsze Og\u00f3lne Warunki Sprzeda\u017cy (OWS) reguluj\u0105 sprzeda\u017c produkt\u00f3w oferowanych na stronie internetowej www.vilo-cooler.com. Przes\u0142anie zapytania za po\u015brednictwem naszego formularza kontaktowego oznacza akceptacj\u0119 OWS. <\/p>\n\n<h2 class=\"wp-block-heading\">2. Produkty<\/h2>\n\n<p>Vilo oferuje przemys\u0142owe od\u015bwie\u017cacze powietrza. Charakterystyka ka\u017cdego produktu jest dost\u0119pna na naszej stronie internetowej. Ceny nie s\u0105 wy\u015bwietlane online i zostan\u0105 podane po sporz\u0105dzeniu oferty.  <\/p>\n\n<h2 class=\"wp-block-heading\">3. Wynajem sprz\u0119tu i okres testowy<\/h2>\n\n<ul class=\"wp-block-list\">\n<li>Dost\u0119pne modele: Ca\u0142a gama LV jest dost\u0119pna do test\u00f3w i wynajmu.<\/li>\n\n\n\n<li>Okres wynajmu: 6 miesi\u0119cy<\/li>\n\n\n\n<li>Czas trwania testu: 2 miesi\u0105ce<\/li>\n\n\n\n<li>Zwrot: Po zako\u0144czeniu okresu testowego lub wynajmu sprz\u0119t musi zosta\u0107 zwr\u00f3cony do Vilo w czystym i uporz\u0105dkowanym stanie.<\/li>\n\n\n\n<li>Warunki zwrotu: Urz\u0105dzenia musz\u0105 by\u0107 zwracane na paletach, zabezpieczone, owini\u0119te foli\u0105 termokurczliw\u0105, spi\u0119te ta\u015bm\u0105 i zabezpieczone klinem.<\/li>\n\n\n\n<li>Koszty transportu: Koszty transportu zwrotnego s\u0105 ponoszone przez klienta i zostan\u0105 okre\u015blone w wycenie.<\/li>\n<\/ul>\n\n<h2 class=\"wp-block-heading\">4. Kontrola<\/h2>\n\n<p>Aby z\u0142o\u017cy\u0107 zam\u00f3wienie, u\u017cytkownik musi wype\u0142ni\u0107 formularz kontaktowy dost\u0119pny na naszej stronie. Przedstawiciel handlowy skontaktuje si\u0119 z u\u017cytkownikiem w celu om\u00f3wienia zapytania i przedstawienia spersonalizowanej oferty. <\/p>\n\n<h2 class=\"wp-block-heading\">5. Nagrody<\/h2>\n\n<p>Ceny produkt\u00f3w s\u0105 podawane w euro i nie zawieraj\u0105 podatku w ofercie sporz\u0105dzonej przez naszych przedstawicieli handlowych. Ceny mog\u0105 si\u0119 r\u00f3\u017cni\u0107 w zale\u017cno\u015bci od specyfikacji i \u017c\u0105danych ilo\u015bci. Koszty dostawy zostan\u0105 r\u00f3wnie\u017c okre\u015blone w przedstawionej ofercie.  <\/p>\n\n<h2 class=\"wp-block-heading\">6. P\u0142atno\u015b\u0107<\/h2>\n\n<p>Warunki p\u0142atno\u015bci zostan\u0105 okre\u015blone w momencie sporz\u0105dzania oferty. P\u0142atno\u015bci nale\u017cy dokonywa\u0107 zgodnie z warunkami uzgodnionymi z przedstawicielem handlowym. <\/p>\n\n<h2 class=\"wp-block-heading\">7. Dostawa<\/h2>\n\n<p>Szacowany czas dostawy wynosi od 2 do 3 dni roboczych, w zale\u017cno\u015bci od dost\u0119pno\u015bci towaru w magazynie. Vilo zobowi\u0105zuje si\u0119 do\u0142o\u017cy\u0107 wszelkich stara\u0144, aby dotrzyma\u0107 tych termin\u00f3w, ale nie ponosi odpowiedzialno\u015bci za op\u00f3\u017anienia wynikaj\u0105ce z okoliczno\u015bci pozostaj\u0105cych poza jego kontrol\u0105. <\/p>\n\n<h2 class=\"wp-block-heading\">8. Anulowanie lub modyfikacja zam\u00f3wienia<\/h2>\n\n<p>Klient ma 24 godziny od otrzymania zam\u00f3wienia na jego modyfikacj\u0119 lub anulowanie, z zastrze\u017ceniem wyra\u017anej zgody dostawcy. Ka\u017cdy wniosek o anulowanie lub modyfikacj\u0119 musi zosta\u0107 z\u0142o\u017cony przez klienta na pi\u015bmie i musi zosta\u0107 formalnie po\u015bwiadczony przez dostawc\u0119. W przypadku modyfikacji zam\u00f3wienia zaakceptowanej przez dostawc\u0119, klient zostanie poinformowany o nowych terminach dostawy i cenach. W przypadku anulowania zam\u00f3wienia przez Klienta, niezale\u017cnie od przyczyny, Klient musi zrekompensowa\u0107 Vilo poniesione koszty. Rekompensata ta wyniesie co najmniej nast\u0119puj\u0105c\u0105 kwot\u0119:    <\/p>\n\n<ul class=\"wp-block-list\">\n<li>20% ca\u0142kowitej kwoty zam\u00f3wienia w przypadku anulowania od 0 do 5 dni kalendarzowych<\/li>\n\n\n\n<li>30% ca\u0142kowitej kwoty zam\u00f3wienia w przypadku anulowania od 6 do 10 dni kalendarzowych<\/li>\n\n\n\n<li>80% ca\u0142kowitej kwoty zam\u00f3wienia w przypadku anulowania dokonanego z wyprzedzeniem wi\u0119kszym ni\u017c 10 dni kalendarzowych<\/li>\n\n\n\n<li>100% ca\u0142kowitej kwoty zam\u00f3wienia, je\u015bli anulowanie nast\u0105pi po dostawie towar\u00f3w.<\/li>\n<\/ul>\n\n<h2 class=\"wp-block-heading\">9. Gwarancje<\/h2>\n\n<p>Wszystkie nasze urz\u0105dzenia s\u0105 obj\u0119te roczn\u0105 gwarancj\u0105. W przypadku wyst\u0105pienia usterki prosimy o kontakt w celu rozpocz\u0119cia procedury gwarancyjnej. <\/p>\n\n<h2 class=\"wp-block-heading\">10. Obowi\u0105zki<\/h2>\n\n<p>Vilo nie ponosi odpowiedzialno\u015bci za szkody po\u015brednie wynikaj\u0105ce z zakupu swoich produkt\u00f3w. Odpowiedzialno\u015b\u0107 Vilo jest ograniczona do kwoty zam\u00f3wienia. <\/p>\n\n<h2 class=\"wp-block-heading\">11. Kontakt<\/h2>\n\n<p>Informacje podane za po\u015brednictwem formularza kontaktowego s\u0105 wymagane do przetworzenia \u017c\u0105dania. Podlegaj\u0105 one naszej polityce poufno\u015bci. <\/p>\n\n<h2 class=\"wp-block-heading\">12. Modyfikacja OWS<\/h2>\n\n<p>Vilo zastrzega sobie prawo do zmiany OWH w dowolnym momencie. Nowe OWH wejd\u0105 w \u017cycie niezw\u0142ocznie po ich opublikowaniu na stronie internetowej. <\/p>\n\n<h2 class=\"wp-block-heading\">13. Prawo w\u0142a\u015bciwe<\/h2>\n\n<p>Niniejsze OWH podlegaj\u0105 prawu francuskiemu. Wszelkie spory podlegaj\u0105 jurysdykcji s\u0105d\u00f3w francuskich. <\/p>\n","protected":false},"excerpt":{"rendered":"<p>1. Wprowadzenie Niniejsze Og\u00f3lne Warunki Sprzeda\u017cy (OWS) reguluj\u0105 sprzeda\u017c produkt\u00f3w oferowanych na stronie internetowej www.vilo-cooler.com. Przes\u0142anie zapytania za po\u015brednictwem naszego formularza kontaktowego oznacza akceptacj\u0119 OWS. 2. Produkty Vilo oferuje przemys\u0142owe od\u015bwie\u017cacze powietrza. Charakterystyka ka\u017cdego produktu jest dost\u0119pna na naszej stronie internetowej. Ceny nie s\u0105 wy\u015bwietlane online i zostan\u0105 podane po sporz\u0105dzeniu oferty. 3. Wynajem sprz\u0119tu &#8230; <a title=\"Og\u00f3lne warunki sprzeda\u017cy (OWS)\" class=\"read-more\" href=\"https:\/\/www.veolyss.com\/pl\/ogolne-warunki-sprzedazy-ows\/\" aria-label=\"Dowiedz si\u0119 wi\u0119cej o Og\u00f3lne warunki sprzeda\u017cy (OWS)\">Dowiedz si\u0119 wi\u0119cej<\/a><\/p>\n","protected":false},"author":1,"featured_media":0,"parent":0,"menu_order":0,"comment_status":"closed","ping_status":"closed","template":"","meta":{"_seopress_robots_primary_cat":"","_seopress_titles_title":"Og\u00f3lne warunki sprzeda\u017cy VILO (OWS)","_seopress_titles_desc":"tre\u015b\u0107 Og\u00f3lnych Warunk\u00f3w Sprzeda\u017cy Vilo (OWS)","_seopress_robots_index":"tak","footnotes":""},"class_list":["post-4379","page","type-page","status-publish"],"_links":{"self":[{"href":"https:\/\/www.veolyss.com\/pl\/wp-json\/wp\/v2\/pages\/4379","targetHints":{"allow":["GET"]}}],"collection":[{"href":"https:\/\/www.veolyss.com\/pl\/wp-json\/wp\/v2\/pages"}],"about":[{"href":"https:\/\/www.veolyss.com\/pl\/wp-json\/wp\/v2\/types\/page"}],"author":[{"embeddable":true,"href":"https:\/\/www.veolyss.com\/pl\/wp-json\/wp\/v2\/users\/1"}],"replies":[{"embeddable":true,"href":"https:\/\/www.veolyss.com\/pl\/wp-json\/wp\/v2\/comments?post=4379"}],"version-history":[{"count":1,"href":"https:\/\/www.veolyss.com\/pl\/wp-json\/wp\/v2\/pages\/4379\/revisions"}],"predecessor-version":[{"id":4381,"href":"https:\/\/www.veolyss.com\/pl\/wp-json\/wp\/v2\/pages\/4379\/revisions\/4381"}],"wp:attachment":[{"href":"https:\/\/www.veolyss.com\/pl\/wp-json\/wp\/v2\/media?parent=4379"}],"curies":[{"name":"wp","href":"https:\/\/api.w.org\/{rel}","templated":true}]}}