{"id":4353,"date":"2025-03-19T18:51:06","date_gmt":"2025-03-19T17:51:06","guid":{"rendered":"https:\/\/vilo-cooler.com\/polityka-prywatnosci\/"},"modified":"2025-03-19T18:56:13","modified_gmt":"2025-03-19T17:56:13","slug":"polityka-prywatnosci","status":"publish","type":"page","link":"https:\/\/www.veolyss.com\/pl\/polityka-prywatnosci\/","title":{"rendered":"Polityka prywatno\u015bci"},"content":{"rendered":"\n<h2 class=\"wp-block-heading\">Zebrane dane<\/h2>\n\n<p>Gromadzimy nast\u0119puj\u0105ce dane:<\/p>\n\n<ul class=\"wp-block-list\">\n<li>Nazwisko\/Imi\u0119<\/li>\n\n\n\n<li>Adres e-mail<\/li>\n\n\n\n<li>Telefon<\/li>\n\n\n\n<li>Adres<\/li>\n\n\n\n<li>Obszar dzia\u0142alno\u015bci<\/li>\n\n\n\n<li>Adres IP<\/li>\n\n\n\n<li>Pliki cookie i dane przegl\u0105dania<\/li>\n<\/ul>\n\n<h2 class=\"wp-block-heading\">Cel zbi\u00f3rki<\/h2>\n\n<p>Dane u\u017cytkownika s\u0105 wykorzystywane do :<\/p>\n\n<ul class=\"wp-block-list\">\n<li>Zarz\u0105dzanie zg\u0142oszeniami za po\u015brednictwem formularza kontaktowego<\/li>\n\n\n\n<li>Poprawa do\u015bwiadczenia u\u017cytkownika i analiza ruchu<\/li>\n\n\n\n<li>Wysy\u0142anie newsletter\u00f3w (za zgod\u0105 u\u017cytkownika)<\/li>\n<\/ul>\n\n<h2 class=\"wp-block-heading\">Udost\u0119pnianie danych<\/h2>\n\n<p>Dane u\u017cytkownika nie zostan\u0105 sprzedane. Mog\u0105 by\u0107 udost\u0119pniane dostawcom us\u0142ug technicznych w celu zapewnienia prawid\u0142owego dzia\u0142ania witryny. <\/p>\n\n<h2 class=\"wp-block-heading\">Twoje prawa<\/h2>\n\n<p>Zgodnie z dyrektyw\u0105 RGPD u\u017cytkownikowi przys\u0142uguj\u0105 nast\u0119puj\u0105ce prawa:<\/p>\n\n<ul class=\"wp-block-list\">\n<li>Dost\u0119p, poprawianie i usuwanie danych u\u017cytkownika<\/li>\n\n\n\n<li>Sprzeciw wobec przetwarzania danych u\u017cytkownika<\/li>\n\n\n\n<li>Mo\u017cliwo\u015b\u0107 przenoszenia danych<\/li>\n\n\n\n<li>Wycofanie zgody<\/li>\n<\/ul>\n\n<p>Aby skorzysta\u0107 ze swoich praw, skontaktuj si\u0119 z nami pod adresem contact@vilo-cooler.com<\/p>\n","protected":false},"excerpt":{"rendered":"<p>Zebrane dane Gromadzimy nast\u0119puj\u0105ce dane: Cel zbi\u00f3rki Dane u\u017cytkownika s\u0105 wykorzystywane do : Udost\u0119pnianie danych Dane u\u017cytkownika nie zostan\u0105 sprzedane. Mog\u0105 by\u0107 udost\u0119pniane dostawcom us\u0142ug technicznych w celu zapewnienia prawid\u0142owego dzia\u0142ania witryny. Twoje prawa Zgodnie z dyrektyw\u0105 RGPD u\u017cytkownikowi przys\u0142uguj\u0105 nast\u0119puj\u0105ce prawa: Aby skorzysta\u0107 ze swoich praw, skontaktuj si\u0119 z nami pod adresem contact@vilo-cooler.com<\/p>\n","protected":false},"author":1,"featured_media":0,"parent":0,"menu_order":0,"comment_status":"closed","ping_status":"closed","template":"","meta":{"_seopress_robots_primary_cat":"","_seopress_titles_title":"Polityka prywatno\u015bci vilo-cooler.com","_seopress_titles_desc":"pe\u0142ny tekst polityki prywatno\u015bci vilo-cooler.com","_seopress_robots_index":"tak","footnotes":""},"class_list":["post-4353","page","type-page","status-publish"],"_links":{"self":[{"href":"https:\/\/www.veolyss.com\/pl\/wp-json\/wp\/v2\/pages\/4353","targetHints":{"allow":["GET"]}}],"collection":[{"href":"https:\/\/www.veolyss.com\/pl\/wp-json\/wp\/v2\/pages"}],"about":[{"href":"https:\/\/www.veolyss.com\/pl\/wp-json\/wp\/v2\/types\/page"}],"author":[{"embeddable":true,"href":"https:\/\/www.veolyss.com\/pl\/wp-json\/wp\/v2\/users\/1"}],"replies":[{"embeddable":true,"href":"https:\/\/www.veolyss.com\/pl\/wp-json\/wp\/v2\/comments?post=4353"}],"version-history":[{"count":1,"href":"https:\/\/www.veolyss.com\/pl\/wp-json\/wp\/v2\/pages\/4353\/revisions"}],"predecessor-version":[{"id":4355,"href":"https:\/\/www.veolyss.com\/pl\/wp-json\/wp\/v2\/pages\/4353\/revisions\/4355"}],"wp:attachment":[{"href":"https:\/\/www.veolyss.com\/pl\/wp-json\/wp\/v2\/media?parent=4353"}],"curies":[{"name":"wp","href":"https:\/\/api.w.org\/{rel}","templated":true}]}}