{"id":4324,"date":"2025-03-19T18:47:11","date_gmt":"2025-03-19T17:47:11","guid":{"rendered":"https:\/\/vilo-cooler.com\/informacje-prawne\/"},"modified":"2025-03-19T18:56:12","modified_gmt":"2025-03-19T17:56:12","slug":"informacje-prawne","status":"publish","type":"page","link":"https:\/\/www.veolyss.com\/pl\/informacje-prawne\/","title":{"rendered":"Informacje prawne"},"content":{"rendered":"\n<h2 class=\"wp-block-heading\">Edytor stron internetowych<\/h2>\n\n<ul class=\"wp-block-list\">\n<li>Nazwa firmy: OBERA<\/li>\n\n\n\n<li>Adres: 16 Rue de la Batterie, 67118 GEISPOLSHEIM<\/li>\n\n\n\n<li>E-mail: contact@obera.fr<\/li>\n\n\n\n<li>Telefon: 03.67.10.66.75<\/li>\n\n\n\n<li>Numer SIRET: 832 913 487 00027<\/li>\n<\/ul>\n\n<h2 class=\"wp-block-heading\">Gospodarz witryny<\/h2>\n\n<ul class=\"wp-block-list\">\n<li>Nazwa hosta: o2switch SAS z kapita\u0142em w wysoko\u015bci 100 000 EUR<\/li>\n\n\n\n<li>Adres: Chemin des Pardiaux, 63000 Clermont-Ferrand<\/li>\n\n\n\n<li>SIRET: 510 909 807 00032 RCS Clermont Ferrand<\/li>\n<\/ul>\n\n<h2 class=\"wp-block-heading\">W\u0142asno\u015b\u0107 intelektualna<\/h2>\n\n<p>Ca\u0142a zawarto\u015b\u0107 (tekst, obrazy, logo) jest chroniona prawem w\u0142asno\u015bci intelektualnej. Powielanie bez uprzedniej zgody jest zabronione. <\/p>\n\n<h2 class=\"wp-block-heading\">Odpowiedzialno\u015b\u0107<\/h2>\n\n<p>Redaktor strony nie ponosi odpowiedzialno\u015bci za jakiekolwiek b\u0142\u0119dy lub pomini\u0119cia na stronie.<\/p>\n","protected":false},"excerpt":{"rendered":"<p>Edytor stron internetowych Gospodarz witryny W\u0142asno\u015b\u0107 intelektualna Ca\u0142a zawarto\u015b\u0107 (tekst, obrazy, logo) jest chroniona prawem w\u0142asno\u015bci intelektualnej. Powielanie bez uprzedniej zgody jest zabronione. Odpowiedzialno\u015b\u0107 Redaktor strony nie ponosi odpowiedzialno\u015bci za jakiekolwiek b\u0142\u0119dy lub pomini\u0119cia na stronie.<\/p>\n","protected":false},"author":1,"featured_media":0,"parent":0,"menu_order":0,"comment_status":"closed","ping_status":"closed","template":"","meta":{"_seopress_robots_primary_cat":"","_seopress_titles_title":"Informacje prawne dotycz\u0105ce Vilo Cooler","_seopress_titles_desc":"informacje prawne dotycz\u0105ce strony internetowej vilo-cooler.com","_seopress_robots_index":"","footnotes":""},"class_list":["post-4324","page","type-page","status-publish"],"_links":{"self":[{"href":"https:\/\/www.veolyss.com\/pl\/wp-json\/wp\/v2\/pages\/4324","targetHints":{"allow":["GET"]}}],"collection":[{"href":"https:\/\/www.veolyss.com\/pl\/wp-json\/wp\/v2\/pages"}],"about":[{"href":"https:\/\/www.veolyss.com\/pl\/wp-json\/wp\/v2\/types\/page"}],"author":[{"embeddable":true,"href":"https:\/\/www.veolyss.com\/pl\/wp-json\/wp\/v2\/users\/1"}],"replies":[{"embeddable":true,"href":"https:\/\/www.veolyss.com\/pl\/wp-json\/wp\/v2\/comments?post=4324"}],"version-history":[{"count":1,"href":"https:\/\/www.veolyss.com\/pl\/wp-json\/wp\/v2\/pages\/4324\/revisions"}],"predecessor-version":[{"id":4325,"href":"https:\/\/www.veolyss.com\/pl\/wp-json\/wp\/v2\/pages\/4324\/revisions\/4325"}],"wp:attachment":[{"href":"https:\/\/www.veolyss.com\/pl\/wp-json\/wp\/v2\/media?parent=4324"}],"curies":[{"name":"wp","href":"https:\/\/api.w.org\/{rel}","templated":true}]}}