{"id":2776,"date":"2022-05-10T20:33:20","date_gmt":"2022-05-10T18:33:20","guid":{"rendered":"https:\/\/vilo-cooler.com\/nasza-rada\/"},"modified":"2025-08-21T09:45:42","modified_gmt":"2025-08-21T07:45:42","slug":"nasza-rada","status":"publish","type":"page","link":"https:\/\/www.veolyss.com\/pl\/nasza-rada\/","title":{"rendered":"Nasza rada"},"content":{"rendered":"\n<p><br\/><br\/>Witamy w <strong><mark style=\"background-color:rgba(0, 0, 0, 0)\" class=\"has-inline-color has-contrast-color\">VEOLYSS Cooler<\/mark><\/strong><strong>specjalisty w dziedzinie ch\u0142odnic powietrza dla firm<\/strong>. Tutaj dzielimy si\u0119 naszymi poradami, wiedz\u0105 i innowacyjnymi rozwi\u0105zaniami, aby poprawi\u0107 komfort w profesjonalnych przestrzeniach. Zaoferuj swoim zespo\u0142om i klientom <strong>ch\u0142odne i przyjemne \u015brodowisko<\/strong>, nawet w najgor\u0119tszych okresach!  <\/p>\n\n<div class=\"gb-grid-wrapper gb-grid-wrapper-07af4c16 gb-query-loop-wrapper\">\n<div class=\"gb-grid-column gb-grid-column-2e3a1acf gb-query-loop-item post-4199 post type-post status-publish format-standard has-post-thumbnail hentry category-bez-kategorii\"><article class=\"gb-container gb-container-2e3a1acf\"><div class=\"gb-inside-container\">\n<figure class=\"gb-block-image gb-block-image-06177060\"><a href=\"https:\/\/www.veolyss.com\/pl\/przemyslowe-chlodnice-powietrza-wybor-odpowiedniej-chlodnicy-do-kontroli-temperatury-w-warsztacie\/\"><img loading=\"lazy\" decoding=\"async\" width=\"300\" height=\"195\" src=\"https:\/\/www.veolyss.com\/wp-content\/uploads\/2025\/01\/entrepot-1-300x195.png\" class=\"gb-image-06177060\" alt=\"entrep\u00f4t\" srcset=\"https:\/\/www.veolyss.com\/wp-content\/uploads\/2025\/01\/entrepot-1-300x195.png 300w, https:\/\/www.veolyss.com\/wp-content\/uploads\/2025\/01\/entrepot-1-1024x667.png 1024w, https:\/\/www.veolyss.com\/wp-content\/uploads\/2025\/01\/entrepot-1-768x500.png 768w, https:\/\/www.veolyss.com\/wp-content\/uploads\/2025\/01\/entrepot-1.png 1229w\" sizes=\"auto, (max-width: 300px) 100vw, 300px\" \/><\/a><\/figure>\n\n<h2 class=\"gb-headline gb-headline-d979bae1 gb-headline-text\"><a href=\"https:\/\/www.veolyss.com\/pl\/przemyslowe-chlodnice-powietrza-wybor-odpowiedniej-chlodnicy-do-kontroli-temperatury-w-warsztacie\/\">Przemys\u0142owe ch\u0142odnice powietrza: wyb\u00f3r odpowiedniej ch\u0142odnicy do kontroli temperatury w warsztacie<\/a><\/h2>\n\n<div class=\"gb-headline gb-headline-5c371095 gb-headline-text\">Czy procesy przemys\u0142owe powoduj\u0105 gromadzenie si\u0119 ciep\u0142a? Klimatyzacja staje si\u0119 niezb\u0119dna do utrzymania komfortowej temperatury w pomieszczeniach biznesowych. Przemys\u0142owa ch\u0142odnica powietrza, znana r\u00f3wnie\u017c jako ch\u0142odnica adiabatyczna, jest skutecznym i ekonomicznym rozwi\u0105zaniem. \u0141atwy w instalacji, mobilny, energooszcz\u0119dny i prosty w utrzymaniu, stanowi wysokowydajn\u0105 alternatyw\u0119 dla tradycyjnych klimatyzator\u00f3w. Wykorzystuj\u0105c zasad\u0119 parowania wody, system ten generuje \u015bwie\u017ce, zdrowe powietrze, idealne do warsztatu.    <\/div>\n<\/div><\/article><\/div>\n\n<div class=\"gb-grid-column gb-grid-column-2e3a1acf gb-query-loop-item post-2910 post type-post status-publish format-standard has-post-thumbnail hentry category-bez-kategorii\"><article class=\"gb-container gb-container-2e3a1acf\"><div class=\"gb-inside-container\">\n<figure class=\"gb-block-image gb-block-image-06177060\"><a href=\"https:\/\/www.veolyss.com\/pl\/metody-okreslania-natezenia-przeplywu-powietrza-w-przemyslowej-chlodnicy-powietrza\/\"><img loading=\"lazy\" decoding=\"async\" width=\"300\" height=\"198\" src=\"https:\/\/www.veolyss.com\/wp-content\/uploads\/2025\/01\/Banniere-debit-air-1-300x198.png\" class=\"gb-image-06177060\" alt=\"manom\u00e8tre\" srcset=\"https:\/\/www.veolyss.com\/wp-content\/uploads\/2025\/01\/Banniere-debit-air-1-300x198.png 300w, https:\/\/www.veolyss.com\/wp-content\/uploads\/2025\/01\/Banniere-debit-air-1-1024x676.png 1024w, https:\/\/www.veolyss.com\/wp-content\/uploads\/2025\/01\/Banniere-debit-air-1-768x507.png 768w, https:\/\/www.veolyss.com\/wp-content\/uploads\/2025\/01\/Banniere-debit-air-1.png 1212w\" sizes=\"auto, (max-width: 300px) 100vw, 300px\" \/><\/a><\/figure>\n\n<h2 class=\"gb-headline gb-headline-d979bae1 gb-headline-text\"><a href=\"https:\/\/www.veolyss.com\/pl\/metody-okreslania-natezenia-przeplywu-powietrza-w-przemyslowej-chlodnicy-powietrza\/\">Metody okre\u015blania nat\u0119\u017cenia przep\u0142ywu powietrza w przemys\u0142owej ch\u0142odnicy powietrza<\/a><\/h2>\n\n<div class=\"gb-headline gb-headline-5c371095 gb-headline-text\">Je\u015bli potrzebujesz obni\u017cy\u0107 temperatur\u0119 w magazynie, warsztacie, fabryce lub siedzibie firmy, czy to w restauracji, budynku gospodarczym czy warsztacie naprawczym, Vilo ma dla Ciebie op\u0142acalne rozwi\u0105zanie. Nasze adiabatyczne agregaty ch\u0142odnicze generuj\u0105 sta\u0142y przep\u0142yw zimnego powietrza o temperaturze obni\u017conej od 4\u00b0C do 12\u00b0C w por\u00f3wnaniu z powietrzem nawiewanym. <\/div>\n<\/div><\/article><\/div>\n\n<div class=\"gb-grid-column gb-grid-column-2e3a1acf gb-query-loop-item post-2960 post type-post status-publish format-standard has-post-thumbnail hentry category-bez-kategorii\"><article class=\"gb-container gb-container-2e3a1acf\"><div class=\"gb-inside-container\">\n<figure class=\"gb-block-image gb-block-image-06177060\"><a href=\"https:\/\/www.veolyss.com\/pl\/mobilna-chlodnica-adiabatyczna-idealne-rozwiazanie-do-chlodzenia-awaryjnego-i-potrzeb-tymczasowych\/\"><img loading=\"lazy\" decoding=\"async\" width=\"300\" height=\"209\" src=\"https:\/\/www.veolyss.com\/wp-content\/uploads\/2025\/01\/Banniere-solution-300x209.jpg\" class=\"gb-image-06177060\" alt=\"\" srcset=\"https:\/\/www.veolyss.com\/wp-content\/uploads\/2025\/01\/Banniere-solution-300x209.jpg 300w, https:\/\/www.veolyss.com\/wp-content\/uploads\/2025\/01\/Banniere-solution-1024x712.jpg 1024w, https:\/\/www.veolyss.com\/wp-content\/uploads\/2025\/01\/Banniere-solution-768x534.jpg 768w, https:\/\/www.veolyss.com\/wp-content\/uploads\/2025\/01\/Banniere-solution-1536x1068.jpg 1536w, https:\/\/www.veolyss.com\/wp-content\/uploads\/2025\/01\/Banniere-solution-2048x1423.jpg 2048w\" sizes=\"auto, (max-width: 300px) 100vw, 300px\" \/><\/a><\/figure>\n\n<h2 class=\"gb-headline gb-headline-d979bae1 gb-headline-text\"><a href=\"https:\/\/www.veolyss.com\/pl\/mobilna-chlodnica-adiabatyczna-idealne-rozwiazanie-do-chlodzenia-awaryjnego-i-potrzeb-tymczasowych\/\">Mobilna ch\u0142odnica adiabatyczna, idealne rozwi\u0105zanie do ch\u0142odzenia awaryjnego i potrzeb tymczasowych<\/a><\/h2>\n\n<div class=\"gb-headline gb-headline-5c371095 gb-headline-text\">Te nag\u0142e epizody mog\u0105 nasyci\u0107 zwyk\u0142e systemy ch\u0142odzenia w zak\u0142adzie, tworz\u0105c krytyczne sytuacje wymagaj\u0105ce szybkiej interwencji. Wydajno\u015b\u0107 pracownik\u00f3w spada, a ich zdrowie jest zagro\u017cone (utrudnione oddychanie powietrzem, pogorszone warunki pracy).   <\/div>\n<\/div><\/article><\/div>\n\n<div class=\"gb-grid-column gb-grid-column-2e3a1acf gb-query-loop-item post-3040 post type-post status-publish format-standard has-post-thumbnail hentry category-bez-kategorii\"><article class=\"gb-container gb-container-2e3a1acf\"><div class=\"gb-inside-container\">\n<figure class=\"gb-block-image gb-block-image-06177060\"><a href=\"https:\/\/www.veolyss.com\/pl\/vilo-instaluje-wyparna-chlodnice-powietrza-w-hali-sportowej\/\"><img loading=\"lazy\" decoding=\"async\" width=\"300\" height=\"200\" src=\"https:\/\/www.veolyss.com\/wp-content\/uploads\/2025\/01\/salle-de-sport-1-300x200.jpg\" class=\"gb-image-06177060\" alt=\"salle de sport avec diverses machines comme des v\u00e9los ou des poids\" srcset=\"https:\/\/www.veolyss.com\/wp-content\/uploads\/2025\/01\/salle-de-sport-1-300x200.jpg 300w, https:\/\/www.veolyss.com\/wp-content\/uploads\/2025\/01\/salle-de-sport-1-1024x683.jpg 1024w, https:\/\/www.veolyss.com\/wp-content\/uploads\/2025\/01\/salle-de-sport-1-768x512.jpg 768w, https:\/\/www.veolyss.com\/wp-content\/uploads\/2025\/01\/salle-de-sport-1-1536x1024.jpg 1536w, https:\/\/www.veolyss.com\/wp-content\/uploads\/2025\/01\/salle-de-sport-1-2048x1366.jpg 2048w\" sizes=\"auto, (max-width: 300px) 100vw, 300px\" \/><\/a><\/figure>\n\n<h2 class=\"gb-headline gb-headline-d979bae1 gb-headline-text\"><a href=\"https:\/\/www.veolyss.com\/pl\/vilo-instaluje-wyparna-chlodnice-powietrza-w-hali-sportowej\/\">VILO instaluje wyparn\u0105 ch\u0142odnic\u0119 powietrza w hali sportowej<\/a><\/h2>\n\n<div class=\"gb-headline gb-headline-5c371095 gb-headline-text\">Ze wzgl\u0119du na lokalizacj\u0119 bezpo\u015brednio pod dachem obiektu, ciep\u0142o by\u0142o szczeg\u00f3lnie intensywne, osi\u0105gaj\u0105c do 30 stopni w hali sportowej. Instalacja naszego VL-220 obni\u017cy\u0142a temperatur\u0119 o ponad 5 stopni. <\/div>\n<\/div><\/article><\/div>\n\n<div class=\"gb-grid-column gb-grid-column-2e3a1acf gb-query-loop-item post-3063 post type-post status-publish format-standard has-post-thumbnail hentry category-bez-kategorii\"><article class=\"gb-container gb-container-2e3a1acf\"><div class=\"gb-inside-container\">\n<figure class=\"gb-block-image gb-block-image-06177060\"><a href=\"https:\/\/www.veolyss.com\/pl\/wszystko-co-musisz-wiedziec-o-przemyslowych-chlodnicach-adiabatycznych\/\"><img loading=\"lazy\" decoding=\"async\" width=\"300\" height=\"200\" src=\"https:\/\/www.veolyss.com\/wp-content\/uploads\/2025\/01\/Banniere-nature-300x200.jpg\" class=\"gb-image-06177060\" alt=\"\" srcset=\"https:\/\/www.veolyss.com\/wp-content\/uploads\/2025\/01\/Banniere-nature-300x200.jpg 300w, https:\/\/www.veolyss.com\/wp-content\/uploads\/2025\/01\/Banniere-nature-1024x683.jpg 1024w, https:\/\/www.veolyss.com\/wp-content\/uploads\/2025\/01\/Banniere-nature-768x512.jpg 768w, https:\/\/www.veolyss.com\/wp-content\/uploads\/2025\/01\/Banniere-nature-1536x1024.jpg 1536w, https:\/\/www.veolyss.com\/wp-content\/uploads\/2025\/01\/Banniere-nature-2048x1365.jpg 2048w\" sizes=\"auto, (max-width: 300px) 100vw, 300px\" \/><\/a><\/figure>\n\n<h2 class=\"gb-headline gb-headline-d979bae1 gb-headline-text\"><a href=\"https:\/\/www.veolyss.com\/pl\/wszystko-co-musisz-wiedziec-o-przemyslowych-chlodnicach-adiabatycznych\/\">Wszystko, co musisz wiedzie\u0107 o przemys\u0142owych ch\u0142odnicach adiabatycznych<\/a><\/h2>\n\n<div class=\"gb-headline gb-headline-5c371095 gb-headline-text\">Ch\u0142odnica przemys\u0142owa adiabatyczna to wysokowydajne rozwi\u0105zanie do ch\u0142odzenia i klimatyzowania przestrzeni przemys\u0142owych. Jej dzia\u0142anie opiera si\u0119 na prostym mechanizmie: parowaniu wody. <\/div>\n<\/div><\/article><\/div>\n\n<div class=\"gb-grid-column gb-grid-column-2e3a1acf gb-query-loop-item post-3103 post type-post status-publish format-standard has-post-thumbnail hentry category-bez-kategorii\"><article class=\"gb-container gb-container-2e3a1acf\"><div class=\"gb-inside-container\">\n<figure class=\"gb-block-image gb-block-image-06177060\"><a href=\"https:\/\/www.veolyss.com\/pl\/faq-dotyczace-adiabatycznych-chlodnic-powietrza\/\"><img loading=\"lazy\" decoding=\"async\" width=\"300\" height=\"200\" src=\"https:\/\/www.veolyss.com\/wp-content\/uploads\/2025\/01\/Banniere-FAQ-300x200.jpg\" class=\"gb-image-06177060\" alt=\"\" srcset=\"https:\/\/www.veolyss.com\/wp-content\/uploads\/2025\/01\/Banniere-FAQ-300x200.jpg 300w, https:\/\/www.veolyss.com\/wp-content\/uploads\/2025\/01\/Banniere-FAQ-1024x684.jpg 1024w, https:\/\/www.veolyss.com\/wp-content\/uploads\/2025\/01\/Banniere-FAQ-768x513.jpg 768w, https:\/\/www.veolyss.com\/wp-content\/uploads\/2025\/01\/Banniere-FAQ-1536x1025.jpg 1536w, https:\/\/www.veolyss.com\/wp-content\/uploads\/2025\/01\/Banniere-FAQ-2048x1367.jpg 2048w\" sizes=\"auto, (max-width: 300px) 100vw, 300px\" \/><\/a><\/figure>\n\n<h2 class=\"gb-headline gb-headline-d979bae1 gb-headline-text\"><a href=\"https:\/\/www.veolyss.com\/pl\/faq-dotyczace-adiabatycznych-chlodnic-powietrza\/\">FAQ dotycz\u0105ce adiabatycznych ch\u0142odnic powietrza<\/a><\/h2>\n\n<div class=\"gb-headline gb-headline-5c371095 gb-headline-text\">Nie, wr\u0119cz przeciwnie! Pytanie to cz\u0119sto opiera si\u0119 na b\u0142\u0119dnym przekonaniu, \u017ce niewielki wzrost wilgotno\u015bci spowodowany przez ch\u0142odziarki wyparne sprzyja rozwojowi wirus\u00f3w, bakterii i ple\u015bni. Jednak wszystkie od\u015bwie\u017cacze powietrza VILO s\u0105 wyposa\u017cone w lamp\u0119 UV, kt\u00f3ra oczyszcza powietrze, eliminuj\u0105c cz\u0105steczki mog\u0105ce rozprzestrzenia\u0107 patogeny.  <\/div>\n<\/div><\/article><\/div>\n\n<div class=\"gb-grid-column gb-grid-column-2e3a1acf gb-query-loop-item post-3177 post type-post status-publish format-standard has-post-thumbnail hentry category-bez-kategorii\"><article class=\"gb-container gb-container-2e3a1acf\"><div class=\"gb-inside-container\">\n<figure class=\"gb-block-image gb-block-image-06177060\"><a href=\"https:\/\/www.veolyss.com\/pl\/mobilne-adiabatyczne-chlodnice-powietrza-elastyczne-i-wydajne-rozwiazanie-dla-przemyslu\/\"><img loading=\"lazy\" decoding=\"async\" width=\"300\" height=\"200\" src=\"https:\/\/www.veolyss.com\/wp-content\/uploads\/2025\/01\/Banniere-industrie-300x200.jpg\" class=\"gb-image-06177060\" alt=\"\" srcset=\"https:\/\/www.veolyss.com\/wp-content\/uploads\/2025\/01\/Banniere-industrie-300x200.jpg 300w, https:\/\/www.veolyss.com\/wp-content\/uploads\/2025\/01\/Banniere-industrie-1024x683.jpg 1024w, https:\/\/www.veolyss.com\/wp-content\/uploads\/2025\/01\/Banniere-industrie-768x512.jpg 768w, https:\/\/www.veolyss.com\/wp-content\/uploads\/2025\/01\/Banniere-industrie-1536x1024.jpg 1536w, https:\/\/www.veolyss.com\/wp-content\/uploads\/2025\/01\/Banniere-industrie-2048x1365.jpg 2048w\" sizes=\"auto, (max-width: 300px) 100vw, 300px\" \/><\/a><\/figure>\n\n<h2 class=\"gb-headline gb-headline-d979bae1 gb-headline-text\"><a href=\"https:\/\/www.veolyss.com\/pl\/mobilne-adiabatyczne-chlodnice-powietrza-elastyczne-i-wydajne-rozwiazanie-dla-przemyslu\/\">Mobilne adiabatyczne ch\u0142odnice powietrza: elastyczne i wydajne rozwi\u0105zanie dla przemys\u0142u<\/a><\/h2>\n\n<div class=\"gb-headline gb-headline-5c371095 gb-headline-text\">Elastyczno\u015b\u0107 jest podstaw\u0105 dzia\u0142ania mobilnej ch\u0142odnicy wyparnej. Dzi\u0119ki swojej mobilno\u015bci mo\u017cna j\u0105 dostosowa\u0107 do szerokiego zakresu sytuacji, w kt\u00f3rych ch\u0142odzenie \u015brodowiska pracy jest niezb\u0119dne. Elastyczno\u015b\u0107 ta przejawia si\u0119 zar\u00f3wno przestrzennie, jak i czasowo.  <\/div>\n<\/div><\/article><\/div>\n\n<div class=\"gb-grid-column gb-grid-column-2e3a1acf gb-query-loop-item post-3222 post type-post status-publish format-standard has-post-thumbnail hentry category-bez-kategorii\"><article class=\"gb-container gb-container-2e3a1acf\"><div class=\"gb-inside-container\">\n<figure class=\"gb-block-image gb-block-image-06177060\"><a href=\"https:\/\/www.veolyss.com\/pl\/praktyczny-przewodnik-wszystko-co-musisz-wiedziec-o-konserwacji-chlodni-przemyslowej\/\"><img loading=\"lazy\" decoding=\"async\" width=\"300\" height=\"200\" src=\"https:\/\/www.veolyss.com\/wp-content\/uploads\/2025\/01\/Banniere-nettoyage-300x200.jpg\" class=\"gb-image-06177060\" alt=\"\" srcset=\"https:\/\/www.veolyss.com\/wp-content\/uploads\/2025\/01\/Banniere-nettoyage-300x200.jpg 300w, https:\/\/www.veolyss.com\/wp-content\/uploads\/2025\/01\/Banniere-nettoyage-1024x683.jpg 1024w, https:\/\/www.veolyss.com\/wp-content\/uploads\/2025\/01\/Banniere-nettoyage-768x512.jpg 768w, https:\/\/www.veolyss.com\/wp-content\/uploads\/2025\/01\/Banniere-nettoyage-1536x1024.jpg 1536w, https:\/\/www.veolyss.com\/wp-content\/uploads\/2025\/01\/Banniere-nettoyage-2048x1365.jpg 2048w\" sizes=\"auto, (max-width: 300px) 100vw, 300px\" \/><\/a><\/figure>\n\n<h2 class=\"gb-headline gb-headline-d979bae1 gb-headline-text\"><a href=\"https:\/\/www.veolyss.com\/pl\/praktyczny-przewodnik-wszystko-co-musisz-wiedziec-o-konserwacji-chlodni-przemyslowej\/\">Praktyczny przewodnik: Wszystko, co musisz wiedzie\u0107 o konserwacji ch\u0142odni przemys\u0142owej<\/a><\/h2>\n\n<div class=\"gb-headline gb-headline-5c371095 gb-headline-text\">Chcesz chroni\u0107 swoich pracownik\u00f3w przed stresem cieplnym? Ch\u0142odnica wyparna to niezawodne rozwi\u0105zanie do obni\u017cania temperatury w magazynie lub obiekcie handlowym. Przy regularnej konserwacji sprz\u0119t ten mo\u017ce dzia\u0142a\u0107 z pe\u0142n\u0105 wydajno\u015bci\u0105 przez wiele lat.  <\/div>\n<\/div><\/article><\/div>\n\n<div class=\"gb-grid-column gb-grid-column-2e3a1acf gb-query-loop-item post-2783 post type-post status-publish format-standard has-post-thumbnail hentry category-bez-kategorii\"><article class=\"gb-container gb-container-2e3a1acf\"><div class=\"gb-inside-container\">\n<figure class=\"gb-block-image gb-block-image-06177060\"><a href=\"https:\/\/www.veolyss.com\/pl\/jaka-jest-roznica-miedzy-chlodnica-a-klimatyzatorem\/\"><img loading=\"lazy\" decoding=\"async\" width=\"300\" height=\"190\" src=\"https:\/\/www.veolyss.com\/wp-content\/uploads\/2025\/01\/Banniere-RAF-VS-clim-300x190.png\" class=\"gb-image-06177060\" alt=\"\" srcset=\"https:\/\/www.veolyss.com\/wp-content\/uploads\/2025\/01\/Banniere-RAF-VS-clim-300x190.png 300w, https:\/\/www.veolyss.com\/wp-content\/uploads\/2025\/01\/Banniere-RAF-VS-clim-1024x649.png 1024w, https:\/\/www.veolyss.com\/wp-content\/uploads\/2025\/01\/Banniere-RAF-VS-clim-768x487.png 768w, https:\/\/www.veolyss.com\/wp-content\/uploads\/2025\/01\/Banniere-RAF-VS-clim-1536x974.png 1536w, https:\/\/www.veolyss.com\/wp-content\/uploads\/2025\/01\/Banniere-RAF-VS-clim-2048x1298.png 2048w\" sizes=\"auto, (max-width: 300px) 100vw, 300px\" \/><\/a><\/figure>\n\n<h2 class=\"gb-headline gb-headline-d979bae1 gb-headline-text\"><a href=\"https:\/\/www.veolyss.com\/pl\/jaka-jest-roznica-miedzy-chlodnica-a-klimatyzatorem\/\">Jaka jest r\u00f3\u017cnica mi\u0119dzy ch\u0142odnic\u0105 a klimatyzatorem?<\/a><\/h2>\n\n<div class=\"gb-headline gb-headline-5c371095 gb-headline-text\">Klimatyzatory czy ch\u0142odnice przemys\u0142owe? Chocia\u017c ich wsp\u00f3ln\u0105 funkcj\u0105 jest ch\u0142odzenie powietrza, istniej\u0105 mi\u0119dzy nimi znacz\u0105ce r\u00f3\u017cnice pod wzgl\u0119dem wp\u0142ywu na \u015brodowisko i gospodark\u0119. Klimatyzatory wykorzystuj\u0105 toksyczne czynniki ch\u0142odnicze, podczas gdy ch\u0142odnice wykorzystuj\u0105 wy\u0142\u0105cznie wod\u0119.    <\/div>\n<\/div><\/article><\/div>\n<\/div>\n\n<div class=\"gb-container gb-container-ca04b990 gb-query-loop-pagination\">\n\n\n<span class=\"gb-button gb-button-f3326592 gb-button-text page-numbers gb-block-is-current\" aria-current=\"page\">1<\/span><a class=\"gb-button gb-button-f3326592 gb-button-text page-numbers\" href=\"?query-7097c1ff-page=2\">2<\/a>\n\n<a class=\"gb-button gb-button-86469464 gb-button-text\" href=\"\/pl\/wp-json\/wp\/v2\/pages\/2776?query-7097c1ff-page=2\">Nast\u0119pny<\/a>\n<\/div>\n","protected":false},"excerpt":{"rendered":"<p>Witamy w VEOLYSS Coolerspecjalisty w dziedzinie ch\u0142odnic powietrza dla firm. Tutaj dzielimy si\u0119 naszymi poradami, wiedz\u0105 i innowacyjnymi rozwi\u0105zaniami, aby poprawi\u0107 komfort w profesjonalnych przestrzeniach. Zaoferuj swoim zespo\u0142om i klientom ch\u0142odne i przyjemne \u015brodowisko, nawet w najgor\u0119tszych okresach!<\/p>\n","protected":false},"author":2,"featured_media":0,"parent":0,"menu_order":0,"comment_status":"closed","ping_status":"closed","template":"","meta":{"_seopress_robots_primary_cat":"","_seopress_titles_title":"Blog - Ch\u0142odnica VEOLYSS","_seopress_titles_desc":"Odkryj blog VEOLYSS Cooler, eksperta w dziedzinie ch\u0142odnic powietrza dla firm. Porady, rozwi\u0105zania i innowacje zapewniaj\u0105ce optymalny komfort pracy. ","_seopress_robots_index":"","footnotes":""},"class_list":["post-2776","page","type-page","status-publish"],"_links":{"self":[{"href":"https:\/\/www.veolyss.com\/pl\/wp-json\/wp\/v2\/pages\/2776","targetHints":{"allow":["GET"]}}],"collection":[{"href":"https:\/\/www.veolyss.com\/pl\/wp-json\/wp\/v2\/pages"}],"about":[{"href":"https:\/\/www.veolyss.com\/pl\/wp-json\/wp\/v2\/types\/page"}],"author":[{"embeddable":true,"href":"https:\/\/www.veolyss.com\/pl\/wp-json\/wp\/v2\/users\/2"}],"replies":[{"embeddable":true,"href":"https:\/\/www.veolyss.com\/pl\/wp-json\/wp\/v2\/comments?post=2776"}],"version-history":[{"count":2,"href":"https:\/\/www.veolyss.com\/pl\/wp-json\/wp\/v2\/pages\/2776\/revisions"}],"predecessor-version":[{"id":4623,"href":"https:\/\/www.veolyss.com\/pl\/wp-json\/wp\/v2\/pages\/2776\/revisions\/4623"}],"wp:attachment":[{"href":"https:\/\/www.veolyss.com\/pl\/wp-json\/wp\/v2\/media?parent=2776"}],"curies":[{"name":"wp","href":"https:\/\/api.w.org\/{rel}","templated":true}]}}