{"id":2496,"date":"2025-02-02T19:30:33","date_gmt":"2025-02-02T18:30:33","guid":{"rendered":"https:\/\/vilo-cooler.com\/poznaj-nasza-oferte-przemyslowych-chlodnic-powietrza\/"},"modified":"2025-08-22T10:58:14","modified_gmt":"2025-08-22T08:58:14","slug":"poznaj-nasza-oferte-przemyslowych-chlodnic-powietrza","status":"publish","type":"page","link":"https:\/\/www.veolyss.com\/pl\/poznaj-nasza-oferte-przemyslowych-chlodnic-powietrza\/","title":{"rendered":"Poznaj nasz\u0105 ofert\u0119 przemys\u0142owych ch\u0142odnic powietrza"},"content":{"rendered":"\n<p><br>Witamy w naszej ofercie adiabatycznych ch\u0142odnic powietrza, zaprojektowanych specjalnie w celu optymalizacji komfortu w \u015brodowiskach przemys\u0142owych. Te przyjazne dla \u015brodowiska, ekonomiczne urz\u0105dzenia \u0142\u0105cz\u0105 w sobie efektywno\u015b\u0107, praktyczno\u015b\u0107 i wydajno\u015b\u0107, a ka\u017cde z nich oferuje unikalne funkcje dostosowane do Twoich potrzeb. <\/p>\n\n\n\n<h2 class=\"wp-block-heading\"><mark style=\"background-color:rgba(0, 0, 0, 0)\" class=\"has-inline-color has-accent-2-color\">Dlaczego warto wybra\u0107 nasze od\u015bwie\u017cacze powietrza VEOLYSS?<\/mark><\/h2>\n\n\n\n<div class=\"wp-block-columns is-layout-flex wp-container-core-columns-is-layout-9d6595d7 wp-block-columns-is-layout-flex\">\n<div class=\"wp-block-column is-layout-flow wp-block-column-is-layout-flow\" style=\"flex-basis:66.66%\">\n<ul class=\"wp-block-list\">\n<li>Innowacja technologiczna oparta na naturalnej zasadzie parowania wody.<\/li>\n\n\n\n<li>Koszty eksploatacji do 15 razy ni\u017csze ni\u017c w przypadku klimatyzacji.<\/li>\n\n\n\n<li>Kompletny asortyment zaprojektowany, aby spe\u0142ni\u0107 wszystkie potrzeby i wymagania.<\/li>\n\n\n\n<li>Bardzo niski \u015blad w\u0119glowy (brak czynnika ch\u0142odniczego) i brak odprowadzania ciep\u0142ego powietrza, co pozwala unikn\u0105\u0107 efektu &#8222;wyspy ciep\u0142a&#8221;.<\/li>\n\n\n\n<li>Praktyczne, elastyczne i mobilne rozwi\u0105zanie typu &#8222;Plug and Play&#8221;.<\/li>\n\n\n\n<li>Szybka i ekonomiczna konserwacja.<\/li>\n<\/ul>\n<\/div>\n\n\n\n<div class=\"wp-block-column is-layout-flow wp-block-column-is-layout-flow\" style=\"flex-basis:33.33%\"><div class=\"wp-block-image\">\n<figure class=\"aligncenter size-full\"><img alt=\"\" loading=\"lazy\" decoding=\"async\" width=\"1200\" height=\"241\" src=\"https:\/\/www.veolyss.com\/wp-content\/uploads\/2025\/08\/cropped-Logo-VEOLYSS.png\" alt=\"\" class=\"wp-image-4424\" srcset=\"https:\/\/www.veolyss.com\/wp-content\/uploads\/2025\/08\/cropped-Logo-VEOLYSS.png 1200w, https:\/\/www.veolyss.com\/wp-content\/uploads\/2025\/08\/cropped-Logo-VEOLYSS-300x60.png 300w, https:\/\/www.veolyss.com\/wp-content\/uploads\/2025\/08\/cropped-Logo-VEOLYSS-1024x206.png 1024w, https:\/\/www.veolyss.com\/wp-content\/uploads\/2025\/08\/cropped-Logo-VEOLYSS-768x154.png 768w\" sizes=\"auto, (max-width: 1200px) 100vw, 1200px\" \/><\/figure>\n<\/div><\/div>\n<\/div>\n\n\n\n<h2 class=\"wp-block-heading\"><mark style=\"background-color:rgba(0, 0, 0, 0)\" class=\"has-inline-color has-contrast-2-color\">Odkryj nasz\u0105 gam\u0119 mobilnych wyparnych ch\u0142odnic powietrza: seria VL<\/mark><\/h2>\n\n\n\n<p>Nasze wyparne ch\u0142odnice powietrza VL s\u0105 wyposa\u017cone w k\u00f3\u0142ka, zapewniaj\u0105c \u0142atw\u0105 i bezwysi\u0142kow\u0105 mobilno\u015b\u0107 w \u015brodowiskach przemys\u0142owych. Ch\u0142odzenie wyparne to skuteczne rozwi\u0105zanie optymalizuj\u0105ce produkcj\u0119. Za pomoc\u0105 panelu sterowania mo\u017cna regulowa\u0107 moc, kierowa\u0107 nadmuchem i uzdatnia\u0107 wod\u0119 za pomoc\u0105 jonizatora.  <\/p>\n\n\n\n<div class=\"wp-block-group\"><div class=\"wp-block-group__inner-container is-layout-constrained wp-block-group-is-layout-constrained\"><div class=\"wp-block-image\">\n<figure class=\"alignleft size-full is-resized\"><img alt=\"\" loading=\"lazy\" decoding=\"async\" width=\"1200\" height=\"1200\" src=\"https:\/\/www.veolyss.com\/wp-content\/uploads\/2025\/08\/Image-site-VL-50.png\" alt=\"\" class=\"wp-image-4680\" style=\"aspect-ratio:2\/3;object-fit:cover;width:250px\" srcset=\"https:\/\/www.veolyss.com\/wp-content\/uploads\/2025\/08\/Image-site-VL-50.png 1200w, https:\/\/www.veolyss.com\/wp-content\/uploads\/2025\/08\/Image-site-VL-50-300x300.png 300w, https:\/\/www.veolyss.com\/wp-content\/uploads\/2025\/08\/Image-site-VL-50-1024x1024.png 1024w, https:\/\/www.veolyss.com\/wp-content\/uploads\/2025\/08\/Image-site-VL-50-150x150.png 150w, https:\/\/www.veolyss.com\/wp-content\/uploads\/2025\/08\/Image-site-VL-50-768x768.png 768w\" sizes=\"auto, (max-width: 1200px) 100vw, 1200px\" \/><\/figure>\n<\/div>\n\n\n<h3 class=\"wp-block-heading\"><mark style=\"background-color:rgba(0, 0, 0, 0)\" class=\"has-inline-color has-contrast-color\">VL 50<\/mark><\/h3>\n\n\n\n<p>Ewaporacyjna ch\u0142odnica powietrza <strong>VL<\/strong> 50 to najbardziej kompaktowe urz\u0105dzenie w ofercie, zaprojektowane z my\u015bl\u0105 o \u015brodowiskach przemys\u0142owych. Wa\u017c\u0105c <strong>43 kg<\/strong> i mierz\u0105c <strong>925 x 580 x 1440 mm<\/strong>, \u0142\u0105czy w sobie solidno\u015b\u0107 i mobilno\u015b\u0107, a dzi\u0119ki zintegrowanym k\u00f3\u0142kom jest \u0142atwa do zainstalowania w r\u00f3\u017cnych przestrzeniach. <\/p>\n\n\n\n<p>Dzi\u0119ki przep\u0142ywowi powietrza wynosz\u0105cemu <strong>12 000 m\u00b3\/h<\/strong> i pojemno\u015bci wodnej <strong>70 l<\/strong>, VL 50 zapewnia szybkie i wydajne ch\u0142odzenie, zu\u017cywaj\u0105c przy tym od <strong>8 do 10 l wody<\/strong> na godzin\u0119. Mo\u017ce ch\u0142odzi\u0107 powierzchnie do <strong>150 m\u00b2<\/strong>, zapewniaj\u0105c przyjemne \u015brodowisko pracy. <\/p>\n\n\n\n<p>Maksymalny poziom ha\u0142asu wynosz\u0105cy <strong>63 dB<\/strong> zapewnia dyskretn\u0105 prac\u0119, pomagaj\u0105c pracownikom skoncentrowa\u0107 si\u0119 bardziej efektywnie. Podsumowuj\u0105c, VL 50 to skuteczne, kompaktowe rozwi\u0105zanie poprawiaj\u0105ce komfort i produktywno\u015b\u0107 w firmie. <\/p>\n\n\n\n<div class=\"wp-block-buttons is-content-justification-center is-layout-flex wp-container-core-buttons-is-layout-16018d1d wp-block-buttons-is-layout-flex\">\n<div class=\"wp-block-button\"><a class=\"wp-block-button__link has-base-color has-accent-2-background-color has-text-color has-background has-link-color wp-element-button\" href=\"http:\/\/www.veolyss.com\/wp-content\/uploads\/2025\/08\/EN-Brochures-VL-VEOLYSS-1.pdf\" target=\"_blank\" rel=\"noopener\">Dowiedz si\u0119 wi\u0119cej<\/a><\/div>\n<\/div>\n<\/div><\/div>\n\n\n\n<div class=\"wp-block-group\"><div class=\"wp-block-group__inner-container is-layout-constrained wp-block-group-is-layout-constrained\"><div class=\"wp-block-image\">\n<figure class=\"alignleft size-full is-resized\"><img alt=\"\" decoding=\"async\" src=\"https:\/\/www.veolyss.com\/wp-content\/uploads\/2025\/02\/VL-120-1-1.png\" alt=\"\" class=\"wp-image-3868\" style=\"aspect-ratio:2\/3;object-fit:cover;width:250px\"\/><\/figure>\n<\/div>\n\n\n<h3 class=\"wp-block-heading\"><mark style=\"background-color:rgba(0, 0, 0, 0)\" class=\"has-inline-color has-accent-2-color\">VL 120<\/mark><\/h3>\n\n\n\n<p>Ch\u0142odnica wyparna <strong>VL 120<\/strong> zosta\u0142a zaprojektowana z my\u015bl\u0105 o \u015brodowiskach przemys\u0142owych, oferuj\u0105c moc i wydajno\u015b\u0107. Wa\u017cy <strong>43 kg<\/strong> i mierzy<strong> 1120 x 640 x 1600 mm<\/strong>, a dzi\u0119ki k\u00f3\u0142kom mo\u017cna j\u0105 \u0142atwo przemieszcza\u0107. <\/p>\n\n\n\n<p>Przy przep\u0142ywie powietrza wynosz\u0105cym <strong>22 000 m\u00b3\/h<\/strong> i pojemno\u015bci wodnej <strong>130 litr\u00f3w<\/strong>, VL 120 zapewnia optymalne ch\u0142odzenie przy zu\u017cyciu od <strong>10 do 15 litr\u00f3w wody na godzin\u0119<\/strong>. Mo\u017ce oczyszcza\u0107 powierzchnie do <strong>250 m\u00b2,<\/strong> zapewniaj\u0105c przyjemne \u015brodowisko pracy. <\/p>\n\n\n\n<p>Przy maksymalnym poziomie ha\u0142asu wynosz\u0105cym <strong>63 dB<\/strong>, dzia\u0142a stosunkowo cicho, pozwalaj\u0105c pracownikom pozosta\u0107 skupionymi. Podsumowuj\u0105c, VL 120 to pot\u0119\u017cne rozwi\u0105zanie poprawiaj\u0105ce komfort i produktywno\u015b\u0107 w Twojej firmie. <\/p>\n\n\n\n<div class=\"wp-block-buttons is-content-justification-center is-layout-flex wp-container-core-buttons-is-layout-16018d1d wp-block-buttons-is-layout-flex\">\n<div class=\"wp-block-button\"><a class=\"wp-block-button__link has-base-color has-accent-2-background-color has-text-color has-background has-link-color wp-element-button\" href=\"http:\/\/www.veolyss.com\/wp-content\/uploads\/2025\/08\/EN-Brochures-VL-VEOLYSS-1.pdf\" target=\"_blank\" rel=\"noopener\">Dowiedz si\u0119 wi\u0119cej<\/a><\/div>\n<\/div>\n<\/div><\/div>\n\n\n\n<div class=\"wp-block-group\"><div class=\"wp-block-group__inner-container is-layout-constrained wp-block-group-is-layout-constrained\"><div class=\"wp-block-image\">\n<figure class=\"alignleft size-full is-resized\"><img alt=\"rafraichisseur d&#039;air adiabatique VL 220\" loading=\"lazy\" decoding=\"async\" width=\"704\" height=\"838\" src=\"https:\/\/www.veolyss.com\/wp-content\/uploads\/2025\/02\/VL-220-1-1.png\" alt=\"\" class=\"wp-image-4019\" style=\"aspect-ratio:2\/3;object-fit:cover;width:250px\" srcset=\"https:\/\/www.veolyss.com\/wp-content\/uploads\/2025\/02\/VL-220-1-1.png 704w, https:\/\/www.veolyss.com\/wp-content\/uploads\/2025\/02\/VL-220-1-1-252x300.png 252w\" sizes=\"auto, (max-width: 704px) 100vw, 704px\" \/><\/figure>\n<\/div>\n\n\n<h3 class=\"wp-block-heading\"><mark style=\"background-color:rgba(0, 0, 0, 0)\" class=\"has-inline-color has-contrast-color\">VL 220<\/mark><\/h3>\n\n\n\n<p>Ch\u0142odnica wyparna <strong>VL 220<\/strong> zosta\u0142a zaprojektowana z my\u015bl\u0105 o \u015brodowiskach przemys\u0142owych, \u0142\u0105cz\u0105c w sobie wydajno\u015b\u0107 i praktyczno\u015b\u0107. Wa\u017cy <strong>50 kg<\/strong> i mierzy <strong>1120 x 640 x 1600 mm<\/strong>, a dzi\u0119ki k\u00f3\u0142kom mo\u017cna j\u0105 \u0142atwo przemieszcza\u0107. <\/p>\n\n\n\n<p>Przy nat\u0119\u017ceniu przep\u0142ywu powietrza <strong>22 000 m\u00b3\/h<\/strong> i pojemno\u015bci wodnej <strong>130 litr\u00f3w<\/strong>, VL 220 zapewnia wydajne ch\u0142odzenie przy zu\u017cyciu wody od <strong>10 do 15 litr\u00f3w<\/strong>. Mo\u017ce obs\u0142ugiwa\u0107 powierzchnie do <strong>250 m\u00b2,<\/strong> zapewniaj\u0105c przyjemne \u015brodowisko pracy. <\/p>\n\n\n\n<p>Maksymalny poziom ha\u0142asu wynosz\u0105cy <strong>68 dB<\/strong> zapewnia stosunkowo cich\u0105 prac\u0119, pomagaj\u0105c pracownikom skoncentrowa\u0107 si\u0119 bardziej efektywnie. Kr\u00f3tko m\u00f3wi\u0105c, VL 220 to wysokowydajne rozwi\u0105zanie poprawiaj\u0105ce komfort i produktywno\u015b\u0107 w firmie. <\/p>\n\n\n\n<div class=\"wp-block-buttons is-content-justification-center is-layout-flex wp-container-core-buttons-is-layout-16018d1d wp-block-buttons-is-layout-flex\">\n<div class=\"wp-block-button\"><a class=\"wp-block-button__link has-base-color has-accent-2-background-color has-text-color has-background has-link-color wp-element-button\" href=\"http:\/\/www.veolyss.com\/wp-content\/uploads\/2025\/08\/EN-Brochures-VL-VEOLYSS-1.pdf\" target=\"_blank\" rel=\"noopener\">Dowiedz si\u0119 wi\u0119cej<\/a><\/div>\n<\/div>\n<\/div><\/div>\n\n\n\n<div class=\"wp-block-group\"><div class=\"wp-block-group__inner-container is-layout-constrained wp-block-group-is-layout-constrained\"><div class=\"wp-block-image\">\n<figure class=\"alignleft size-full is-resized\"><img alt=\"rafraichisseur d&#039;air adiabatique VL 300\" loading=\"lazy\" decoding=\"async\" width=\"840\" height=\"911\" src=\"https:\/\/www.veolyss.com\/wp-content\/uploads\/2025\/02\/VL-300-1-2.png\" alt=\"\" class=\"wp-image-3986\" style=\"aspect-ratio:2\/3;object-fit:cover;width:250px\" srcset=\"https:\/\/www.veolyss.com\/wp-content\/uploads\/2025\/02\/VL-300-1-2.png 840w, https:\/\/www.veolyss.com\/wp-content\/uploads\/2025\/02\/VL-300-1-2-277x300.png 277w, https:\/\/www.veolyss.com\/wp-content\/uploads\/2025\/02\/VL-300-1-2-768x833.png 768w\" sizes=\"auto, (max-width: 840px) 100vw, 840px\" \/><\/figure>\n<\/div>\n\n\n<h3 class=\"wp-block-heading\"><mark style=\"background-color:rgba(0, 0, 0, 0)\" class=\"has-inline-color has-accent-2-color\">VL 300<\/mark><\/h3>\n\n\n\n<p>Ch\u0142odnica wyparna <strong>VL 300<\/strong> jest najwi\u0119kszym urz\u0105dzeniem w ofercie, zaprojektowanym z my\u015bl\u0105 o najbardziej wymagaj\u0105cych potrzebach przemys\u0142owych. Wa\u017c\u0105c zaledwie <strong>110 kg<\/strong> i mierz\u0105c <strong>1565 x 725 x 1760 mm<\/strong>, zapewnia wyj\u0105tkow\u0105 wydajno\u015b\u0107 przy zachowaniu mobilno\u015bci dzi\u0119ki k\u00f3\u0142kom. <\/p>\n\n\n\n<p>Dzi\u0119ki przep\u0142ywowi powietrza wynosz\u0105cemu <strong>30 000 m\u00b3\/h<\/strong> i pojemno\u015bci wodnej <strong>280 l<\/strong>, VL 300 zapewnia wydajne ch\u0142odzenie, zu\u017cywaj\u0105c od <strong>20 do 30 l wody na godzin\u0119<\/strong>. Mo\u017ce ch\u0142odzi\u0107 powierzchnie do <strong>400 m\u00b2,<\/strong> gwarantuj\u0105c optymalne \u015brodowisko pracy. <\/p>\n\n\n\n<p>Maksymalny poziom ha\u0142asu wynosz\u0105cy <strong>70 dB<\/strong> zapewnia stosunkowo dyskretn\u0105 prac\u0119, u\u0142atwiaj\u0105c pracownikom koncentracj\u0119. Kr\u00f3tko m\u00f3wi\u0105c, VL 300 to pot\u0119\u017cne i skuteczne rozwi\u0105zanie poprawiaj\u0105ce komfort i produktywno\u015b\u0107 w firmie. <\/p>\n\n\n\n<div class=\"wp-block-buttons is-content-justification-center is-layout-flex wp-container-core-buttons-is-layout-16018d1d wp-block-buttons-is-layout-flex\">\n<div class=\"wp-block-button is-style-fill\"><a class=\"wp-block-button__link has-base-color has-accent-2-background-color has-text-color has-background has-link-color wp-element-button\" href=\"http:\/\/www.veolyss.com\/wp-content\/uploads\/2025\/08\/EN-Brochures-VL-VEOLYSS-1.pdf\" target=\"_blank\" rel=\"noopener\">Dowiedz si\u0119 wi\u0119cej<\/a><\/div>\n<\/div>\n<\/div><\/div>\n\n\n\n<p><strong>Tabela podsumowuj\u0105ca funkcje wed\u0142ug modelu :<\/strong><\/p>\n\n\n\n<figure class=\"wp-block-table is-style-regular\"><table class=\"has-base-background-color has-background has-fixed-layout\"><tbody><tr><td class=\"has-text-align-center\" data-align=\"center\"><strong>Model<\/strong><\/td><td class=\"has-text-align-center\" data-align=\"center\"><strong>Waga<\/strong> (kg)<\/td><td class=\"has-text-align-center\" data-align=\"center\"><strong>Wymiary <\/strong>(szer. x d\u0142. x wys.)<\/td><td class=\"has-text-align-center\" data-align=\"center\"><strong>Nat\u0119\u017cenie przep\u0142ywu powietrza<\/strong> (m\u00b3\/h)<\/td><td class=\"has-text-align-center\" data-align=\"center\"><strong>Pojemno\u015b\u0107 wodna<\/strong> (L)<\/td><td class=\"has-text-align-center\" data-align=\"center\"><strong>Maks. poziom ha\u0142asu<\/strong>(dB)<\/td><\/tr><tr><td class=\"has-text-align-center\" data-align=\"center\"><strong><mark style=\"background-color:rgba(0, 0, 0, 0)\" class=\"has-inline-color has-contrast-color\">VL 50<\/mark><\/strong><\/td><td class=\"has-text-align-center\" data-align=\"center\"><mark style=\"background-color:rgba(0, 0, 0, 0)\" class=\"has-inline-color has-contrast-color\">16<\/mark><\/td><td class=\"has-text-align-center\" data-align=\"center\"><mark style=\"background-color:rgba(0, 0, 0, 0)\" class=\"has-inline-color has-contrast-color\">664 x 433 x 1183<\/mark><\/td><td class=\"has-text-align-center\" data-align=\"center\"><mark style=\"background-color:rgba(0, 0, 0, 0)\" class=\"has-inline-color has-contrast-color\">5 000<\/mark><\/td><td class=\"has-text-align-center\" data-align=\"center\"><mark style=\"background-color:rgba(0, 0, 0, 0)\" class=\"has-inline-color has-contrast-color\">90<\/mark><\/td><td class=\"has-text-align-center\" data-align=\"center\"><mark style=\"background-color:rgba(0, 0, 0, 0)\" class=\"has-inline-color has-contrast-color\">63<\/mark><\/td><\/tr><tr><td class=\"has-text-align-center\" data-align=\"center\"><strong>VL 120<\/strong><\/td><td class=\"has-text-align-center\" data-align=\"center\">43<\/td><td class=\"has-text-align-center\" data-align=\"center\">925 x 580 x 1440 mm<\/td><td class=\"has-text-align-center\" data-align=\"center\">12 000<\/td><td class=\"has-text-align-center\" data-align=\"center\">70<\/td><td class=\"has-text-align-center\" data-align=\"center\">63<\/td><\/tr><tr><td class=\"has-text-align-center\" data-align=\"center\"><strong><mark style=\"background-color:rgba(0, 0, 0, 0)\" class=\"has-inline-color has-contrast-color\">VL 220<\/mark><\/strong><\/td><td class=\"has-text-align-center\" data-align=\"center\"><mark style=\"background-color:rgba(0, 0, 0, 0)\" class=\"has-inline-color has-contrast-color\">50<\/mark><\/td><td class=\"has-text-align-center\" data-align=\"center\"><mark style=\"background-color:rgba(0, 0, 0, 0)\" class=\"has-inline-color has-contrast-color\">1120 x 640 x 1600<\/mark><\/td><td class=\"has-text-align-center\" data-align=\"center\"><mark style=\"background-color:rgba(0, 0, 0, 0)\" class=\"has-inline-color has-contrast-color\">22 000<\/mark><\/td><td class=\"has-text-align-center\" data-align=\"center\"><mark style=\"background-color:rgba(0, 0, 0, 0)\" class=\"has-inline-color has-contrast-color\">130<\/mark><\/td><td class=\"has-text-align-center\" data-align=\"center\"><mark style=\"background-color:rgba(0, 0, 0, 0)\" class=\"has-inline-color has-contrast-color\">68<\/mark><\/td><\/tr><tr><td class=\"has-text-align-center\" data-align=\"center\"><strong>VL 300<\/strong><\/td><td class=\"has-text-align-center\" data-align=\"center\">110<\/td><td class=\"has-text-align-center\" data-align=\"center\">1565 x 725 x 1760<\/td><td class=\"has-text-align-center\" data-align=\"center\">30 000<\/td><td class=\"has-text-align-center\" data-align=\"center\">280<\/td><td class=\"has-text-align-center\" data-align=\"center\">70<\/td><\/tr><\/tbody><\/table><\/figure>\n\n\n\n<p><\/p>\n\n\n\n<h2 class=\"wp-block-heading\"><mark style=\"background-color:rgba(0, 0, 0, 0)\" class=\"has-inline-color has-contrast-2-color\">Czym jest przemys\u0142owa ch\u0142odnica powietrza?<\/mark><\/h2>\n\n\n\n<p>Ch\u0142odnica powietrza to wyparny system klimatyzacji. Dzi\u0119ki wysokiej wydajno\u015bci nasze urz\u0105dzenia mog\u0105 obni\u017cy\u0107 temperatur\u0119 w pomieszczeniach biznesowych, cz\u0119sto uwa\u017canych za trudne do klimatyzacji, o promieniu dzia\u0142ania do 400 m\u00b2 na jednostk\u0119. <\/p>\n\n\n\n<p>Ch\u0142odnice powietrza <strong><mark style=\"background-color:rgba(0, 0, 0, 0)\" class=\"has-inline-color has-contrast-color\">VEOLYSS <\/mark><\/strong>to mobilne urz\u0105dzenia, kt\u00f3re mo\u017cna \u0142atwo zintegrowa\u0107 z obiektami produkcyjnymi, magazynowymi lub recepcyjnymi. \u0141atwe w u\u017cyciu, s\u0105 dostarczane z pilotem zdalnego sterowania lub aplikacj\u0105 do zarz\u0105dzania. VEOLYSS <strong><mark style=\"background-color:rgba(0, 0, 0, 0)\" class=\"has-inline-color has-accent-color\">CH\u0141ODNICE VEOLYSS <\/mark><\/strong>mog\u0105 pracowa\u0107 w trybie ch\u0142odzenia swobodnego (pojedynczy wentylator) lub ch\u0142odzenia.  <\/p>\n\n\n\n<h2 class=\"wp-block-heading\"><mark style=\"background-color:rgba(0, 0, 0, 0)\" class=\"has-inline-color has-contrast-2-color\">Jak wybra\u0107 odpowiedni\u0105 adiabatyczn\u0105 ch\u0142odnic\u0119 powietrza?<\/mark><\/h2>\n\n\n\n<div class=\"wp-block-columns is-layout-flex wp-container-core-columns-is-layout-9d6595d7 wp-block-columns-is-layout-flex\">\n<div class=\"wp-block-column is-layout-flow wp-block-column-is-layout-flow\" style=\"flex-basis:66.66%\">\n<p>Wyb\u00f3r adiabatycznej ch\u0142odnicy powietrza zale\u017cy od wielko\u015bci ch\u0142odzonego pomieszczenia i wymaga\u0144 dotycz\u0105cych ch\u0142odzenia. Im wi\u0119ksza przestrze\u0144 i im wy\u017csze temperatury, tym wi\u0119ksze wymagane nat\u0119\u017cenie przep\u0142ywu powietrza. <\/p>\n\n\n\n<p>Kluczowym czynnikiem jest r\u00f3wnie\u017c wentylacja pomieszczenia. Suche, dobrze wentylowane pomieszczenie jest niezb\u0119dne do zapewnienia prawid\u0142owego dzia\u0142ania naszych urz\u0105dze\u0144. Ch\u0142odnice powietrza <strong><mark style=\"background-color:rgba(0, 0, 0, 0)\" class=\"has-inline-color has-contrast-color\">VEOLYSS <\/mark><\/strong>s\u0105 przeznaczone do u\u017cytku na zewn\u0105trz. Wa\u017cne jest, aby obszar by\u0142 stale wentylowany w celu usuwania wilgotnego powietrza i wprowadzania ciep\u0142ego, suchego powietrza.   <\/p>\n\n\n\n<p>Nasze od\u015bwie\u017cacze powietrza mog\u0105 nieznacznie zwi\u0119kszy\u0107 wilgotno\u015b\u0107 wzgl\u0119dn\u0105 (od 5 do 10%) w pomieszczeniu, jednocze\u015bnie obni\u017caj\u0105c temperatur\u0119, promuj\u0105c dobre samopoczucie i poprawiaj\u0105c warunki pracy bez szkody dla towar\u00f3w lub sprz\u0119tu.<\/p>\n<\/div>\n\n\n\n<div class=\"wp-block-column is-layout-flow wp-block-column-is-layout-flow\" style=\"flex-basis:33.33%\"><div class=\"wp-block-image\">\n<figure class=\"alignright size-large is-resized\"><img alt=\"\" loading=\"lazy\" decoding=\"async\" width=\"1024\" height=\"1024\" src=\"https:\/\/www.veolyss.com\/wp-content\/uploads\/2025\/02\/Image-choix-RAF-VILO-1024x1024.png\" alt=\"\" class=\"wp-image-2449\" style=\"width:294px;height:auto\" srcset=\"https:\/\/www.veolyss.com\/wp-content\/uploads\/2025\/02\/Image-choix-RAF-VILO-1024x1024.png 1024w, https:\/\/www.veolyss.com\/wp-content\/uploads\/2025\/02\/Image-choix-RAF-VILO-300x300.png 300w, https:\/\/www.veolyss.com\/wp-content\/uploads\/2025\/02\/Image-choix-RAF-VILO-150x150.png 150w, https:\/\/www.veolyss.com\/wp-content\/uploads\/2025\/02\/Image-choix-RAF-VILO-768x768.png 768w, https:\/\/www.veolyss.com\/wp-content\/uploads\/2025\/02\/Image-choix-RAF-VILO-400x400.png 400w, https:\/\/www.veolyss.com\/wp-content\/uploads\/2025\/02\/Image-choix-RAF-VILO-600x600.png 600w, https:\/\/www.veolyss.com\/wp-content\/uploads\/2025\/02\/Image-choix-RAF-VILO.png 1200w\" sizes=\"auto, (max-width: 1024px) 100vw, 1024px\" \/><\/figure>\n<\/div><\/div>\n<\/div>\n\n\n\n<h2 class=\"wp-block-heading\"><mark style=\"background-color:rgba(0, 0, 0, 0)\" class=\"has-inline-color has-contrast-2-color\">Jaka jest r\u00f3\u017cnica mi\u0119dzy ch\u0142odnic\u0105 powietrza a klimatyzatorem?<\/mark><\/h2>\n\n\n\n<p>W przeciwie\u0144stwie do klimatyzator\u00f3w, ch\u0142odnice powietrza nie wykorzystuj\u0105 szkodliwego czynnika ch\u0142odniczego. Zu\u017cywa dziesi\u0119\u0107 razy mniej energii elektrycznej ni\u017c klimatyzator, a oba urz\u0105dzenia wymagaj\u0105 r\u00f3\u017cnych poziom\u00f3w konserwacji. <br>W przeciwie\u0144stwie do klimatyzator\u00f3w, ch\u0142odnice utrzymuj\u0105 otwarte drzwi i okna w pomieszczeniu. Nasze ch\u0142odnice s\u0105 idealne do pomieszcze\u0144 biznesowych, hangar\u00f3w i otwartych hal logistycznych. Adiabatyczna ch\u0142odnica powietrza <strong><mark style=\"background-color:rgba(0, 0, 0, 0)\" class=\"has-inline-color has-contrast-color\">VEOLYSS <\/mark><\/strong>nie wysusza otaczaj\u0105cego powietrza i utrzymuje naturalny poziom wilgotno\u015bci. Wprowadza do pomieszczenia powietrze o temperaturze od 3 do 12\u00b0C ni\u017cszej ni\u017c temperatura powietrza zewn\u0119trznego.   <\/p>\n\n\n\n<p><\/p>\n","protected":false},"excerpt":{"rendered":"<p>Witamy w naszej ofercie adiabatycznych ch\u0142odnic powietrza, zaprojektowanych specjalnie w celu optymalizacji komfortu w \u015brodowiskach przemys\u0142owych. Te przyjazne dla \u015brodowiska, ekonomiczne urz\u0105dzenia \u0142\u0105cz\u0105 w sobie efektywno\u015b\u0107, praktyczno\u015b\u0107 i wydajno\u015b\u0107, a ka\u017cde z nich oferuje unikalne funkcje dostosowane do Twoich potrzeb. Dlaczego warto wybra\u0107 nasze od\u015bwie\u017cacze powietrza VEOLYSS? Odkryj nasz\u0105 gam\u0119 mobilnych wyparnych ch\u0142odnic powietrza: seria &#8230; <a title=\"Poznaj nasz\u0105 ofert\u0119 przemys\u0142owych ch\u0142odnic powietrza\" class=\"read-more\" href=\"https:\/\/www.veolyss.com\/pl\/poznaj-nasza-oferte-przemyslowych-chlodnic-powietrza\/\" aria-label=\"Dowiedz si\u0119 wi\u0119cej o Poznaj nasz\u0105 ofert\u0119 przemys\u0142owych ch\u0142odnic powietrza\">Dowiedz si\u0119 wi\u0119cej<\/a><\/p>\n","protected":false},"author":2,"featured_media":0,"parent":0,"menu_order":0,"comment_status":"closed","ping_status":"closed","template":"","meta":{"_seopress_robots_primary_cat":"","_seopress_titles_title":"","_seopress_titles_desc":"","_seopress_robots_index":"","footnotes":""},"class_list":["post-2496","page","type-page","status-publish"],"_links":{"self":[{"href":"https:\/\/www.veolyss.com\/pl\/wp-json\/wp\/v2\/pages\/2496","targetHints":{"allow":["GET"]}}],"collection":[{"href":"https:\/\/www.veolyss.com\/pl\/wp-json\/wp\/v2\/pages"}],"about":[{"href":"https:\/\/www.veolyss.com\/pl\/wp-json\/wp\/v2\/types\/page"}],"author":[{"embeddable":true,"href":"https:\/\/www.veolyss.com\/pl\/wp-json\/wp\/v2\/users\/2"}],"replies":[{"embeddable":true,"href":"https:\/\/www.veolyss.com\/pl\/wp-json\/wp\/v2\/comments?post=2496"}],"version-history":[{"count":16,"href":"https:\/\/www.veolyss.com\/pl\/wp-json\/wp\/v2\/pages\/2496\/revisions"}],"predecessor-version":[{"id":4948,"href":"https:\/\/www.veolyss.com\/pl\/wp-json\/wp\/v2\/pages\/2496\/revisions\/4948"}],"wp:attachment":[{"href":"https:\/\/www.veolyss.com\/pl\/wp-json\/wp\/v2\/media?parent=2496"}],"curies":[{"name":"wp","href":"https:\/\/api.w.org\/{rel}","templated":true}]}}