{"id":4322,"date":"2025-03-19T18:47:11","date_gmt":"2025-03-19T17:47:11","guid":{"rendered":"https:\/\/vilo-cooler.com\/informazioni-legali\/"},"modified":"2025-03-19T18:56:12","modified_gmt":"2025-03-19T17:56:12","slug":"informazioni-legali","status":"publish","type":"page","link":"https:\/\/www.veolyss.com\/it\/informazioni-legali\/","title":{"rendered":"Informazioni legali"},"content":{"rendered":"\n<h2 class=\"wp-block-heading\">Editore di siti web<\/h2>\n\n<ul class=\"wp-block-list\">\n<li>Nome dell&#8217;azienda: OBERA<\/li>\n\n\n\n<li>Indirizzo: 16 Rue de la Batterie, 67118 GEISPOLSHEIM<\/li>\n\n\n\n<li>Email : contact@obera.fr<\/li>\n\n\n\n<li>Telefono: 03.67.10.66.75<\/li>\n\n\n\n<li>Numero SIRET: 832 913 487 00027<\/li>\n<\/ul>\n\n<h2 class=\"wp-block-heading\">Ospite del sito<\/h2>\n\n<ul class=\"wp-block-list\">\n<li>Nome dell&#8217;host: o2switch SAS con capitale di 100.000 euro<\/li>\n\n\n\n<li>Indirizzo: Chemin des Pardiaux, 63000 Clermont-Ferrand<\/li>\n\n\n\n<li>SIRET: 510 909 807 00032 RCS Clermont Ferrand<\/li>\n<\/ul>\n\n<h2 class=\"wp-block-heading\">Propriet\u00e0 intellettuale<\/h2>\n\n<p>Tutti i contenuti (testi, immagini, loghi) sono protetti dalla legge sulla propriet\u00e0 intellettuale. La riproduzione \u00e8 vietata senza previa autorizzazione. <\/p>\n\n<h2 class=\"wp-block-heading\">Responsabilit\u00e0<\/h2>\n\n<p>L&#8217;editore del sito non pu\u00f2 essere ritenuto responsabile di eventuali errori o omissioni presenti nel sito.<\/p>\n","protected":false},"excerpt":{"rendered":"<p>Editore di siti web Ospite del sito Propriet\u00e0 intellettuale Tutti i contenuti (testi, immagini, loghi) sono protetti dalla legge sulla propriet\u00e0 intellettuale. La riproduzione \u00e8 vietata senza previa autorizzazione. Responsabilit\u00e0 L&#8217;editore del sito non pu\u00f2 essere ritenuto responsabile di eventuali errori o omissioni presenti nel sito.<\/p>\n","protected":false},"author":1,"featured_media":0,"parent":0,"menu_order":0,"comment_status":"closed","ping_status":"closed","template":"","meta":{"_seopress_robots_primary_cat":"","_seopress_titles_title":"Informazioni legali per Vilo Cooler","_seopress_titles_desc":"informazioni legali per il sito web vilo-cooler.com","_seopress_robots_index":"","footnotes":""},"class_list":["post-4322","page","type-page","status-publish"],"_links":{"self":[{"href":"https:\/\/www.veolyss.com\/it\/wp-json\/wp\/v2\/pages\/4322","targetHints":{"allow":["GET"]}}],"collection":[{"href":"https:\/\/www.veolyss.com\/it\/wp-json\/wp\/v2\/pages"}],"about":[{"href":"https:\/\/www.veolyss.com\/it\/wp-json\/wp\/v2\/types\/page"}],"author":[{"embeddable":true,"href":"https:\/\/www.veolyss.com\/it\/wp-json\/wp\/v2\/users\/1"}],"replies":[{"embeddable":true,"href":"https:\/\/www.veolyss.com\/it\/wp-json\/wp\/v2\/comments?post=4322"}],"version-history":[{"count":1,"href":"https:\/\/www.veolyss.com\/it\/wp-json\/wp\/v2\/pages\/4322\/revisions"}],"predecessor-version":[{"id":4323,"href":"https:\/\/www.veolyss.com\/it\/wp-json\/wp\/v2\/pages\/4322\/revisions\/4323"}],"wp:attachment":[{"href":"https:\/\/www.veolyss.com\/it\/wp-json\/wp\/v2\/media?parent=4322"}],"curies":[{"name":"wp","href":"https:\/\/api.w.org\/{rel}","templated":true}]}}