{"id":2789,"date":"2022-05-10T20:33:20","date_gmt":"2022-05-10T18:33:20","guid":{"rendered":"https:\/\/vilo-cooler.com\/il-nostro-consiglio\/"},"modified":"2025-08-21T09:45:41","modified_gmt":"2025-08-21T07:45:41","slug":"il-nostro-consiglio","status":"publish","type":"page","link":"https:\/\/www.veolyss.com\/it\/il-nostro-consiglio\/","title":{"rendered":"Il nostro consiglio"},"content":{"rendered":"\n<p><br\/><br\/>Benvenuti nel <strong><mark style=\"background-color:rgba(0, 0, 0, 0)\" class=\"has-inline-color has-contrast-color\">Raffreddatore VEOLYSS<\/mark><\/strong>lo <strong>specialista dei raffrescatori d&#8217;aria per le aziende<\/strong>. Qui condividiamo i nostri consigli, la nostra esperienza e le nostre soluzioni innovative per migliorare il comfort dei tuoi spazi professionali. Offri ai tuoi team e ai tuoi clienti un <strong>ambiente fresco e piacevole<\/strong>, anche nei periodi pi\u00f9 caldi!  <\/p>\n\n<div class=\"gb-grid-wrapper gb-grid-wrapper-07af4c16 gb-query-loop-wrapper\">\n<div class=\"gb-grid-column gb-grid-column-2e3a1acf gb-query-loop-item post-2895 post type-post status-publish format-standard has-post-thumbnail hentry category-non-categorizzato\"><article class=\"gb-container gb-container-2e3a1acf\"><div class=\"gb-inside-container\">\n<figure class=\"gb-block-image gb-block-image-06177060\"><a href=\"https:\/\/www.veolyss.com\/it\/raffreddatori-daria-industriali-scegli-quello-giusto-per-controllare-la-temperatura-nella-tua-officina\/\"><img loading=\"lazy\" decoding=\"async\" width=\"300\" height=\"195\" src=\"https:\/\/www.veolyss.com\/wp-content\/uploads\/2025\/01\/entrepot-1-300x195.png\" class=\"gb-image-06177060\" alt=\"entrep\u00f4t\" srcset=\"https:\/\/www.veolyss.com\/wp-content\/uploads\/2025\/01\/entrepot-1-300x195.png 300w, https:\/\/www.veolyss.com\/wp-content\/uploads\/2025\/01\/entrepot-1-1024x667.png 1024w, https:\/\/www.veolyss.com\/wp-content\/uploads\/2025\/01\/entrepot-1-768x500.png 768w, https:\/\/www.veolyss.com\/wp-content\/uploads\/2025\/01\/entrepot-1.png 1229w\" sizes=\"auto, (max-width: 300px) 100vw, 300px\" \/><\/a><\/figure>\n\n<h2 class=\"gb-headline gb-headline-d979bae1 gb-headline-text\"><a href=\"https:\/\/www.veolyss.com\/it\/raffreddatori-daria-industriali-scegli-quello-giusto-per-controllare-la-temperatura-nella-tua-officina\/\">Raffreddatori d&#8217;aria industriali: scegli quello giusto per controllare la temperatura nella tua officina<\/a><\/h2>\n\n<div class=\"gb-headline gb-headline-5c371095 gb-headline-text\">I tuoi processi industriali causano l&#8217;accumulo di calore? Il condizionamento dell&#8217;aria diventa essenziale per mantenere una temperatura interna confortevole nei tuoi locali commerciali. Il refrigeratore d&#8217;aria industriale, noto anche come refrigeratore adiabatico, \u00e8 una soluzione efficace ed economica. Facile da installare, mobile, efficiente dal punto di vista energetico e di semplice manutenzione, offre un&#8217;alternativa ad alte prestazioni ai condizionatori tradizionali. Utilizzando il principio dell&#8217;evaporazione dell&#8217;acqua, questo sistema genera aria fresca e sana, ideale per la tua officina.    <\/div>\n<\/div><\/article><\/div>\n\n<div class=\"gb-grid-column gb-grid-column-2e3a1acf gb-query-loop-item post-2932 post type-post status-publish format-standard has-post-thumbnail hentry category-non-categorizzato\"><article class=\"gb-container gb-container-2e3a1acf\"><div class=\"gb-inside-container\">\n<figure class=\"gb-block-image gb-block-image-06177060\"><a href=\"https:\/\/www.veolyss.com\/it\/metodi-per-determinare-la-portata-daria-di-un-raffreddatore-daria-industriale\/\"><img loading=\"lazy\" decoding=\"async\" width=\"300\" height=\"198\" src=\"https:\/\/www.veolyss.com\/wp-content\/uploads\/2025\/01\/Banniere-debit-air-1-300x198.png\" class=\"gb-image-06177060\" alt=\"manom\u00e8tre\" srcset=\"https:\/\/www.veolyss.com\/wp-content\/uploads\/2025\/01\/Banniere-debit-air-1-300x198.png 300w, https:\/\/www.veolyss.com\/wp-content\/uploads\/2025\/01\/Banniere-debit-air-1-1024x676.png 1024w, https:\/\/www.veolyss.com\/wp-content\/uploads\/2025\/01\/Banniere-debit-air-1-768x507.png 768w, https:\/\/www.veolyss.com\/wp-content\/uploads\/2025\/01\/Banniere-debit-air-1.png 1212w\" sizes=\"auto, (max-width: 300px) 100vw, 300px\" \/><\/a><\/figure>\n\n<h2 class=\"gb-headline gb-headline-d979bae1 gb-headline-text\"><a href=\"https:\/\/www.veolyss.com\/it\/metodi-per-determinare-la-portata-daria-di-un-raffreddatore-daria-industriale\/\">Metodi per determinare la portata d&#8217;aria di un raffreddatore d&#8217;aria industriale<\/a><\/h2>\n\n<div class=\"gb-headline gb-headline-5c371095 gb-headline-text\">Se hai bisogno di abbassare la temperatura di un magazzino, di un&#8217;officina, di una fabbrica o di un locale commerciale, che si tratti di un ristorante, di un&#8217;azienda agricola o di un&#8217;officina, Vilo ha la soluzione pi\u00f9 conveniente per te. I nostri refrigeratori adiabatici generano un flusso costante di aria fredda, con una riduzione della temperatura da 4\u00b0C a 12\u00b0C rispetto all&#8217;aria in entrata. <\/div>\n<\/div><\/article><\/div>\n\n<div class=\"gb-grid-column gb-grid-column-2e3a1acf gb-query-loop-item post-2976 post type-post status-publish format-standard has-post-thumbnail hentry category-non-categorizzato\"><article class=\"gb-container gb-container-2e3a1acf\"><div class=\"gb-inside-container\">\n<figure class=\"gb-block-image gb-block-image-06177060\"><a href=\"https:\/\/www.veolyss.com\/it\/il-raffreddatore-adiabatico-mobile-una-soluzione-ideale-per-il-raffreddamento-di-emergenza-e-per-esigenze-temporanee\/\"><img loading=\"lazy\" decoding=\"async\" width=\"300\" height=\"209\" src=\"https:\/\/www.veolyss.com\/wp-content\/uploads\/2025\/01\/Banniere-solution-300x209.jpg\" class=\"gb-image-06177060\" alt=\"\" srcset=\"https:\/\/www.veolyss.com\/wp-content\/uploads\/2025\/01\/Banniere-solution-300x209.jpg 300w, https:\/\/www.veolyss.com\/wp-content\/uploads\/2025\/01\/Banniere-solution-1024x712.jpg 1024w, https:\/\/www.veolyss.com\/wp-content\/uploads\/2025\/01\/Banniere-solution-768x534.jpg 768w, https:\/\/www.veolyss.com\/wp-content\/uploads\/2025\/01\/Banniere-solution-1536x1068.jpg 1536w, https:\/\/www.veolyss.com\/wp-content\/uploads\/2025\/01\/Banniere-solution-2048x1423.jpg 2048w\" sizes=\"auto, (max-width: 300px) 100vw, 300px\" \/><\/a><\/figure>\n\n<h2 class=\"gb-headline gb-headline-d979bae1 gb-headline-text\"><a href=\"https:\/\/www.veolyss.com\/it\/il-raffreddatore-adiabatico-mobile-una-soluzione-ideale-per-il-raffreddamento-di-emergenza-e-per-esigenze-temporanee\/\">Il raffreddatore adiabatico mobile, una soluzione ideale per il raffreddamento di emergenza e per esigenze temporanee<\/a><\/h2>\n\n<div class=\"gb-headline gb-headline-5c371095 gb-headline-text\">Questi episodi improvvisi possono saturare i sistemi di raffreddamento abituali di un sito, creando situazioni critiche che richiedono un intervento rapido. I lavoratori subiscono un calo di produttivit\u00e0 e la loro salute \u00e8 messa a rischio (aria difficile da respirare, peggioramento delle condizioni di lavoro).   <\/div>\n<\/div><\/article><\/div>\n\n<div class=\"gb-grid-column gb-grid-column-2e3a1acf gb-query-loop-item post-3022 post type-post status-publish format-standard has-post-thumbnail hentry category-non-categorizzato\"><article class=\"gb-container gb-container-2e3a1acf\"><div class=\"gb-inside-container\">\n<figure class=\"gb-block-image gb-block-image-06177060\"><a href=\"https:\/\/www.veolyss.com\/it\/vilo-installa-un-raffreddatore-daria-evaporativo-in-un-palazzetto-dello-sport\/\"><img loading=\"lazy\" decoding=\"async\" width=\"300\" height=\"200\" src=\"https:\/\/www.veolyss.com\/wp-content\/uploads\/2025\/01\/salle-de-sport-1-300x200.jpg\" class=\"gb-image-06177060\" alt=\"salle de sport avec diverses machines comme des v\u00e9los ou des poids\" srcset=\"https:\/\/www.veolyss.com\/wp-content\/uploads\/2025\/01\/salle-de-sport-1-300x200.jpg 300w, https:\/\/www.veolyss.com\/wp-content\/uploads\/2025\/01\/salle-de-sport-1-1024x683.jpg 1024w, https:\/\/www.veolyss.com\/wp-content\/uploads\/2025\/01\/salle-de-sport-1-768x512.jpg 768w, https:\/\/www.veolyss.com\/wp-content\/uploads\/2025\/01\/salle-de-sport-1-1536x1024.jpg 1536w, https:\/\/www.veolyss.com\/wp-content\/uploads\/2025\/01\/salle-de-sport-1-2048x1366.jpg 2048w\" sizes=\"auto, (max-width: 300px) 100vw, 300px\" \/><\/a><\/figure>\n\n<h2 class=\"gb-headline gb-headline-d979bae1 gb-headline-text\"><a href=\"https:\/\/www.veolyss.com\/it\/vilo-installa-un-raffreddatore-daria-evaporativo-in-un-palazzetto-dello-sport\/\">VILO installa un raffreddatore d&#8217;aria evaporativo in un palazzetto dello sport<\/a><\/h2>\n\n<div class=\"gb-headline gb-headline-5c371095 gb-headline-text\">A causa della sua posizione direttamente sotto il tetto dello stabilimento, il calore era particolarmente intenso e raggiungeva i 30 gradi nel palazzetto dello sport. L&#8217;installazione del nostro VL-220 ha ridotto la temperatura di oltre 5 gradi. <\/div>\n<\/div><\/article><\/div>\n\n<div class=\"gb-grid-column gb-grid-column-2e3a1acf gb-query-loop-item post-3084 post type-post status-publish format-standard has-post-thumbnail hentry category-non-categorizzato\"><article class=\"gb-container gb-container-2e3a1acf\"><div class=\"gb-inside-container\">\n<figure class=\"gb-block-image gb-block-image-06177060\"><a href=\"https:\/\/www.veolyss.com\/it\/tutto-quello-che-ce-da-sapere-sui-raffreddatori-adiabatici-industriali\/\"><img loading=\"lazy\" decoding=\"async\" width=\"300\" height=\"200\" src=\"https:\/\/www.veolyss.com\/wp-content\/uploads\/2025\/01\/Banniere-nature-300x200.jpg\" class=\"gb-image-06177060\" alt=\"\" srcset=\"https:\/\/www.veolyss.com\/wp-content\/uploads\/2025\/01\/Banniere-nature-300x200.jpg 300w, https:\/\/www.veolyss.com\/wp-content\/uploads\/2025\/01\/Banniere-nature-1024x683.jpg 1024w, https:\/\/www.veolyss.com\/wp-content\/uploads\/2025\/01\/Banniere-nature-768x512.jpg 768w, https:\/\/www.veolyss.com\/wp-content\/uploads\/2025\/01\/Banniere-nature-1536x1024.jpg 1536w, https:\/\/www.veolyss.com\/wp-content\/uploads\/2025\/01\/Banniere-nature-2048x1365.jpg 2048w\" sizes=\"auto, (max-width: 300px) 100vw, 300px\" \/><\/a><\/figure>\n\n<h2 class=\"gb-headline gb-headline-d979bae1 gb-headline-text\"><a href=\"https:\/\/www.veolyss.com\/it\/tutto-quello-che-ce-da-sapere-sui-raffreddatori-adiabatici-industriali\/\">Tutto quello che c&#8217;\u00e8 da sapere sui raffreddatori adiabatici industriali<\/a><\/h2>\n\n<div class=\"gb-headline gb-headline-5c371095 gb-headline-text\">Il raffreddatore industriale adiabatico \u00e8 una soluzione ad alte prestazioni per il raffreddamento e la climatizzazione degli spazi industriali. Il suo funzionamento si basa su un semplice meccanismo: l&#8217;evaporazione dell&#8217;acqua. <\/div>\n<\/div><\/article><\/div>\n\n<div class=\"gb-grid-column gb-grid-column-2e3a1acf gb-query-loop-item post-3119 post type-post status-publish format-standard has-post-thumbnail hentry category-non-categorizzato\"><article class=\"gb-container gb-container-2e3a1acf\"><div class=\"gb-inside-container\">\n<figure class=\"gb-block-image gb-block-image-06177060\"><a href=\"https:\/\/www.veolyss.com\/it\/faq-sui-raffreddatori-adiabatici-ad-aria\/\"><img loading=\"lazy\" decoding=\"async\" width=\"300\" height=\"200\" src=\"https:\/\/www.veolyss.com\/wp-content\/uploads\/2025\/01\/Banniere-FAQ-300x200.jpg\" class=\"gb-image-06177060\" alt=\"\" srcset=\"https:\/\/www.veolyss.com\/wp-content\/uploads\/2025\/01\/Banniere-FAQ-300x200.jpg 300w, https:\/\/www.veolyss.com\/wp-content\/uploads\/2025\/01\/Banniere-FAQ-1024x684.jpg 1024w, https:\/\/www.veolyss.com\/wp-content\/uploads\/2025\/01\/Banniere-FAQ-768x513.jpg 768w, https:\/\/www.veolyss.com\/wp-content\/uploads\/2025\/01\/Banniere-FAQ-1536x1025.jpg 1536w, https:\/\/www.veolyss.com\/wp-content\/uploads\/2025\/01\/Banniere-FAQ-2048x1367.jpg 2048w\" sizes=\"auto, (max-width: 300px) 100vw, 300px\" \/><\/a><\/figure>\n\n<h2 class=\"gb-headline gb-headline-d979bae1 gb-headline-text\"><a href=\"https:\/\/www.veolyss.com\/it\/faq-sui-raffreddatori-adiabatici-ad-aria\/\">FAQ sui raffreddatori adiabatici ad aria<\/a><\/h2>\n\n<div class=\"gb-headline gb-headline-5c371095 gb-headline-text\">No, tutto il contrario! Questa domanda si basa spesso sull&#8217;idea errata che il leggero aumento dell&#8217;umidit\u00e0 causato dai deodoranti evaporativi favorisca la crescita di virus, batteri e muffe. Tuttavia, tutti i deodoranti VILO sono dotati di una lampada UV, che purifica l&#8217;aria eliminando le particelle che possono diffondere agenti patogeni.  <\/div>\n<\/div><\/article><\/div>\n\n<div class=\"gb-grid-column gb-grid-column-2e3a1acf gb-query-loop-item post-3157 post type-post status-publish format-standard has-post-thumbnail hentry category-non-categorizzato\"><article class=\"gb-container gb-container-2e3a1acf\"><div class=\"gb-inside-container\">\n<figure class=\"gb-block-image gb-block-image-06177060\"><a href=\"https:\/\/www.veolyss.com\/it\/raffreddatori-adiabatici-mobili-una-soluzione-flessibile-ed-efficiente-per-lindustria\/\"><img loading=\"lazy\" decoding=\"async\" width=\"300\" height=\"200\" src=\"https:\/\/www.veolyss.com\/wp-content\/uploads\/2025\/01\/Banniere-industrie-300x200.jpg\" class=\"gb-image-06177060\" alt=\"\" srcset=\"https:\/\/www.veolyss.com\/wp-content\/uploads\/2025\/01\/Banniere-industrie-300x200.jpg 300w, https:\/\/www.veolyss.com\/wp-content\/uploads\/2025\/01\/Banniere-industrie-1024x683.jpg 1024w, https:\/\/www.veolyss.com\/wp-content\/uploads\/2025\/01\/Banniere-industrie-768x512.jpg 768w, https:\/\/www.veolyss.com\/wp-content\/uploads\/2025\/01\/Banniere-industrie-1536x1024.jpg 1536w, https:\/\/www.veolyss.com\/wp-content\/uploads\/2025\/01\/Banniere-industrie-2048x1365.jpg 2048w\" sizes=\"auto, (max-width: 300px) 100vw, 300px\" \/><\/a><\/figure>\n\n<h2 class=\"gb-headline gb-headline-d979bae1 gb-headline-text\"><a href=\"https:\/\/www.veolyss.com\/it\/raffreddatori-adiabatici-mobili-una-soluzione-flessibile-ed-efficiente-per-lindustria\/\">Raffreddatori adiabatici mobili: una soluzione flessibile ed efficiente per l&#8217;industria<\/a><\/h2>\n\n<div class=\"gb-headline gb-headline-5c371095 gb-headline-text\">La flessibilit\u00e0 \u00e8 alla base del funzionamento di un raffrescatore evaporativo mobile. Grazie alla sua mobilit\u00e0, pu\u00f2 essere adattato a un&#8217;ampia gamma di situazioni in cui \u00e8 essenziale raffreddare l&#8217;ambiente di lavoro. Questa flessibilit\u00e0 si manifesta sia a livello spaziale che temporale.  <\/div>\n<\/div><\/article><\/div>\n\n<div class=\"gb-grid-column gb-grid-column-2e3a1acf gb-query-loop-item post-3181 post type-post status-publish format-standard has-post-thumbnail hentry category-non-categorizzato\"><article class=\"gb-container gb-container-2e3a1acf\"><div class=\"gb-inside-container\">\n<figure class=\"gb-block-image gb-block-image-06177060\"><a href=\"https:\/\/www.veolyss.com\/it\/guida-pratica-tutto-quello-che-devi-sapere-per-la-manutenzione-di-un-refrigeratore-industriale\/\"><img loading=\"lazy\" decoding=\"async\" width=\"300\" height=\"200\" src=\"https:\/\/www.veolyss.com\/wp-content\/uploads\/2025\/01\/Banniere-nettoyage-300x200.jpg\" class=\"gb-image-06177060\" alt=\"\" srcset=\"https:\/\/www.veolyss.com\/wp-content\/uploads\/2025\/01\/Banniere-nettoyage-300x200.jpg 300w, https:\/\/www.veolyss.com\/wp-content\/uploads\/2025\/01\/Banniere-nettoyage-1024x683.jpg 1024w, https:\/\/www.veolyss.com\/wp-content\/uploads\/2025\/01\/Banniere-nettoyage-768x512.jpg 768w, https:\/\/www.veolyss.com\/wp-content\/uploads\/2025\/01\/Banniere-nettoyage-1536x1024.jpg 1536w, https:\/\/www.veolyss.com\/wp-content\/uploads\/2025\/01\/Banniere-nettoyage-2048x1365.jpg 2048w\" sizes=\"auto, (max-width: 300px) 100vw, 300px\" \/><\/a><\/figure>\n\n<h2 class=\"gb-headline gb-headline-d979bae1 gb-headline-text\"><a href=\"https:\/\/www.veolyss.com\/it\/guida-pratica-tutto-quello-che-devi-sapere-per-la-manutenzione-di-un-refrigeratore-industriale\/\">Guida pratica: tutto quello che devi sapere per la manutenzione di un refrigeratore industriale<\/a><\/h2>\n\n<div class=\"gb-headline gb-headline-5c371095 gb-headline-text\">Vuoi proteggere i tuoi dipendenti dallo stress da caldo? Un raffrescatore evaporativo \u00e8 una soluzione affidabile per abbassare la temperatura del tuo magazzino o dei tuoi locali commerciali. Con una manutenzione regolare, questa apparecchiatura pu\u00f2 funzionare alla massima efficienza per molti anni.  <\/div>\n<\/div><\/article><\/div>\n\n<div class=\"gb-grid-column gb-grid-column-2e3a1acf gb-query-loop-item post-2801 post type-post status-publish format-standard has-post-thumbnail hentry category-non-categorizzato\"><article class=\"gb-container gb-container-2e3a1acf\"><div class=\"gb-inside-container\">\n<figure class=\"gb-block-image gb-block-image-06177060\"><a href=\"https:\/\/www.veolyss.com\/it\/qual-e-la-differenza-tra-un-refrigeratore-e-un-condizionatore\/\"><img loading=\"lazy\" decoding=\"async\" width=\"300\" height=\"190\" src=\"https:\/\/www.veolyss.com\/wp-content\/uploads\/2025\/01\/Banniere-RAF-VS-clim-300x190.png\" class=\"gb-image-06177060\" alt=\"\" srcset=\"https:\/\/www.veolyss.com\/wp-content\/uploads\/2025\/01\/Banniere-RAF-VS-clim-300x190.png 300w, https:\/\/www.veolyss.com\/wp-content\/uploads\/2025\/01\/Banniere-RAF-VS-clim-1024x649.png 1024w, https:\/\/www.veolyss.com\/wp-content\/uploads\/2025\/01\/Banniere-RAF-VS-clim-768x487.png 768w, https:\/\/www.veolyss.com\/wp-content\/uploads\/2025\/01\/Banniere-RAF-VS-clim-1536x974.png 1536w, https:\/\/www.veolyss.com\/wp-content\/uploads\/2025\/01\/Banniere-RAF-VS-clim-2048x1298.png 2048w\" sizes=\"auto, (max-width: 300px) 100vw, 300px\" \/><\/a><\/figure>\n\n<h2 class=\"gb-headline gb-headline-d979bae1 gb-headline-text\"><a href=\"https:\/\/www.veolyss.com\/it\/qual-e-la-differenza-tra-un-refrigeratore-e-un-condizionatore\/\">Qual \u00e8 la differenza tra un refrigeratore e un condizionatore?<\/a><\/h2>\n\n<div class=\"gb-headline gb-headline-5c371095 gb-headline-text\">Condizionatori d&#8217;aria o refrigeratori industriali? Sebbene condividano la funzione di raffreddare l&#8217;aria, esistono differenze significative in termini di impatto ecologico ed economico. I condizionatori d&#8217;aria utilizzano refrigeranti tossici, mentre i refrigeratori utilizzano solo acqua.    <\/div>\n<\/div><\/article><\/div>\n<\/div>\n\n<div class=\"gb-container gb-container-ca04b990 gb-query-loop-pagination\">\n\n\n<span class=\"gb-button gb-button-f3326592 gb-button-text page-numbers gb-block-is-current\" aria-current=\"page\">1<\/span><a class=\"gb-button gb-button-f3326592 gb-button-text page-numbers\" href=\"?query-7097c1ff-page=2\">2<\/a>\n\n<a class=\"gb-button gb-button-86469464 gb-button-text\" href=\"\/it\/wp-json\/wp\/v2\/pages\/2789?query-7097c1ff-page=2\">Avanti<\/a>\n<\/div>\n","protected":false},"excerpt":{"rendered":"<p>Benvenuti nel Raffreddatore VEOLYSSlo specialista dei raffrescatori d&#8217;aria per le aziende. Qui condividiamo i nostri consigli, la nostra esperienza e le nostre soluzioni innovative per migliorare il comfort dei tuoi spazi professionali. Offri ai tuoi team e ai tuoi clienti un ambiente fresco e piacevole, anche nei periodi pi\u00f9 caldi!<\/p>\n","protected":false},"author":2,"featured_media":0,"parent":0,"menu_order":0,"comment_status":"closed","ping_status":"closed","template":"","meta":{"_seopress_robots_primary_cat":"","_seopress_titles_title":"Blog - Raffreddatore VEOLYSS","_seopress_titles_desc":"Scopri il blog di VEOLYSS Cooler, esperto di raffreddatori d'aria per aziende. Consigli, soluzioni e innovazioni per un comfort ottimale al lavoro. ","_seopress_robots_index":"","footnotes":""},"class_list":["post-2789","page","type-page","status-publish"],"_links":{"self":[{"href":"https:\/\/www.veolyss.com\/it\/wp-json\/wp\/v2\/pages\/2789","targetHints":{"allow":["GET"]}}],"collection":[{"href":"https:\/\/www.veolyss.com\/it\/wp-json\/wp\/v2\/pages"}],"about":[{"href":"https:\/\/www.veolyss.com\/it\/wp-json\/wp\/v2\/types\/page"}],"author":[{"embeddable":true,"href":"https:\/\/www.veolyss.com\/it\/wp-json\/wp\/v2\/users\/2"}],"replies":[{"embeddable":true,"href":"https:\/\/www.veolyss.com\/it\/wp-json\/wp\/v2\/comments?post=2789"}],"version-history":[{"count":3,"href":"https:\/\/www.veolyss.com\/it\/wp-json\/wp\/v2\/pages\/2789\/revisions"}],"predecessor-version":[{"id":4622,"href":"https:\/\/www.veolyss.com\/it\/wp-json\/wp\/v2\/pages\/2789\/revisions\/4622"}],"wp:attachment":[{"href":"https:\/\/www.veolyss.com\/it\/wp-json\/wp\/v2\/media?parent=2789"}],"curies":[{"name":"wp","href":"https:\/\/api.w.org\/{rel}","templated":true}]}}