{"id":4378,"date":"2025-03-19T18:55:26","date_gmt":"2025-03-19T17:55:26","guid":{"rendered":"https:\/\/vilo-cooler.com\/opci-uvjeti-prodaje-gcs\/"},"modified":"2025-03-19T18:56:10","modified_gmt":"2025-03-19T17:56:10","slug":"opci-uvjeti-prodaje-gcs","status":"publish","type":"page","link":"https:\/\/www.veolyss.com\/hr\/opci-uvjeti-prodaje-gcs\/","title":{"rendered":"Op\u0107i uvjeti prodaje (GCS)"},"content":{"rendered":"\n<h2 class=\"wp-block-heading\">1. Uvod<\/h2>\n\n<p>Ovi Op\u0107i uvjeti prodaje (OUU) ure\u0111uju prodaju proizvoda ponu\u0111enih na stranici www.vilo-cooler.com. Slanjem zahtjeva putem na\u0161e kontakt forme sla\u017eete se s Uvjetima poslovanja. <\/p>\n\n<h2 class=\"wp-block-heading\">2. Proizvodi<\/h2>\n\n<p>Vilo nudi industrijske hladnjake zraka. Karakteristike svakog proizvoda dostupne su na na\u0161oj web stranici. Cijene nisu prikazane online i bit \u0107e priop\u0107ene kada se utvrdi ponuda.  <\/p>\n\n<h2 class=\"wp-block-heading\">3. Razdoblje najma i testiranja opreme<\/h2>\n\n<ul class=\"wp-block-list\">\n<li>Dostupan model: Cijeli VL asortiman dostupan je za testiranje i najam.<\/li>\n\n\n\n<li>Period najma: 6 mjeseci<\/li>\n\n\n\n<li>Trajanje testa: 2 mjeseca<\/li>\n\n\n\n<li>Povrat: Na kraju testa ili razdoblja najma, oprema se mora vratiti u Vilo u dobrom op\u0107em stanju i \u010distom.<\/li>\n\n\n\n<li>Uvjeti povrata: Ure\u0111aji se moraju vratiti na paleti, za\u0161ti\u0107eni, presvu\u010deni filmom, povezani remenima i klinovima.<\/li>\n\n\n\n<li>Tro\u0161kovi transporta: Tro\u0161kovi povratnog transporta su odgovornost kupca i bit \u0107e navedeni u ponudi.<\/li>\n<\/ul>\n\n<h2 class=\"wp-block-heading\">4. Red<\/h2>\n\n<p>Za narud\u017ebu korisnik mora ispuniti kontakt obrazac dostupan na na\u0161im stranicama. Prodajni predstavnik \u0107e vas kontaktirati kako bi razgovarali o va\u0161em zahtjevu i dali vam personaliziranu ponudu. <\/p>\n\n<h2 class=\"wp-block-heading\">5. Cijena<\/h2>\n\n<p>Cijene proizvoda izra\u017eene su u eurima i bez poreza u ponudi koju pripremaju na\u0161i prodajni predstavnici. Cijene mogu varirati ovisno o specifikacijama i tra\u017eenim koli\u010dinama. Tro\u0161kovi dostave tako\u0111er \u0107e biti navedeni u ponu\u0111enoj ponudi.  <\/p>\n\n<h2 class=\"wp-block-heading\">6. Pla\u0107anje<\/h2>\n\n<p>Uvjeti pla\u0107anja bit \u0107e odre\u0111eni kada se utvrdi ponuda. Pla\u0107anja se moraju izvr\u0161iti prema uvjetima dogovorenim s prodava\u010dem. <\/p>\n\n<h2 class=\"wp-block-heading\">7. Isporuka<\/h2>\n\n<p>Vrijeme isporuke je predvi\u0111eno izme\u0111u 2 i 3 radna dana, ovisno o raspolo\u017eivosti zaliha. Vilo se obvezuje u\u010diniti sve \u0161to je potrebno kako bi se ispunili ovi rokovi, ali se ne mo\u017ee smatrati odgovornim za ka\u0161njenja uzrokovana okolnostima izvan njegove kontrole. <\/p>\n\n<h2 class=\"wp-block-heading\">8. Otkazivanje ili izmjena narud\u017ebe<\/h2>\n\n<p>Imate 24 sata od primitka narud\u017ebe da je izmijenite ili otka\u017eete, uz izri\u010ditu suglasnost dobavlja\u010da. Svaki zahtjev za otkazivanje ili izmjenu kupac mora podnijeti u pisanom obliku i mora ga slu\u017ebeno ovjeriti dobavlja\u010d. U slu\u010daju promjene narud\u017ebe prihva\u0107ene od strane dobavlja\u010da, kupac \u0107e biti obavije\u0161ten o novim rokovima isporuke i cijenama. U slu\u010daju otkazivanja narud\u017ebe od strane kupca, bez obzira na razlog, kupac je du\u017ean Vilu nadoknaditi nastale tro\u0161kove. Ova \u0107e naknada biti minimalnog iznosa kako slijedi:    <\/p>\n\n<ul class=\"wp-block-list\">\n<li>20% ukupnog iznosa narud\u017ebe za otkazivanje izme\u0111u 0 i 5 kalendarskih dana<\/li>\n\n\n\n<li>30% ukupnog iznosa narud\u017ebe za otkazivanje izme\u0111u 6 i 10 kalendarskih dana<\/li>\n\n\n\n<li>80% ukupnog iznosa narud\u017ebe za otkazivanje vi\u0161e od 10 kalendarskih dana<\/li>\n\n\n\n<li>100% ukupnog iznosa narud\u017ebe ako do otkazivanja do\u0111e nakon isporuke robe.<\/li>\n<\/ul>\n\n<h2 class=\"wp-block-heading\">9. Jamstva<\/h2>\n\n<p>Svi na\u0161i ure\u0111aji pokriveni su jednogodi\u0161njim jamstvom. Ako prona\u0111ete kvar, kontaktirajte nas kako bismo pokrenuli jamstveni postupak. <\/p>\n\n<h2 class=\"wp-block-heading\">10. Odgovornosti<\/h2>\n\n<p>Vilo se ne mo\u017ee smatrati odgovornim za neizravnu \u0161tetu nastalu kupnjom njegovih proizvoda. Odgovornost tvrtke Vilo ograni\u010dena je na iznos narud\u017ebe. <\/p>\n\n<h2 class=\"wp-block-heading\">11. Kontakt<\/h2>\n\n<p>Podaci navedeni putem obrasca za kontakt nu\u017eni su za obradu va\u0161eg zahtjeva. Podlije\u017eu na\u0161oj politici privatnosti. <\/p>\n\n<h2 class=\"wp-block-heading\">12. Izmjene T&amp;C-ova<\/h2>\n\n<p>Vilo zadr\u017eava pravo izmjene svojih uvjeta i uvjeta u bilo kojem trenutku. Novi U&amp;U stupit \u0107e na snagu \u010dim budu objavljeni na stranici. <\/p>\n\n<h2 class=\"wp-block-heading\">13. Mjerodavno pravo<\/h2>\n\n<p>Ovi U&amp;U podlije\u017eu francuskom zakonu. Svaki spor bit \u0107e podlo\u017ean nadle\u017enosti francuskih sudova. <\/p>\n","protected":false},"excerpt":{"rendered":"<p>1. Uvod Ovi Op\u0107i uvjeti prodaje (OUU) ure\u0111uju prodaju proizvoda ponu\u0111enih na stranici www.vilo-cooler.com. Slanjem zahtjeva putem na\u0161e kontakt forme sla\u017eete se s Uvjetima poslovanja. 2. Proizvodi Vilo nudi industrijske hladnjake zraka. Karakteristike svakog proizvoda dostupne su na na\u0161oj web stranici. Cijene nisu prikazane online i bit \u0107e priop\u0107ene kada se utvrdi ponuda. 3. Razdoblje &#8230; <a title=\"Op\u0107i uvjeti prodaje (GCS)\" class=\"read-more\" href=\"https:\/\/www.veolyss.com\/hr\/opci-uvjeti-prodaje-gcs\/\" aria-label=\"Read more about Op\u0107i uvjeti prodaje (GCS)\">Op\u0161irnije<\/a><\/p>\n","protected":false},"author":1,"featured_media":0,"parent":0,"menu_order":0,"comment_status":"closed","ping_status":"closed","template":"","meta":{"_seopress_robots_primary_cat":"","_seopress_titles_title":"VILO Op\u0107i uvjeti prodaje (OU)","_seopress_titles_desc":"sadr\u017eaj Op\u0107ih uvjeta prodaje (OU) tvrtke Vilo","_seopress_robots_index":"Da","footnotes":""},"class_list":["post-4378","page","type-page","status-publish"],"_links":{"self":[{"href":"https:\/\/www.veolyss.com\/hr\/wp-json\/wp\/v2\/pages\/4378","targetHints":{"allow":["GET"]}}],"collection":[{"href":"https:\/\/www.veolyss.com\/hr\/wp-json\/wp\/v2\/pages"}],"about":[{"href":"https:\/\/www.veolyss.com\/hr\/wp-json\/wp\/v2\/types\/page"}],"author":[{"embeddable":true,"href":"https:\/\/www.veolyss.com\/hr\/wp-json\/wp\/v2\/users\/1"}],"replies":[{"embeddable":true,"href":"https:\/\/www.veolyss.com\/hr\/wp-json\/wp\/v2\/comments?post=4378"}],"version-history":[{"count":1,"href":"https:\/\/www.veolyss.com\/hr\/wp-json\/wp\/v2\/pages\/4378\/revisions"}],"predecessor-version":[{"id":4380,"href":"https:\/\/www.veolyss.com\/hr\/wp-json\/wp\/v2\/pages\/4378\/revisions\/4380"}],"wp:attachment":[{"href":"https:\/\/www.veolyss.com\/hr\/wp-json\/wp\/v2\/media?parent=4378"}],"curies":[{"name":"wp","href":"https:\/\/api.w.org\/{rel}","templated":true}]}}