{"id":4354,"date":"2025-03-19T18:51:06","date_gmt":"2025-03-19T17:51:06","guid":{"rendered":"https:\/\/vilo-cooler.com\/politika-privatnosti\/"},"modified":"2025-03-19T18:56:12","modified_gmt":"2025-03-19T17:56:12","slug":"politika-privatnosti","status":"publish","type":"page","link":"https:\/\/www.veolyss.com\/hr\/politika-privatnosti\/","title":{"rendered":"Politika privatnosti"},"content":{"rendered":"\n<h2 class=\"wp-block-heading\">Podaci prikupljeni<\/h2>\n\n<p>Prikupljamo sljede\u0107e podatke:<\/p>\n\n<ul class=\"wp-block-list\">\n<li>Ime\/Ime<\/li>\n\n\n\n<li>E-mail adresa<\/li>\n\n\n\n<li>Telefon<\/li>\n\n\n\n<li>Adresa<\/li>\n\n\n\n<li>Podru\u010dje djelovanja<\/li>\n\n\n\n<li>IP adresa<\/li>\n\n\n\n<li>Kola\u010di\u0107i i podaci o pregledavanju<\/li>\n<\/ul>\n\n<h2 class=\"wp-block-heading\">Svrha prikupljanja<\/h2>\n\n<p>Va\u0161i podaci se koriste za:<\/p>\n\n<ul class=\"wp-block-list\">\n<li>Upravljajte svojim zahtjevima putem obrasca za kontakt<\/li>\n\n\n\n<li>Pobolj\u0161ajte korisni\u010dko iskustvo i analizirajte promet<\/li>\n\n\n\n<li>Slanje newslettera (uz va\u0161 pristanak)<\/li>\n<\/ul>\n\n<h2 class=\"wp-block-heading\">Dijeljenje podataka<\/h2>\n\n<p>Va\u0161i podaci se ne prodaju. Mogu se dijeliti s pru\u017eateljima tehni\u010dkih usluga radi pravilnog funkcioniranja stranice. <\/p>\n\n<h2 class=\"wp-block-heading\">Va\u0161a prava<\/h2>\n\n<p>U skladu s GDPR-om imate sljede\u0107a prava:<\/p>\n\n<ul class=\"wp-block-list\">\n<li>Pristup, ispravak, brisanje va\u0161ih podataka<\/li>\n\n\n\n<li>Prigovor na obradu Va\u0161ih podataka<\/li>\n\n\n\n<li>Prenosivost va\u0161ih podataka<\/li>\n\n\n\n<li>Povla\u010denje va\u0161eg pristanka<\/li>\n<\/ul>\n\n<p>Za ostvarivanje svojih prava kontaktirajte nas na contact@vilo-cooler.com<\/p>\n","protected":false},"excerpt":{"rendered":"<p>Podaci prikupljeni Prikupljamo sljede\u0107e podatke: Svrha prikupljanja Va\u0161i podaci se koriste za: Dijeljenje podataka Va\u0161i podaci se ne prodaju. Mogu se dijeliti s pru\u017eateljima tehni\u010dkih usluga radi pravilnog funkcioniranja stranice. Va\u0161a prava U skladu s GDPR-om imate sljede\u0107a prava: Za ostvarivanje svojih prava kontaktirajte nas na contact@vilo-cooler.com<\/p>\n","protected":false},"author":1,"featured_media":0,"parent":0,"menu_order":0,"comment_status":"closed","ping_status":"closed","template":"","meta":{"_seopress_robots_primary_cat":"","_seopress_titles_title":"Politika privatnosti za vilo-cooler.com","_seopress_titles_desc":"puni tekst pravila o privatnosti web stranice vilo-cooler.com","_seopress_robots_index":"Da","footnotes":""},"class_list":["post-4354","page","type-page","status-publish"],"_links":{"self":[{"href":"https:\/\/www.veolyss.com\/hr\/wp-json\/wp\/v2\/pages\/4354","targetHints":{"allow":["GET"]}}],"collection":[{"href":"https:\/\/www.veolyss.com\/hr\/wp-json\/wp\/v2\/pages"}],"about":[{"href":"https:\/\/www.veolyss.com\/hr\/wp-json\/wp\/v2\/types\/page"}],"author":[{"embeddable":true,"href":"https:\/\/www.veolyss.com\/hr\/wp-json\/wp\/v2\/users\/1"}],"replies":[{"embeddable":true,"href":"https:\/\/www.veolyss.com\/hr\/wp-json\/wp\/v2\/comments?post=4354"}],"version-history":[{"count":1,"href":"https:\/\/www.veolyss.com\/hr\/wp-json\/wp\/v2\/pages\/4354\/revisions"}],"predecessor-version":[{"id":4356,"href":"https:\/\/www.veolyss.com\/hr\/wp-json\/wp\/v2\/pages\/4354\/revisions\/4356"}],"wp:attachment":[{"href":"https:\/\/www.veolyss.com\/hr\/wp-json\/wp\/v2\/media?parent=4354"}],"curies":[{"name":"wp","href":"https:\/\/api.w.org\/{rel}","templated":true}]}}