{"id":4314,"date":"2025-03-19T18:47:11","date_gmt":"2025-03-19T17:47:11","guid":{"rendered":"https:\/\/vilo-cooler.com\/pravne-obavijesti\/"},"modified":"2025-03-19T18:56:11","modified_gmt":"2025-03-19T17:56:11","slug":"pravne-obavijesti","status":"publish","type":"page","link":"https:\/\/www.veolyss.com\/hr\/pravne-obavijesti\/","title":{"rendered":"Pravne obavijesti"},"content":{"rendered":"\n<h2 class=\"wp-block-heading\">Urednik stranice<\/h2>\n\n<ul class=\"wp-block-list\">\n<li>Naziv tvrtke: OBERA<\/li>\n\n\n\n<li>Adresa: 16 Rue de la Batterie, 67118 GEISPOLSHEIM<\/li>\n\n\n\n<li>E-po\u0161ta: contact@obera.fr<\/li>\n\n\n\n<li>Telefon: 03.67.10.66.75<\/li>\n\n\n\n<li>SIRET broj: 832 913 487 00027<\/li>\n<\/ul>\n\n<h2 class=\"wp-block-heading\">Doma\u0107in web stranice<\/h2>\n\n<ul class=\"wp-block-list\">\n<li>Ime doma\u0107ina: o2switch SAS s kapitalom od 100.000 \u20ac<\/li>\n\n\n\n<li>Adresa: Chemin des Pardiaux, 63000 Clermont-Ferrand<\/li>\n\n\n\n<li>SIRET: 510 909 807 00032 RCS Clermont Ferrand<\/li>\n<\/ul>\n\n<h2 class=\"wp-block-heading\">Intelektualno vlasni\u0161tvo<\/h2>\n\n<p>Svi sadr\u017eaji (tekstovi, slike, logotipi) za\u0161ti\u0107eni su zakonom o intelektualnom vlasni\u0161tvu. Zabranjeno je svako umno\u017eavanje bez prethodnog odobrenja. <\/p>\n\n<h2 class=\"wp-block-heading\">Odgovornost<\/h2>\n\n<p>Izdava\u010d stranice ne mo\u017ee se smatrati odgovornim za pogre\u0161ke ili propuste na stranici.<\/p>\n","protected":false},"excerpt":{"rendered":"<p>Urednik stranice Doma\u0107in web stranice Intelektualno vlasni\u0161tvo Svi sadr\u017eaji (tekstovi, slike, logotipi) za\u0161ti\u0107eni su zakonom o intelektualnom vlasni\u0161tvu. Zabranjeno je svako umno\u017eavanje bez prethodnog odobrenja. Odgovornost Izdava\u010d stranice ne mo\u017ee se smatrati odgovornim za pogre\u0161ke ili propuste na stranici.<\/p>\n","protected":false},"author":1,"featured_media":0,"parent":0,"menu_order":0,"comment_status":"closed","ping_status":"closed","template":"","meta":{"_seopress_robots_primary_cat":"","_seopress_titles_title":"Mentions l\u00e9gales pour Vilo Cooler","_seopress_titles_desc":"les mentions l\u00e9gales du site vilo-cooler.com","_seopress_robots_index":"","footnotes":""},"class_list":["post-4314","page","type-page","status-publish"],"_links":{"self":[{"href":"https:\/\/www.veolyss.com\/hr\/wp-json\/wp\/v2\/pages\/4314","targetHints":{"allow":["GET"]}}],"collection":[{"href":"https:\/\/www.veolyss.com\/hr\/wp-json\/wp\/v2\/pages"}],"about":[{"href":"https:\/\/www.veolyss.com\/hr\/wp-json\/wp\/v2\/types\/page"}],"author":[{"embeddable":true,"href":"https:\/\/www.veolyss.com\/hr\/wp-json\/wp\/v2\/users\/1"}],"replies":[{"embeddable":true,"href":"https:\/\/www.veolyss.com\/hr\/wp-json\/wp\/v2\/comments?post=4314"}],"version-history":[{"count":1,"href":"https:\/\/www.veolyss.com\/hr\/wp-json\/wp\/v2\/pages\/4314\/revisions"}],"predecessor-version":[{"id":4317,"href":"https:\/\/www.veolyss.com\/hr\/wp-json\/wp\/v2\/pages\/4314\/revisions\/4317"}],"wp:attachment":[{"href":"https:\/\/www.veolyss.com\/hr\/wp-json\/wp\/v2\/media?parent=4314"}],"curies":[{"name":"wp","href":"https:\/\/api.w.org\/{rel}","templated":true}]}}