{"id":2480,"date":"2025-02-02T19:30:33","date_gmt":"2025-02-02T18:30:33","guid":{"rendered":"https:\/\/vilo-cooler.com\/istrazite-nasu-ponudu-industrijskih-hladnjaka-zraka\/"},"modified":"2025-08-22T10:54:14","modified_gmt":"2025-08-22T08:54:14","slug":"istrazite-nasu-ponudu-industrijskih-hladnjaka-zraka","status":"publish","type":"page","link":"https:\/\/www.veolyss.com\/hr\/istrazite-nasu-ponudu-industrijskih-hladnjaka-zraka\/","title":{"rendered":"Istra\u017eite na\u0161u ponudu industrijskih hladnjaka zraka"},"content":{"rendered":"\n<p><br>Dobrodo\u0161li u na\u0161 izbor adijabatskih hladnjaka zraka, posebno dizajniranih za optimizaciju udobnosti u industrijskim okru\u017eenjima. Ovi ekolo\u0161ki prihvatljivi i ekonomi\u010dni ure\u0111aji kombiniraju u\u010dinkovitost, prakti\u010dnost i performanse, a svaki nudi jedinstvene zna\u010dajke prilago\u0111ene va\u0161im potrebama. <\/p>\n\n\n\n<h2 class=\"wp-block-heading\"><mark style=\"background-color:rgba(0, 0, 0, 0)\" class=\"has-inline-color has-accent-2-color\">Za\u0161to odabrati na\u0161e VEOLYSS hladnjake zraka?<\/mark><\/h2>\n\n\n\n<div class=\"wp-block-columns is-layout-flex wp-container-core-columns-is-layout-9d6595d7 wp-block-columns-is-layout-flex\">\n<div class=\"wp-block-column is-layout-flow wp-block-column-is-layout-flow\" style=\"flex-basis:66.66%\">\n<ul class=\"wp-block-list\">\n<li>Tehnolo\u0161ka inovacija koja se temelji na prirodnom principu isparavanja vode.<\/li>\n\n\n\n<li>Operativni tro\u0161kovi do 15 puta ni\u017ei od klima ure\u0111aja.<\/li>\n\n\n\n<li>Kompletan asortiman dizajniran da zadovolji sve va\u0161e potrebe i zahtjeve.<\/li>\n\n\n\n<li>Vrlo nizak uglji\u010dni otisak (bez rashladnog sredstva) i bez ispu\u0161tanja vru\u0107eg zraka, \u010dime se izbjegava efekt &#8220;toplinskog otoka&#8221;.<\/li>\n\n\n\n<li>Prakti\u010dno, prilagodljivo i mobilno &#8220;Plug and Play&#8221; rje\u0161enje.<\/li>\n\n\n\n<li>Brzo i ekonomi\u010dno odr\u017eavanje.<\/li>\n<\/ul>\n<\/div>\n\n\n\n<div class=\"wp-block-column is-layout-flow wp-block-column-is-layout-flow\" style=\"flex-basis:33.33%\"><div class=\"wp-block-image\">\n<figure class=\"aligncenter size-full\"><img alt=\"\" loading=\"lazy\" decoding=\"async\" width=\"1200\" height=\"241\" src=\"https:\/\/www.veolyss.com\/wp-content\/uploads\/2025\/08\/cropped-Logo-VEOLYSS.png\" alt=\"\" class=\"wp-image-4424\" srcset=\"https:\/\/www.veolyss.com\/wp-content\/uploads\/2025\/08\/cropped-Logo-VEOLYSS.png 1200w, https:\/\/www.veolyss.com\/wp-content\/uploads\/2025\/08\/cropped-Logo-VEOLYSS-300x60.png 300w, https:\/\/www.veolyss.com\/wp-content\/uploads\/2025\/08\/cropped-Logo-VEOLYSS-1024x206.png 1024w, https:\/\/www.veolyss.com\/wp-content\/uploads\/2025\/08\/cropped-Logo-VEOLYSS-768x154.png 768w\" sizes=\"auto, (max-width: 1200px) 100vw, 1200px\" \/><\/figure>\n<\/div><\/div>\n<\/div>\n\n\n\n<h2 class=\"wp-block-heading\"><mark style=\"background-color:rgba(0, 0, 0, 0)\" class=\"has-inline-color has-contrast-2-color\">Otkrijte na\u0161u ponudu mobilnih evaporativnih hladnjaka zraka: VL asortiman<\/mark><\/h2>\n\n\n\n<p>Na\u0161i VL evaporativni rashla\u0111iva\u010di zraka opremljeni su kota\u010di\u0107ima koji omogu\u0107uju jednostavnu mobilnost bez napora u industrijskim okru\u017eenjima. Hla\u0111enje isparavanjem u\u010dinkovito je rje\u0161enje za optimizaciju va\u0161e proizvodnje. Mo\u017eete pode\u0161avati snagu, usmjeravati mlaz i tretirati vodu ionizatorom, a sve to putem upravlja\u010dke plo\u010de.  <\/p>\n\n\n\n<div class=\"wp-block-group\"><div class=\"wp-block-group__inner-container is-layout-constrained wp-block-group-is-layout-constrained\"><div class=\"wp-block-image\">\n<figure class=\"alignleft size-full is-resized\"><img alt=\"\" loading=\"lazy\" decoding=\"async\" width=\"1200\" height=\"1200\" src=\"https:\/\/www.veolyss.com\/wp-content\/uploads\/2025\/08\/Image-site-VL-50.png\" alt=\"\" class=\"wp-image-4680\" style=\"aspect-ratio:2\/3;object-fit:cover;width:250px\" srcset=\"https:\/\/www.veolyss.com\/wp-content\/uploads\/2025\/08\/Image-site-VL-50.png 1200w, https:\/\/www.veolyss.com\/wp-content\/uploads\/2025\/08\/Image-site-VL-50-300x300.png 300w, https:\/\/www.veolyss.com\/wp-content\/uploads\/2025\/08\/Image-site-VL-50-1024x1024.png 1024w, https:\/\/www.veolyss.com\/wp-content\/uploads\/2025\/08\/Image-site-VL-50-150x150.png 150w, https:\/\/www.veolyss.com\/wp-content\/uploads\/2025\/08\/Image-site-VL-50-768x768.png 768w\" sizes=\"auto, (max-width: 1200px) 100vw, 1200px\" \/><\/figure>\n<\/div>\n\n\n<h3 class=\"wp-block-heading\"><mark style=\"background-color:rgba(0, 0, 0, 0)\" class=\"has-inline-color has-contrast-color\">VL 50<\/mark><\/h3>\n\n\n\n<p><strong>VL 50<\/strong> evaporativni hladnjak zraka najkompaktniji je ure\u0111aj u asortimanu, dizajniran za industrijska okru\u017eenja. Kombiniraju\u0107i robusnost i mobilnost sa svojih <strong>43 kg<\/strong> i dimenzijama od <strong>925 x 580 x 1440 mm<\/strong> , mo\u017ee se jednostavno postaviti u razli\u010dite prostore zahvaljuju\u0107i integriranim kota\u010dima. <\/p>\n\n\n\n<p>S protokom zraka od <strong>12.000 m\u00b3\/h<\/strong> i kapacitetom vode od <strong>70 L<\/strong> , VL 50 osigurava brzo i u\u010dinkovito hla\u0111enje, uz potro\u0161nju izme\u0111u <strong>8 i 10 L vode<\/strong> na sat. Mo\u017ee obraditi povr\u0161ine do <strong>150 m\u00b2<\/strong> , \u010dime se osigurava ugodna radna klima. <\/p>\n\n\n\n<p>Njegova najve\u0107a razina buke od <strong>63 dB<\/strong> omogu\u0107uje diskretan rad, poti\u010du\u0107i koncentraciju zaposlenika. Ukratko, VL 50 je u\u010dinkovito i kompaktno rje\u0161enje za pobolj\u0161anje udobnosti i produktivnosti u va\u0161em poslovanju. <\/p>\n\n\n\n<div class=\"wp-block-buttons is-content-justification-center is-layout-flex wp-container-core-buttons-is-layout-16018d1d wp-block-buttons-is-layout-flex\">\n<div class=\"wp-block-button\"><a class=\"wp-block-button__link has-base-color has-accent-2-background-color has-text-color has-background has-link-color wp-element-button\" href=\"http:\/\/www.veolyss.com\/wp-content\/uploads\/2025\/08\/EN-Brochures-VL-VEOLYSS-1.pdf\" target=\"_blank\" rel=\"noopener\">Saznajte vi\u0161e<\/a><\/div>\n<\/div>\n<\/div><\/div>\n\n\n\n<div class=\"wp-block-group\"><div class=\"wp-block-group__inner-container is-layout-constrained wp-block-group-is-layout-constrained\"><div class=\"wp-block-image\">\n<figure class=\"alignleft size-full is-resized\"><img alt=\"\" decoding=\"async\" src=\"https:\/\/www.veolyss.com\/wp-content\/uploads\/2025\/02\/VL-120-1-1.png\" alt=\"\" class=\"wp-image-3868\" style=\"aspect-ratio:2\/3;object-fit:cover;width:250px\"\/><\/figure>\n<\/div>\n\n\n<h3 class=\"wp-block-heading\"><mark style=\"background-color:rgba(0, 0, 0, 0)\" class=\"has-inline-color has-accent-2-color\">VL 120<\/mark><\/h3>\n\n\n\n<p><strong>VL 120<\/strong> evaporativni hladnjak zraka dizajniran je za industrijska okru\u017eenja, nudi snagu i u\u010dinkovitost. Te\u017eak <strong>43 kg<\/strong> s dimenzijama <strong>1120 x 640 x 1600 mm<\/strong> , lako se pomi\u010de zahvaljuju\u0107i svojim kota\u010dima. <\/p>\n\n\n\n<p>S protokom zraka od <strong>22.000 m\u00b3\/h<\/strong> i kapacitetom vode od <strong>130 L<\/strong> , VL 120 osigurava optimalno hla\u0111enje uz potro\u0161nju izme\u0111u <strong>10 i 15 L vode na sat<\/strong> . Mo\u017ee tretirati povr\u0161ine do <strong>250 m\u00b2,<\/strong> jam\u010de\u0107i ugodnu radnu klimu. <\/p>\n\n\n\n<p>S maksimalnom razinom buke od <strong>63 dB<\/strong> , radi relativno tiho, omogu\u0107uju\u0107i zaposlenicima da ostanu usredoto\u010deni. Ukratko, VL 120 je mo\u0107no rje\u0161enje za pobolj\u0161anje udobnosti i produktivnosti u va\u0161em poslovanju. <\/p>\n\n\n\n<div class=\"wp-block-buttons is-content-justification-center is-layout-flex wp-container-core-buttons-is-layout-16018d1d wp-block-buttons-is-layout-flex\">\n<div class=\"wp-block-button\"><a class=\"wp-block-button__link has-base-color has-accent-2-background-color has-text-color has-background has-link-color wp-element-button\" href=\"http:\/\/www.veolyss.com\/wp-content\/uploads\/2025\/08\/EN-Brochures-VL-VEOLYSS-1.pdf\" target=\"_blank\" rel=\"noopener\">Saznajte vi\u0161e<\/a><\/div>\n<\/div>\n<\/div><\/div>\n\n\n\n<div class=\"wp-block-group\"><div class=\"wp-block-group__inner-container is-layout-constrained wp-block-group-is-layout-constrained\"><div class=\"wp-block-image\">\n<figure class=\"alignleft size-full is-resized\"><img alt=\"rafraichisseur d&#039;air adiabatique VL 220\" loading=\"lazy\" decoding=\"async\" width=\"704\" height=\"838\" src=\"https:\/\/www.veolyss.com\/wp-content\/uploads\/2025\/02\/VL-220-1-1.png\" alt=\"\" class=\"wp-image-4019\" style=\"aspect-ratio:2\/3;object-fit:cover;width:250px\" srcset=\"https:\/\/www.veolyss.com\/wp-content\/uploads\/2025\/02\/VL-220-1-1.png 704w, https:\/\/www.veolyss.com\/wp-content\/uploads\/2025\/02\/VL-220-1-1-252x300.png 252w\" sizes=\"auto, (max-width: 704px) 100vw, 704px\" \/><\/figure>\n<\/div>\n\n\n<h3 class=\"wp-block-heading\"><mark style=\"background-color:rgba(0, 0, 0, 0)\" class=\"has-inline-color has-contrast-color\">VL 220<\/mark><\/h3>\n\n\n\n<p><strong>VL 220<\/strong> evaporativni hladnjak zraka dizajniran je za industrijska okru\u017eenja, kombiniraju\u0107i performanse i prakti\u010dnost. Te\u017eak <strong>50 kg<\/strong> i dimenzija <strong>1120 x 640 x 1600 mm<\/strong> lako se pomi\u010de zahvaljuju\u0107i svojim kota\u010dima. <\/p>\n\n\n\n<p>S protokom zraka od <strong>22.000 m\u00b3\/h<\/strong> i kapacitetom vode od <strong>130 L<\/strong> , VL 220 jam\u010di u\u010dinkovito hla\u0111enje, uz potro\u0161nju vode od <strong>10 do 15 L.<\/strong> Mo\u017ee tretirati povr\u0161ine do <strong>250 m\u00b2,<\/strong> \u010dime se osigurava ugodna radna klima. <\/p>\n\n\n\n<p>Njegova najve\u0107a razina buke od <strong>68 dB<\/strong> omogu\u0107uje relativno tihi rad, poti\u010du\u0107i koncentraciju zaposlenika. Ukratko, VL 220 je rje\u0161enje visokih performansi za pobolj\u0161anje udobnosti i produktivnosti u va\u0161em poslovanju. <\/p>\n\n\n\n<div class=\"wp-block-buttons is-content-justification-center is-layout-flex wp-container-core-buttons-is-layout-16018d1d wp-block-buttons-is-layout-flex\">\n<div class=\"wp-block-button\"><a class=\"wp-block-button__link has-base-color has-accent-2-background-color has-text-color has-background has-link-color wp-element-button\" href=\"http:\/\/www.veolyss.com\/wp-content\/uploads\/2025\/08\/EN-Brochures-VL-VEOLYSS-1.pdf\" target=\"_blank\" rel=\"noopener\">Saznajte vi\u0161e<\/a><\/div>\n<\/div>\n<\/div><\/div>\n\n\n\n<div class=\"wp-block-group\"><div class=\"wp-block-group__inner-container is-layout-constrained wp-block-group-is-layout-constrained\"><div class=\"wp-block-image\">\n<figure class=\"alignleft size-full is-resized\"><img alt=\"rafraichisseur d&#039;air adiabatique VL 300\" loading=\"lazy\" decoding=\"async\" width=\"840\" height=\"911\" src=\"https:\/\/www.veolyss.com\/wp-content\/uploads\/2025\/02\/VL-300-1-2.png\" alt=\"\" class=\"wp-image-3986\" style=\"aspect-ratio:2\/3;object-fit:cover;width:250px\" srcset=\"https:\/\/www.veolyss.com\/wp-content\/uploads\/2025\/02\/VL-300-1-2.png 840w, https:\/\/www.veolyss.com\/wp-content\/uploads\/2025\/02\/VL-300-1-2-277x300.png 277w, https:\/\/www.veolyss.com\/wp-content\/uploads\/2025\/02\/VL-300-1-2-768x833.png 768w\" sizes=\"auto, (max-width: 840px) 100vw, 840px\" \/><\/figure>\n<\/div>\n\n\n<h3 class=\"wp-block-heading\"><mark style=\"background-color:rgba(0, 0, 0, 0)\" class=\"has-inline-color has-accent-2-color\">VL 300<\/mark><\/h3>\n\n\n\n<p><strong>VL 300<\/strong> evaporativni hladnjak zraka je najve\u0107i u asortimanu, dizajniran za najzahtjevnije industrijske potrebe. S te\u017einom od <strong>110 kg<\/strong> i dimenzijama <strong>1565 x 725 x 1760 mm<\/strong> , nudi iznimne performanse dok ostaje mobilan zahvaljuju\u0107i svojim kota\u010di\u0107ima. <\/p>\n\n\n\n<p>S protokom zraka od <strong>30.000 m\u00b3\/h<\/strong> i kapacitetom vode od <strong>280 L<\/strong> , VL 300 osigurava u\u010dinkovito hla\u0111enje, tro\u0161e\u0107i izme\u0111u <strong>20 i 30 L vode na sat<\/strong> . Mo\u017ee tretirati povr\u0161ine do <strong>400 m\u00b2,<\/strong> jam\u010de\u0107i optimalno radno okru\u017eenje. <\/p>\n\n\n\n<p>Njegova najve\u0107a razina buke od <strong>70 dB<\/strong> omogu\u0107uje relativno diskretan rad, olak\u0161avaju\u0107i koncentraciju zaposlenika. Ukratko, VL 300 predstavlja sna\u017eno i u\u010dinkovito rje\u0161enje za pobolj\u0161anje udobnosti i produktivnosti u va\u0161em poslovanju. <\/p>\n\n\n\n<div class=\"wp-block-buttons is-content-justification-center is-layout-flex wp-container-core-buttons-is-layout-16018d1d wp-block-buttons-is-layout-flex\">\n<div class=\"wp-block-button is-style-fill\"><a class=\"wp-block-button__link has-base-color has-accent-2-background-color has-text-color has-background has-link-color wp-element-button\" href=\"http:\/\/www.veolyss.com\/wp-content\/uploads\/2025\/08\/EN-Brochures-VL-VEOLYSS-1.pdf\" target=\"_blank\" rel=\"noopener\">Saznajte vi\u0161e<\/a><\/div>\n<\/div>\n<\/div><\/div>\n\n\n\n<p><strong>Sa\u017eeta tablica karakteristika po modelu:<\/strong><\/p>\n\n\n\n<figure class=\"wp-block-table is-style-regular\"><table class=\"has-base-background-color has-background has-fixed-layout\"><tbody><tr><td class=\"has-text-align-center\" data-align=\"center\"><strong>Model<\/strong><\/td><td class=\"has-text-align-center\" data-align=\"center\"><strong>Te\u017eina<\/strong> (kg)<\/td><td class=\"has-text-align-center\" data-align=\"center\"><strong>Dimenzije<\/strong> (dx\u0161xv)<\/td><td class=\"has-text-align-center\" data-align=\"center\"><strong>Protok zraka<\/strong> (m\u00b3\/h)<\/td><td class=\"has-text-align-center\" data-align=\"center\"><strong>Kapacitet vode<\/strong> (L)<\/td><td class=\"has-text-align-center\" data-align=\"center\"><strong>Maks.<\/strong>(dB)<\/td><\/tr><tr><td class=\"has-text-align-center\" data-align=\"center\"><strong><mark style=\"background-color:rgba(0, 0, 0, 0)\" class=\"has-inline-color has-contrast-color\">VL 50<\/mark><\/strong><\/td><td class=\"has-text-align-center\" data-align=\"center\"><mark style=\"background-color:rgba(0, 0, 0, 0)\" class=\"has-inline-color has-contrast-color\">16<\/mark><\/td><td class=\"has-text-align-center\" data-align=\"center\"><mark style=\"background-color:rgba(0, 0, 0, 0)\" class=\"has-inline-color has-contrast-color\">664 x 433 x 1183<\/mark><\/td><td class=\"has-text-align-center\" data-align=\"center\"><mark style=\"background-color:rgba(0, 0, 0, 0)\" class=\"has-inline-color has-contrast-color\">5 000<\/mark><\/td><td class=\"has-text-align-center\" data-align=\"center\"><mark style=\"background-color:rgba(0, 0, 0, 0)\" class=\"has-inline-color has-contrast-color\">90<\/mark><\/td><td class=\"has-text-align-center\" data-align=\"center\"><mark style=\"background-color:rgba(0, 0, 0, 0)\" class=\"has-inline-color has-contrast-color\">63<\/mark><\/td><\/tr><tr><td class=\"has-text-align-center\" data-align=\"center\"><strong>VL 120<\/strong><\/td><td class=\"has-text-align-center\" data-align=\"center\">43<\/td><td class=\"has-text-align-center\" data-align=\"center\">925 x 580 x 1440<\/td><td class=\"has-text-align-center\" data-align=\"center\">12 000<\/td><td class=\"has-text-align-center\" data-align=\"center\">70<\/td><td class=\"has-text-align-center\" data-align=\"center\">63<\/td><\/tr><tr><td class=\"has-text-align-center\" data-align=\"center\"><strong><mark style=\"background-color:rgba(0, 0, 0, 0)\" class=\"has-inline-color has-contrast-color\">VL 220<\/mark><\/strong><\/td><td class=\"has-text-align-center\" data-align=\"center\"><mark style=\"background-color:rgba(0, 0, 0, 0)\" class=\"has-inline-color has-contrast-color\">50<\/mark><\/td><td class=\"has-text-align-center\" data-align=\"center\"><mark style=\"background-color:rgba(0, 0, 0, 0)\" class=\"has-inline-color has-contrast-color\">1120 x 640 x 1600<\/mark><\/td><td class=\"has-text-align-center\" data-align=\"center\"><mark style=\"background-color:rgba(0, 0, 0, 0)\" class=\"has-inline-color has-contrast-color\">22 000<\/mark><\/td><td class=\"has-text-align-center\" data-align=\"center\"><mark style=\"background-color:rgba(0, 0, 0, 0)\" class=\"has-inline-color has-contrast-color\">130<\/mark><\/td><td class=\"has-text-align-center\" data-align=\"center\"><mark style=\"background-color:rgba(0, 0, 0, 0)\" class=\"has-inline-color has-contrast-color\">68<\/mark><\/td><\/tr><tr><td class=\"has-text-align-center\" data-align=\"center\"><strong>VL 300<\/strong><\/td><td class=\"has-text-align-center\" data-align=\"center\">110<\/td><td class=\"has-text-align-center\" data-align=\"center\">1565 x 725 x 1760<\/td><td class=\"has-text-align-center\" data-align=\"center\">30 000<\/td><td class=\"has-text-align-center\" data-align=\"center\">280<\/td><td class=\"has-text-align-center\" data-align=\"center\">70<\/td><\/tr><\/tbody><\/table><\/figure>\n\n\n\n<p><\/p>\n\n\n\n<h2 class=\"wp-block-heading\"><mark style=\"background-color:rgba(0, 0, 0, 0)\" class=\"has-inline-color has-contrast-2-color\">\u0160to je industrijski hladnjak zraka?<\/mark><\/h2>\n\n\n\n<p>Hladnjak zraka je isparavaju\u0107i ure\u0111aj za klimatizaciju. Zahvaljuju\u0107i velikoj snazi, na\u0161i ure\u0111aji mogu smanjiti temperaturu u profesionalnim prostorijama za koje se \u010desto smatra da ih je te\u0161ko klimatizirati, s rasponom do 400 m\u00b2 po jedinici. <\/p>\n\n\n\n<p><strong><mark style=\"background-color:rgba(0, 0, 0, 0)\" class=\"has-inline-color has-contrast-color\">VEOLYSS<\/mark><\/strong> hladnjaci zraka su mobilni ure\u0111aji koji se lako integriraju u proizvodne, skladi\u0161ne \u200b\u200bili prijemne prostore. Jednostavni su za kori\u0161tenje i dolaze s aplikacijom za daljinsko upravljanje ili upravljanje. <strong><mark style=\"background-color:rgba(0, 0, 0, 0)\" class=\"has-inline-color has-accent-color\">VEOLYSS<\/mark><\/strong> hladnjaci nude mogu\u0107nost rada u na\u010dinu rada s slobodnim hla\u0111enjem (jedan ventilator) ili u na\u010dinu rada s hla\u0111enjem.  <\/p>\n\n\n\n<h2 class=\"wp-block-heading\"><mark style=\"background-color:rgba(0, 0, 0, 0)\" class=\"has-inline-color has-contrast-2-color\">Kako u\u010dinkovito odabrati svoj adijabatski hladnjak zraka?<\/mark><\/h2>\n\n\n\n<div class=\"wp-block-columns is-layout-flex wp-container-core-columns-is-layout-9d6595d7 wp-block-columns-is-layout-flex\">\n<div class=\"wp-block-column is-layout-flow wp-block-column-is-layout-flow\" style=\"flex-basis:66.66%\">\n<p>Izbor adijabatskog hladnjaka zraka ovisi o veli\u010dini prostorije koju treba hladiti kao io zahtjevima za hla\u0111enje. \u0160to je prostor ve\u0107i i temperature su ve\u0107e, protok zraka mora biti ve\u0107i. <\/p>\n\n\n\n<p>Ventilacija prostora tako\u0111er je klju\u010dni faktor. Kako bi se osiguralo pravilno funkcioniranje na\u0161ih ure\u0111aja, bitno je da je prostorija suha i dobro prozra\u010dena. <strong><mark style=\"background-color:rgba(0, 0, 0, 0)\" class=\"has-inline-color has-contrast-color\">VEOLYSS<\/mark><\/strong> hladnjaci zraka tako\u0111er su namijenjeni za vanjsku upotrebu. Va\u017eno je da se prostor kontinuirano prozra\u010duje kako bi se uklonio vla\u017ean zrak i uveo topao, suhi zrak.   <\/p>\n\n\n\n<p>Na\u0161i rashla\u0111iva\u010di zraka mogu neznatno pove\u0107ati razinu relativne vla\u017enosti (za 5 do 10%) va\u0161eg prostora dok sni\u017eavaju temperaturu, \u0161to promi\u010de dobrobit i pobolj\u0161ava radne uvjete bez o\u0161te\u0107enja robe ili opreme.<\/p>\n<\/div>\n\n\n\n<div class=\"wp-block-column is-layout-flow wp-block-column-is-layout-flow\" style=\"flex-basis:33.33%\"><div class=\"wp-block-image\">\n<figure class=\"alignright size-large is-resized\"><img alt=\"\" loading=\"lazy\" decoding=\"async\" width=\"1024\" height=\"1024\" src=\"https:\/\/www.veolyss.com\/wp-content\/uploads\/2025\/02\/Image-choix-RAF-VILO-1024x1024.png\" alt=\"\" class=\"wp-image-2449\" style=\"width:294px;height:auto\" srcset=\"https:\/\/www.veolyss.com\/wp-content\/uploads\/2025\/02\/Image-choix-RAF-VILO-1024x1024.png 1024w, https:\/\/www.veolyss.com\/wp-content\/uploads\/2025\/02\/Image-choix-RAF-VILO-300x300.png 300w, https:\/\/www.veolyss.com\/wp-content\/uploads\/2025\/02\/Image-choix-RAF-VILO-150x150.png 150w, https:\/\/www.veolyss.com\/wp-content\/uploads\/2025\/02\/Image-choix-RAF-VILO-768x768.png 768w, https:\/\/www.veolyss.com\/wp-content\/uploads\/2025\/02\/Image-choix-RAF-VILO-400x400.png 400w, https:\/\/www.veolyss.com\/wp-content\/uploads\/2025\/02\/Image-choix-RAF-VILO-600x600.png 600w, https:\/\/www.veolyss.com\/wp-content\/uploads\/2025\/02\/Image-choix-RAF-VILO.png 1200w\" sizes=\"auto, (max-width: 1024px) 100vw, 1024px\" \/><\/figure>\n<\/div><\/div>\n<\/div>\n\n\n\n<h2 class=\"wp-block-heading\"><mark style=\"background-color:rgba(0, 0, 0, 0)\" class=\"has-inline-color has-contrast-2-color\">Koje su razlike izme\u0111u hladnjaka zraka i klima ure\u0111aja?<\/mark><\/h2>\n\n\n\n<p>Hladnjak zraka ne koristi \u0161tetni rashladni plin, za razliku od klima ure\u0111aja. Potro\u0161nja elektri\u010dne energije mu je deset puta manja nego kod klima ure\u0111aja, a razli\u010dito je i odr\u017eavanje dva ure\u0111aja. <br>Za razliku od klima ure\u0111aja, hladnjaci zraka omogu\u0107uju vam da vrata i prozore u prostoriji dr\u017eite otvorenima. Na\u0161i hladnjaci zraka prikladni su za poslovne prostore, skladi\u0161ta i logisti\u010dke hale otvorenog tipa. <strong><mark style=\"background-color:rgba(0, 0, 0, 0)\" class=\"has-inline-color has-contrast-color\">VEOLYSS<\/mark><\/strong> adijabatski hladnjak zraka ne isu\u0161uje okolni zrak i odr\u017eava prirodnu razinu vla\u017enosti. U prostoriju uvodi zrak na temperaturi 3 do 12\u00b0C ni\u017eoj od vanjskog zraka.   <\/p>\n\n\n\n<p><\/p>\n","protected":false},"excerpt":{"rendered":"<p>Dobrodo\u0161li u na\u0161 izbor adijabatskih hladnjaka zraka, posebno dizajniranih za optimizaciju udobnosti u industrijskim okru\u017eenjima. Ovi ekolo\u0161ki prihvatljivi i ekonomi\u010dni ure\u0111aji kombiniraju u\u010dinkovitost, prakti\u010dnost i performanse, a svaki nudi jedinstvene zna\u010dajke prilago\u0111ene va\u0161im potrebama. Za\u0161to odabrati na\u0161e VEOLYSS hladnjake zraka? Otkrijte na\u0161u ponudu mobilnih evaporativnih hladnjaka zraka: VL asortiman Na\u0161i VL evaporativni rashla\u0111iva\u010di zraka opremljeni &#8230; <a title=\"Istra\u017eite na\u0161u ponudu industrijskih hladnjaka zraka\" class=\"read-more\" href=\"https:\/\/www.veolyss.com\/hr\/istrazite-nasu-ponudu-industrijskih-hladnjaka-zraka\/\" aria-label=\"Read more about Istra\u017eite na\u0161u ponudu industrijskih hladnjaka zraka\">Op\u0161irnije<\/a><\/p>\n","protected":false},"author":2,"featured_media":0,"parent":0,"menu_order":0,"comment_status":"closed","ping_status":"closed","template":"","meta":{"_seopress_robots_primary_cat":"","_seopress_titles_title":"","_seopress_titles_desc":"","_seopress_robots_index":"","footnotes":""},"class_list":["post-2480","page","type-page","status-publish"],"_links":{"self":[{"href":"https:\/\/www.veolyss.com\/hr\/wp-json\/wp\/v2\/pages\/2480","targetHints":{"allow":["GET"]}}],"collection":[{"href":"https:\/\/www.veolyss.com\/hr\/wp-json\/wp\/v2\/pages"}],"about":[{"href":"https:\/\/www.veolyss.com\/hr\/wp-json\/wp\/v2\/types\/page"}],"author":[{"embeddable":true,"href":"https:\/\/www.veolyss.com\/hr\/wp-json\/wp\/v2\/users\/2"}],"replies":[{"embeddable":true,"href":"https:\/\/www.veolyss.com\/hr\/wp-json\/wp\/v2\/comments?post=2480"}],"version-history":[{"count":17,"href":"https:\/\/www.veolyss.com\/hr\/wp-json\/wp\/v2\/pages\/2480\/revisions"}],"predecessor-version":[{"id":4943,"href":"https:\/\/www.veolyss.com\/hr\/wp-json\/wp\/v2\/pages\/2480\/revisions\/4943"}],"wp:attachment":[{"href":"https:\/\/www.veolyss.com\/hr\/wp-json\/wp\/v2\/media?parent=2480"}],"curies":[{"name":"wp","href":"https:\/\/api.w.org\/{rel}","templated":true}]}}