{"id":4362,"date":"2025-03-19T18:55:26","date_gmt":"2025-03-19T17:55:26","guid":{"rendered":"https:\/\/vilo-cooler.com\/condiciones-generales-de-venta-cgv\/"},"modified":"2025-03-19T18:56:11","modified_gmt":"2025-03-19T17:56:11","slug":"condiciones-generales-de-venta-cgv","status":"publish","type":"page","link":"https:\/\/www.veolyss.com\/es\/condiciones-generales-de-venta-cgv\/","title":{"rendered":"Condiciones generales de venta (CGV)"},"content":{"rendered":"\n<h2 class=\"wp-block-heading\">1. Introducci\u00f3n<\/h2>\n\n<p>Estas Condiciones Generales de Venta (CGV) rigen la venta de los productos ofrecidos en el sitio web www.vilo-cooler.com. Al enviar una solicitud a trav\u00e9s de nuestro formulario de contacto, aceptas las CGV. <\/p>\n\n<h2 class=\"wp-block-heading\">2. Productos<\/h2>\n\n<p>Vilo ofrece ambientadores industriales. Las caracter\u00edsticas de cada producto est\u00e1n disponibles en nuestro sitio web. Los precios no se muestran en l\u00ednea y se comunicar\u00e1n cuando se elabore un presupuesto.  <\/p>\n\n<h2 class=\"wp-block-heading\">3. Alquiler del equipo y periodo de prueba<\/h2>\n\n<ul class=\"wp-block-list\">\n<li>Modelos disponibles: Toda la gama LV est\u00e1 disponible para pruebas y alquiler.<\/li>\n\n\n\n<li>Periodo de alquiler: 6 meses<\/li>\n\n\n\n<li>Duraci\u00f3n de la prueba: 2 meses<\/li>\n\n\n\n<li>Devoluci\u00f3n: Al final del periodo de prueba o alquiler, el equipo debe devolverse a Vilo en un estado limpio y ordenado.<\/li>\n\n\n\n<li>Condiciones de devoluci\u00f3n: Los aparatos deben devolverse en pal\u00e9s, protegidos, retractilados, flejados y calzados.<\/li>\n\n\n\n<li>Gastos de transporte: Los gastos de transporte de vuelta corren a cargo del cliente y se especificar\u00e1n en el presupuesto.<\/li>\n<\/ul>\n\n<h2 class=\"wp-block-heading\">4. Controla<\/h2>\n\n<p>Para hacer un pedido, el usuario debe rellenar el formulario de contacto disponible en nuestro sitio. Un representante comercial se pondr\u00e1 en contacto contigo para analizar tu solicitud y proporcionarte un presupuesto personalizado. <\/p>\n\n<h2 class=\"wp-block-heading\">5. Premios<\/h2>\n\n<p>Los precios de los productos se indican en euros y sin impuestos en el presupuesto elaborado por nuestros representantes comerciales. Los precios pueden variar seg\u00fan las especificaciones y las cantidades solicitadas. Los gastos de env\u00edo tambi\u00e9n se especificar\u00e1n en el presupuesto facilitado.  <\/p>\n\n<h2 class=\"wp-block-heading\">6. Pago<\/h2>\n\n<p>Las condiciones de pago se especificar\u00e1n cuando se elabore el presupuesto. Los pagos deben realizarse de acuerdo con las condiciones acordadas con el representante de ventas. <\/p>\n\n<h2 class=\"wp-block-heading\">7. Entrega<\/h2>\n\n<p>Los plazos de entrega se estiman entre 2 y 3 d\u00edas laborables, seg\u00fan disponibilidad de stock. Vilo se compromete a hacer todo lo necesario para respetar estos plazos, pero no se hace responsable de los retrasos debidos a circunstancias ajenas a su voluntad. <\/p>\n\n<h2 class=\"wp-block-heading\">8. Anulaci\u00f3n o modificaci\u00f3n del pedido<\/h2>\n\n<p>Dispones de 24 horas desde la recepci\u00f3n de tu pedido para modificarlo o anularlo, siempre que el proveedor est\u00e9 de acuerdo expl\u00edcitamente. Toda solicitud de anulaci\u00f3n o modificaci\u00f3n deber\u00e1 ser presentada por escrito por el cliente y deber\u00e1 ser certificada formalmente por el proveedor. En caso de modificaci\u00f3n del pedido aceptada por el proveedor, se comunicar\u00e1n al cliente los nuevos plazos de entrega y precios. En caso de anulaci\u00f3n del pedido por parte del Cliente, cualquiera que sea el motivo, \u00e9ste deber\u00e1 indemnizar a Vilo por los gastos ocasionados. Esta indemnizaci\u00f3n ser\u00e1 de un importe m\u00ednimo como sigue:    <\/p>\n\n<ul class=\"wp-block-list\">\n<li>20% del importe total del pedido para anulaciones entre 0 y 5 d\u00edas naturales<\/li>\n\n\n\n<li>30% del importe total del pedido para anulaciones entre 6 y 10 d\u00edas naturales<\/li>\n\n\n\n<li>80% del importe total del pedido para anulaciones realizadas con m\u00e1s de 10 d\u00edas naturales de antelaci\u00f3n<\/li>\n\n\n\n<li>El 100% del importe total del pedido si la anulaci\u00f3n se produce despu\u00e9s de la entrega de la mercanc\u00eda.<\/li>\n<\/ul>\n\n<h2 class=\"wp-block-heading\">9. Garant\u00edas<\/h2>\n\n<p>Todos nuestros aparatos est\u00e1n cubiertos por una garant\u00eda de un a\u00f1o. En caso de defecto, ponte en contacto con nosotros para iniciar el procedimiento de garant\u00eda. <\/p>\n\n<h2 class=\"wp-block-heading\">10. Responsabilidades<\/h2>\n\n<p>Vilo no se hace responsable de los da\u00f1os indirectos derivados de la compra de sus productos. La responsabilidad de Vilo se limita al importe del pedido. <\/p>\n\n<h2 class=\"wp-block-heading\">11. Contacta con<\/h2>\n\n<p>La informaci\u00f3n facilitada a trav\u00e9s del formulario de contacto es necesaria para procesar tu solicitud. Est\u00e1 sujeta a nuestra pol\u00edtica de confidencialidad. <\/p>\n\n<h2 class=\"wp-block-heading\">12. Modificaci\u00f3n del GTCS<\/h2>\n\n<p>Vilo se reserva el derecho a modificar sus CGC en cualquier momento. Las nuevas CGC entrar\u00e1n en vigor en cuanto se publiquen en el sitio. <\/p>\n\n<h2 class=\"wp-block-heading\">13. Legislaci\u00f3n aplicable<\/h2>\n\n<p>Estas CGC se rigen por la legislaci\u00f3n francesa. Cualquier litigio se someter\u00e1 a la jurisdicci\u00f3n de los tribunales franceses. <\/p>\n","protected":false},"excerpt":{"rendered":"<p>1. Introducci\u00f3n Estas Condiciones Generales de Venta (CGV) rigen la venta de los productos ofrecidos en el sitio web www.vilo-cooler.com. Al enviar una solicitud a trav\u00e9s de nuestro formulario de contacto, aceptas las CGV. 2. Productos Vilo ofrece ambientadores industriales. Las caracter\u00edsticas de cada producto est\u00e1n disponibles en nuestro sitio web. Los precios no se &#8230; <a title=\"Condiciones generales de venta (CGV)\" class=\"read-more\" href=\"https:\/\/www.veolyss.com\/es\/condiciones-generales-de-venta-cgv\/\" aria-label=\"Leer m\u00e1s sobre Condiciones generales de venta (CGV)\">Leer m\u00e1s<\/a><\/p>\n","protected":false},"author":1,"featured_media":0,"parent":0,"menu_order":0,"comment_status":"closed","ping_status":"closed","template":"","meta":{"_seopress_robots_primary_cat":"","_seopress_titles_title":"Condiciones Generales de Venta (CGV) de VILO","_seopress_titles_desc":"el contenido de las Condiciones Generales de Venta (CGV) de Vilo","_seopress_robots_index":"s\u00ed","footnotes":""},"class_list":["post-4362","page","type-page","status-publish"],"_links":{"self":[{"href":"https:\/\/www.veolyss.com\/es\/wp-json\/wp\/v2\/pages\/4362","targetHints":{"allow":["GET"]}}],"collection":[{"href":"https:\/\/www.veolyss.com\/es\/wp-json\/wp\/v2\/pages"}],"about":[{"href":"https:\/\/www.veolyss.com\/es\/wp-json\/wp\/v2\/types\/page"}],"author":[{"embeddable":true,"href":"https:\/\/www.veolyss.com\/es\/wp-json\/wp\/v2\/users\/1"}],"replies":[{"embeddable":true,"href":"https:\/\/www.veolyss.com\/es\/wp-json\/wp\/v2\/comments?post=4362"}],"version-history":[{"count":1,"href":"https:\/\/www.veolyss.com\/es\/wp-json\/wp\/v2\/pages\/4362\/revisions"}],"predecessor-version":[{"id":4364,"href":"https:\/\/www.veolyss.com\/es\/wp-json\/wp\/v2\/pages\/4362\/revisions\/4364"}],"wp:attachment":[{"href":"https:\/\/www.veolyss.com\/es\/wp-json\/wp\/v2\/media?parent=4362"}],"curies":[{"name":"wp","href":"https:\/\/api.w.org\/{rel}","templated":true}]}}