{"id":4359,"date":"2025-03-19T18:51:06","date_gmt":"2025-03-19T17:51:06","guid":{"rendered":"https:\/\/vilo-cooler.com\/politica-de-privacidad\/"},"modified":"2025-03-19T18:56:13","modified_gmt":"2025-03-19T17:56:13","slug":"politica-de-privacidad","status":"publish","type":"page","link":"https:\/\/www.veolyss.com\/es\/politica-de-privacidad\/","title":{"rendered":"Pol\u00edtica de privacidad"},"content":{"rendered":"\n<h2 class=\"wp-block-heading\">Datos recogidos<\/h2>\n\n<p>Recogemos los siguientes datos:<\/p>\n\n<ul class=\"wp-block-list\">\n<li>Apellido\/ Nombre<\/li>\n\n\n\n<li>Direcci\u00f3n de correo electr\u00f3nico<\/li>\n\n\n\n<li>Tel\u00e9fono<\/li>\n\n\n\n<li>Direcci\u00f3n<\/li>\n\n\n\n<li>\u00c1mbito de actividad<\/li>\n\n\n\n<li>Direcci\u00f3n IP<\/li>\n\n\n\n<li>Cookies y datos de navegaci\u00f3n<\/li>\n<\/ul>\n\n<h2 class=\"wp-block-heading\">Finalidad de la recogida<\/h2>\n\n<p>Tus datos se utilizan para :<\/p>\n\n<ul class=\"wp-block-list\">\n<li>Gestiona tus solicitudes a trav\u00e9s del formulario de contacto<\/li>\n\n\n\n<li>Mejorar la experiencia del usuario y analizar el tr\u00e1fico<\/li>\n\n\n\n<li>Enviarte boletines informativos (con tu consentimiento)<\/li>\n<\/ul>\n\n<h2 class=\"wp-block-heading\">Compartir datos<\/h2>\n\n<p>Tus datos no se vender\u00e1n. Podr\u00e1n ser compartidos con proveedores de servicios t\u00e9cnicos para el correcto funcionamiento del sitio. <\/p>\n\n<h2 class=\"wp-block-heading\">Tus derechos<\/h2>\n\n<p>De acuerdo con el RGPD, tienes los siguientes derechos:<\/p>\n\n<ul class=\"wp-block-list\">\n<li>Acceso, rectificaci\u00f3n y supresi\u00f3n de tus datos<\/li>\n\n\n\n<li>Oposici\u00f3n al tratamiento de tus datos<\/li>\n\n\n\n<li>Portabilidad de tus datos<\/li>\n\n\n\n<li>Retirar tu consentimiento<\/li>\n<\/ul>\n\n<p>Para ejercer tus derechos, ponte en contacto con nosotros en contact@vilo-cooler.com.<\/p>\n","protected":false},"excerpt":{"rendered":"<p>Datos recogidos Recogemos los siguientes datos: Finalidad de la recogida Tus datos se utilizan para : Compartir datos Tus datos no se vender\u00e1n. Podr\u00e1n ser compartidos con proveedores de servicios t\u00e9cnicos para el correcto funcionamiento del sitio. Tus derechos De acuerdo con el RGPD, tienes los siguientes derechos: Para ejercer tus derechos, ponte en contacto &#8230; <a title=\"Pol\u00edtica de privacidad\" class=\"read-more\" href=\"https:\/\/www.veolyss.com\/es\/politica-de-privacidad\/\" aria-label=\"Leer m\u00e1s sobre Pol\u00edtica de privacidad\">Leer m\u00e1s<\/a><\/p>\n","protected":false},"author":1,"featured_media":0,"parent":0,"menu_order":0,"comment_status":"closed","ping_status":"closed","template":"","meta":{"_seopress_robots_primary_cat":"","_seopress_titles_title":"pol\u00edtica de privacidad de vilo-cooler.com","_seopress_titles_desc":"el texto completo de la pol\u00edtica de privacidad de vilo-cooler.com","_seopress_robots_index":"s\u00ed","footnotes":""},"class_list":["post-4359","page","type-page","status-publish"],"_links":{"self":[{"href":"https:\/\/www.veolyss.com\/es\/wp-json\/wp\/v2\/pages\/4359","targetHints":{"allow":["GET"]}}],"collection":[{"href":"https:\/\/www.veolyss.com\/es\/wp-json\/wp\/v2\/pages"}],"about":[{"href":"https:\/\/www.veolyss.com\/es\/wp-json\/wp\/v2\/types\/page"}],"author":[{"embeddable":true,"href":"https:\/\/www.veolyss.com\/es\/wp-json\/wp\/v2\/users\/1"}],"replies":[{"embeddable":true,"href":"https:\/\/www.veolyss.com\/es\/wp-json\/wp\/v2\/comments?post=4359"}],"version-history":[{"count":1,"href":"https:\/\/www.veolyss.com\/es\/wp-json\/wp\/v2\/pages\/4359\/revisions"}],"predecessor-version":[{"id":4360,"href":"https:\/\/www.veolyss.com\/es\/wp-json\/wp\/v2\/pages\/4359\/revisions\/4360"}],"wp:attachment":[{"href":"https:\/\/www.veolyss.com\/es\/wp-json\/wp\/v2\/media?parent=4359"}],"curies":[{"name":"wp","href":"https:\/\/api.w.org\/{rel}","templated":true}]}}