{"id":4330,"date":"2025-03-19T18:47:11","date_gmt":"2025-03-19T17:47:11","guid":{"rendered":"https:\/\/vilo-cooler.com\/informacion-legal\/"},"modified":"2025-03-19T18:56:12","modified_gmt":"2025-03-19T17:56:12","slug":"informacion-legal","status":"publish","type":"page","link":"https:\/\/www.veolyss.com\/es\/informacion-legal\/","title":{"rendered":"Informaci\u00f3n legal"},"content":{"rendered":"\n<h2 class=\"wp-block-heading\">Editor del sitio web<\/h2>\n\n<ul class=\"wp-block-list\">\n<li>Nombre de la empresa: OBERA<\/li>\n\n\n\n<li>Direcci\u00f3n: 16 Rue de la Batterie, 67118 GEISPOLSHEIM<\/li>\n\n\n\n<li>Correo electr\u00f3nico : contact@obera.fr<\/li>\n\n\n\n<li>Tel\u00e9fono: 03.67.10.66.75<\/li>\n\n\n\n<li>N\u00famero SIRET: 832 913 487 00027<\/li>\n<\/ul>\n\n<h2 class=\"wp-block-heading\">Anfitri\u00f3n del sitio<\/h2>\n\n<ul class=\"wp-block-list\">\n<li>Nombre del anfitri\u00f3n: o2switch SAS con un capital de 100.000 euros<\/li>\n\n\n\n<li>Direcci\u00f3n: Chemin des Pardiaux, 63000 Clermont-Ferrand<\/li>\n\n\n\n<li>SIRET: 510 909 807 00032 RCS Clermont Ferrand<\/li>\n<\/ul>\n\n<h2 class=\"wp-block-heading\">Propiedad intelectual<\/h2>\n\n<p>Todo el contenido (texto, im\u00e1genes, logotipos) est\u00e1 protegido por la ley de propiedad intelectual. Queda prohibida su reproducci\u00f3n sin autorizaci\u00f3n previa. <\/p>\n\n<h2 class=\"wp-block-heading\">Responsabilidad<\/h2>\n\n<p>El editor del sitio no se hace responsable de los errores u omisiones del sitio.<\/p>\n","protected":false},"excerpt":{"rendered":"<p>Editor del sitio web Anfitri\u00f3n del sitio Propiedad intelectual Todo el contenido (texto, im\u00e1genes, logotipos) est\u00e1 protegido por la ley de propiedad intelectual. Queda prohibida su reproducci\u00f3n sin autorizaci\u00f3n previa. Responsabilidad El editor del sitio no se hace responsable de los errores u omisiones del sitio.<\/p>\n","protected":false},"author":1,"featured_media":0,"parent":0,"menu_order":0,"comment_status":"closed","ping_status":"closed","template":"","meta":{"_seopress_robots_primary_cat":"","_seopress_titles_title":"Informaci\u00f3n legal sobre Vilo Cooler","_seopress_titles_desc":"informaci\u00f3n legal del sitio web vilo-cooler.com","_seopress_robots_index":"","footnotes":""},"class_list":["post-4330","page","type-page","status-publish"],"_links":{"self":[{"href":"https:\/\/www.veolyss.com\/es\/wp-json\/wp\/v2\/pages\/4330","targetHints":{"allow":["GET"]}}],"collection":[{"href":"https:\/\/www.veolyss.com\/es\/wp-json\/wp\/v2\/pages"}],"about":[{"href":"https:\/\/www.veolyss.com\/es\/wp-json\/wp\/v2\/types\/page"}],"author":[{"embeddable":true,"href":"https:\/\/www.veolyss.com\/es\/wp-json\/wp\/v2\/users\/1"}],"replies":[{"embeddable":true,"href":"https:\/\/www.veolyss.com\/es\/wp-json\/wp\/v2\/comments?post=4330"}],"version-history":[{"count":1,"href":"https:\/\/www.veolyss.com\/es\/wp-json\/wp\/v2\/pages\/4330\/revisions"}],"predecessor-version":[{"id":4331,"href":"https:\/\/www.veolyss.com\/es\/wp-json\/wp\/v2\/pages\/4330\/revisions\/4331"}],"wp:attachment":[{"href":"https:\/\/www.veolyss.com\/es\/wp-json\/wp\/v2\/media?parent=4330"}],"curies":[{"name":"wp","href":"https:\/\/api.w.org\/{rel}","templated":true}]}}