{"id":2799,"date":"2022-05-10T20:33:20","date_gmt":"2022-05-10T18:33:20","guid":{"rendered":"https:\/\/vilo-cooler.com\/nuestros-consejos\/"},"modified":"2025-08-21T09:45:45","modified_gmt":"2025-08-21T07:45:45","slug":"nuestros-consejos","status":"publish","type":"page","link":"https:\/\/www.veolyss.com\/es\/nuestros-consejos\/","title":{"rendered":"Nuestros consejos"},"content":{"rendered":"\n<p><br\/><br\/>Bienvenido a la <strong><mark style=\"background-color:rgba(0, 0, 0, 0)\" class=\"has-inline-color has-contrast-color\">Enfriador VEOLYSS<\/mark><\/strong>el <strong>especialista en enfriadores de aire para empresas<\/strong>. Aqu\u00ed compartimos nuestros consejos, experiencia y soluciones innovadoras para mejorar el confort de tus espacios profesionales. Ofrece a tus equipos y clientes un <strong>ambiente fresco y agradable<\/strong>, \u00a1incluso en los periodos m\u00e1s calurosos!  <\/p>\n\n<div class=\"gb-grid-wrapper gb-grid-wrapper-07af4c16 gb-query-loop-wrapper\">\n<div class=\"gb-grid-column gb-grid-column-2e3a1acf gb-query-loop-item post-2916 post type-post status-publish format-standard has-post-thumbnail hentry category-sin-categorizar\"><article class=\"gb-container gb-container-2e3a1acf\"><div class=\"gb-inside-container\">\n<figure class=\"gb-block-image gb-block-image-06177060\"><a href=\"https:\/\/www.veolyss.com\/es\/climatizadores-industriales-elige-el-adecuado-para-controlar-la-temperatura-de-tu-taller\/\"><img loading=\"lazy\" decoding=\"async\" width=\"300\" height=\"195\" src=\"https:\/\/www.veolyss.com\/wp-content\/uploads\/2025\/01\/entrepot-1-300x195.png\" class=\"gb-image-06177060\" alt=\"entrep\u00f4t\" srcset=\"https:\/\/www.veolyss.com\/wp-content\/uploads\/2025\/01\/entrepot-1-300x195.png 300w, https:\/\/www.veolyss.com\/wp-content\/uploads\/2025\/01\/entrepot-1-1024x667.png 1024w, https:\/\/www.veolyss.com\/wp-content\/uploads\/2025\/01\/entrepot-1-768x500.png 768w, https:\/\/www.veolyss.com\/wp-content\/uploads\/2025\/01\/entrepot-1.png 1229w\" sizes=\"auto, (max-width: 300px) 100vw, 300px\" \/><\/a><\/figure>\n\n<h2 class=\"gb-headline gb-headline-d979bae1 gb-headline-text\"><a href=\"https:\/\/www.veolyss.com\/es\/climatizadores-industriales-elige-el-adecuado-para-controlar-la-temperatura-de-tu-taller\/\">Climatizadores industriales: elige el adecuado para controlar la temperatura de tu taller<\/a><\/h2>\n\n<div class=\"gb-headline gb-headline-5c371095 gb-headline-text\">\u00bfTus procesos industriales provocan la acumulaci\u00f3n de calor? El aire acondicionado se hace imprescindible para mantener una temperatura interior confortable en tus locales comerciales. El enfriador de aire industrial, tambi\u00e9n conocido como enfriador adiab\u00e1tico, es una soluci\u00f3n eficaz y econ\u00f3mica. F\u00e1cil de instalar, m\u00f3vil, eficiente energ\u00e9ticamente y sencillo de mantener, ofrece una alternativa de alto rendimiento a los acondicionadores de aire tradicionales. Utilizando el principio de evaporaci\u00f3n del agua, este sistema genera aire fresco y sano, ideal para tu taller.    <\/div>\n<\/div><\/article><\/div>\n\n<div class=\"gb-grid-column gb-grid-column-2e3a1acf gb-query-loop-item post-2962 post type-post status-publish format-standard has-post-thumbnail hentry category-sin-categorizar\"><article class=\"gb-container gb-container-2e3a1acf\"><div class=\"gb-inside-container\">\n<figure class=\"gb-block-image gb-block-image-06177060\"><a href=\"https:\/\/www.veolyss.com\/es\/metodos-para-determinar-el-caudal-de-aire-de-un-enfriador-de-aire-industrial\/\"><img loading=\"lazy\" decoding=\"async\" width=\"300\" height=\"198\" src=\"https:\/\/www.veolyss.com\/wp-content\/uploads\/2025\/01\/Banniere-debit-air-1-300x198.png\" class=\"gb-image-06177060\" alt=\"manom\u00e8tre\" srcset=\"https:\/\/www.veolyss.com\/wp-content\/uploads\/2025\/01\/Banniere-debit-air-1-300x198.png 300w, https:\/\/www.veolyss.com\/wp-content\/uploads\/2025\/01\/Banniere-debit-air-1-1024x676.png 1024w, https:\/\/www.veolyss.com\/wp-content\/uploads\/2025\/01\/Banniere-debit-air-1-768x507.png 768w, https:\/\/www.veolyss.com\/wp-content\/uploads\/2025\/01\/Banniere-debit-air-1.png 1212w\" sizes=\"auto, (max-width: 300px) 100vw, 300px\" \/><\/a><\/figure>\n\n<h2 class=\"gb-headline gb-headline-d979bae1 gb-headline-text\"><a href=\"https:\/\/www.veolyss.com\/es\/metodos-para-determinar-el-caudal-de-aire-de-un-enfriador-de-aire-industrial\/\">M\u00e9todos para determinar el caudal de aire de un enfriador de aire industrial<\/a><\/h2>\n\n<div class=\"gb-headline gb-headline-5c371095 gb-headline-text\">Si necesitas bajar la temperatura de un almac\u00e9n, un taller, una f\u00e1brica o un local comercial, ya sea para un restaurante, un edificio agr\u00edcola o un taller de reparaciones, Vilo tiene la soluci\u00f3n rentable para ti. Nuestras enfriadoras adiab\u00e1ticas generan un flujo constante de aire fr\u00edo, con una reducci\u00f3n de la temperatura de entre 4 \u00b0C y 12 \u00b0C respecto al aire entrante. <\/div>\n<\/div><\/article><\/div>\n\n<div class=\"gb-grid-column gb-grid-column-2e3a1acf gb-query-loop-item post-2994 post type-post status-publish format-standard has-post-thumbnail hentry category-sin-categorizar\"><article class=\"gb-container gb-container-2e3a1acf\"><div class=\"gb-inside-container\">\n<figure class=\"gb-block-image gb-block-image-06177060\"><a href=\"https:\/\/www.veolyss.com\/es\/el-refrigerador-adiabatico-movil-una-solucion-ideal-para-la-refrigeracion-de-emergencia-y-las-necesidades-temporales\/\"><img loading=\"lazy\" decoding=\"async\" width=\"300\" height=\"209\" src=\"https:\/\/www.veolyss.com\/wp-content\/uploads\/2025\/01\/Banniere-solution-300x209.jpg\" class=\"gb-image-06177060\" alt=\"\" srcset=\"https:\/\/www.veolyss.com\/wp-content\/uploads\/2025\/01\/Banniere-solution-300x209.jpg 300w, https:\/\/www.veolyss.com\/wp-content\/uploads\/2025\/01\/Banniere-solution-1024x712.jpg 1024w, https:\/\/www.veolyss.com\/wp-content\/uploads\/2025\/01\/Banniere-solution-768x534.jpg 768w, https:\/\/www.veolyss.com\/wp-content\/uploads\/2025\/01\/Banniere-solution-1536x1068.jpg 1536w, https:\/\/www.veolyss.com\/wp-content\/uploads\/2025\/01\/Banniere-solution-2048x1423.jpg 2048w\" sizes=\"auto, (max-width: 300px) 100vw, 300px\" \/><\/a><\/figure>\n\n<h2 class=\"gb-headline gb-headline-d979bae1 gb-headline-text\"><a href=\"https:\/\/www.veolyss.com\/es\/el-refrigerador-adiabatico-movil-una-solucion-ideal-para-la-refrigeracion-de-emergencia-y-las-necesidades-temporales\/\">El refrigerador adiab\u00e1tico m\u00f3vil, una soluci\u00f3n ideal para la refrigeraci\u00f3n de emergencia y las necesidades temporales<\/a><\/h2>\n\n<div class=\"gb-headline gb-headline-5c371095 gb-headline-text\">Estos episodios repentinos pueden saturar los sistemas de refrigeraci\u00f3n habituales de un centro, creando situaciones cr\u00edticas que requieren una intervenci\u00f3n r\u00e1pida. Los trabajadores sufren un descenso de la productividad y se pone en peligro su salud (aire dif\u00edcil de respirar, deterioro de las condiciones de trabajo).   <\/div>\n<\/div><\/article><\/div>\n\n<div class=\"gb-grid-column gb-grid-column-2e3a1acf gb-query-loop-item post-3057 post type-post status-publish format-standard has-post-thumbnail hentry category-sin-categorizar\"><article class=\"gb-container gb-container-2e3a1acf\"><div class=\"gb-inside-container\">\n<figure class=\"gb-block-image gb-block-image-06177060\"><a href=\"https:\/\/www.veolyss.com\/es\/vilo-instala-un-climatizador-evaporativo-en-un-pabellon-deportivo\/\"><img loading=\"lazy\" decoding=\"async\" width=\"300\" height=\"200\" src=\"https:\/\/www.veolyss.com\/wp-content\/uploads\/2025\/01\/salle-de-sport-1-300x200.jpg\" class=\"gb-image-06177060\" alt=\"salle de sport avec diverses machines comme des v\u00e9los ou des poids\" srcset=\"https:\/\/www.veolyss.com\/wp-content\/uploads\/2025\/01\/salle-de-sport-1-300x200.jpg 300w, https:\/\/www.veolyss.com\/wp-content\/uploads\/2025\/01\/salle-de-sport-1-1024x683.jpg 1024w, https:\/\/www.veolyss.com\/wp-content\/uploads\/2025\/01\/salle-de-sport-1-768x512.jpg 768w, https:\/\/www.veolyss.com\/wp-content\/uploads\/2025\/01\/salle-de-sport-1-1536x1024.jpg 1536w, https:\/\/www.veolyss.com\/wp-content\/uploads\/2025\/01\/salle-de-sport-1-2048x1366.jpg 2048w\" sizes=\"auto, (max-width: 300px) 100vw, 300px\" \/><\/a><\/figure>\n\n<h2 class=\"gb-headline gb-headline-d979bae1 gb-headline-text\"><a href=\"https:\/\/www.veolyss.com\/es\/vilo-instala-un-climatizador-evaporativo-en-un-pabellon-deportivo\/\">VILO instala un climatizador evaporativo en un pabell\u00f3n deportivo<\/a><\/h2>\n\n<div class=\"gb-headline gb-headline-5c371095 gb-headline-text\">Debido a su ubicaci\u00f3n directamente bajo el tejado del establecimiento, el calor era especialmente intenso, alcanzando hasta 30 grados en el pabell\u00f3n deportivo. La instalaci\u00f3n de nuestro VL-220 redujo la temperatura en m\u00e1s de 5 grados. <\/div>\n<\/div><\/article><\/div>\n\n<div class=\"gb-grid-column gb-grid-column-2e3a1acf gb-query-loop-item post-3099 post type-post status-publish format-standard has-post-thumbnail hentry category-sin-categorizar\"><article class=\"gb-container gb-container-2e3a1acf\"><div class=\"gb-inside-container\">\n<figure class=\"gb-block-image gb-block-image-06177060\"><a href=\"https:\/\/www.veolyss.com\/es\/todo-lo-que-debes-saber-sobre-los-refrigeradores-adiabaticos-industriales\/\"><img loading=\"lazy\" decoding=\"async\" width=\"300\" height=\"200\" src=\"https:\/\/www.veolyss.com\/wp-content\/uploads\/2025\/01\/Banniere-nature-300x200.jpg\" class=\"gb-image-06177060\" alt=\"\" srcset=\"https:\/\/www.veolyss.com\/wp-content\/uploads\/2025\/01\/Banniere-nature-300x200.jpg 300w, https:\/\/www.veolyss.com\/wp-content\/uploads\/2025\/01\/Banniere-nature-1024x683.jpg 1024w, https:\/\/www.veolyss.com\/wp-content\/uploads\/2025\/01\/Banniere-nature-768x512.jpg 768w, https:\/\/www.veolyss.com\/wp-content\/uploads\/2025\/01\/Banniere-nature-1536x1024.jpg 1536w, https:\/\/www.veolyss.com\/wp-content\/uploads\/2025\/01\/Banniere-nature-2048x1365.jpg 2048w\" sizes=\"auto, (max-width: 300px) 100vw, 300px\" \/><\/a><\/figure>\n\n<h2 class=\"gb-headline gb-headline-d979bae1 gb-headline-text\"><a href=\"https:\/\/www.veolyss.com\/es\/todo-lo-que-debes-saber-sobre-los-refrigeradores-adiabaticos-industriales\/\">Todo lo que debes saber sobre los refrigeradores adiab\u00e1ticos industriales<\/a><\/h2>\n\n<div class=\"gb-headline gb-headline-5c371095 gb-headline-text\">El enfriador industrial adiab\u00e1tico es una soluci\u00f3n de alto rendimiento para enfriar y climatizar espacios industriales. Su funcionamiento se basa en un mecanismo sencillo: la evaporaci\u00f3n del agua. <\/div>\n<\/div><\/article><\/div>\n\n<div class=\"gb-grid-column gb-grid-column-2e3a1acf gb-query-loop-item post-3139 post type-post status-publish format-standard has-post-thumbnail hentry category-sin-categorizar\"><article class=\"gb-container gb-container-2e3a1acf\"><div class=\"gb-inside-container\">\n<figure class=\"gb-block-image gb-block-image-06177060\"><a href=\"https:\/\/www.veolyss.com\/es\/faq-sobre-enfriadores-adiabaticos-de-aire\/\"><img loading=\"lazy\" decoding=\"async\" width=\"300\" height=\"200\" src=\"https:\/\/www.veolyss.com\/wp-content\/uploads\/2025\/01\/Banniere-FAQ-300x200.jpg\" class=\"gb-image-06177060\" alt=\"\" srcset=\"https:\/\/www.veolyss.com\/wp-content\/uploads\/2025\/01\/Banniere-FAQ-300x200.jpg 300w, https:\/\/www.veolyss.com\/wp-content\/uploads\/2025\/01\/Banniere-FAQ-1024x684.jpg 1024w, https:\/\/www.veolyss.com\/wp-content\/uploads\/2025\/01\/Banniere-FAQ-768x513.jpg 768w, https:\/\/www.veolyss.com\/wp-content\/uploads\/2025\/01\/Banniere-FAQ-1536x1025.jpg 1536w, https:\/\/www.veolyss.com\/wp-content\/uploads\/2025\/01\/Banniere-FAQ-2048x1367.jpg 2048w\" sizes=\"auto, (max-width: 300px) 100vw, 300px\" \/><\/a><\/figure>\n\n<h2 class=\"gb-headline gb-headline-d979bae1 gb-headline-text\"><a href=\"https:\/\/www.veolyss.com\/es\/faq-sobre-enfriadores-adiabaticos-de-aire\/\">FAQ sobre enfriadores adiab\u00e1ticos de aire<\/a><\/h2>\n\n<div class=\"gb-headline gb-headline-5c371095 gb-headline-text\">No, \u00a1todo lo contrario! Esta pregunta suele basarse en la idea err\u00f3nea de que el ligero aumento de humedad que provocan los ambientadores evaporativos favorecer\u00eda la proliferaci\u00f3n de virus, bacterias y moho. Sin embargo, todos los ambientadores VILO est\u00e1n equipados con una l\u00e1mpara UV, que purifica el aire eliminando las part\u00edculas susceptibles de propagar agentes pat\u00f3genos.  <\/div>\n<\/div><\/article><\/div>\n\n<div class=\"gb-grid-column gb-grid-column-2e3a1acf gb-query-loop-item post-3169 post type-post status-publish format-standard has-post-thumbnail hentry category-sin-categorizar\"><article class=\"gb-container gb-container-2e3a1acf\"><div class=\"gb-inside-container\">\n<figure class=\"gb-block-image gb-block-image-06177060\"><a href=\"https:\/\/www.veolyss.com\/es\/aeroevaporadores-adiabaticos-moviles-una-solucion-flexible-y-eficaz-para-la-industria\/\"><img loading=\"lazy\" decoding=\"async\" width=\"300\" height=\"200\" src=\"https:\/\/www.veolyss.com\/wp-content\/uploads\/2025\/01\/Banniere-industrie-300x200.jpg\" class=\"gb-image-06177060\" alt=\"\" srcset=\"https:\/\/www.veolyss.com\/wp-content\/uploads\/2025\/01\/Banniere-industrie-300x200.jpg 300w, https:\/\/www.veolyss.com\/wp-content\/uploads\/2025\/01\/Banniere-industrie-1024x683.jpg 1024w, https:\/\/www.veolyss.com\/wp-content\/uploads\/2025\/01\/Banniere-industrie-768x512.jpg 768w, https:\/\/www.veolyss.com\/wp-content\/uploads\/2025\/01\/Banniere-industrie-1536x1024.jpg 1536w, https:\/\/www.veolyss.com\/wp-content\/uploads\/2025\/01\/Banniere-industrie-2048x1365.jpg 2048w\" sizes=\"auto, (max-width: 300px) 100vw, 300px\" \/><\/a><\/figure>\n\n<h2 class=\"gb-headline gb-headline-d979bae1 gb-headline-text\"><a href=\"https:\/\/www.veolyss.com\/es\/aeroevaporadores-adiabaticos-moviles-una-solucion-flexible-y-eficaz-para-la-industria\/\">Aeroevaporadores adiab\u00e1ticos m\u00f3viles: una soluci\u00f3n flexible y eficaz para la industria<\/a><\/h2>\n\n<div class=\"gb-headline gb-headline-5c371095 gb-headline-text\">La flexibilidad es la base del funcionamiento de un climatizador evaporativo m\u00f3vil. Gracias a su movilidad, puede adaptarse a una amplia gama de situaciones en las que es esencial enfriar el entorno de trabajo. Esta flexibilidad se manifiesta tanto espacial como temporalmente.  <\/div>\n<\/div><\/article><\/div>\n\n<div class=\"gb-grid-column gb-grid-column-2e3a1acf gb-query-loop-item post-3205 post type-post status-publish format-standard has-post-thumbnail hentry category-sin-categorizar\"><article class=\"gb-container gb-container-2e3a1acf\"><div class=\"gb-inside-container\">\n<figure class=\"gb-block-image gb-block-image-06177060\"><a href=\"https:\/\/www.veolyss.com\/es\/guia-practica-todo-lo-que-necesitas-saber-para-mantener-una-nevera-industrial\/\"><img loading=\"lazy\" decoding=\"async\" width=\"300\" height=\"200\" src=\"https:\/\/www.veolyss.com\/wp-content\/uploads\/2025\/01\/Banniere-nettoyage-300x200.jpg\" class=\"gb-image-06177060\" alt=\"\" srcset=\"https:\/\/www.veolyss.com\/wp-content\/uploads\/2025\/01\/Banniere-nettoyage-300x200.jpg 300w, https:\/\/www.veolyss.com\/wp-content\/uploads\/2025\/01\/Banniere-nettoyage-1024x683.jpg 1024w, https:\/\/www.veolyss.com\/wp-content\/uploads\/2025\/01\/Banniere-nettoyage-768x512.jpg 768w, https:\/\/www.veolyss.com\/wp-content\/uploads\/2025\/01\/Banniere-nettoyage-1536x1024.jpg 1536w, https:\/\/www.veolyss.com\/wp-content\/uploads\/2025\/01\/Banniere-nettoyage-2048x1365.jpg 2048w\" sizes=\"auto, (max-width: 300px) 100vw, 300px\" \/><\/a><\/figure>\n\n<h2 class=\"gb-headline gb-headline-d979bae1 gb-headline-text\"><a href=\"https:\/\/www.veolyss.com\/es\/guia-practica-todo-lo-que-necesitas-saber-para-mantener-una-nevera-industrial\/\">Gu\u00eda pr\u00e1ctica: Todo lo que necesitas saber para mantener una nevera industrial<\/a><\/h2>\n\n<div class=\"gb-headline gb-headline-5c371095 gb-headline-text\">\u00bfQuieres proteger a tus empleados del estr\u00e9s t\u00e9rmico? Un enfriador evaporativo es una soluci\u00f3n fiable para bajar la temperatura de tu almac\u00e9n o local comercial. Con un mantenimiento regular, este equipo puede funcionar a pleno rendimiento durante muchos a\u00f1os.  <\/div>\n<\/div><\/article><\/div>\n\n<div class=\"gb-grid-column gb-grid-column-2e3a1acf gb-query-loop-item post-2815 post type-post status-publish format-standard has-post-thumbnail hentry category-sin-categorizar\"><article class=\"gb-container gb-container-2e3a1acf\"><div class=\"gb-inside-container\">\n<figure class=\"gb-block-image gb-block-image-06177060\"><a href=\"https:\/\/www.veolyss.com\/es\/cual-es-la-diferencia-entre-una-nevera-y-un-aparato-de-aire-acondicionado\/\"><img loading=\"lazy\" decoding=\"async\" width=\"300\" height=\"190\" src=\"https:\/\/www.veolyss.com\/wp-content\/uploads\/2025\/01\/Banniere-RAF-VS-clim-300x190.png\" class=\"gb-image-06177060\" alt=\"\" srcset=\"https:\/\/www.veolyss.com\/wp-content\/uploads\/2025\/01\/Banniere-RAF-VS-clim-300x190.png 300w, https:\/\/www.veolyss.com\/wp-content\/uploads\/2025\/01\/Banniere-RAF-VS-clim-1024x649.png 1024w, https:\/\/www.veolyss.com\/wp-content\/uploads\/2025\/01\/Banniere-RAF-VS-clim-768x487.png 768w, https:\/\/www.veolyss.com\/wp-content\/uploads\/2025\/01\/Banniere-RAF-VS-clim-1536x974.png 1536w, https:\/\/www.veolyss.com\/wp-content\/uploads\/2025\/01\/Banniere-RAF-VS-clim-2048x1298.png 2048w\" sizes=\"auto, (max-width: 300px) 100vw, 300px\" \/><\/a><\/figure>\n\n<h2 class=\"gb-headline gb-headline-d979bae1 gb-headline-text\"><a href=\"https:\/\/www.veolyss.com\/es\/cual-es-la-diferencia-entre-una-nevera-y-un-aparato-de-aire-acondicionado\/\">\u00bfCu\u00e1l es la diferencia entre una nevera y un aparato de aire acondicionado?<\/a><\/h2>\n\n<div class=\"gb-headline gb-headline-5c371095 gb-headline-text\">\u00bfAire acondicionado o refrigeradores industriales? Aunque comparten la funci\u00f3n de enfriar el aire, hay diferencias significativas en cuanto a su impacto ecol\u00f3gico y econ\u00f3mico. Los aparatos de aire acondicionado utilizan refrigerantes t\u00f3xicos, mientras que los refrigeradores s\u00f3lo utilizan agua.    <\/div>\n<\/div><\/article><\/div>\n<\/div>\n\n<div class=\"gb-container gb-container-ca04b990 gb-query-loop-pagination\">\n\n\n<span class=\"gb-button gb-button-f3326592 gb-button-text page-numbers gb-block-is-current\" aria-current=\"page\">1<\/span><a class=\"gb-button gb-button-f3326592 gb-button-text page-numbers\" href=\"?query-7097c1ff-page=2\">2<\/a>\n\n<a class=\"gb-button gb-button-86469464 gb-button-text\" href=\"\/es\/wp-json\/wp\/v2\/pages\/2799?query-7097c1ff-page=2\">Siguiente<\/a>\n<\/div>\n","protected":false},"excerpt":{"rendered":"<p>Bienvenido a la Enfriador VEOLYSSel especialista en enfriadores de aire para empresas. Aqu\u00ed compartimos nuestros consejos, experiencia y soluciones innovadoras para mejorar el confort de tus espacios profesionales. Ofrece a tus equipos y clientes un ambiente fresco y agradable, \u00a1incluso en los periodos m\u00e1s calurosos!<\/p>\n","protected":false},"author":2,"featured_media":0,"parent":0,"menu_order":0,"comment_status":"closed","ping_status":"closed","template":"","meta":{"_seopress_robots_primary_cat":"","_seopress_titles_title":"Blog - Nevera VEOLYSS","_seopress_titles_desc":"Descubre el blog VEOLYSS Cooler, experto en enfriadores de aire para empresas. Consejos, soluciones e innovaciones para un confort \u00f3ptimo en el trabajo. ","_seopress_robots_index":"","footnotes":""},"class_list":["post-2799","page","type-page","status-publish"],"_links":{"self":[{"href":"https:\/\/www.veolyss.com\/es\/wp-json\/wp\/v2\/pages\/2799","targetHints":{"allow":["GET"]}}],"collection":[{"href":"https:\/\/www.veolyss.com\/es\/wp-json\/wp\/v2\/pages"}],"about":[{"href":"https:\/\/www.veolyss.com\/es\/wp-json\/wp\/v2\/types\/page"}],"author":[{"embeddable":true,"href":"https:\/\/www.veolyss.com\/es\/wp-json\/wp\/v2\/users\/2"}],"replies":[{"embeddable":true,"href":"https:\/\/www.veolyss.com\/es\/wp-json\/wp\/v2\/comments?post=2799"}],"version-history":[{"count":2,"href":"https:\/\/www.veolyss.com\/es\/wp-json\/wp\/v2\/pages\/2799\/revisions"}],"predecessor-version":[{"id":4627,"href":"https:\/\/www.veolyss.com\/es\/wp-json\/wp\/v2\/pages\/2799\/revisions\/4627"}],"wp:attachment":[{"href":"https:\/\/www.veolyss.com\/es\/wp-json\/wp\/v2\/media?parent=2799"}],"curies":[{"name":"wp","href":"https:\/\/api.w.org\/{rel}","templated":true}]}}