{"id":2490,"date":"2025-02-02T19:30:33","date_gmt":"2025-02-02T18:30:33","guid":{"rendered":"https:\/\/vilo-cooler.com\/explora-nuestra-gama-de-enfriadores-de-aire-industriales\/"},"modified":"2025-09-17T08:46:46","modified_gmt":"2025-09-17T06:46:46","slug":"explora-nuestra-gama-de-enfriadores-de-aire-industriales","status":"publish","type":"page","link":"https:\/\/www.veolyss.com\/es\/explora-nuestra-gama-de-enfriadores-de-aire-industriales\/","title":{"rendered":"Explora nuestra gama de enfriadores de aire industriales"},"content":{"rendered":"\n<p><br>Bienvenido a nuestra selecci\u00f3n de enfriadores de aire adiab\u00e1ticos, especialmente dise\u00f1ados para optimizar el confort en entornos industriales. Estas unidades rentables y respetuosas con el medio ambiente combinan eficacia, practicidad y rendimiento, y cada una ofrece caracter\u00edsticas \u00fanicas adaptadas a tus necesidades. <\/p>\n\n\n\n<h2 class=\"wp-block-heading\"><mark style=\"background-color:rgba(0, 0, 0, 0)\" class=\"has-inline-color has-accent-2-color\">\u00bfPor qu\u00e9 elegir nuestros ambientadores VEOLYSS?<\/mark><\/h2>\n\n\n\n<div class=\"wp-block-columns is-layout-flex wp-container-core-columns-is-layout-9d6595d7 wp-block-columns-is-layout-flex\">\n<div class=\"wp-block-column is-layout-flow wp-block-column-is-layout-flow\" style=\"flex-basis:66.66%\">\n<ul class=\"wp-block-list\">\n<li>Una innovaci\u00f3n tecnol\u00f3gica basada en el principio natural de la evaporaci\u00f3n del agua.<\/li>\n\n\n\n<li>Costes de funcionamiento hasta 15 veces inferiores a los del aire acondicionado.<\/li>\n\n\n\n<li>Una gama completa dise\u00f1ada para satisfacer todas tus necesidades y exigencias.<\/li>\n\n\n\n<li>Una huella de carbono muy baja (sin refrigerante) y sin descarga de aire caliente, evitando as\u00ed el efecto \u00abisla de calor\u00bb.<\/li>\n\n\n\n<li>Una soluci\u00f3n \u00abPlug and Play\u00bb pr\u00e1ctica, adaptable y m\u00f3vil.<\/li>\n\n\n\n<li>Mantenimiento r\u00e1pido y rentable.<\/li>\n<\/ul>\n<\/div>\n\n\n\n<div class=\"wp-block-column is-layout-flow wp-block-column-is-layout-flow\" style=\"flex-basis:33.33%\"><div class=\"wp-block-image\">\n<figure class=\"aligncenter size-full\"><img alt=\"\" loading=\"lazy\" decoding=\"async\" width=\"1200\" height=\"241\" src=\"https:\/\/www.veolyss.com\/wp-content\/uploads\/2025\/08\/cropped-Logo-VEOLYSS.png\" alt=\"\" class=\"wp-image-4424\" srcset=\"https:\/\/www.veolyss.com\/wp-content\/uploads\/2025\/08\/cropped-Logo-VEOLYSS.png 1200w, https:\/\/www.veolyss.com\/wp-content\/uploads\/2025\/08\/cropped-Logo-VEOLYSS-300x60.png 300w, https:\/\/www.veolyss.com\/wp-content\/uploads\/2025\/08\/cropped-Logo-VEOLYSS-1024x206.png 1024w, https:\/\/www.veolyss.com\/wp-content\/uploads\/2025\/08\/cropped-Logo-VEOLYSS-768x154.png 768w\" sizes=\"auto, (max-width: 1200px) 100vw, 1200px\" \/><\/figure>\n<\/div><\/div>\n<\/div>\n\n\n\n<h2 class=\"wp-block-heading\"><mark style=\"background-color:rgba(0, 0, 0, 0)\" class=\"has-inline-color has-contrast-2-color\">Descubre nuestra gama de climatizadores evaporativos m\u00f3viles: la gama VL<\/mark><\/h2>\n\n\n\n<p>Nuestros enfriadores de aire evaporativos VL est\u00e1n equipados con ruedas, lo que ofrece una movilidad f\u00e1cil y sin esfuerzo en entornos industriales. El enfriamiento evaporativo es una soluci\u00f3n eficaz para optimizar tu producci\u00f3n. Puedes ajustar la potencia, dirigir el chorro y tratar el agua con un ionizador, todo ello a trav\u00e9s del panel de control.  <\/p>\n\n\n\n<div class=\"wp-block-group\"><div class=\"wp-block-group__inner-container is-layout-constrained wp-block-group-is-layout-constrained\"><div class=\"wp-block-image\">\n<figure class=\"alignleft size-full is-resized\"><img alt=\"\" loading=\"lazy\" decoding=\"async\" width=\"1200\" height=\"1200\" src=\"https:\/\/www.veolyss.com\/wp-content\/uploads\/2025\/08\/Image-site-VL-50.png\" alt=\"\" class=\"wp-image-4680\" style=\"aspect-ratio:2\/3;object-fit:cover;width:250px\" srcset=\"https:\/\/www.veolyss.com\/wp-content\/uploads\/2025\/08\/Image-site-VL-50.png 1200w, https:\/\/www.veolyss.com\/wp-content\/uploads\/2025\/08\/Image-site-VL-50-300x300.png 300w, https:\/\/www.veolyss.com\/wp-content\/uploads\/2025\/08\/Image-site-VL-50-1024x1024.png 1024w, https:\/\/www.veolyss.com\/wp-content\/uploads\/2025\/08\/Image-site-VL-50-150x150.png 150w, https:\/\/www.veolyss.com\/wp-content\/uploads\/2025\/08\/Image-site-VL-50-768x768.png 768w\" sizes=\"auto, (max-width: 1200px) 100vw, 1200px\" \/><\/figure>\n<\/div>\n\n\n<h3 class=\"wp-block-heading\"><mark style=\"background-color:rgba(0, 0, 0, 0)\" class=\"has-inline-color has-contrast-color\">VL 50<\/mark><\/h3>\n\n\n\n<p>El climatizador evaporativo <strong>VL 50<\/strong> es la unidad m\u00e1s compacta de la gama, dise\u00f1ada para entornos industriales. Con un peso de <strong>43 kg<\/strong> y unas dimensiones <strong>de 925 x 580 x 1440 mm<\/strong>, combina robustez y movilidad, y es f\u00e1cil de instalar en diversos espacios gracias a sus ruedas integradas. <\/p>\n\n\n\n<p>Con un caudal de aire de <strong>12.000 m\u00b3\/h<\/strong> y una capacidad de agua de <strong>70 L<\/strong>, el VL 50 proporciona una refrigeraci\u00f3n r\u00e1pida y eficaz, consumiendo entre <strong>8 y 10 L de agua<\/strong> por hora. Puede tratar superficies de hasta <strong>150 m\u00b2<\/strong>, proporcionando un entorno de trabajo agradable. <\/p>\n\n\n\n<p>Su nivel m\u00e1ximo de ruido de <strong>63 dB<\/strong> garantiza un funcionamiento discreto, ayudando a los empleados a concentrarse con mayor eficacia. En definitiva, el VL 50 es una soluci\u00f3n eficaz y compacta para mejorar el confort y la productividad en tu empresa. <\/p>\n\n\n\n<div class=\"wp-block-buttons is-content-justification-center is-layout-flex wp-container-core-buttons-is-layout-16018d1d wp-block-buttons-is-layout-flex\">\n<div class=\"wp-block-button\"><a class=\"wp-block-button__link has-base-color has-accent-2-background-color has-text-color has-background has-link-color wp-element-button\" href=\"http:\/\/www.veolyss.com\/wp-content\/uploads\/2025\/08\/EN-Brochures-VL-VEOLYSS-1.pdf\" target=\"_blank\" rel=\"noopener\">M\u00e1s informaci\u00f3n<\/a><\/div>\n<\/div>\n<\/div><\/div>\n\n\n\n<div class=\"wp-block-group\"><div class=\"wp-block-group__inner-container is-layout-constrained wp-block-group-is-layout-constrained\"><div class=\"wp-block-image\">\n<figure class=\"alignleft size-full is-resized\"><img alt=\"\" decoding=\"async\" src=\"https:\/\/www.veolyss.com\/wp-content\/uploads\/2025\/02\/VL-120-1-1.png\" alt=\"\" class=\"wp-image-3868\" style=\"aspect-ratio:2\/3;object-fit:cover;width:250px\"\/><\/figure>\n<\/div>\n\n\n<h3 class=\"wp-block-heading\"><mark style=\"background-color:rgba(0, 0, 0, 0)\" class=\"has-inline-color has-accent-2-color\">VL 120<\/mark><\/h3>\n\n\n\n<p>El climatizador evaporativo <strong>VL 120<\/strong> est\u00e1 dise\u00f1ado para entornos industriales y ofrece potencia y eficacia. Con un peso <strong>de 43 kg<\/strong> y unas dimensiones<strong> de 1120 x 640 x 1600 mm<\/strong>, es f\u00e1cil de mover gracias a sus ruedas. <\/p>\n\n\n\n<p>Con un caudal de aire de <strong>22.000 m\u00b3\/h<\/strong> y una capacidad de agua de <strong>130 litros<\/strong>, la VL 120 proporciona una refrigeraci\u00f3n \u00f3ptima consumiendo <strong>entre 10 y 15 litros de agua por hora<\/strong>. Puede tratar superficies de hasta <strong>250 m\u00b2,<\/strong> garantizando un entorno de trabajo agradable. <\/p>\n\n\n\n<p>Con un nivel m\u00e1ximo de ruido de <strong>63 dB<\/strong>, funciona de forma relativamente silenciosa, lo que permite a los empleados mantener la concentraci\u00f3n. En definitiva, el VL 120 es una potente soluci\u00f3n para mejorar el confort y la productividad en tu empresa. <\/p>\n\n\n\n<div class=\"wp-block-buttons is-content-justification-center is-layout-flex wp-container-core-buttons-is-layout-16018d1d wp-block-buttons-is-layout-flex\">\n<div class=\"wp-block-button\"><a class=\"wp-block-button__link has-base-color has-accent-2-background-color has-text-color has-background has-link-color wp-element-button\" href=\"http:\/\/www.veolyss.com\/wp-content\/uploads\/2025\/08\/EN-Brochures-VL-VEOLYSS-1.pdf\" target=\"_blank\" rel=\"noopener\">M\u00e1s informaci\u00f3n<\/a><\/div>\n<\/div>\n<\/div><\/div>\n\n\n\n<div class=\"wp-block-group\"><div class=\"wp-block-group__inner-container is-layout-constrained wp-block-group-is-layout-constrained\"><div class=\"wp-block-image\">\n<figure class=\"alignleft size-full is-resized\"><img alt=\"rafraichisseur d&#039;air adiabatique VL 220\" loading=\"lazy\" decoding=\"async\" width=\"704\" height=\"838\" src=\"https:\/\/www.veolyss.com\/wp-content\/uploads\/2025\/02\/VL-220-1-1.png\" alt=\"\" class=\"wp-image-4019\" style=\"aspect-ratio:2\/3;object-fit:cover;width:250px\" srcset=\"https:\/\/www.veolyss.com\/wp-content\/uploads\/2025\/02\/VL-220-1-1.png 704w, https:\/\/www.veolyss.com\/wp-content\/uploads\/2025\/02\/VL-220-1-1-252x300.png 252w\" sizes=\"auto, (max-width: 704px) 100vw, 704px\" \/><\/figure>\n<\/div>\n\n\n<h3 class=\"wp-block-heading\"><mark style=\"background-color:rgba(0, 0, 0, 0)\" class=\"has-inline-color has-contrast-color\">VL 220<\/mark><\/h3>\n\n\n\n<p>El climatizador evaporativo <strong>VL 220<\/strong> est\u00e1 dise\u00f1ado para entornos industriales, combinando rendimiento y practicidad. Con un peso <strong>de 50 kg<\/strong> y unas dimensiones <strong>de 1120 x 640 x 1600 mm<\/strong>, es f\u00e1cil de desplazar gracias a sus ruedas. <\/p>\n\n\n\n<p>Con un caudal de aire de <strong>22.000 m\u00b3\/h<\/strong> y una capacidad de agua <strong>de 130 litros<\/strong>, la VL 220 proporciona una refrigeraci\u00f3n eficaz con un consumo de agua <strong>de 10 a 15 litros<\/strong>. Puede tratar superficies de hasta <strong>250 m\u00b2,<\/strong> proporcionando un entorno de trabajo agradable. <\/p>\n\n\n\n<p>Su nivel m\u00e1ximo de ruido de <strong>68 dB<\/strong> garantiza un funcionamiento relativamente silencioso, lo que ayuda a los empleados a concentrarse con mayor eficacia. En resumen, la VL 220 es una soluci\u00f3n de alto rendimiento para mejorar el confort y la productividad en tu empresa. <\/p>\n\n\n\n<div class=\"wp-block-buttons is-content-justification-center is-layout-flex wp-container-core-buttons-is-layout-16018d1d wp-block-buttons-is-layout-flex\">\n<div class=\"wp-block-button\"><a class=\"wp-block-button__link has-base-color has-accent-2-background-color has-text-color has-background has-link-color wp-element-button\" href=\"http:\/\/www.veolyss.com\/wp-content\/uploads\/2025\/08\/EN-Brochures-VL-VEOLYSS-1.pdf\" target=\"_blank\" rel=\"noopener\">M\u00e1s informaci\u00f3n<\/a><\/div>\n<\/div>\n<\/div><\/div>\n\n\n\n<div class=\"wp-block-group\"><div class=\"wp-block-group__inner-container is-layout-constrained wp-block-group-is-layout-constrained\"><div class=\"wp-block-image\">\n<figure class=\"alignleft size-full is-resized\"><img alt=\"rafraichisseur d&#039;air adiabatique VL 300\" loading=\"lazy\" decoding=\"async\" width=\"840\" height=\"911\" src=\"https:\/\/www.veolyss.com\/wp-content\/uploads\/2025\/02\/VL-300-1-2.png\" alt=\"\" class=\"wp-image-3986\" style=\"aspect-ratio:2\/3;object-fit:cover;width:250px\" srcset=\"https:\/\/www.veolyss.com\/wp-content\/uploads\/2025\/02\/VL-300-1-2.png 840w, https:\/\/www.veolyss.com\/wp-content\/uploads\/2025\/02\/VL-300-1-2-277x300.png 277w, https:\/\/www.veolyss.com\/wp-content\/uploads\/2025\/02\/VL-300-1-2-768x833.png 768w\" sizes=\"auto, (max-width: 840px) 100vw, 840px\" \/><\/figure>\n<\/div>\n\n\n<h3 class=\"wp-block-heading\"><mark style=\"background-color:rgba(0, 0, 0, 0)\" class=\"has-inline-color has-accent-2-color\">VL 300<\/mark><\/h3>\n\n\n\n<p>El climatizador evaporativo <strong>VL 300<\/strong> es el m\u00e1s grande de la gama, dise\u00f1ado para las necesidades industriales m\u00e1s exigentes. Con un peso de s\u00f3lo <strong>110 kg<\/strong> y unas dimensiones <strong>de 1565 x 725 x 1760 mm<\/strong>, ofrece un rendimiento excepcional sin dejar de ser m\u00f3vil gracias a sus ruedas. <\/p>\n\n\n\n<p>Con un caudal de aire de <strong>30.000 m\u00b3\/h<\/strong> y una capacidad de agua de <strong>280 L<\/strong>, el VL 300 proporciona una refrigeraci\u00f3n eficaz, consumiendo <strong>entre 20 y 30 L de agua por hora<\/strong>. Puede tratar superficies de hasta <strong>400 m\u00b2,<\/strong> garantizando un entorno de trabajo \u00f3ptimo. <\/p>\n\n\n\n<p>Su nivel m\u00e1ximo de ruido de <strong>70 dB<\/strong> garantiza un funcionamiento relativamente discreto, lo que facilita la concentraci\u00f3n de los empleados. En resumen, el VL 300 es una soluci\u00f3n potente y eficaz para mejorar el confort y la productividad en tu empresa. <\/p>\n\n\n\n<div class=\"wp-block-buttons is-content-justification-center is-layout-flex wp-container-core-buttons-is-layout-16018d1d wp-block-buttons-is-layout-flex\">\n<div class=\"wp-block-button is-style-fill\"><a class=\"wp-block-button__link has-base-color has-accent-2-background-color has-text-color has-background has-link-color wp-element-button\" href=\"http:\/\/www.veolyss.com\/wp-content\/uploads\/2025\/08\/EN-Brochures-VL-VEOLYSS-1.pdf\" target=\"_blank\" rel=\"noopener\">M\u00e1s informaci\u00f3n<\/a><\/div>\n<\/div>\n<\/div><\/div>\n\n\n\n<p><strong>Tabla resumen de caracter\u00edsticas por modelo :<\/strong><\/p>\n\n\n\n<figure class=\"wp-block-table is-style-regular\"><table class=\"has-base-background-color has-background has-fixed-layout\"><tbody><tr><td class=\"has-text-align-center\" data-align=\"center\"><strong>Modelo<\/strong><\/td><td class=\"has-text-align-center\" data-align=\"center\"><strong>Peso<\/strong> (kg)<\/td><td class=\"has-text-align-center\" data-align=\"center\"><strong>Dimensiones <\/strong>(AnxLxAl)<\/td><td class=\"has-text-align-center\" data-align=\"center\"><strong>Caudal de aire<\/strong> (m\u00b3\/h)<\/td><td class=\"has-text-align-center\" data-align=\"center\"><strong>Capacidad de agua<\/strong> (L)<\/td><td class=\"has-text-align-center\" data-align=\"center\"><strong>Nivel de ruido m\u00e1x.<\/strong>(dB)<\/td><\/tr><tr><td class=\"has-text-align-center\" data-align=\"center\"><strong><mark style=\"background-color:rgba(0, 0, 0, 0)\" class=\"has-inline-color has-contrast-color\">VL 50<\/mark><\/strong><\/td><td class=\"has-text-align-center\" data-align=\"center\"><mark style=\"background-color:rgba(0, 0, 0, 0)\" class=\"has-inline-color has-contrast-color\">16<\/mark><\/td><td class=\"has-text-align-center\" data-align=\"center\"><mark style=\"background-color:rgba(0, 0, 0, 0)\" class=\"has-inline-color has-contrast-color\">664 x 433 x 1183<\/mark><\/td><td class=\"has-text-align-center\" data-align=\"center\"><mark style=\"background-color:rgba(0, 0, 0, 0)\" class=\"has-inline-color has-contrast-color\">5 000<\/mark><\/td><td class=\"has-text-align-center\" data-align=\"center\"><mark style=\"background-color:rgba(0, 0, 0, 0)\" class=\"has-inline-color has-contrast-color\">90<\/mark><\/td><td class=\"has-text-align-center\" data-align=\"center\"><mark style=\"background-color:rgba(0, 0, 0, 0)\" class=\"has-inline-color has-contrast-color\">63<\/mark><\/td><\/tr><tr><td class=\"has-text-align-center\" data-align=\"center\"><strong>VL 120<\/strong><\/td><td class=\"has-text-align-center\" data-align=\"center\">43<\/td><td class=\"has-text-align-center\" data-align=\"center\">925 x 580 x 1440 mm<\/td><td class=\"has-text-align-center\" data-align=\"center\">12 000<\/td><td class=\"has-text-align-center\" data-align=\"center\">70<\/td><td class=\"has-text-align-center\" data-align=\"center\">63<\/td><\/tr><tr><td class=\"has-text-align-center\" data-align=\"center\"><strong><mark style=\"background-color:rgba(0, 0, 0, 0)\" class=\"has-inline-color has-contrast-color\">VL 220<\/mark><\/strong><\/td><td class=\"has-text-align-center\" data-align=\"center\"><mark style=\"background-color:rgba(0, 0, 0, 0)\" class=\"has-inline-color has-contrast-color\">50<\/mark><\/td><td class=\"has-text-align-center\" data-align=\"center\"><mark style=\"background-color:rgba(0, 0, 0, 0)\" class=\"has-inline-color has-contrast-color\">1120 x 640 x 1600<\/mark><\/td><td class=\"has-text-align-center\" data-align=\"center\"><mark style=\"background-color:rgba(0, 0, 0, 0)\" class=\"has-inline-color has-contrast-color\">22 000<\/mark><\/td><td class=\"has-text-align-center\" data-align=\"center\"><mark style=\"background-color:rgba(0, 0, 0, 0)\" class=\"has-inline-color has-contrast-color\">130<\/mark><\/td><td class=\"has-text-align-center\" data-align=\"center\"><mark style=\"background-color:rgba(0, 0, 0, 0)\" class=\"has-inline-color has-contrast-color\">68<\/mark><\/td><\/tr><tr><td class=\"has-text-align-center\" data-align=\"center\"><strong>VL 300<\/strong><\/td><td class=\"has-text-align-center\" data-align=\"center\">110<\/td><td class=\"has-text-align-center\" data-align=\"center\">1565 x 725 x 1760<\/td><td class=\"has-text-align-center\" data-align=\"center\">30 000<\/td><td class=\"has-text-align-center\" data-align=\"center\">280<\/td><td class=\"has-text-align-center\" data-align=\"center\">70<\/td><\/tr><\/tbody><\/table><\/figure>\n\n\n\n<p><\/p>\n\n\n\n<h2 class=\"wp-block-heading\"><mark style=\"background-color:rgba(0, 0, 0, 0)\" class=\"has-inline-color has-contrast-2-color\">\u00bfQu\u00e9 es un enfriador de aire industrial?<\/mark><\/h2>\n\n\n\n<p>Un enfriador de aire es un sistema de aire acondicionado evaporativo. Gracias a su elevado rendimiento, nuestras unidades pueden reducir la temperatura en locales comerciales a menudo considerados dif\u00edciles de climatizar, con un radio de acci\u00f3n de hasta 400 m\u00b2 por unidad. <\/p>\n\n\n\n<p>Enfriadores de aire <strong><mark style=\"background-color:rgba(0, 0, 0, 0)\" class=\"has-inline-color has-contrast-color\">VEOLYSS <\/mark><\/strong>son aparatos m\u00f3viles que se integran f\u00e1cilmente en las instalaciones de producci\u00f3n, almacenamiento o recepci\u00f3n. F\u00e1ciles de usar, se suministran con un mando a distancia o una aplicaci\u00f3n de gesti\u00f3n. VEOLYSS <strong><mark style=\"background-color:rgba(0, 0, 0, 0)\" class=\"has-inline-color has-accent-color\">LOS ENFRIADORES VEOLYSS <\/mark><\/strong>pueden funcionar en modo de refrigeraci\u00f3n libre (ventilador \u00fanico) o de refrigeraci\u00f3n.  <\/p>\n\n\n\n<h2 class=\"wp-block-heading\"><mark style=\"background-color:rgba(0, 0, 0, 0)\" class=\"has-inline-color has-contrast-2-color\">\u00bfC\u00f3mo elijo el enfriador de aire adiab\u00e1tico adecuado?<\/mark><\/h2>\n\n\n\n<div class=\"wp-block-columns is-layout-flex wp-container-core-columns-is-layout-9d6595d7 wp-block-columns-is-layout-flex\">\n<div class=\"wp-block-column is-layout-flow wp-block-column-is-layout-flow\" style=\"flex-basis:66.66%\">\n<p>La elecci\u00f3n de un enfriador de aire adiab\u00e1tico depende del tama\u00f1o del local a enfriar y de las necesidades de refrigeraci\u00f3n. Cuanto mayor sea el espacio y m\u00e1s altas las temperaturas, mayor ser\u00e1 el caudal de aire necesario. <\/p>\n\n\n\n<p>La ventilaci\u00f3n de la zona tambi\u00e9n es un factor clave. Para que nuestros aparatos funcionen correctamente, es esencial que la habitaci\u00f3n est\u00e9 seca y bien ventilada. Enfriadores de aire <strong><mark style=\"background-color:rgba(0, 0, 0, 0)\" class=\"has-inline-color has-contrast-color\">LOS ENFRIADORES DE AIRE VEOLYSS <\/mark><\/strong>est\u00e1n dise\u00f1ados para su uso en exteriores. Es importante que la zona est\u00e9 continuamente ventilada para eliminar el aire h\u00famedo e introducir aire caliente y seco.   <\/p>\n\n\n\n<p>Nuestros ambientadores pueden aumentar ligeramente la humedad relativa (del 5 al 10%) de tu espacio, a la vez que bajan la temperatura, favoreciendo el bienestar y mejorando las condiciones de trabajo sin da\u00f1ar los bienes ni el equipo.<\/p>\n<\/div>\n\n\n\n<div class=\"wp-block-column is-layout-flow wp-block-column-is-layout-flow\" style=\"flex-basis:33.33%\"><div class=\"wp-block-image\">\n<figure class=\"alignright size-large is-resized\"><img alt=\"\" loading=\"lazy\" decoding=\"async\" width=\"1024\" height=\"1024\" src=\"https:\/\/www.veolyss.com\/wp-content\/uploads\/2025\/02\/Image-choix-RAF-VILO-1024x1024.png\" alt=\"\" class=\"wp-image-2449\" style=\"width:294px;height:auto\" srcset=\"https:\/\/www.veolyss.com\/wp-content\/uploads\/2025\/02\/Image-choix-RAF-VILO-1024x1024.png 1024w, https:\/\/www.veolyss.com\/wp-content\/uploads\/2025\/02\/Image-choix-RAF-VILO-300x300.png 300w, https:\/\/www.veolyss.com\/wp-content\/uploads\/2025\/02\/Image-choix-RAF-VILO-150x150.png 150w, https:\/\/www.veolyss.com\/wp-content\/uploads\/2025\/02\/Image-choix-RAF-VILO-768x768.png 768w, https:\/\/www.veolyss.com\/wp-content\/uploads\/2025\/02\/Image-choix-RAF-VILO-400x400.png 400w, https:\/\/www.veolyss.com\/wp-content\/uploads\/2025\/02\/Image-choix-RAF-VILO-600x600.png 600w, https:\/\/www.veolyss.com\/wp-content\/uploads\/2025\/02\/Image-choix-RAF-VILO.png 1200w\" sizes=\"auto, (max-width: 1024px) 100vw, 1024px\" \/><\/figure>\n<\/div><\/div>\n<\/div>\n\n\n\n<h2 class=\"wp-block-heading\"><mark style=\"background-color:rgba(0, 0, 0, 0)\" class=\"has-inline-color has-contrast-2-color\">\u00bfCu\u00e1l es la diferencia entre un enfriador de aire y un acondicionador de aire?<\/mark><\/h2>\n\n\n\n<p>A diferencia de los aparatos de aire acondicionado, los climatizadores no utilizan gas refrigerante nocivo. Consumen diez veces menos electricidad que un aire acondicionado, y ambos aparatos requieren niveles de mantenimiento diferentes. <br>A diferencia de los aparatos de aire acondicionado, las neveras mantienen abiertas las puertas y ventanas de la sala. Nuestros enfriadores son ideales para locales comerciales, hangares y naves log\u00edsticas abiertas. Un enfriador de aire adiab\u00e1tico <strong><mark style=\"background-color:rgba(0, 0, 0, 0)\" class=\"has-inline-color has-contrast-color\">VEOLYSS <\/mark><\/strong>no reseca el aire ambiente y mantiene un nivel de humedad natural. Introduce aire en el local a una temperatura de 3 a 12 \u00b0C inferior a la del aire exterior.   <\/p>\n\n\n\n<p><\/p>\n","protected":false},"excerpt":{"rendered":"<p>Bienvenido a nuestra selecci\u00f3n de enfriadores de aire adiab\u00e1ticos, especialmente dise\u00f1ados para optimizar el confort en entornos industriales. Estas unidades rentables y respetuosas con el medio ambiente combinan eficacia, practicidad y rendimiento, y cada una ofrece caracter\u00edsticas \u00fanicas adaptadas a tus necesidades. \u00bfPor qu\u00e9 elegir nuestros ambientadores VEOLYSS? Descubre nuestra gama de climatizadores evaporativos m\u00f3viles: &#8230; <a title=\"Explora nuestra gama de enfriadores de aire industriales\" class=\"read-more\" href=\"https:\/\/www.veolyss.com\/es\/explora-nuestra-gama-de-enfriadores-de-aire-industriales\/\" aria-label=\"Leer m\u00e1s sobre Explora nuestra gama de enfriadores de aire industriales\">Leer m\u00e1s<\/a><\/p>\n","protected":false},"author":2,"featured_media":0,"parent":0,"menu_order":0,"comment_status":"closed","ping_status":"closed","template":"","meta":{"_seopress_robots_primary_cat":"","_seopress_titles_title":"","_seopress_titles_desc":"","_seopress_robots_index":"","footnotes":""},"class_list":["post-2490","page","type-page","status-publish"],"_links":{"self":[{"href":"https:\/\/www.veolyss.com\/es\/wp-json\/wp\/v2\/pages\/2490","targetHints":{"allow":["GET"]}}],"collection":[{"href":"https:\/\/www.veolyss.com\/es\/wp-json\/wp\/v2\/pages"}],"about":[{"href":"https:\/\/www.veolyss.com\/es\/wp-json\/wp\/v2\/types\/page"}],"author":[{"embeddable":true,"href":"https:\/\/www.veolyss.com\/es\/wp-json\/wp\/v2\/users\/2"}],"replies":[{"embeddable":true,"href":"https:\/\/www.veolyss.com\/es\/wp-json\/wp\/v2\/comments?post=2490"}],"version-history":[{"count":19,"href":"https:\/\/www.veolyss.com\/es\/wp-json\/wp\/v2\/pages\/2490\/revisions"}],"predecessor-version":[{"id":5036,"href":"https:\/\/www.veolyss.com\/es\/wp-json\/wp\/v2\/pages\/2490\/revisions\/5036"}],"wp:attachment":[{"href":"https:\/\/www.veolyss.com\/es\/wp-json\/wp\/v2\/media?parent=2490"}],"curies":[{"name":"wp","href":"https:\/\/api.w.org\/{rel}","templated":true}]}}