{"id":2241,"date":"2022-05-10T20:33:20","date_gmt":"2022-05-10T18:33:20","guid":{"rendered":"https:\/\/www.veolyss.com\/?page_id=2241"},"modified":"2025-08-21T09:45:40","modified_gmt":"2025-08-21T07:45:40","slug":"blog","status":"publish","type":"page","link":"https:\/\/www.veolyss.com\/en\/blog\/","title":{"rendered":"Our advice"},"content":{"rendered":"\n<p><br\/><br\/>Welcome to the <strong><mark style=\"background-color:rgba(0, 0, 0, 0)\" class=\"has-inline-color has-contrast-color\">VEOLYSS Cooler<\/mark><\/strong>the <strong>specialist in air coolers for businesses<\/strong>. Here, we share our advice, expertise and innovative solutions to improve the comfort of your professional spaces. <strong>Keep<\/strong> your teams and customers <strong>cool and comfortable<\/strong>, even in the hottest weather!  <\/p>\n\n<div class=\"gb-grid-wrapper gb-grid-wrapper-07af4c16 gb-query-loop-wrapper\">\n<div class=\"gb-grid-column gb-grid-column-2e3a1acf gb-query-loop-item post-2230 post type-post status-publish format-standard has-post-thumbnail hentry category-our-advice\"><article class=\"gb-container gb-container-2e3a1acf\"><div class=\"gb-inside-container\">\n<figure class=\"gb-block-image gb-block-image-06177060\"><a href=\"https:\/\/www.veolyss.com\/en\/industrial-air-coolers-choosing-temperature-workshop\/\"><img loading=\"lazy\" decoding=\"async\" width=\"300\" height=\"195\" src=\"https:\/\/www.veolyss.com\/wp-content\/uploads\/2025\/01\/entrepot-1-300x195.png\" class=\"gb-image-06177060\" alt=\"entrep\u00f4t\" srcset=\"https:\/\/www.veolyss.com\/wp-content\/uploads\/2025\/01\/entrepot-1-300x195.png 300w, https:\/\/www.veolyss.com\/wp-content\/uploads\/2025\/01\/entrepot-1-1024x667.png 1024w, https:\/\/www.veolyss.com\/wp-content\/uploads\/2025\/01\/entrepot-1-768x500.png 768w, https:\/\/www.veolyss.com\/wp-content\/uploads\/2025\/01\/entrepot-1.png 1229w\" sizes=\"auto, (max-width: 300px) 100vw, 300px\" \/><\/a><\/figure>\n\n<h2 class=\"gb-headline gb-headline-d979bae1 gb-headline-text\"><a href=\"https:\/\/www.veolyss.com\/en\/industrial-air-coolers-choosing-temperature-workshop\/\">Industrial air coolers: choosing the right one to control the temperature in your workshop<\/a><\/h2>\n\n<div class=\"gb-headline gb-headline-5c371095 gb-headline-text\">Do your industrial processes cause heat to build up? Air conditioning becomes essential to maintain a comfortable indoor temperature in your business premises. The industrial air cooler, also known as an adiabatic cooler, is an effective and economical solution. Easy to install, mobile, energy-efficient and simple to maintain, it offers a high-performance alternative to traditional air conditioners. Using the principle of water evaporation, this system generates fresh, healthy air, ideal for your workshop.<\/div>\n<\/div><\/article><\/div>\n\n<div class=\"gb-grid-column gb-grid-column-2e3a1acf gb-query-loop-item post-2218 post type-post status-publish format-standard has-post-thumbnail hentry category-our-advice\"><article class=\"gb-container gb-container-2e3a1acf\"><div class=\"gb-inside-container\">\n<figure class=\"gb-block-image gb-block-image-06177060\"><a href=\"https:\/\/www.veolyss.com\/en\/air-flow-rate-industrial-air-cooler\/\"><img loading=\"lazy\" decoding=\"async\" width=\"300\" height=\"198\" src=\"https:\/\/www.veolyss.com\/wp-content\/uploads\/2025\/01\/Banniere-debit-air-1-300x198.png\" class=\"gb-image-06177060\" alt=\"manom\u00e8tre\" srcset=\"https:\/\/www.veolyss.com\/wp-content\/uploads\/2025\/01\/Banniere-debit-air-1-300x198.png 300w, https:\/\/www.veolyss.com\/wp-content\/uploads\/2025\/01\/Banniere-debit-air-1-1024x676.png 1024w, https:\/\/www.veolyss.com\/wp-content\/uploads\/2025\/01\/Banniere-debit-air-1-768x507.png 768w, https:\/\/www.veolyss.com\/wp-content\/uploads\/2025\/01\/Banniere-debit-air-1.png 1212w\" sizes=\"auto, (max-width: 300px) 100vw, 300px\" \/><\/a><\/figure>\n\n<h2 class=\"gb-headline gb-headline-d979bae1 gb-headline-text\"><a href=\"https:\/\/www.veolyss.com\/en\/air-flow-rate-industrial-air-cooler\/\">Methods for determining the air flow rate of an industrial air cooler<\/a><\/h2>\n\n<div class=\"gb-headline gb-headline-5c371095 gb-headline-text\">If you need to lower the temperature of a warehouse, workshop, factory or business premises, whether for a restaurant, farm building or repair shop, Vilo has the economical solution for you. Our adiabatic chillers generate a constant flow of cold air, with a temperature reduction of 4\u00b0C to 12\u00b0C compared with the incoming air. <\/div>\n<\/div><\/article><\/div>\n\n<div class=\"gb-grid-column gb-grid-column-2e3a1acf gb-query-loop-item post-2204 post type-post status-publish format-standard has-post-thumbnail hentry category-our-advice\"><article class=\"gb-container gb-container-2e3a1acf\"><div class=\"gb-inside-container\">\n<figure class=\"gb-block-image gb-block-image-06177060\"><a href=\"https:\/\/www.veolyss.com\/en\/mobile-adiabatic-cooler-solution-emergency-cooling\/\"><img loading=\"lazy\" decoding=\"async\" width=\"300\" height=\"209\" src=\"https:\/\/www.veolyss.com\/wp-content\/uploads\/2025\/01\/Banniere-solution-300x209.jpg\" class=\"gb-image-06177060\" alt=\"Bulle de pens\u00e9e avec une ampoule \u00e0 l&#039;int\u00e9rieur pour exprimer une id\u00e9e\" srcset=\"https:\/\/www.veolyss.com\/wp-content\/uploads\/2025\/01\/Banniere-solution-300x209.jpg 300w, https:\/\/www.veolyss.com\/wp-content\/uploads\/2025\/01\/Banniere-solution-1024x712.jpg 1024w, https:\/\/www.veolyss.com\/wp-content\/uploads\/2025\/01\/Banniere-solution-768x534.jpg 768w, https:\/\/www.veolyss.com\/wp-content\/uploads\/2025\/01\/Banniere-solution-1536x1068.jpg 1536w, https:\/\/www.veolyss.com\/wp-content\/uploads\/2025\/01\/Banniere-solution-2048x1423.jpg 2048w\" sizes=\"auto, (max-width: 300px) 100vw, 300px\" \/><\/a><\/figure>\n\n<h2 class=\"gb-headline gb-headline-d979bae1 gb-headline-text\"><a href=\"https:\/\/www.veolyss.com\/en\/mobile-adiabatic-cooler-solution-emergency-cooling\/\">The mobile adiabatic cooler, an ideal solution for emergency cooling and temporary needs<\/a><\/h2>\n\n<div class=\"gb-headline gb-headline-5c371095 gb-headline-text\">These sudden episodes can saturate a site&#8217;s usual cooling systems, generating critical situations requiring rapid intervention. Workers suffer a drop in productivity and their health is put at risk (air difficult to breathe, deteriorated working conditions). In addition, equipment is at risk of malfunctioning, such as electrostatic problems or overheating, which can impact production<\/div>\n<\/div><\/article><\/div>\n\n<div class=\"gb-grid-column gb-grid-column-2e3a1acf gb-query-loop-item post-2194 post type-post status-publish format-standard has-post-thumbnail hentry category-our-advice\"><article class=\"gb-container gb-container-2e3a1acf\"><div class=\"gb-inside-container\">\n<figure class=\"gb-block-image gb-block-image-06177060\"><a href=\"https:\/\/www.veolyss.com\/en\/installs-evaporative-air-cooler-sports-hall\/\"><img loading=\"lazy\" decoding=\"async\" width=\"300\" height=\"200\" src=\"https:\/\/www.veolyss.com\/wp-content\/uploads\/2025\/01\/salle-de-sport-1-300x200.jpg\" class=\"gb-image-06177060\" alt=\"salle de sport avec diverses machines comme des v\u00e9los ou des poids\" srcset=\"https:\/\/www.veolyss.com\/wp-content\/uploads\/2025\/01\/salle-de-sport-1-300x200.jpg 300w, https:\/\/www.veolyss.com\/wp-content\/uploads\/2025\/01\/salle-de-sport-1-1024x683.jpg 1024w, https:\/\/www.veolyss.com\/wp-content\/uploads\/2025\/01\/salle-de-sport-1-768x512.jpg 768w, https:\/\/www.veolyss.com\/wp-content\/uploads\/2025\/01\/salle-de-sport-1-1536x1024.jpg 1536w, https:\/\/www.veolyss.com\/wp-content\/uploads\/2025\/01\/salle-de-sport-1-2048x1366.jpg 2048w\" sizes=\"auto, (max-width: 300px) 100vw, 300px\" \/><\/a><\/figure>\n\n<h2 class=\"gb-headline gb-headline-d979bae1 gb-headline-text\"><a href=\"https:\/\/www.veolyss.com\/en\/installs-evaporative-air-cooler-sports-hall\/\">VILO installs an evaporative air cooler in a sports hall<\/a><\/h2>\n\n<div class=\"gb-headline gb-headline-5c371095 gb-headline-text\">Due to its location directly under the roof of the facility, the heat was particularly intense, reaching up to 30 degrees in the gym. The installation of our VL-220 reduced the temperature by more than 5 degrees.<\/div>\n<\/div><\/article><\/div>\n\n<div class=\"gb-grid-column gb-grid-column-2e3a1acf gb-query-loop-item post-2180 post type-post status-publish format-standard has-post-thumbnail hentry category-our-advice\"><article class=\"gb-container gb-container-2e3a1acf\"><div class=\"gb-inside-container\">\n<figure class=\"gb-block-image gb-block-image-06177060\"><a href=\"https:\/\/www.veolyss.com\/en\/industrial-adiabatic-coolers\/\"><img loading=\"lazy\" decoding=\"async\" width=\"300\" height=\"200\" src=\"https:\/\/www.veolyss.com\/wp-content\/uploads\/2025\/01\/Banniere-nature-300x200.jpg\" class=\"gb-image-06177060\" alt=\"personne tenant une jeune pousse dans de la terre\" srcset=\"https:\/\/www.veolyss.com\/wp-content\/uploads\/2025\/01\/Banniere-nature-300x200.jpg 300w, https:\/\/www.veolyss.com\/wp-content\/uploads\/2025\/01\/Banniere-nature-1024x683.jpg 1024w, https:\/\/www.veolyss.com\/wp-content\/uploads\/2025\/01\/Banniere-nature-768x512.jpg 768w, https:\/\/www.veolyss.com\/wp-content\/uploads\/2025\/01\/Banniere-nature-1536x1024.jpg 1536w, https:\/\/www.veolyss.com\/wp-content\/uploads\/2025\/01\/Banniere-nature-2048x1365.jpg 2048w\" sizes=\"auto, (max-width: 300px) 100vw, 300px\" \/><\/a><\/figure>\n\n<h2 class=\"gb-headline gb-headline-d979bae1 gb-headline-text\"><a href=\"https:\/\/www.veolyss.com\/en\/industrial-adiabatic-coolers\/\">All you need to know about Industrial Adiabatic Coolers<\/a><\/h2>\n\n<div class=\"gb-headline gb-headline-5c371095 gb-headline-text\">The adiabatic industrial cooler is a high-performance solution for cooling and air-conditioning industrial spaces. Its operation is based on a simple mechanism: the evaporation of water. By capturing warm air and circulating it through water-soaked panels, the water evaporates, absorbing the sensible heat in the air and effectively reducing its temperature.<\/div>\n<\/div><\/article><\/div>\n\n<div class=\"gb-grid-column gb-grid-column-2e3a1acf gb-query-loop-item post-2168 post type-post status-publish format-standard has-post-thumbnail hentry category-our-advice\"><article class=\"gb-container gb-container-2e3a1acf\"><div class=\"gb-inside-container\">\n<figure class=\"gb-block-image gb-block-image-06177060\"><a href=\"https:\/\/www.veolyss.com\/en\/faq-adiabatic-air-coolers\/\"><img loading=\"lazy\" decoding=\"async\" width=\"300\" height=\"200\" src=\"https:\/\/www.veolyss.com\/wp-content\/uploads\/2025\/01\/Banniere-FAQ-300x200.jpg\" class=\"gb-image-06177060\" alt=\"Plusieurs point d&#039;interrogation\" srcset=\"https:\/\/www.veolyss.com\/wp-content\/uploads\/2025\/01\/Banniere-FAQ-300x200.jpg 300w, https:\/\/www.veolyss.com\/wp-content\/uploads\/2025\/01\/Banniere-FAQ-1024x684.jpg 1024w, https:\/\/www.veolyss.com\/wp-content\/uploads\/2025\/01\/Banniere-FAQ-768x513.jpg 768w, https:\/\/www.veolyss.com\/wp-content\/uploads\/2025\/01\/Banniere-FAQ-1536x1025.jpg 1536w, https:\/\/www.veolyss.com\/wp-content\/uploads\/2025\/01\/Banniere-FAQ-2048x1367.jpg 2048w\" sizes=\"auto, (max-width: 300px) 100vw, 300px\" \/><\/a><\/figure>\n\n<h2 class=\"gb-headline gb-headline-d979bae1 gb-headline-text\"><a href=\"https:\/\/www.veolyss.com\/en\/faq-adiabatic-air-coolers\/\">FAQ about adiabatic air coolers<\/a><\/h2>\n\n<div class=\"gb-headline gb-headline-5c371095 gb-headline-text\">No, quite the contrary! This question is often based on the misconception that the slight increase in humidity caused by evaporative coolers would encourage the growth of viruses, bacteria and moulds. However, all VILO air fresheners are equipped with a UV lamp, which purify the air by eliminating particles likely to spread pathogens.<\/div>\n<\/div><\/article><\/div>\n\n<div class=\"gb-grid-column gb-grid-column-2e3a1acf gb-query-loop-item post-2151 post type-post status-publish format-standard has-post-thumbnail hentry category-our-advice\"><article class=\"gb-container gb-container-2e3a1acf\"><div class=\"gb-inside-container\">\n<figure class=\"gb-block-image gb-block-image-06177060\"><a href=\"https:\/\/www.veolyss.com\/en\/mobile-adiabatic-cooler-flexible-efficient-solution-industry\/\"><img loading=\"lazy\" decoding=\"async\" width=\"300\" height=\"200\" src=\"https:\/\/www.veolyss.com\/wp-content\/uploads\/2025\/01\/Banniere-industrie-300x200.jpg\" class=\"gb-image-06177060\" alt=\"Industrie g\u00e9n\u00e9rant de la fum\u00e9e\" srcset=\"https:\/\/www.veolyss.com\/wp-content\/uploads\/2025\/01\/Banniere-industrie-300x200.jpg 300w, https:\/\/www.veolyss.com\/wp-content\/uploads\/2025\/01\/Banniere-industrie-1024x683.jpg 1024w, https:\/\/www.veolyss.com\/wp-content\/uploads\/2025\/01\/Banniere-industrie-768x512.jpg 768w, https:\/\/www.veolyss.com\/wp-content\/uploads\/2025\/01\/Banniere-industrie-1536x1024.jpg 1536w, https:\/\/www.veolyss.com\/wp-content\/uploads\/2025\/01\/Banniere-industrie-2048x1365.jpg 2048w\" sizes=\"auto, (max-width: 300px) 100vw, 300px\" \/><\/a><\/figure>\n\n<h2 class=\"gb-headline gb-headline-d979bae1 gb-headline-text\"><a href=\"https:\/\/www.veolyss.com\/en\/mobile-adiabatic-cooler-flexible-efficient-solution-industry\/\">Mobile adiabatic air cooler: a flexible, efficient solution for industry<\/a><\/h2>\n\n<div class=\"gb-headline gb-headline-5c371095 gb-headline-text\">The mobile adiabatic cooler combines the classic advantages of adiabatic cooling with great flexibility and ease of use in a variety of situations.<\/div>\n<\/div><\/article><\/div>\n\n<div class=\"gb-grid-column gb-grid-column-2e3a1acf gb-query-loop-item post-2143 post type-post status-publish format-standard has-post-thumbnail hentry category-our-advice\"><article class=\"gb-container gb-container-2e3a1acf\"><div class=\"gb-inside-container\">\n<figure class=\"gb-block-image gb-block-image-06177060\"><a href=\"https:\/\/www.veolyss.com\/en\/maintain-industrial-cooler\/\"><img loading=\"lazy\" decoding=\"async\" width=\"300\" height=\"200\" src=\"https:\/\/www.veolyss.com\/wp-content\/uploads\/2025\/01\/Banniere-nettoyage-300x200.jpg\" class=\"gb-image-06177060\" alt=\"Personne tenant un produit de nettoyage\" srcset=\"https:\/\/www.veolyss.com\/wp-content\/uploads\/2025\/01\/Banniere-nettoyage-300x200.jpg 300w, https:\/\/www.veolyss.com\/wp-content\/uploads\/2025\/01\/Banniere-nettoyage-1024x683.jpg 1024w, https:\/\/www.veolyss.com\/wp-content\/uploads\/2025\/01\/Banniere-nettoyage-768x512.jpg 768w, https:\/\/www.veolyss.com\/wp-content\/uploads\/2025\/01\/Banniere-nettoyage-1536x1024.jpg 1536w, https:\/\/www.veolyss.com\/wp-content\/uploads\/2025\/01\/Banniere-nettoyage-2048x1365.jpg 2048w\" sizes=\"auto, (max-width: 300px) 100vw, 300px\" \/><\/a><\/figure>\n\n<h2 class=\"gb-headline gb-headline-d979bae1 gb-headline-text\"><a href=\"https:\/\/www.veolyss.com\/en\/maintain-industrial-cooler\/\">Practical guide: Everything you need to know to maintain an industrial cooler<\/a><\/h2>\n\n<div class=\"gb-headline gb-headline-5c371095 gb-headline-text\">Are you looking to protect your employees from heat stress? An evaporative cooler is a reliable solution for lowering the temperature in your warehouse or commercial premises. With regular maintenance, this equipment can operate at full efficiency for many years.<\/div>\n<\/div><\/article><\/div>\n\n<div class=\"gb-grid-column gb-grid-column-2e3a1acf gb-query-loop-item post-2129 post type-post status-publish format-standard has-post-thumbnail hentry category-our-advice\"><article class=\"gb-container gb-container-2e3a1acf\"><div class=\"gb-inside-container\">\n<figure class=\"gb-block-image gb-block-image-06177060\"><a href=\"https:\/\/www.veolyss.com\/en\/whats-difference-between-cooler-air-conditioner\/\"><img loading=\"lazy\" decoding=\"async\" width=\"300\" height=\"190\" src=\"https:\/\/www.veolyss.com\/wp-content\/uploads\/2025\/01\/Banniere-RAF-VS-clim-300x190.png\" class=\"gb-image-06177060\" alt=\"\" srcset=\"https:\/\/www.veolyss.com\/wp-content\/uploads\/2025\/01\/Banniere-RAF-VS-clim-300x190.png 300w, https:\/\/www.veolyss.com\/wp-content\/uploads\/2025\/01\/Banniere-RAF-VS-clim-1024x649.png 1024w, https:\/\/www.veolyss.com\/wp-content\/uploads\/2025\/01\/Banniere-RAF-VS-clim-768x487.png 768w, https:\/\/www.veolyss.com\/wp-content\/uploads\/2025\/01\/Banniere-RAF-VS-clim-1536x974.png 1536w, https:\/\/www.veolyss.com\/wp-content\/uploads\/2025\/01\/Banniere-RAF-VS-clim-2048x1298.png 2048w\" sizes=\"auto, (max-width: 300px) 100vw, 300px\" \/><\/a><\/figure>\n\n<h2 class=\"gb-headline gb-headline-d979bae1 gb-headline-text\"><a href=\"https:\/\/www.veolyss.com\/en\/whats-difference-between-cooler-air-conditioner\/\">What&#8217;s the difference between a cooler and an air conditioner ?<\/a><\/h2>\n\n<div class=\"gb-headline gb-headline-5c371095 gb-headline-text\">Air conditioners or industrial coolers? Although they share the function of cooling the air, there are significant differences in terms of their ecological and economic impact.<\/div>\n<\/div><\/article><\/div>\n<\/div>\n\n<div class=\"gb-container gb-container-ca04b990 gb-query-loop-pagination\">\n\n\n<span class=\"gb-button gb-button-f3326592 gb-button-text page-numbers gb-block-is-current\" aria-current=\"page\">1<\/span><a class=\"gb-button gb-button-f3326592 gb-button-text page-numbers\" href=\"?query-7097c1ff-page=2\">2<\/a>\n\n<a class=\"gb-button gb-button-86469464 gb-button-text\" href=\"\/en\/wp-json\/wp\/v2\/pages\/2241?query-7097c1ff-page=2\">Next<\/a>\n<\/div>\n","protected":false},"excerpt":{"rendered":"<p>Welcome to the VEOLYSS Coolerthe specialist in air coolers for businesses. Here, we share our advice, expertise and innovative solutions to improve the comfort of your professional spaces. Keep your teams and customers cool and comfortable, even in the hottest weather!<\/p>\n","protected":false},"author":2,"featured_media":0,"parent":0,"menu_order":0,"comment_status":"closed","ping_status":"closed","template":"","meta":{"_seopress_robots_primary_cat":"","_seopress_titles_title":"Blog - VEOLYSS Cooler","_seopress_titles_desc":"Discover the VEOLYSS Cooler blog, expert in air coolers for businesses. Advice, solutions and innovations for optimum comfort at work. ","_seopress_robots_index":"","footnotes":""},"class_list":["post-2241","page","type-page","status-publish"],"_links":{"self":[{"href":"https:\/\/www.veolyss.com\/en\/wp-json\/wp\/v2\/pages\/2241","targetHints":{"allow":["GET"]}}],"collection":[{"href":"https:\/\/www.veolyss.com\/en\/wp-json\/wp\/v2\/pages"}],"about":[{"href":"https:\/\/www.veolyss.com\/en\/wp-json\/wp\/v2\/types\/page"}],"author":[{"embeddable":true,"href":"https:\/\/www.veolyss.com\/en\/wp-json\/wp\/v2\/users\/2"}],"replies":[{"embeddable":true,"href":"https:\/\/www.veolyss.com\/en\/wp-json\/wp\/v2\/comments?post=2241"}],"version-history":[{"count":5,"href":"https:\/\/www.veolyss.com\/en\/wp-json\/wp\/v2\/pages\/2241\/revisions"}],"predecessor-version":[{"id":4620,"href":"https:\/\/www.veolyss.com\/en\/wp-json\/wp\/v2\/pages\/2241\/revisions\/4620"}],"wp:attachment":[{"href":"https:\/\/www.veolyss.com\/en\/wp-json\/wp\/v2\/media?parent=2241"}],"curies":[{"name":"wp","href":"https:\/\/api.w.org\/{rel}","templated":true}]}}