{"id":4366,"date":"2025-03-19T18:55:26","date_gmt":"2025-03-19T17:55:26","guid":{"rendered":"https:\/\/vilo-cooler.com\/allgemeine-geschaeftsbedingungen-agb\/"},"modified":"2025-03-19T18:56:11","modified_gmt":"2025-03-19T17:56:11","slug":"allgemeine-geschaeftsbedingungen-agb","status":"publish","type":"page","link":"https:\/\/www.veolyss.com\/de\/allgemeine-geschaeftsbedingungen-agb\/","title":{"rendered":"Allgemeine Gesch\u00e4ftsbedingungen (AGB)"},"content":{"rendered":"\n<h2 class=\"wp-block-heading\">1. Einf\u00fchrung<\/h2>\n\n<p>Die vorliegenden Allgemeinen Gesch\u00e4ftsbedingungen (AGB) regeln den Verkauf der auf der Website www.vilo-cooler.com angebotenen Produkte. Mit dem Absenden einer Anfrage \u00fcber unser Kontaktformular erkl\u00e4ren Sie sich mit den AGB einverstanden. <\/p>\n\n<h2 class=\"wp-block-heading\">2. Produkte<\/h2>\n\n<p>Vilo bietet industrielle Luftk\u00fchler an. Die Spezifikationen der einzelnen Produkte sind auf unserer Website verf\u00fcgbar. Die Preise werden nicht online angezeigt und werden bei der Erstellung eines Kostenvoranschlags mitgeteilt.  <\/p>\n\n<h2 class=\"wp-block-heading\">3. Miete und Testperiode des Materials<\/h2>\n\n<ul class=\"wp-block-list\">\n<li>Verf\u00fcgbares Modell: Die gesamte Produktpalette f\u00fcr PKWs ist in der Test- und Vermietungsphase verf\u00fcgbar.<\/li>\n\n\n\n<li>Mietdauer: 6 Monate<\/li>\n\n\n\n<li>Dauer des Tests: 2 Monate<\/li>\n\n\n\n<li>R\u00fcckgabe: Nach Ablauf des Test- oder Mietzeitraums muss das Material in gutem und sauberem Zustand an Vilo zur\u00fcckgegeben werden.<\/li>\n\n\n\n<li>Bedingungen f\u00fcr die R\u00fcckgabe : Die Ger\u00e4te m\u00fcssen auf einer Palette, gesch\u00fctzt, in Folie eingeschwei\u00dft, mit Gurten versehen und verkeilt zur\u00fcckgeschickt werden.<\/li>\n\n\n\n<li>Transportkosten: Die Kosten f\u00fcr den Hin- und R\u00fccktransport sind vom Kunden zu tragen und werden im Angebot angegeben.<\/li>\n<\/ul>\n\n<h2 class=\"wp-block-heading\">4. Bestellung<\/h2>\n\n<p>Um eine Bestellung aufzugeben, muss der Nutzer das Kontaktformular auf unserer Website ausf\u00fcllen. Ein Vertriebsmitarbeiter wird sich mit Ihnen in Verbindung setzen, um Ihre Anfrage zu besprechen und Ihnen ein individuelles Angebot zu unterbreiten. <\/p>\n\n<h2 class=\"wp-block-heading\">5. Preis<\/h2>\n\n<p>Die Preise f\u00fcr die Produkte sind in Euro und ohne Steuern in dem von unseren Vertriebsmitarbeitern erstellten Angebot angegeben. Die Preise k\u00f6nnen je nach den Spezifikationen und der gew\u00fcnschten Menge variieren. Die Lieferkosten werden ebenfalls im Angebot angegeben.  <\/p>\n\n<h2 class=\"wp-block-heading\">6. Zahlung<\/h2>\n\n<p>Die Zahlungsmodalit\u00e4ten werden bei der Erstellung des Kostenvoranschlags festgelegt. Die Zahlungen sind gem\u00e4\u00df den mit dem Vertriebsmitarbeiter vereinbarten Bedingungen zu leisten. <\/p>\n\n<h2 class=\"wp-block-heading\">7. Lieferung<\/h2>\n\n<p>Die Lieferzeiten werden auf 2 bis 3 Werktage gesch\u00e4tzt, vorbehaltlich der Verf\u00fcgbarkeit der Best\u00e4nde. Vilo verpflichtet sich, alles Notwendige zu tun, um diese Fristen einzuhalten, kann jedoch nicht f\u00fcr Verz\u00f6gerungen haftbar gemacht werden, die auf Umst\u00e4nde zur\u00fcckzuf\u00fchren sind, die au\u00dferhalb seiner Kontrolle liegen. <\/p>\n\n<h2 class=\"wp-block-heading\">8. Stornierung oder \u00c4nderung der Bestellung<\/h2>\n\n<p>Sie k\u00f6nnen Ihre Bestellung innerhalb von 24 Stunden nach Erhalt \u00e4ndern oder stornieren, sofern der Anbieter dem ausdr\u00fccklich zustimmt. Alle Antr\u00e4ge auf Stornierung oder \u00c4nderung m\u00fcssen vom Kunden schriftlich eingereicht und vom Lieferanten formell best\u00e4tigt werden. Im Falle einer vom Lieferanten akzeptierten Auftrags\u00e4nderung werden dem Kunden neue Lieferzeiten und Preise mitgeteilt. Im Falle einer Stornierung der Bestellung durch den K\u00e4ufer, aus welchem Grund auch immer, hat der K\u00e4ufer Vilo f\u00fcr die entstandenen Kosten zu entsch\u00e4digen. Diese Entsch\u00e4digung betr\u00e4gt einen Mindestbetrag wie folgt:    <\/p>\n\n<ul class=\"wp-block-list\">\n<li>20 % des Gesamtbetrages der Bestellung bei einer Stornierung zwischen 0 und 5 Kalendertagen<\/li>\n\n\n\n<li>30 % des Gesamtbetrages der Bestellung bei einer Stornierung zwischen 6 und 10 Kalendertagen<\/li>\n\n\n\n<li>80% des Gesamtbetrages der Bestellung bei einer Stornierung von mehr als 10 Kalendertagen<\/li>\n\n\n\n<li>100 % des Gesamtbetrages der Bestellung, wenn die Stornierung nach der Lieferung der Ware erfolgt.<\/li>\n<\/ul>\n\n<h2 class=\"wp-block-heading\">9. Garantien<\/h2>\n\n<p>Alle unsere Ger\u00e4te haben eine einj\u00e4hrige Garantie. Im Falle eines Defekts wenden Sie sich bitte an uns, um den Garantieprozess einzuleiten. <\/p>\n\n<h2 class=\"wp-block-heading\">10. Verantwortlichkeiten<\/h2>\n\n<p>Vilo kann nicht f\u00fcr indirekte Sch\u00e4den haftbar gemacht werden, die aus dem Kauf seiner Produkte entstehen. Die Haftung von Vilo ist auf den Betrag der Bestellung beschr\u00e4nkt. <\/p>\n\n<h2 class=\"wp-block-heading\">11. Kontakt<\/h2>\n\n<p>Die \u00fcber das Kontaktformular \u00fcbermittelten Informationen sind f\u00fcr die Bearbeitung Ihrer Anfrage erforderlich. Sie unterliegen unserer Datenschutzrichtlinie. <\/p>\n\n<h2 class=\"wp-block-heading\">12. \u00c4nderung der AGB<\/h2>\n\n<p>Vilo beh\u00e4lt sich das Recht vor, die AGB jederzeit zu \u00e4ndern. Die neuen AGB treten in Kraft, sobald sie auf der Website ver\u00f6ffentlicht werden. <\/p>\n\n<h2 class=\"wp-block-heading\">13. Anwendbares Recht<\/h2>\n\n<p>Die vorliegenden AGB unterliegen dem franz\u00f6sischen Recht. F\u00fcr alle Streitigkeiten sind die franz\u00f6sischen Gerichte zust\u00e4ndig. <\/p>\n","protected":false},"excerpt":{"rendered":"<p>1. Einf\u00fchrung Die vorliegenden Allgemeinen Gesch\u00e4ftsbedingungen (AGB) regeln den Verkauf der auf der Website www.vilo-cooler.com angebotenen Produkte. Mit dem Absenden einer Anfrage \u00fcber unser Kontaktformular erkl\u00e4ren Sie sich mit den AGB einverstanden. 2. Produkte Vilo bietet industrielle Luftk\u00fchler an. Die Spezifikationen der einzelnen Produkte sind auf unserer Website verf\u00fcgbar. Die Preise werden nicht online angezeigt &#8230; <a title=\"Allgemeine Gesch\u00e4ftsbedingungen (AGB)\" class=\"read-more\" href=\"https:\/\/www.veolyss.com\/de\/allgemeine-geschaeftsbedingungen-agb\/\" aria-label=\"Mehr Informationen \u00fcber Allgemeine Gesch\u00e4ftsbedingungen (AGB)\">Weiterlesen<\/a><\/p>\n","protected":false},"author":1,"featured_media":0,"parent":0,"menu_order":0,"comment_status":"closed","ping_status":"closed","template":"","meta":{"_seopress_robots_primary_cat":"","_seopress_titles_title":"Allgemeine Gesch\u00e4ftsbedingungen (AGB) von VILO","_seopress_titles_desc":"den Inhalt der Allgemeinen Gesch\u00e4ftsbedingungen (AGB) von Vilo","_seopress_robots_index":"yes","footnotes":""},"class_list":["post-4366","page","type-page","status-publish"],"_links":{"self":[{"href":"https:\/\/www.veolyss.com\/de\/wp-json\/wp\/v2\/pages\/4366","targetHints":{"allow":["GET"]}}],"collection":[{"href":"https:\/\/www.veolyss.com\/de\/wp-json\/wp\/v2\/pages"}],"about":[{"href":"https:\/\/www.veolyss.com\/de\/wp-json\/wp\/v2\/types\/page"}],"author":[{"embeddable":true,"href":"https:\/\/www.veolyss.com\/de\/wp-json\/wp\/v2\/users\/1"}],"replies":[{"embeddable":true,"href":"https:\/\/www.veolyss.com\/de\/wp-json\/wp\/v2\/comments?post=4366"}],"version-history":[{"count":1,"href":"https:\/\/www.veolyss.com\/de\/wp-json\/wp\/v2\/pages\/4366\/revisions"}],"predecessor-version":[{"id":4368,"href":"https:\/\/www.veolyss.com\/de\/wp-json\/wp\/v2\/pages\/4366\/revisions\/4368"}],"wp:attachment":[{"href":"https:\/\/www.veolyss.com\/de\/wp-json\/wp\/v2\/media?parent=4366"}],"curies":[{"name":"wp","href":"https:\/\/api.w.org\/{rel}","templated":true}]}}