{"id":4342,"date":"2025-03-19T18:51:06","date_gmt":"2025-03-19T17:51:06","guid":{"rendered":"https:\/\/vilo-cooler.com\/datenschutzrichtlinie\/"},"modified":"2025-03-19T18:56:12","modified_gmt":"2025-03-19T17:56:12","slug":"datenschutzrichtlinie","status":"publish","type":"page","link":"https:\/\/www.veolyss.com\/de\/datenschutzrichtlinie\/","title":{"rendered":"Datenschutzrichtlinie"},"content":{"rendered":"\n<h2 class=\"wp-block-heading\">Gesammelte Daten<\/h2>\n\n<p>Wir sammeln die folgenden Daten:<\/p>\n\n<ul class=\"wp-block-list\">\n<li>Name\/ Vorname<\/li>\n\n\n\n<li>E-Mail-Adresse<\/li>\n\n\n\n<li>Telefon<\/li>\n\n\n\n<li>Adresse<\/li>\n\n\n\n<li>T\u00e4tigkeitsbereich<\/li>\n\n\n\n<li>IP-Adresse<\/li>\n\n\n\n<li>Cookies und Navigationsdaten<\/li>\n<\/ul>\n\n<h2 class=\"wp-block-heading\">Zweck der Sammlung<\/h2>\n\n<p>Ihre Daten werden verwendet, um :<\/p>\n\n<ul class=\"wp-block-list\">\n<li>Verwaltung Ihrer Anfragen \u00fcber das Kontaktformular<\/li>\n\n\n\n<li>Verbesserung der Benutzererfahrung und Analyse des Datenverkehrs<\/li>\n\n\n\n<li>Ihnen Newsletter zu senden (mit Ihrer Zustimmung)<\/li>\n<\/ul>\n\n<h2 class=\"wp-block-heading\">Datenaustausch<\/h2>\n\n<p>Ihre Daten werden nicht verkauft. Sie k\u00f6nnen mit technischen Dienstleistern geteilt werden, um den reibungslosen Betrieb der Website zu gew\u00e4hrleisten. <\/p>\n\n<h2 class=\"wp-block-heading\">Ihre Rechte<\/h2>\n\n<p>Gem\u00e4\u00df der DSGVO haben Sie die folgenden Rechte:<\/p>\n\n<ul class=\"wp-block-list\">\n<li>Zugang, Berichtigung, L\u00f6schung Ihrer Daten<\/li>\n\n\n\n<li>Widerspruch gegen die Verarbeitung Ihrer Daten<\/li>\n\n\n\n<li>\u00dcbertragbarkeit Ihrer Daten<\/li>\n\n\n\n<li>Widerruf Ihrer Zustimmung<\/li>\n<\/ul>\n\n<p>Um Ihre Rechte auszu\u00fcben, kontaktieren Sie uns bitte unter contact@vilo-cooler.com.<\/p>\n","protected":false},"excerpt":{"rendered":"<p>Gesammelte Daten Wir sammeln die folgenden Daten: Zweck der Sammlung Ihre Daten werden verwendet, um : Datenaustausch Ihre Daten werden nicht verkauft. Sie k\u00f6nnen mit technischen Dienstleistern geteilt werden, um den reibungslosen Betrieb der Website zu gew\u00e4hrleisten. Ihre Rechte Gem\u00e4\u00df der DSGVO haben Sie die folgenden Rechte: Um Ihre Rechte auszu\u00fcben, kontaktieren Sie uns bitte &#8230; <a title=\"Datenschutzrichtlinie\" class=\"read-more\" href=\"https:\/\/www.veolyss.com\/de\/datenschutzrichtlinie\/\" aria-label=\"Mehr Informationen \u00fcber Datenschutzrichtlinie\">Weiterlesen<\/a><\/p>\n","protected":false},"author":1,"featured_media":0,"parent":0,"menu_order":0,"comment_status":"closed","ping_status":"closed","template":"","meta":{"_seopress_robots_primary_cat":"","_seopress_titles_title":"Datenschutzrichtlinie f\u00fcr die Website vilo-cooler.com","_seopress_titles_desc":"den vollst\u00e4ndigen Wortlaut der Datenschutzbestimmungen von vilo-cooler.com","_seopress_robots_index":"yes","footnotes":""},"class_list":["post-4342","page","type-page","status-publish"],"_links":{"self":[{"href":"https:\/\/www.veolyss.com\/de\/wp-json\/wp\/v2\/pages\/4342","targetHints":{"allow":["GET"]}}],"collection":[{"href":"https:\/\/www.veolyss.com\/de\/wp-json\/wp\/v2\/pages"}],"about":[{"href":"https:\/\/www.veolyss.com\/de\/wp-json\/wp\/v2\/types\/page"}],"author":[{"embeddable":true,"href":"https:\/\/www.veolyss.com\/de\/wp-json\/wp\/v2\/users\/1"}],"replies":[{"embeddable":true,"href":"https:\/\/www.veolyss.com\/de\/wp-json\/wp\/v2\/comments?post=4342"}],"version-history":[{"count":1,"href":"https:\/\/www.veolyss.com\/de\/wp-json\/wp\/v2\/pages\/4342\/revisions"}],"predecessor-version":[{"id":4344,"href":"https:\/\/www.veolyss.com\/de\/wp-json\/wp\/v2\/pages\/4342\/revisions\/4344"}],"wp:attachment":[{"href":"https:\/\/www.veolyss.com\/de\/wp-json\/wp\/v2\/media?parent=4342"}],"curies":[{"name":"wp","href":"https:\/\/api.w.org\/{rel}","templated":true}]}}