{"id":4320,"date":"2025-03-19T18:47:11","date_gmt":"2025-03-19T17:47:11","guid":{"rendered":"https:\/\/vilo-cooler.com\/rechtliche-hinweise\/"},"modified":"2025-03-19T18:56:12","modified_gmt":"2025-03-19T17:56:12","slug":"rechtliche-hinweise","status":"publish","type":"page","link":"https:\/\/www.veolyss.com\/de\/rechtliche-hinweise\/","title":{"rendered":"Rechtliche Hinweise"},"content":{"rendered":"\n<h2 class=\"wp-block-heading\">Herausgeber der Website<\/h2>\n\n<ul class=\"wp-block-list\">\n<li>Name des Unternehmens: OBERA<\/li>\n\n\n\n<li>Adresse: 16 Rue de la Batterie, 67118 GEISPOLSHEIM<\/li>\n\n\n\n<li>E-Mail: contact@obera.fr<\/li>\n\n\n\n<li>Telefon: 03.67.10.66.75<\/li>\n\n\n\n<li>SIRET-Nummer: 832 913 487 00027<\/li>\n<\/ul>\n\n<h2 class=\"wp-block-heading\">Host der Website<\/h2>\n\n<ul class=\"wp-block-list\">\n<li>Name des Hosting-Anbieters: o2switch SAS mit einem Kapital von 100.000 \u20ac.<\/li>\n\n\n\n<li>Adresse: Chemin des Pardiaux, 63000 Clermont-Ferrand<\/li>\n\n\n\n<li>SIRET: 510 909 807 00032 RCS Clermont Ferrand<\/li>\n<\/ul>\n\n<h2 class=\"wp-block-heading\">Geistiges Eigentum<\/h2>\n\n<p>Alle Inhalte (Texte, Bilder, Logos) sind durch das Recht auf geistiges Eigentum gesch\u00fctzt. Jede Vervielf\u00e4ltigung ist ohne vorherige Genehmigung untersagt. <\/p>\n\n<h2 class=\"wp-block-heading\">Verantwortung<\/h2>\n\n<p>Der Herausgeber der Website kann nicht f\u00fcr Fehler oder Auslassungen auf der Website haftbar gemacht werden.<\/p>\n","protected":false},"excerpt":{"rendered":"<p>Herausgeber der Website Host der Website Geistiges Eigentum Alle Inhalte (Texte, Bilder, Logos) sind durch das Recht auf geistiges Eigentum gesch\u00fctzt. Jede Vervielf\u00e4ltigung ist ohne vorherige Genehmigung untersagt. Verantwortung Der Herausgeber der Website kann nicht f\u00fcr Fehler oder Auslassungen auf der Website haftbar gemacht werden.<\/p>\n","protected":false},"author":1,"featured_media":0,"parent":0,"menu_order":0,"comment_status":"closed","ping_status":"closed","template":"","meta":{"_seopress_robots_primary_cat":"","_seopress_titles_title":"Mentions l\u00e9gales pour Vilo Cooler","_seopress_titles_desc":"les mentions l\u00e9gales du site vilo-cooler.com","_seopress_robots_index":"","footnotes":""},"class_list":["post-4320","page","type-page","status-publish"],"_links":{"self":[{"href":"https:\/\/www.veolyss.com\/de\/wp-json\/wp\/v2\/pages\/4320","targetHints":{"allow":["GET"]}}],"collection":[{"href":"https:\/\/www.veolyss.com\/de\/wp-json\/wp\/v2\/pages"}],"about":[{"href":"https:\/\/www.veolyss.com\/de\/wp-json\/wp\/v2\/types\/page"}],"author":[{"embeddable":true,"href":"https:\/\/www.veolyss.com\/de\/wp-json\/wp\/v2\/users\/1"}],"replies":[{"embeddable":true,"href":"https:\/\/www.veolyss.com\/de\/wp-json\/wp\/v2\/comments?post=4320"}],"version-history":[{"count":1,"href":"https:\/\/www.veolyss.com\/de\/wp-json\/wp\/v2\/pages\/4320\/revisions"}],"predecessor-version":[{"id":4321,"href":"https:\/\/www.veolyss.com\/de\/wp-json\/wp\/v2\/pages\/4320\/revisions\/4321"}],"wp:attachment":[{"href":"https:\/\/www.veolyss.com\/de\/wp-json\/wp\/v2\/media?parent=4320"}],"curies":[{"name":"wp","href":"https:\/\/api.w.org\/{rel}","templated":true}]}}