{"id":2806,"date":"2022-05-10T20:33:20","date_gmt":"2022-05-10T18:33:20","guid":{"rendered":"https:\/\/vilo-cooler.com\/unsere-tipps\/"},"modified":"2025-08-21T09:45:41","modified_gmt":"2025-08-21T07:45:41","slug":"unsere-tipps","status":"publish","type":"page","link":"https:\/\/www.veolyss.com\/de\/unsere-tipps\/","title":{"rendered":"Unsere Tipps"},"content":{"rendered":"\n<p><br\/><br\/>Willkommen auf dem Blog von <strong><mark style=\"background-color:rgba(0, 0, 0, 0)\" class=\"has-inline-color has-contrast-color\">VEOLYSS Cooler<\/mark><\/strong>dem <strong>Spezialisten f\u00fcr Luftk\u00fchler f\u00fcr Unternehmen<\/strong>. Hier teilen wir unsere Ratschl\u00e4ge, unser Fachwissen und unsere innovativen L\u00f6sungen, um den Komfort in Ihren Gesch\u00e4ftsr\u00e4umen zu verbessern. Bieten Sie Ihren Mitarbeitern und Kunden eine <strong>stets k\u00fchle und angenehme Umgebung<\/strong>, selbst in den hei\u00dfesten Zeiten!  <\/p>\n\n<div class=\"gb-grid-wrapper gb-grid-wrapper-07af4c16 gb-query-loop-wrapper\">\n<div class=\"gb-grid-column gb-grid-column-2e3a1acf gb-query-loop-item post-2927 post type-post status-publish format-standard has-post-thumbnail hentry category-unkategorisiert\"><article class=\"gb-container gb-container-2e3a1acf\"><div class=\"gb-inside-container\">\n<figure class=\"gb-block-image gb-block-image-06177060\"><a href=\"https:\/\/www.veolyss.com\/de\/industrieller-luftkuehler-die-richtige-wahl-zur-kontrolle-der-temperatur-in-ihrer-werkstatt\/\"><img loading=\"lazy\" decoding=\"async\" width=\"300\" height=\"195\" src=\"https:\/\/www.veolyss.com\/wp-content\/uploads\/2025\/01\/entrepot-1-300x195.png\" class=\"gb-image-06177060\" alt=\"entrep\u00f4t\" srcset=\"https:\/\/www.veolyss.com\/wp-content\/uploads\/2025\/01\/entrepot-1-300x195.png 300w, https:\/\/www.veolyss.com\/wp-content\/uploads\/2025\/01\/entrepot-1-1024x667.png 1024w, https:\/\/www.veolyss.com\/wp-content\/uploads\/2025\/01\/entrepot-1-768x500.png 768w, https:\/\/www.veolyss.com\/wp-content\/uploads\/2025\/01\/entrepot-1.png 1229w\" sizes=\"auto, (max-width: 300px) 100vw, 300px\" \/><\/a><\/figure>\n\n<h2 class=\"gb-headline gb-headline-d979bae1 gb-headline-text\"><a href=\"https:\/\/www.veolyss.com\/de\/industrieller-luftkuehler-die-richtige-wahl-zur-kontrolle-der-temperatur-in-ihrer-werkstatt\/\">Industrieller Luftk\u00fchler: Die richtige Wahl zur Kontrolle der Temperatur in Ihrer Werkstatt<\/a><\/h2>\n\n<div class=\"gb-headline gb-headline-5c371095 gb-headline-text\">F\u00fchren Ihre industriellen Prozesse zu einem W\u00e4rmeanstieg? Eine Klimaanlage ist wichtig, um eine angenehme Raumtemperatur in Ihren Gesch\u00e4ftsr\u00e4umen zu erhalten. Der industrielle Luftk\u00fchler, auch adiabatischer K\u00fchler genannt, ist eine effiziente und wirtschaftliche L\u00f6sung. Er ist einfach zu installieren, mobil, energiesparend und einfach zu warten und bietet eine leistungsf\u00e4hige Alternative zu herk\u00f6mmlichen Klimaanlagen. Durch die Nutzung des Prinzips der Wasserverdunstung erzeugt dieses System eine frische und gesunde Luft, die ideal f\u00fcr Ihre Werkstatt ist.    <\/div>\n<\/div><\/article><\/div>\n\n<div class=\"gb-grid-column gb-grid-column-2e3a1acf gb-query-loop-item post-2975 post type-post status-publish format-standard has-post-thumbnail hentry category-unkategorisiert\"><article class=\"gb-container gb-container-2e3a1acf\"><div class=\"gb-inside-container\">\n<figure class=\"gb-block-image gb-block-image-06177060\"><a href=\"https:\/\/www.veolyss.com\/de\/methoden-zur-bestimmung-des-luftdurchsatzes-eines-industriellen-luftkuehlers\/\"><img loading=\"lazy\" decoding=\"async\" width=\"300\" height=\"198\" src=\"https:\/\/www.veolyss.com\/wp-content\/uploads\/2025\/01\/Banniere-debit-air-1-300x198.png\" class=\"gb-image-06177060\" alt=\"manom\u00e8tre\" srcset=\"https:\/\/www.veolyss.com\/wp-content\/uploads\/2025\/01\/Banniere-debit-air-1-300x198.png 300w, https:\/\/www.veolyss.com\/wp-content\/uploads\/2025\/01\/Banniere-debit-air-1-1024x676.png 1024w, https:\/\/www.veolyss.com\/wp-content\/uploads\/2025\/01\/Banniere-debit-air-1-768x507.png 768w, https:\/\/www.veolyss.com\/wp-content\/uploads\/2025\/01\/Banniere-debit-air-1.png 1212w\" sizes=\"auto, (max-width: 300px) 100vw, 300px\" \/><\/a><\/figure>\n\n<h2 class=\"gb-headline gb-headline-d979bae1 gb-headline-text\"><a href=\"https:\/\/www.veolyss.com\/de\/methoden-zur-bestimmung-des-luftdurchsatzes-eines-industriellen-luftkuehlers\/\">Methoden zur Bestimmung des Luftdurchsatzes eines industriellen Luftk\u00fchlers<\/a><\/h2>\n\n<div class=\"gb-headline gb-headline-5c371095 gb-headline-text\">Wenn Sie die Temperatur in einem Lager, einer Werkstatt, einer Fabrik oder einem Gesch\u00e4ftsraum senken m\u00fcssen, sei es f\u00fcr ein Restaurant, ein landwirtschaftliches Geb\u00e4ude oder eine Reparaturwerkstatt, bietet Ihnen Vilo die richtige wirtschaftliche L\u00f6sung. Unsere adiabatischen K\u00fchler erzeugen einen konstanten Kaltluftstrom mit einer Temperaturreduzierung von 4\u00b0C bis 12\u00b0C im Vergleich zur einstr\u00f6menden Luft. <\/div>\n<\/div><\/article><\/div>\n\n<div class=\"gb-grid-column gb-grid-column-2e3a1acf gb-query-loop-item post-3006 post type-post status-publish format-standard has-post-thumbnail hentry category-unkategorisiert\"><article class=\"gb-container gb-container-2e3a1acf\"><div class=\"gb-inside-container\">\n<figure class=\"gb-block-image gb-block-image-06177060\"><a href=\"https:\/\/www.veolyss.com\/de\/der-mobile-adiabatische-kuehler-eine-ideale-loesung-fuer-notkuehlung-und-voruebergehenden-bedarf\/\"><img loading=\"lazy\" decoding=\"async\" width=\"300\" height=\"209\" src=\"https:\/\/www.veolyss.com\/wp-content\/uploads\/2025\/01\/Banniere-solution-300x209.jpg\" class=\"gb-image-06177060\" alt=\"\" srcset=\"https:\/\/www.veolyss.com\/wp-content\/uploads\/2025\/01\/Banniere-solution-300x209.jpg 300w, https:\/\/www.veolyss.com\/wp-content\/uploads\/2025\/01\/Banniere-solution-1024x712.jpg 1024w, https:\/\/www.veolyss.com\/wp-content\/uploads\/2025\/01\/Banniere-solution-768x534.jpg 768w, https:\/\/www.veolyss.com\/wp-content\/uploads\/2025\/01\/Banniere-solution-1536x1068.jpg 1536w, https:\/\/www.veolyss.com\/wp-content\/uploads\/2025\/01\/Banniere-solution-2048x1423.jpg 2048w\" sizes=\"auto, (max-width: 300px) 100vw, 300px\" \/><\/a><\/figure>\n\n<h2 class=\"gb-headline gb-headline-d979bae1 gb-headline-text\"><a href=\"https:\/\/www.veolyss.com\/de\/der-mobile-adiabatische-kuehler-eine-ideale-loesung-fuer-notkuehlung-und-voruebergehenden-bedarf\/\">Der mobile adiabatische K\u00fchler, eine ideale L\u00f6sung f\u00fcr Notk\u00fchlung und vor\u00fcbergehenden Bedarf<\/a><\/h2>\n\n<div class=\"gb-headline gb-headline-5c371095 gb-headline-text\">Diese pl\u00f6tzlichen Episoden k\u00f6nnen die \u00fcblichen K\u00fchlsysteme eines Standorts \u00fcberlasten, was zu kritischen Situationen f\u00fchrt, die ein schnelles Eingreifen erfordern. Die Arbeitnehmer leiden unter Produktivit\u00e4tsverlusten und Gesundheitsrisiken (schwer zu atmende Luft, schlechte Arbeitsbedingungen).   <\/div>\n<\/div><\/article><\/div>\n\n<div class=\"gb-grid-column gb-grid-column-2e3a1acf gb-query-loop-item post-3068 post type-post status-publish format-standard has-post-thumbnail hentry category-unkategorisiert\"><article class=\"gb-container gb-container-2e3a1acf\"><div class=\"gb-inside-container\">\n<figure class=\"gb-block-image gb-block-image-06177060\"><a href=\"https:\/\/www.veolyss.com\/de\/vilo-installiert-einen-verdunstungskuehler-in-einer-sporthalle\/\"><img loading=\"lazy\" decoding=\"async\" width=\"300\" height=\"200\" src=\"https:\/\/www.veolyss.com\/wp-content\/uploads\/2025\/01\/salle-de-sport-1-300x200.jpg\" class=\"gb-image-06177060\" alt=\"salle de sport avec diverses machines comme des v\u00e9los ou des poids\" srcset=\"https:\/\/www.veolyss.com\/wp-content\/uploads\/2025\/01\/salle-de-sport-1-300x200.jpg 300w, https:\/\/www.veolyss.com\/wp-content\/uploads\/2025\/01\/salle-de-sport-1-1024x683.jpg 1024w, https:\/\/www.veolyss.com\/wp-content\/uploads\/2025\/01\/salle-de-sport-1-768x512.jpg 768w, https:\/\/www.veolyss.com\/wp-content\/uploads\/2025\/01\/salle-de-sport-1-1536x1024.jpg 1536w, https:\/\/www.veolyss.com\/wp-content\/uploads\/2025\/01\/salle-de-sport-1-2048x1366.jpg 2048w\" sizes=\"auto, (max-width: 300px) 100vw, 300px\" \/><\/a><\/figure>\n\n<h2 class=\"gb-headline gb-headline-d979bae1 gb-headline-text\"><a href=\"https:\/\/www.veolyss.com\/de\/vilo-installiert-einen-verdunstungskuehler-in-einer-sporthalle\/\">VILO installiert einen Verdunstungsk\u00fchler in einer Sporthalle<\/a><\/h2>\n\n<div class=\"gb-headline gb-headline-5c371095 gb-headline-text\">Aufgrund der Lage direkt unter dem Dach der Einrichtung war die Hitze besonders intensiv und erreichte im Fitnessraum bis zu 30 Grad. Durch die Installation unseres VL-220 konnte die Temperatur um mehr als 5 Grad gesenkt werden. <\/div>\n<\/div><\/article><\/div>\n\n<div class=\"gb-grid-column gb-grid-column-2e3a1acf gb-query-loop-item post-3109 post type-post status-publish format-standard has-post-thumbnail hentry category-unkategorisiert\"><article class=\"gb-container gb-container-2e3a1acf\"><div class=\"gb-inside-container\">\n<figure class=\"gb-block-image gb-block-image-06177060\"><a href=\"https:\/\/www.veolyss.com\/de\/alles-ueber-industrielle-adiabatische-kuehler\/\"><img loading=\"lazy\" decoding=\"async\" width=\"300\" height=\"200\" src=\"https:\/\/www.veolyss.com\/wp-content\/uploads\/2025\/01\/Banniere-nature-300x200.jpg\" class=\"gb-image-06177060\" alt=\"\" srcset=\"https:\/\/www.veolyss.com\/wp-content\/uploads\/2025\/01\/Banniere-nature-300x200.jpg 300w, https:\/\/www.veolyss.com\/wp-content\/uploads\/2025\/01\/Banniere-nature-1024x683.jpg 1024w, https:\/\/www.veolyss.com\/wp-content\/uploads\/2025\/01\/Banniere-nature-768x512.jpg 768w, https:\/\/www.veolyss.com\/wp-content\/uploads\/2025\/01\/Banniere-nature-1536x1024.jpg 1536w, https:\/\/www.veolyss.com\/wp-content\/uploads\/2025\/01\/Banniere-nature-2048x1365.jpg 2048w\" sizes=\"auto, (max-width: 300px) 100vw, 300px\" \/><\/a><\/figure>\n\n<h2 class=\"gb-headline gb-headline-d979bae1 gb-headline-text\"><a href=\"https:\/\/www.veolyss.com\/de\/alles-ueber-industrielle-adiabatische-kuehler\/\">Alles \u00fcber industrielle adiabatische K\u00fchler<\/a><\/h2>\n\n<div class=\"gb-headline gb-headline-5c371095 gb-headline-text\">Der adiabatische Industriek\u00fchler ist eine leistungsf\u00e4hige L\u00f6sung f\u00fcr die K\u00fchlung und Klimatisierung von Industriefl\u00e4chen. Seine Funktionsweise beruht auf einem einfachen Mechanismus: der Verdunstung von Wasser. <\/div>\n<\/div><\/article><\/div>\n\n<div class=\"gb-grid-column gb-grid-column-2e3a1acf gb-query-loop-item post-3151 post type-post status-publish format-standard has-post-thumbnail hentry category-unkategorisiert\"><article class=\"gb-container gb-container-2e3a1acf\"><div class=\"gb-inside-container\">\n<figure class=\"gb-block-image gb-block-image-06177060\"><a href=\"https:\/\/www.veolyss.com\/de\/faq-zu-adiabatischen-luftkuehlern\/\"><img loading=\"lazy\" decoding=\"async\" width=\"300\" height=\"200\" src=\"https:\/\/www.veolyss.com\/wp-content\/uploads\/2025\/01\/Banniere-FAQ-300x200.jpg\" class=\"gb-image-06177060\" alt=\"\" srcset=\"https:\/\/www.veolyss.com\/wp-content\/uploads\/2025\/01\/Banniere-FAQ-300x200.jpg 300w, https:\/\/www.veolyss.com\/wp-content\/uploads\/2025\/01\/Banniere-FAQ-1024x684.jpg 1024w, https:\/\/www.veolyss.com\/wp-content\/uploads\/2025\/01\/Banniere-FAQ-768x513.jpg 768w, https:\/\/www.veolyss.com\/wp-content\/uploads\/2025\/01\/Banniere-FAQ-1536x1025.jpg 1536w, https:\/\/www.veolyss.com\/wp-content\/uploads\/2025\/01\/Banniere-FAQ-2048x1367.jpg 2048w\" sizes=\"auto, (max-width: 300px) 100vw, 300px\" \/><\/a><\/figure>\n\n<h2 class=\"gb-headline gb-headline-d979bae1 gb-headline-text\"><a href=\"https:\/\/www.veolyss.com\/de\/faq-zu-adiabatischen-luftkuehlern\/\">FAQ zu adiabatischen Luftk\u00fchlern<\/a><\/h2>\n\n<div class=\"gb-headline gb-headline-5c371095 gb-headline-text\">Nein, ganz im Gegenteil! Diese Frage beruht oft auf der falschen Annahme, dass die leicht erh\u00f6hte Luftfeuchtigkeit, die durch Verdunstungsk\u00fchler verursacht wird, das Wachstum von Viren, Bakterien und Schimmelpilzen f\u00f6rdert. Alle VILO Luftk\u00fchler sind jedoch mit einer UV-Lampe ausgestattet, die die Luft reinigt, indem sie Partikel entfernt, die Krankheitserreger verbreiten k\u00f6nnen.  <\/div>\n<\/div><\/article><\/div>\n\n<div class=\"gb-grid-column gb-grid-column-2e3a1acf gb-query-loop-item post-3175 post type-post status-publish format-standard has-post-thumbnail hentry category-unkategorisiert\"><article class=\"gb-container gb-container-2e3a1acf\"><div class=\"gb-inside-container\">\n<figure class=\"gb-block-image gb-block-image-06177060\"><a href=\"https:\/\/www.veolyss.com\/de\/mobiler-adiabatischer-luftkuehler-eine-flexible-und-effiziente-loesung-fuer-die-industrie\/\"><img loading=\"lazy\" decoding=\"async\" width=\"300\" height=\"200\" src=\"https:\/\/www.veolyss.com\/wp-content\/uploads\/2025\/01\/Banniere-industrie-300x200.jpg\" class=\"gb-image-06177060\" alt=\"\" srcset=\"https:\/\/www.veolyss.com\/wp-content\/uploads\/2025\/01\/Banniere-industrie-300x200.jpg 300w, https:\/\/www.veolyss.com\/wp-content\/uploads\/2025\/01\/Banniere-industrie-1024x683.jpg 1024w, https:\/\/www.veolyss.com\/wp-content\/uploads\/2025\/01\/Banniere-industrie-768x512.jpg 768w, https:\/\/www.veolyss.com\/wp-content\/uploads\/2025\/01\/Banniere-industrie-1536x1024.jpg 1536w, https:\/\/www.veolyss.com\/wp-content\/uploads\/2025\/01\/Banniere-industrie-2048x1365.jpg 2048w\" sizes=\"auto, (max-width: 300px) 100vw, 300px\" \/><\/a><\/figure>\n\n<h2 class=\"gb-headline gb-headline-d979bae1 gb-headline-text\"><a href=\"https:\/\/www.veolyss.com\/de\/mobiler-adiabatischer-luftkuehler-eine-flexible-und-effiziente-loesung-fuer-die-industrie\/\">Mobiler adiabatischer Luftk\u00fchler: eine flexible und effiziente L\u00f6sung f\u00fcr die Industrie<\/a><\/h2>\n\n<div class=\"gb-headline gb-headline-5c371095 gb-headline-text\">Flexibilit\u00e4t ist das Herzst\u00fcck der Funktionsweise eines mobilen Verdunstungsk\u00fchlers. Dank seiner Mobilit\u00e4t passt er sich an viele Situationen an, in denen eine K\u00fchlung der Arbeitsumgebung notwendig ist. Diese Flexibilit\u00e4t zeigt sich sowohl in r\u00e4umlicher als auch in zeitlicher Hinsicht.  <\/div>\n<\/div><\/article><\/div>\n\n<div class=\"gb-grid-column gb-grid-column-2e3a1acf gb-query-loop-item post-3217 post type-post status-publish format-standard has-post-thumbnail hentry category-unkategorisiert\"><article class=\"gb-container gb-container-2e3a1acf\"><div class=\"gb-inside-container\">\n<figure class=\"gb-block-image gb-block-image-06177060\"><a href=\"https:\/\/www.veolyss.com\/de\/praktischer-leitfaden-alles-was-sie-ueber-die-wartung-eines-industriellen-kuehlers-wissen-muessen\/\"><img loading=\"lazy\" decoding=\"async\" width=\"300\" height=\"200\" src=\"https:\/\/www.veolyss.com\/wp-content\/uploads\/2025\/01\/Banniere-nettoyage-300x200.jpg\" class=\"gb-image-06177060\" alt=\"\" srcset=\"https:\/\/www.veolyss.com\/wp-content\/uploads\/2025\/01\/Banniere-nettoyage-300x200.jpg 300w, https:\/\/www.veolyss.com\/wp-content\/uploads\/2025\/01\/Banniere-nettoyage-1024x683.jpg 1024w, https:\/\/www.veolyss.com\/wp-content\/uploads\/2025\/01\/Banniere-nettoyage-768x512.jpg 768w, https:\/\/www.veolyss.com\/wp-content\/uploads\/2025\/01\/Banniere-nettoyage-1536x1024.jpg 1536w, https:\/\/www.veolyss.com\/wp-content\/uploads\/2025\/01\/Banniere-nettoyage-2048x1365.jpg 2048w\" sizes=\"auto, (max-width: 300px) 100vw, 300px\" \/><\/a><\/figure>\n\n<h2 class=\"gb-headline gb-headline-d979bae1 gb-headline-text\"><a href=\"https:\/\/www.veolyss.com\/de\/praktischer-leitfaden-alles-was-sie-ueber-die-wartung-eines-industriellen-kuehlers-wissen-muessen\/\">Praktischer Leitfaden: Alles, was Sie \u00fcber die Wartung eines industriellen K\u00fchlers wissen m\u00fcssen<\/a><\/h2>\n\n<div class=\"gb-headline gb-headline-5c371095 gb-headline-text\">M\u00f6chten Sie Ihre Mitarbeiter vor Hitzestress sch\u00fctzen? Ein Verdunstungsk\u00fchler ist eine zuverl\u00e4ssige L\u00f6sung, um die Temperatur in Ihrem Lager oder Gesch\u00e4ftsraum zu senken. Bei regelm\u00e4\u00dfiger Wartung kann dieses Ger\u00e4t viele Jahre lang mit voller Effizienz arbeiten.  <\/div>\n<\/div><\/article><\/div>\n\n<div class=\"gb-grid-column gb-grid-column-2e3a1acf gb-query-loop-item post-2825 post type-post status-publish format-standard has-post-thumbnail hentry category-unkategorisiert\"><article class=\"gb-container gb-container-2e3a1acf\"><div class=\"gb-inside-container\">\n<figure class=\"gb-block-image gb-block-image-06177060\"><a href=\"https:\/\/www.veolyss.com\/de\/was-ist-der-unterschied-zwischen-einer-kuehlung-und-einer-klimaanlage\/\"><img loading=\"lazy\" decoding=\"async\" width=\"300\" height=\"190\" src=\"https:\/\/www.veolyss.com\/wp-content\/uploads\/2025\/01\/Banniere-RAF-VS-clim-300x190.png\" class=\"gb-image-06177060\" alt=\"\" srcset=\"https:\/\/www.veolyss.com\/wp-content\/uploads\/2025\/01\/Banniere-RAF-VS-clim-300x190.png 300w, https:\/\/www.veolyss.com\/wp-content\/uploads\/2025\/01\/Banniere-RAF-VS-clim-1024x649.png 1024w, https:\/\/www.veolyss.com\/wp-content\/uploads\/2025\/01\/Banniere-RAF-VS-clim-768x487.png 768w, https:\/\/www.veolyss.com\/wp-content\/uploads\/2025\/01\/Banniere-RAF-VS-clim-1536x974.png 1536w, https:\/\/www.veolyss.com\/wp-content\/uploads\/2025\/01\/Banniere-RAF-VS-clim-2048x1298.png 2048w\" sizes=\"auto, (max-width: 300px) 100vw, 300px\" \/><\/a><\/figure>\n\n<h2 class=\"gb-headline gb-headline-d979bae1 gb-headline-text\"><a href=\"https:\/\/www.veolyss.com\/de\/was-ist-der-unterschied-zwischen-einer-kuehlung-und-einer-klimaanlage\/\">Was ist der Unterschied zwischen einer K\u00fchlung und einer Klimaanlage?<\/a><\/h2>\n\n<div class=\"gb-headline gb-headline-5c371095 gb-headline-text\">Klimaanlagen oder industrielle K\u00fchlger\u00e4te? Obwohl sie die Funktion der Luftk\u00fchlung teilen, sind ihre Unterschiede in \u00f6kologischer und \u00f6konomischer Hinsicht erheblich. Klimaanlagen verwenden giftige K\u00e4ltemittel, w\u00e4hrend K\u00fchlger\u00e4te mit Wasser auskommen.    <\/div>\n<\/div><\/article><\/div>\n<\/div>\n\n<div class=\"gb-container gb-container-ca04b990 gb-query-loop-pagination\">\n\n\n<span class=\"gb-button gb-button-f3326592 gb-button-text page-numbers gb-block-is-current\" aria-current=\"page\">1<\/span><a class=\"gb-button gb-button-f3326592 gb-button-text page-numbers\" href=\"?query-7097c1ff-page=2\">2<\/a>\n\n<a class=\"gb-button gb-button-86469464 gb-button-text\" href=\"\/de\/wp-json\/wp\/v2\/pages\/2806?query-7097c1ff-page=2\">Weiter zu<\/a>\n<\/div>\n","protected":false},"excerpt":{"rendered":"<p>Willkommen auf dem Blog von VEOLYSS Coolerdem Spezialisten f\u00fcr Luftk\u00fchler f\u00fcr Unternehmen. Hier teilen wir unsere Ratschl\u00e4ge, unser Fachwissen und unsere innovativen L\u00f6sungen, um den Komfort in Ihren Gesch\u00e4ftsr\u00e4umen zu verbessern. Bieten Sie Ihren Mitarbeitern und Kunden eine stets k\u00fchle und angenehme Umgebung, selbst in den hei\u00dfesten Zeiten!<\/p>\n","protected":false},"author":2,"featured_media":0,"parent":0,"menu_order":0,"comment_status":"closed","ping_status":"closed","template":"","meta":{"_seopress_robots_primary_cat":"","_seopress_titles_title":"Blog - VEOLYSS Cooler","_seopress_titles_desc":"Entdecken Sie den Blog von VEOLYSS Cooler, dem Experten f\u00fcr Luftk\u00fchler f\u00fcr Unternehmen. Tipps, L\u00f6sungen und Innovationen f\u00fcr einen optimalen Komfort am Arbeitsplatz. ","_seopress_robots_index":"","footnotes":""},"class_list":["post-2806","page","type-page","status-publish"],"_links":{"self":[{"href":"https:\/\/www.veolyss.com\/de\/wp-json\/wp\/v2\/pages\/2806","targetHints":{"allow":["GET"]}}],"collection":[{"href":"https:\/\/www.veolyss.com\/de\/wp-json\/wp\/v2\/pages"}],"about":[{"href":"https:\/\/www.veolyss.com\/de\/wp-json\/wp\/v2\/types\/page"}],"author":[{"embeddable":true,"href":"https:\/\/www.veolyss.com\/de\/wp-json\/wp\/v2\/users\/2"}],"replies":[{"embeddable":true,"href":"https:\/\/www.veolyss.com\/de\/wp-json\/wp\/v2\/comments?post=2806"}],"version-history":[{"count":2,"href":"https:\/\/www.veolyss.com\/de\/wp-json\/wp\/v2\/pages\/2806\/revisions"}],"predecessor-version":[{"id":4621,"href":"https:\/\/www.veolyss.com\/de\/wp-json\/wp\/v2\/pages\/2806\/revisions\/4621"}],"wp:attachment":[{"href":"https:\/\/www.veolyss.com\/de\/wp-json\/wp\/v2\/media?parent=2806"}],"curies":[{"name":"wp","href":"https:\/\/api.w.org\/{rel}","templated":true}]}}