{"id":2500,"date":"2025-02-02T19:30:33","date_gmt":"2025-02-02T18:30:33","guid":{"rendered":"https:\/\/vilo-cooler.com\/erkunden-sie-unser-angebot-an-industriellen-luftkuehlern\/"},"modified":"2025-09-17T08:38:24","modified_gmt":"2025-09-17T06:38:24","slug":"erkunden-sie-unser-angebot-an-industriellen-luftkuehlern","status":"publish","type":"page","link":"https:\/\/www.veolyss.com\/de\/erkunden-sie-unser-angebot-an-industriellen-luftkuehlern\/","title":{"rendered":"Erkunden Sie unser Angebot an industriellen Luftk\u00fchlern"},"content":{"rendered":"\n<p><br>Willkommen bei unserer Auswahl an adiabatischen Luftk\u00fchlern, die speziell f\u00fcr die Optimierung des Komforts in industriellen Umgebungen entwickelt wurden. Diese umweltfreundlichen und wirtschaftlichen Ger\u00e4te kombinieren Effizienz, Zweckm\u00e4\u00dfigkeit und Leistung und bieten jeweils einzigartige Eigenschaften, die auf Ihre Bed\u00fcrfnisse zugeschnitten sind. <\/p>\n\n\n\n<h2 class=\"wp-block-heading\"><mark style=\"background-color:rgba(0, 0, 0, 0)\" class=\"has-inline-color has-accent-2-color\">Warum sollten Sie sich f\u00fcr unsere VEOLYSS-Luftk\u00fchler entscheiden?<\/mark><\/h2>\n\n\n\n<div class=\"wp-block-columns is-layout-flex wp-container-core-columns-is-layout-9d6595d7 wp-block-columns-is-layout-flex\">\n<div class=\"wp-block-column is-layout-flow wp-block-column-is-layout-flow\" style=\"flex-basis:66.66%\">\n<ul class=\"wp-block-list\">\n<li>Eine technologische Innovation, die auf dem nat\u00fcrlichen Prinzip der Wasserverdunstung beruht.<\/li>\n\n\n\n<li>Bis zu 15 Mal niedrigere Betriebskosten als bei einer Klimaanlage.<\/li>\n\n\n\n<li>Ein umfassendes Sortiment, das all Ihren Bed\u00fcrfnissen und Anforderungen gerecht wird.<\/li>\n\n\n\n<li>Eine sehr geringe CO2-Bilanz (ohne K\u00e4ltemittel) und keine Abgabe von Warmluft, wodurch der &#8222;W\u00e4rmeinseleffekt&#8220; vermieden wird.<\/li>\n\n\n\n<li>Eine praktische, anpassungsf\u00e4hige und mobile &#8222;Plug and Play&#8220;-L\u00f6sung.<\/li>\n\n\n\n<li>Schnelle und kosteng\u00fcnstige Wartung.<\/li>\n<\/ul>\n<\/div>\n\n\n\n<div class=\"wp-block-column is-layout-flow wp-block-column-is-layout-flow\" style=\"flex-basis:33.33%\"><div class=\"wp-block-image\">\n<figure class=\"aligncenter size-full\"><img alt=\"\" loading=\"lazy\" decoding=\"async\" width=\"1200\" height=\"241\" src=\"https:\/\/www.veolyss.com\/wp-content\/uploads\/2025\/08\/cropped-Logo-VEOLYSS.png\" alt=\"\" class=\"wp-image-4424\" srcset=\"https:\/\/www.veolyss.com\/wp-content\/uploads\/2025\/08\/cropped-Logo-VEOLYSS.png 1200w, https:\/\/www.veolyss.com\/wp-content\/uploads\/2025\/08\/cropped-Logo-VEOLYSS-300x60.png 300w, https:\/\/www.veolyss.com\/wp-content\/uploads\/2025\/08\/cropped-Logo-VEOLYSS-1024x206.png 1024w, https:\/\/www.veolyss.com\/wp-content\/uploads\/2025\/08\/cropped-Logo-VEOLYSS-768x154.png 768w\" sizes=\"auto, (max-width: 1200px) 100vw, 1200px\" \/><\/figure>\n<\/div><\/div>\n<\/div>\n\n\n\n<h2 class=\"wp-block-heading\"><mark style=\"background-color:rgba(0, 0, 0, 0)\" class=\"has-inline-color has-contrast-2-color\">Entdecken Sie unser Sortiment an mobilen Verdunstungsk\u00fchlern: die VL-Reihe<\/mark><\/h2>\n\n\n\n<p>Unsere VL-Verdunstungsk\u00fchler sind mit R\u00e4dern ausgestattet, die eine einfache und m\u00fchelose Mobilit\u00e4t in industriellen Umgebungen bieten. Die Verdunstungsk\u00fchlung ist eine effektive L\u00f6sung, um Ihre Produktion zu optimieren. \u00dcber das Bedienfeld k\u00f6nnen Sie die Leistung einstellen, den Luftstrom lenken und das Wasser mit einem Ionisator behandeln.  <\/p>\n\n\n\n<div class=\"wp-block-group\"><div class=\"wp-block-group__inner-container is-layout-constrained wp-block-group-is-layout-constrained\"><div class=\"wp-block-image\">\n<figure class=\"alignleft size-full is-resized\"><img alt=\"\" loading=\"lazy\" decoding=\"async\" width=\"1200\" height=\"1200\" src=\"https:\/\/www.veolyss.com\/wp-content\/uploads\/2025\/08\/Image-site-VL-50.png\" alt=\"\" class=\"wp-image-4680\" style=\"aspect-ratio:2\/3;object-fit:cover;width:250px\" srcset=\"https:\/\/www.veolyss.com\/wp-content\/uploads\/2025\/08\/Image-site-VL-50.png 1200w, https:\/\/www.veolyss.com\/wp-content\/uploads\/2025\/08\/Image-site-VL-50-300x300.png 300w, https:\/\/www.veolyss.com\/wp-content\/uploads\/2025\/08\/Image-site-VL-50-1024x1024.png 1024w, https:\/\/www.veolyss.com\/wp-content\/uploads\/2025\/08\/Image-site-VL-50-150x150.png 150w, https:\/\/www.veolyss.com\/wp-content\/uploads\/2025\/08\/Image-site-VL-50-768x768.png 768w\" sizes=\"auto, (max-width: 1200px) 100vw, 1200px\" \/><\/figure>\n<\/div>\n\n\n<h3 class=\"wp-block-heading\"><mark style=\"background-color:rgba(0, 0, 0, 0)\" class=\"has-inline-color has-contrast-color\">VL 50<\/mark><\/h3>\n\n\n\n<p>Der Verdunstungsk\u00fchler <strong>VL 50<\/strong> ist das kompakteste Ger\u00e4t der Serie und wurde f\u00fcr den Einsatz in industriellen Umgebungen entwickelt. Mit einem Gewicht von <strong>43 kg<\/strong> und Abmessungen von <strong>925 x 580 x 1440 mm<\/strong> ist er robust und mobil und kann dank seiner integrierten Rollen leicht in verschiedenen R\u00e4umen aufgestellt werden. <\/p>\n\n\n\n<p>Mit einem Luftdurchsatz von <strong>12.000 m\u00b3\/h<\/strong> und einer Wasserkapazit\u00e4t von <strong>70 L<\/strong> sorgt der VL 50 f\u00fcr eine schnelle und effiziente K\u00fchlung und verbraucht dabei nur <strong>8 bis 10 L Wasser<\/strong> pro Stunde. Er kann Fl\u00e4chen von bis zu <strong>150 m\u00b2<\/strong> behandeln und sorgt so f\u00fcr ein angenehmes Arbeitsklima. <\/p>\n\n\n\n<p>Der maximale Ger\u00e4uschpegel von <strong>63 dB<\/strong> erm\u00f6glicht einen diskreten Betrieb, der die Konzentration der Mitarbeiter f\u00f6rdert. Insgesamt ist der VL 50 eine effiziente und kompakte L\u00f6sung, um den Komfort und die Produktivit\u00e4t in Ihrem Unternehmen zu verbessern. <\/p>\n\n\n\n<div class=\"wp-block-buttons is-content-justification-center is-layout-flex wp-container-core-buttons-is-layout-16018d1d wp-block-buttons-is-layout-flex\">\n<div class=\"wp-block-button\"><a class=\"wp-block-button__link has-base-color has-accent-2-background-color has-text-color has-background has-link-color wp-element-button\" href=\"http:\/\/www.veolyss.com\/wp-content\/uploads\/2025\/08\/DE-Brochures-VL-VEOLYSS-1.pdf\" target=\"_blank\" rel=\"noopener\">Weitere Informationen<\/a><\/div>\n<\/div>\n<\/div><\/div>\n\n\n\n<div class=\"wp-block-group\"><div class=\"wp-block-group__inner-container is-layout-constrained wp-block-group-is-layout-constrained\"><div class=\"wp-block-image\">\n<figure class=\"alignleft size-full is-resized\"><img alt=\"\" decoding=\"async\" src=\"https:\/\/www.veolyss.com\/wp-content\/uploads\/2025\/02\/VL-120-1-1.png\" alt=\"\" class=\"wp-image-3868\" style=\"aspect-ratio:2\/3;object-fit:cover;width:250px\"\/><\/figure>\n<\/div>\n\n\n<h3 class=\"wp-block-heading\"><mark style=\"background-color:rgba(0, 0, 0, 0)\" class=\"has-inline-color has-accent-2-color\">VL 120<\/mark><\/h3>\n\n\n\n<p>Der Verdunstungsk\u00fchler <strong>VL 120<\/strong> wurde f\u00fcr industrielle Umgebungen entwickelt und bietet Leistung und Effizienz. Mit einem Gewicht von <strong>43 kg<\/strong> und einer Gr\u00f6\u00dfe von<strong> 1120 x 640 x 1600 mm<\/strong> ist er dank seiner Rollen leicht zu bewegen. <\/p>\n\n\n\n<p>Mit einem Luftdurchsatz von <strong>22.000 m\u00b3\/h<\/strong> und einer Wasserkapazit\u00e4t von <strong>130 l<\/strong> sorgt der VL 120 f\u00fcr eine optimale K\u00fchlung bei einem <strong>Wasserverbrauch von 10 bis 15 l pro Stunde<\/strong>. Er kann Fl\u00e4chen von bis zu <strong>250 m\u00b2<\/strong> behandeln und sorgt <strong>so<\/strong> f\u00fcr ein angenehmes Arbeitsklima. <\/p>\n\n\n\n<p>Mit einem maximalen Ger\u00e4uschpegel von <strong>63 dB<\/strong> arbeitet er relativ leise, so dass die Mitarbeiter konzentriert bleiben k\u00f6nnen. Insgesamt ist der VL 120 eine leistungsstarke L\u00f6sung, um den Komfort und die Produktivit\u00e4t in Ihrem Unternehmen zu verbessern. <\/p>\n\n\n\n<div class=\"wp-block-buttons is-content-justification-center is-layout-flex wp-container-core-buttons-is-layout-16018d1d wp-block-buttons-is-layout-flex\">\n<div class=\"wp-block-button\"><a class=\"wp-block-button__link has-base-color has-accent-2-background-color has-text-color has-background has-link-color wp-element-button\" href=\"http:\/\/www.veolyss.com\/wp-content\/uploads\/2025\/08\/DE-Brochures-VL-VEOLYSS-1.pdf\" target=\"_blank\" rel=\"noopener\">Weitere Informationen<\/a><\/div>\n<\/div>\n<\/div><\/div>\n\n\n\n<div class=\"wp-block-group\"><div class=\"wp-block-group__inner-container is-layout-constrained wp-block-group-is-layout-constrained\"><div class=\"wp-block-image\">\n<figure class=\"alignleft size-full is-resized\"><img alt=\"rafraichisseur d&#039;air adiabatique VL 220\" loading=\"lazy\" decoding=\"async\" width=\"704\" height=\"838\" src=\"https:\/\/www.veolyss.com\/wp-content\/uploads\/2025\/02\/VL-220-1-1.png\" alt=\"\" class=\"wp-image-4019\" style=\"aspect-ratio:2\/3;object-fit:cover;width:250px\" srcset=\"https:\/\/www.veolyss.com\/wp-content\/uploads\/2025\/02\/VL-220-1-1.png 704w, https:\/\/www.veolyss.com\/wp-content\/uploads\/2025\/02\/VL-220-1-1-252x300.png 252w\" sizes=\"auto, (max-width: 704px) 100vw, 704px\" \/><\/figure>\n<\/div>\n\n\n<h3 class=\"wp-block-heading\"><mark style=\"background-color:rgba(0, 0, 0, 0)\" class=\"has-inline-color has-contrast-color\">VL 220<\/mark><\/h3>\n\n\n\n<p>Der Verdunstungsk\u00fchler <strong>VL 220<\/strong> wurde f\u00fcr industrielle Umgebungen entwickelt und kombiniert Leistung mit Praktikabilit\u00e4t. Mit einem Gewicht von <strong>50 kg<\/strong> und den Ma\u00dfen <strong>1120 x 640 x 1600 mm<\/strong> ist er dank seiner Rollen leicht zu transportieren. <\/p>\n\n\n\n<p>Mit einem Luftdurchsatz von <strong>22.000 m\u00b3\/h<\/strong> und einer Wasserkapazit\u00e4t von <strong>130 L<\/strong> garantiert der VL 220 eine effiziente K\u00fchlung bei einem Wasserverbrauch von <strong>10 bis 15 L<\/strong>. Er kann Fl\u00e4chen von bis zu <strong>250 m\u00b2<\/strong> behandeln und sorgt so f\u00fcr ein angenehmes Arbeitsklima. <\/p>\n\n\n\n<p>Der maximale Ger\u00e4uschpegel von <strong>68 dB<\/strong> sorgt f\u00fcr einen relativ leisen Betrieb, der die Konzentration der Mitarbeiter f\u00f6rdert. Kurzum, der VL 220 ist eine leistungsf\u00e4hige L\u00f6sung, um den Komfort und die Produktivit\u00e4t in Ihrem Unternehmen zu verbessern. <\/p>\n\n\n\n<div class=\"wp-block-buttons is-content-justification-center is-layout-flex wp-container-core-buttons-is-layout-16018d1d wp-block-buttons-is-layout-flex\">\n<div class=\"wp-block-button\"><a class=\"wp-block-button__link has-base-color has-accent-2-background-color has-text-color has-background has-link-color wp-element-button\" href=\"http:\/\/www.veolyss.com\/wp-content\/uploads\/2025\/08\/DE-Brochures-VL-VEOLYSS-1.pdf\" target=\"_blank\" rel=\"noopener\">Weitere Informationen<\/a><\/div>\n<\/div>\n<\/div><\/div>\n\n\n\n<div class=\"wp-block-group\"><div class=\"wp-block-group__inner-container is-layout-constrained wp-block-group-is-layout-constrained\"><div class=\"wp-block-image\">\n<figure class=\"alignleft size-full is-resized\"><img alt=\"rafraichisseur d&#039;air adiabatique VL 300\" loading=\"lazy\" decoding=\"async\" width=\"840\" height=\"911\" src=\"https:\/\/www.veolyss.com\/wp-content\/uploads\/2025\/02\/VL-300-1-2.png\" alt=\"\" class=\"wp-image-3986\" style=\"aspect-ratio:2\/3;object-fit:cover;width:250px\" srcset=\"https:\/\/www.veolyss.com\/wp-content\/uploads\/2025\/02\/VL-300-1-2.png 840w, https:\/\/www.veolyss.com\/wp-content\/uploads\/2025\/02\/VL-300-1-2-277x300.png 277w, https:\/\/www.veolyss.com\/wp-content\/uploads\/2025\/02\/VL-300-1-2-768x833.png 768w\" sizes=\"auto, (max-width: 840px) 100vw, 840px\" \/><\/figure>\n<\/div>\n\n\n<h3 class=\"wp-block-heading\"><mark style=\"background-color:rgba(0, 0, 0, 0)\" class=\"has-inline-color has-accent-2-color\">VL 300<\/mark><\/h3>\n\n\n\n<p>Der Verdunstungsk\u00fchler <strong>VL 300<\/strong> ist der gr\u00f6\u00dfte K\u00fchler in der Produktreihe und wurde f\u00fcr die anspruchsvollsten industriellen Anforderungen entwickelt. Mit einem Gewicht von <strong>110 kg<\/strong> und einer Gr\u00f6\u00dfe von <strong>1565 x 725 x 1760 mm<\/strong> bietet er eine au\u00dfergew\u00f6hnliche Leistung und ist dank seiner R\u00e4der mobil. <\/p>\n\n\n\n<p>Mit einem Luftdurchsatz von <strong>30.000 m\u00b3\/h<\/strong> und einer Wasserkapazit\u00e4t von <strong>280 l<\/strong> sorgt der VL 300 f\u00fcr eine effiziente K\u00fchlung, wobei er zwischen <strong>20 und 30 l Wasser pro Stunde<\/strong> verbraucht. Er kann Fl\u00e4chen von bis zu <strong>400 m\u00b2<\/strong> behandeln und sorgt <strong>so<\/strong> f\u00fcr eine optimale Arbeitsumgebung. <\/p>\n\n\n\n<p>Der maximale Ger\u00e4uschpegel von <strong>70 dB<\/strong> erm\u00f6glicht einen relativ leisen Betrieb, so dass sich die Mitarbeiter leichter konzentrieren k\u00f6nnen. Alles in allem ist der VL 300 eine leistungsstarke und effiziente L\u00f6sung, um den Komfort und die Produktivit\u00e4t in Ihrem Unternehmen zu verbessern. <\/p>\n\n\n\n<div class=\"wp-block-buttons is-content-justification-center is-layout-flex wp-container-core-buttons-is-layout-16018d1d wp-block-buttons-is-layout-flex\">\n<div class=\"wp-block-button is-style-fill\"><a class=\"wp-block-button__link has-base-color has-accent-2-background-color has-text-color has-background has-link-color wp-element-button\" href=\"http:\/\/www.veolyss.com\/wp-content\/uploads\/2025\/08\/DE-Brochures-VL-VEOLYSS-1.pdf\" target=\"_blank\" rel=\"noopener\">Weitere Informationen<\/a><\/div>\n<\/div>\n<\/div><\/div>\n\n\n\n<p><strong>\u00dcbersichtstabelle der Merkmale nach Modellen :<\/strong><\/p>\n\n\n\n<figure class=\"wp-block-table is-style-regular\"><table class=\"has-base-background-color has-background has-fixed-layout\"><tbody><tr><td class=\"has-text-align-center\" data-align=\"center\"><strong>Modell<\/strong><\/td><td class=\"has-text-align-center\" data-align=\"center\"><strong>Gewicht<\/strong> (kg)<\/td><td class=\"has-text-align-center\" data-align=\"center\"><strong>Abmessungen <\/strong>(LxBxH)<\/td><td class=\"has-text-align-center\" data-align=\"center\"><strong>Luftdurchsatz<\/strong> (m\u00b3\/h)<\/td><td class=\"has-text-align-center\" data-align=\"center\"><strong>Wasserkapazit\u00e4t<\/strong> (L)<\/td><td class=\"has-text-align-center\" data-align=\"center\"><strong>Ger\u00e4uschpegel max.<\/strong>(dB)<\/td><\/tr><tr><td class=\"has-text-align-center\" data-align=\"center\"><strong><mark style=\"background-color:rgba(0, 0, 0, 0)\" class=\"has-inline-color has-contrast-color\">VL 50<\/mark><\/strong><\/td><td class=\"has-text-align-center\" data-align=\"center\"><mark style=\"background-color:rgba(0, 0, 0, 0)\" class=\"has-inline-color has-contrast-color\">16<\/mark><\/td><td class=\"has-text-align-center\" data-align=\"center\"><mark style=\"background-color:rgba(0, 0, 0, 0)\" class=\"has-inline-color has-contrast-color\">664 x 433 x 1183<\/mark><\/td><td class=\"has-text-align-center\" data-align=\"center\"><mark style=\"background-color:rgba(0, 0, 0, 0)\" class=\"has-inline-color has-contrast-color\">5 000<\/mark><\/td><td class=\"has-text-align-center\" data-align=\"center\"><mark style=\"background-color:rgba(0, 0, 0, 0)\" class=\"has-inline-color has-contrast-color\">90<\/mark><\/td><td class=\"has-text-align-center\" data-align=\"center\"><mark style=\"background-color:rgba(0, 0, 0, 0)\" class=\"has-inline-color has-contrast-color\">63<\/mark><\/td><\/tr><tr><td class=\"has-text-align-center\" data-align=\"center\"><strong>VL 120<\/strong><\/td><td class=\"has-text-align-center\" data-align=\"center\">43<\/td><td class=\"has-text-align-center\" data-align=\"center\">925 x 580 x 1440<\/td><td class=\"has-text-align-center\" data-align=\"center\">12 000<\/td><td class=\"has-text-align-center\" data-align=\"center\">70<\/td><td class=\"has-text-align-center\" data-align=\"center\">63<\/td><\/tr><tr><td class=\"has-text-align-center\" data-align=\"center\"><strong><mark style=\"background-color:rgba(0, 0, 0, 0)\" class=\"has-inline-color has-contrast-color\">VL 220<\/mark><\/strong><\/td><td class=\"has-text-align-center\" data-align=\"center\"><mark style=\"background-color:rgba(0, 0, 0, 0)\" class=\"has-inline-color has-contrast-color\">50<\/mark><\/td><td class=\"has-text-align-center\" data-align=\"center\"><mark style=\"background-color:rgba(0, 0, 0, 0)\" class=\"has-inline-color has-contrast-color\">1120 x 640 x 1600<\/mark><\/td><td class=\"has-text-align-center\" data-align=\"center\"><mark style=\"background-color:rgba(0, 0, 0, 0)\" class=\"has-inline-color has-contrast-color\">22 000<\/mark><\/td><td class=\"has-text-align-center\" data-align=\"center\"><mark style=\"background-color:rgba(0, 0, 0, 0)\" class=\"has-inline-color has-contrast-color\">130<\/mark><\/td><td class=\"has-text-align-center\" data-align=\"center\"><mark style=\"background-color:rgba(0, 0, 0, 0)\" class=\"has-inline-color has-contrast-color\">68<\/mark><\/td><\/tr><tr><td class=\"has-text-align-center\" data-align=\"center\"><strong>VL 300<\/strong><\/td><td class=\"has-text-align-center\" data-align=\"center\">110<\/td><td class=\"has-text-align-center\" data-align=\"center\">1565 x 725 x 1760<\/td><td class=\"has-text-align-center\" data-align=\"center\">30 000<\/td><td class=\"has-text-align-center\" data-align=\"center\">280<\/td><td class=\"has-text-align-center\" data-align=\"center\">70<\/td><\/tr><\/tbody><\/table><\/figure>\n\n\n\n<p><\/p>\n\n\n\n<h2 class=\"wp-block-heading\"><mark style=\"background-color:rgba(0, 0, 0, 0)\" class=\"has-inline-color has-contrast-2-color\">Was ist ein industrieller Luftk\u00fchler?<\/mark><\/h2>\n\n\n\n<p>Ein Luftk\u00fchler ist ein Ger\u00e4t zur Klimatisierung durch Verdunstung. Dank ihrer hohen Leistung k\u00f6nnen unsere Ger\u00e4te die Temperatur in Gesch\u00e4ftsr\u00e4umen senken, die oft als schwer klimatisierbar gelten, mit einem Aktionsradius von bis zu 400 m\u00b2 pro Ger\u00e4t. <\/p>\n\n\n\n<p>Die Luftk\u00fchler <strong><mark style=\"background-color:rgba(0, 0, 0, 0)\" class=\"has-inline-color has-contrast-color\">VEOLYSS <\/mark><\/strong>sind mobile Ger\u00e4te, die sich leicht in Produktions-, Lager- oder Empfangsanlagen integrieren lassen. Sie sind einfach zu bedienen und werden mit einer Fernbedienung oder einer Managementanwendung geliefert. Die K\u00fchler <strong><mark style=\"background-color:rgba(0, 0, 0, 0)\" class=\"has-inline-color has-accent-color\">VEOLYSS <\/mark><\/strong>bieten die M\u00f6glichkeit der freien K\u00fchlung (Einzelventilator) oder des K\u00fchlbetriebs.  <\/p>\n\n\n\n<h2 class=\"wp-block-heading\"><mark style=\"background-color:rgba(0, 0, 0, 0)\" class=\"has-inline-color has-contrast-2-color\">Wie w\u00e4hlt man einen adiabatischen Luftk\u00fchler effektiv aus?<\/mark><\/h2>\n\n\n\n<div class=\"wp-block-columns is-layout-flex wp-container-core-columns-is-layout-9d6595d7 wp-block-columns-is-layout-flex\">\n<div class=\"wp-block-column is-layout-flow wp-block-column-is-layout-flow\" style=\"flex-basis:66.66%\">\n<p>Die Wahl eines adiabatischen Luftk\u00fchlers h\u00e4ngt von der Gr\u00f6\u00dfe des zu k\u00fchlenden Raumes und dem Bedarf an K\u00fchlung ab. Je gr\u00f6\u00dfer der Raum und je h\u00f6her die Temperaturen, desto h\u00f6her muss der Luftstrom sein. <\/p>\n\n\n\n<p>Die Bel\u00fcftung des Bereichs ist ebenfalls ein Schl\u00fcsselfaktor. Um den reibungslosen Betrieb unserer Ger\u00e4te zu gew\u00e4hrleisten, ist es wichtig, dass der Raum trocken und gut bel\u00fcftet ist. Die Luftk\u00fchler <strong><mark style=\"background-color:rgba(0, 0, 0, 0)\" class=\"has-inline-color has-contrast-color\">VEOLYSS <\/mark><\/strong>sind f\u00fcr den Einsatz auch im Freien konzipiert. Es ist wichtig, dass der Bereich kontinuierlich bel\u00fcftet wird, um die feuchte Luft zu entfernen und warme, trockene Luft einzuf\u00fchren.   <\/p>\n\n\n\n<p>Unsere Luftk\u00fchler k\u00f6nnen die relative Luftfeuchtigkeit (5-10%) in Ihrem Raum leicht erh\u00f6hen und gleichzeitig die Temperatur senken, was das Wohlbefinden f\u00f6rdert und die Arbeitsbedingungen verbessert, ohne die Waren oder die Ausstattung zu beeintr\u00e4chtigen.<\/p>\n<\/div>\n\n\n\n<div class=\"wp-block-column is-layout-flow wp-block-column-is-layout-flow\" style=\"flex-basis:33.33%\"><div class=\"wp-block-image\">\n<figure class=\"alignright size-large is-resized\"><img alt=\"\" loading=\"lazy\" decoding=\"async\" width=\"1024\" height=\"1024\" src=\"https:\/\/www.veolyss.com\/wp-content\/uploads\/2025\/02\/Image-choix-RAF-VILO-1024x1024.png\" alt=\"\" class=\"wp-image-2449\" style=\"width:294px;height:auto\" srcset=\"https:\/\/www.veolyss.com\/wp-content\/uploads\/2025\/02\/Image-choix-RAF-VILO-1024x1024.png 1024w, https:\/\/www.veolyss.com\/wp-content\/uploads\/2025\/02\/Image-choix-RAF-VILO-300x300.png 300w, https:\/\/www.veolyss.com\/wp-content\/uploads\/2025\/02\/Image-choix-RAF-VILO-150x150.png 150w, https:\/\/www.veolyss.com\/wp-content\/uploads\/2025\/02\/Image-choix-RAF-VILO-768x768.png 768w, https:\/\/www.veolyss.com\/wp-content\/uploads\/2025\/02\/Image-choix-RAF-VILO-400x400.png 400w, https:\/\/www.veolyss.com\/wp-content\/uploads\/2025\/02\/Image-choix-RAF-VILO-600x600.png 600w, https:\/\/www.veolyss.com\/wp-content\/uploads\/2025\/02\/Image-choix-RAF-VILO.png 1200w\" sizes=\"auto, (max-width: 1024px) 100vw, 1024px\" \/><\/figure>\n<\/div><\/div>\n<\/div>\n\n\n\n<h2 class=\"wp-block-heading\"><mark style=\"background-color:rgba(0, 0, 0, 0)\" class=\"has-inline-color has-contrast-2-color\">Was sind die Unterschiede zwischen einem Luftk\u00fchler und einer Klimaanlage?<\/mark><\/h2>\n\n\n\n<p>Der Luftk\u00fchler verwendet kein sch\u00e4dliches K\u00fchlgas, wie eine Klimaanlage. Der Stromverbrauch ist zehnmal geringer als bei einer Klimaanlage und die Wartung der beiden Ger\u00e4te unterscheidet sich. <br>Im Gegensatz zu Klimaanlagen k\u00f6nnen mit K\u00fchlger\u00e4ten T\u00fcren und Fenster im Raum offen gehalten werden. Unsere K\u00fchler eignen sich f\u00fcr offene Gesch\u00e4ftsr\u00e4ume, Hangars und Logistikhallen. Ein adiabatischer Luftk\u00fchler <strong><mark style=\"background-color:rgba(0, 0, 0, 0)\" class=\"has-inline-color has-contrast-color\">VEOLYSS <\/mark><\/strong>trocknet die Raumluft nicht aus und bewahrt einen nat\u00fcrlichen Feuchtigkeitsgehalt. Er f\u00fchrt Luft mit einer Temperatur von 3-12\u00b0C unter der der Au\u00dfenluft in den Raum ein.   <\/p>\n\n\n\n<p><\/p>\n","protected":false},"excerpt":{"rendered":"<p>Willkommen bei unserer Auswahl an adiabatischen Luftk\u00fchlern, die speziell f\u00fcr die Optimierung des Komforts in industriellen Umgebungen entwickelt wurden. Diese umweltfreundlichen und wirtschaftlichen Ger\u00e4te kombinieren Effizienz, Zweckm\u00e4\u00dfigkeit und Leistung und bieten jeweils einzigartige Eigenschaften, die auf Ihre Bed\u00fcrfnisse zugeschnitten sind. Warum sollten Sie sich f\u00fcr unsere VEOLYSS-Luftk\u00fchler entscheiden? Entdecken Sie unser Sortiment an mobilen Verdunstungsk\u00fchlern: &#8230; <a title=\"Erkunden Sie unser Angebot an industriellen Luftk\u00fchlern\" class=\"read-more\" href=\"https:\/\/www.veolyss.com\/de\/erkunden-sie-unser-angebot-an-industriellen-luftkuehlern\/\" aria-label=\"Mehr Informationen \u00fcber Erkunden Sie unser Angebot an industriellen Luftk\u00fchlern\">Weiterlesen<\/a><\/p>\n","protected":false},"author":2,"featured_media":0,"parent":0,"menu_order":0,"comment_status":"closed","ping_status":"closed","template":"","meta":{"_seopress_robots_primary_cat":"","_seopress_titles_title":"","_seopress_titles_desc":"","_seopress_robots_index":"","footnotes":""},"class_list":["post-2500","page","type-page","status-publish"],"_links":{"self":[{"href":"https:\/\/www.veolyss.com\/de\/wp-json\/wp\/v2\/pages\/2500","targetHints":{"allow":["GET"]}}],"collection":[{"href":"https:\/\/www.veolyss.com\/de\/wp-json\/wp\/v2\/pages"}],"about":[{"href":"https:\/\/www.veolyss.com\/de\/wp-json\/wp\/v2\/types\/page"}],"author":[{"embeddable":true,"href":"https:\/\/www.veolyss.com\/de\/wp-json\/wp\/v2\/users\/2"}],"replies":[{"embeddable":true,"href":"https:\/\/www.veolyss.com\/de\/wp-json\/wp\/v2\/comments?post=2500"}],"version-history":[{"count":17,"href":"https:\/\/www.veolyss.com\/de\/wp-json\/wp\/v2\/pages\/2500\/revisions"}],"predecessor-version":[{"id":5032,"href":"https:\/\/www.veolyss.com\/de\/wp-json\/wp\/v2\/pages\/2500\/revisions\/5032"}],"wp:attachment":[{"href":"https:\/\/www.veolyss.com\/de\/wp-json\/wp\/v2\/media?parent=2500"}],"curies":[{"name":"wp","href":"https:\/\/api.w.org\/{rel}","templated":true}]}}